{"id":22,"date":"2014-09-18T12:19:57","date_gmt":"2014-09-18T11:19:57","guid":{"rendered":"http:\/\/agora.xtec.cat\/escolapauclaris\/?page_id=22"},"modified":"2021-11-29T21:27:20","modified_gmt":"2021-11-29T20:27:20","slug":"lescola","status":"publish","type":"page","link":"https:\/\/agora.xtec.cat\/escolapauclaris\/lescola\/","title":{"rendered":"L&#8217;escola"},"content":{"rendered":"<p>A finals dels anys 70 les pol\u00edtiques educatives del nostre pa\u00eds aposten per la \u201cconcentraci\u00f3 escolar\u201d. Centenars de nens i de nenes se separen cada dilluns de la seva fam\u00edlia i es dirigeixen a la capital de la comarca on viuran tota la setmana en una \u201cEscola Llar\u201d.<\/p>\n<p>A La Seu d\u2019Urgell l\u2019escola p\u00fablica \u201cGraduades\u201d es desdobla i neix una nova escola: l\u2019escola Seminari<br \/>\nL\u2019escola, en les instal\u00b7lacions de l\u2019antic Seminari Episcopal, acull tamb\u00e9, provisionalment, l\u2019Escola Llar projectada vora l\u2019escola p\u00fablica inicial, m\u00e9s tard \u201cEscola Mn. Albert Vives\u201d, constru\u00efda a mitjans dels anys 70, escola catalana.<\/p>\n<p>Ser\u00e0 l\u2019any 1982 quan s\u2019inaugura l\u2019escola \u201cPau Claris\u201d, continuaci\u00f3 de l\u2019Escola Seminari.<\/p>\n<p>Actualment l\u2019escola compta amb 320 alumnes i les seves fam\u00edlies. Amb un grup de prop de trenta professionals de l\u2019educaci\u00f3, mestres, monitors i personal d\u2019administraci\u00f3 i serveis.<\/p>\n<p>L\u2019escola t\u00e9 una forta tradici\u00f3 innovadora. Ha participat en diversos projectes de millora, aix\u00ed com d\u2019altres relacionats amb la sostenibilitat, l\u2019entorn proper, els h\u00e0bits saludables, les lleng\u00fces, l\u2019art, la inclusi\u00f3, la conviv\u00e8ncia, l\u2019aprenentatge-servei, les noves tecnologies\u2026<\/p>\n<p>Actualment estem immersos en un nou projecte d\u2019educaci\u00f3 viva i activa. L\u2019educaci\u00f3 des d\u2019una mirada m\u00e9s respectuosa amb el ritme d\u2019aprenentatge de l\u2019infant, amb els processos individuals, i en general amb tota la Comunitat Educativa. On la gesti\u00f3 de les pr\u00f2pies emocions, la conviv\u00e8ncia, la creativitat, l\u2019esperit cr\u00edtic i , en definitiva l\u2019aprendre a aprendre, hi tenen un paper molt important. On els espais i els materials es repensen. On totes les intel\u00b7lig\u00e8ncies s\u00f3n rellevants. On es reconeix cada infant com a individu fonamental en la construcci\u00f3 d\u2019un m\u00f3n millor.<\/p>\n","protected":false},"excerpt":{"rendered":"<p>A finals dels anys 70 les pol\u00edtiques educatives del nostre pa\u00eds aposten per la \u201cconcentraci\u00f3 escolar\u201d. Centenars de nens i de nenes se separen cada dilluns de la seva fam\u00edlia i es dirigeixen a la capital de la comarca on viuran tota la setmana en&hellip;  <a href=\"https:\/\/agora.xtec.cat\/escolapauclaris\/lescola\/\" title=\"Read L&#8217;escola\">Llegeix m\u00e9s\u00bb<\/a><\/p>\n","protected":false},"author":1,"featured_media":0,"parent":0,"menu_order":0,"comment_status":"closed","ping_status":"closed","template":"page-templates\/side-menu.php","meta":{"_bbp_topic_count":0,"_bbp_reply_count":0,"_bbp_total_topic_count":0,"_bbp_total_reply_count":0,"_bbp_voice_count":0,"_bbp_anonymous_reply_count":0,"_bbp_topic_count_hidden":0,"_bbp_reply_count_hidden":0,"_bbp_forum_subforum_count":0,"footnotes":""},"class_list":["post-22","page","type-page","status-publish","hentry"],"post_mailing_queue_ids":[],"_links":{"self":[{"href":"https:\/\/agora.xtec.cat\/escolapauclaris\/wp-json\/wp\/v2\/pages\/22","targetHints":{"allow":["GET"]}}],"collection":[{"href":"https:\/\/agora.xtec.cat\/escolapauclaris\/wp-json\/wp\/v2\/pages"}],"about":[{"href":"https:\/\/agora.xtec.cat\/escolapauclaris\/wp-json\/wp\/v2\/types\/page"}],"author":[{"embeddable":true,"href":"https:\/\/agora.xtec.cat\/escolapauclaris\/wp-json\/wp\/v2\/users\/1"}],"replies":[{"embeddable":true,"href":"https:\/\/agora.xtec.cat\/escolapauclaris\/wp-json\/wp\/v2\/comments?post=22"}],"version-history":[{"count":3,"href":"https:\/\/agora.xtec.cat\/escolapauclaris\/wp-json\/wp\/v2\/pages\/22\/revisions"}],"predecessor-version":[{"id":2226,"href":"https:\/\/agora.xtec.cat\/escolapauclaris\/wp-json\/wp\/v2\/pages\/22\/revisions\/2226"}],"wp:attachment":[{"href":"https:\/\/agora.xtec.cat\/escolapauclaris\/wp-json\/wp\/v2\/media?parent=22"}],"curies":[{"name":"wp","href":"https:\/\/api.w.org\/{rel}","templated":true}]}}