{"id":7684,"date":"2021-02-19T16:37:59","date_gmt":"2021-02-19T15:37:59","guid":{"rendered":"http:\/\/agora.xtec.cat\/escolapaucasalsrubi\/?page_id=7684"},"modified":"2021-02-20T12:32:11","modified_gmt":"2021-02-20T11:32:11","slug":"cuidat-cuidam-cuidem-nos-2","status":"publish","type":"page","link":"https:\/\/agora.xtec.cat\/escolapaucasalsrubi\/cuidat-cuidam-cuidem-nos-2\/","title":{"rendered":"CUIDA\u2019T, CUIDA\u2019M, CUIDEM-NOS"},"content":{"rendered":"<p>Aquest curs 2020-21, hem triat com a lema de l\u2019escola:<\/p>\n<p><strong>\u201cCuida\u2019t, cuida\u2019m, cuidem-nos\u201d<\/strong><\/p>\n<p>\u00c9s un any molt especial on tota la comunitat educativa: alumnes, fam\u00edlies, personal docent i no docent, hem viscut i hem de viure una situaci\u00f3 excepcional a causa de la pand\u00e8mia produ\u00efda pel Covid19.<\/p>\n<p>Tenim clar que la salut emocional de tots els membres \u00e9s el m\u00e9s important i cal cuidar-la.<\/p>\n<p>Es realitzaran diferents activitats enfocades a cuidar la salut emocional de tothom: alumnes, professorat i si les mesures PROCICAT ens ho permeten, tamb\u00e9 fam\u00edlies.<\/p>\n<p>Aquest projecte est\u00e0 finan\u00e7at pel PMOE (Pla de millora d\u2019oportunitats educatives del Departament d\u2019Educaci\u00f3).<\/p>\n<p>En aquest apartat, anirem posant les activitats m\u00e9s rellevants que durem a terme.<\/p>\n","protected":false},"excerpt":{"rendered":"<p>Aquest curs 2020-21, hem triat com a lema de l\u2019escola: \u201cCuida\u2019t, cuida\u2019m, cuidem-nos\u201d \u00c9s un any molt especial on tota la comunitat educativa: alumnes, fam\u00edlies, personal docent i no docent, hem viscut i hem de viure una situaci\u00f3 excepcional a causa de la pand\u00e8mia produ\u00efda pel Covid19. Tenim clar que la salut emocional de tots [&hellip;]<\/p>\n","protected":false},"author":1,"featured_media":0,"parent":0,"menu_order":0,"comment_status":"closed","ping_status":"closed","template":"","meta":{"_bbp_topic_count":0,"_bbp_reply_count":0,"_bbp_total_topic_count":0,"_bbp_total_reply_count":0,"_bbp_voice_count":0,"_bbp_anonymous_reply_count":0,"_bbp_topic_count_hidden":0,"_bbp_reply_count_hidden":0,"_bbp_forum_subforum_count":0,"site-sidebar-layout":"default","site-content-layout":"","ast-site-content-layout":"","site-content-style":"default","site-sidebar-style":"default","ast-global-header-display":"","ast-banner-title-visibility":"","ast-main-header-display":"","ast-hfb-above-header-display":"","ast-hfb-below-header-display":"","ast-hfb-mobile-header-display":"","site-post-title":"","ast-breadcrumbs-content":"","ast-featured-img":"","footer-sml-layout":"","theme-transparent-header-meta":"","adv-header-id-meta":"","stick-header-meta":"","header-above-stick-meta":"","header-main-stick-meta":"","header-below-stick-meta":"","astra-migrate-meta-layouts":"default","ast-page-background-enabled":"default","ast-page-background-meta":{"desktop":{"background-color":"var(--ast-global-color-5)","background-image":"","background-repeat":"repeat","background-position":"center center","background-size":"auto","background-attachment":"scroll","background-type":"","background-media":"","overlay-type":"","overlay-color":"","overlay-opacity":"","overlay-gradient":""},"tablet":{"background-color":"","background-image":"","background-repeat":"repeat","background-position":"center center","background-size":"auto","background-attachment":"scroll","background-type":"","background-media":"","overlay-type":"","overlay-color":"","overlay-opacity":"","overlay-gradient":""},"mobile":{"background-color":"","background-image":"","background-repeat":"repeat","background-position":"center center","background-size":"auto","background-attachment":"scroll","background-type":"","background-media":"","overlay-type":"","overlay-color":"","overlay-opacity":"","overlay-gradient":""}},"ast-content-background-meta":{"desktop":{"background-color":"var(--ast-global-color-4)","background-image":"","background-repeat":"repeat","background-position":"center center","background-size":"auto","background-attachment":"scroll","background-type":"","background-media":"","overlay-type":"","overlay-color":"","overlay-opacity":"","overlay-gradient":""},"tablet":{"background-color":"var(--ast-global-color-4)","background-image":"","background-repeat":"repeat","background-position":"center center","background-size":"auto","background-attachment":"scroll","background-type":"","background-media":"","overlay-type":"","overlay-color":"","overlay-opacity":"","overlay-gradient":""},"mobile":{"background-color":"var(--ast-global-color-4)","background-image":"","background-repeat":"repeat","background-position":"center center","background-size":"auto","background-attachment":"scroll","background-type":"","background-media":"","overlay-type":"","overlay-color":"","overlay-opacity":"","overlay-gradient":""}},"footnotes":""},"class_list":["post-7684","page","type-page","status-publish","hentry"],"post_mailing_queue_ids":[],"_links":{"self":[{"href":"https:\/\/agora.xtec.cat\/escolapaucasalsrubi\/wp-json\/wp\/v2\/pages\/7684","targetHints":{"allow":["GET"]}}],"collection":[{"href":"https:\/\/agora.xtec.cat\/escolapaucasalsrubi\/wp-json\/wp\/v2\/pages"}],"about":[{"href":"https:\/\/agora.xtec.cat\/escolapaucasalsrubi\/wp-json\/wp\/v2\/types\/page"}],"author":[{"embeddable":true,"href":"https:\/\/agora.xtec.cat\/escolapaucasalsrubi\/wp-json\/wp\/v2\/users\/1"}],"replies":[{"embeddable":true,"href":"https:\/\/agora.xtec.cat\/escolapaucasalsrubi\/wp-json\/wp\/v2\/comments?post=7684"}],"version-history":[{"count":2,"href":"https:\/\/agora.xtec.cat\/escolapaucasalsrubi\/wp-json\/wp\/v2\/pages\/7684\/revisions"}],"predecessor-version":[{"id":7705,"href":"https:\/\/agora.xtec.cat\/escolapaucasalsrubi\/wp-json\/wp\/v2\/pages\/7684\/revisions\/7705"}],"wp:attachment":[{"href":"https:\/\/agora.xtec.cat\/escolapaucasalsrubi\/wp-json\/wp\/v2\/media?parent=7684"}],"curies":[{"name":"wp","href":"https:\/\/api.w.org\/{rel}","templated":true}]}}