{"id":5527,"date":"2019-12-05T18:00:58","date_gmt":"2019-12-05T17:00:58","guid":{"rendered":"http:\/\/agora.xtec.cat\/escolapaucasalsrubi\/?page_id=5527"},"modified":"2019-12-05T21:23:03","modified_gmt":"2019-12-05T20:23:03","slug":"padrins","status":"publish","type":"page","link":"https:\/\/agora.xtec.cat\/escolapaucasalsrubi\/material-escolar\/padrins\/","title":{"rendered":"Padrins"},"content":{"rendered":"<p>\u00c9s una activitat que es realitza entre l\u2019alumnat de 5\u00e8 i de P5. Cada un dels i de les alumnes de 5\u00e8 apadrina un nen o una nena de P5, aquest ser\u00e0 el fillol o la fillola.<\/p>\n<p>Es troben una tarda a la setmana.<\/p>\n<p>Abans de comen\u00e7ar les sessions de Padrins, es realitzen tres sessions de coneixen\u00e7a entre l\u2019alumnat de P5 i de 5\u00e8. D\u2019aquesta manera es trien entre ells i elles.<\/p>\n<p>Sessions pr\u00e8vies:<\/p>\n<p>&#8211; Joc lliure al pati<br \/>\n&#8211; Lectura lliure al pati i\/o a les aules<br \/>\n&#8211; Tria de parelles<\/p>\n<p><img loading=\"lazy\" decoding=\"async\" class=\"aligncenter size-full wp-image-5528\" src=\"https:\/\/agora.xtec.cat\/escolapaucasalsrubi\/wp-content\/uploads\/usu1615\/2019\/12\/padrins1.jpg\" alt=\"\" width=\"685\" height=\"240\" srcset=\"https:\/\/agora.xtec.cat\/escolapaucasalsrubi\/wp-content\/uploads\/usu1615\/2019\/12\/padrins1.jpg 685w, https:\/\/agora.xtec.cat\/escolapaucasalsrubi\/wp-content\/uploads\/usu1615\/2019\/12\/padrins1-300x105.jpg 300w\" sizes=\"auto, (max-width: 685px) 100vw, 685px\" \/><\/p>\n<p><b>Ritual d\u2019inici<\/b><\/p>\n<p>Signatura de comprom\u00eds, contracte d\u2019apadrinament i sessi\u00f3 de fotos de les parelles. Carnet de padr\u00ed i fillol.<br \/>\nPer acabar cada una de les sessions, es far\u00e0 de diverses maneres, depenent de l\u2019activitat en si: escriure paraules, fer un dibuix, explicar com ha anat la sessi\u00f3, etc.<\/p>\n<p>Estructura de la sessi\u00f3 de lectura:<\/p>\n<p>&#8211; Els padrins van a les aules de P-5 a recollir la meitat dels fillols. Aquests realitzaran l\u2019activitat a les aules de 5\u00e8. L\u2019altra meitat de padrins i fillols realitzar\u00e0 l\u2019activitat a les aules de P-5.<\/p>\n<p>&#8211; Les tutores i els tutors presenten l\u2019activitat a les respectives aules.<\/p>\n<p>&#8211; Les activitats que es duran a terme seran diverses: lectura per parelles, explicaci\u00f3 de contes per part dels padrins als fillols, inventar un conte pel fillol, inventar un conte entre els dos, jocs de relacionar imatge amb paraula, jocs de picar s\u00edl\u00b7labes, capsa de lletres, jocs de buscar sons, etc.<\/p>\n<p>&#8211; Es reserva una estona de 10-15\u2019 cap al final de la sessi\u00f3 per activitat lliure a triar.<\/p>\n<p><img loading=\"lazy\" decoding=\"async\" class=\"aligncenter size-full wp-image-5529\" src=\"https:\/\/agora.xtec.cat\/escolapaucasalsrubi\/wp-content\/uploads\/usu1615\/2019\/12\/padrins2.jpg\" alt=\"\" width=\"602\" height=\"207\" srcset=\"https:\/\/agora.xtec.cat\/escolapaucasalsrubi\/wp-content\/uploads\/usu1615\/2019\/12\/padrins2.jpg 602w, https:\/\/agora.xtec.cat\/escolapaucasalsrubi\/wp-content\/uploads\/usu1615\/2019\/12\/padrins2-300x103.jpg 300w\" sizes=\"auto, (max-width: 602px) 100vw, 602px\" \/><\/p>\n<p>Les parelles de padrins i fillols tenen molt bona relaci\u00f3 entre ells i aix\u00f2 fa que tinguin ganes de veure\u2019s i les activitats proposades es realitzin de forma agradable.<\/p>\n<p>A part de les activitats de lectura tamb\u00e9 comparteixen altres moments: realitzen conjuntament una mona per Pasqua, elaboren la sardina junts, els grans acompanyen els petits quan van al teatre municipal, estan junts a les festes de l\u2019escola, etc.<\/p>\n<p><img loading=\"lazy\" decoding=\"async\" class=\"aligncenter size-full wp-image-5530\" src=\"https:\/\/agora.xtec.cat\/escolapaucasalsrubi\/wp-content\/uploads\/usu1615\/2019\/12\/padrins3.jpg\" alt=\"\" width=\"601\" height=\"222\" srcset=\"https:\/\/agora.xtec.cat\/escolapaucasalsrubi\/wp-content\/uploads\/usu1615\/2019\/12\/padrins3.jpg 601w, https:\/\/agora.xtec.cat\/escolapaucasalsrubi\/wp-content\/uploads\/usu1615\/2019\/12\/padrins3-300x111.jpg 300w\" sizes=\"auto, (max-width: 601px) 100vw, 601px\" \/><\/p>\n<p><img loading=\"lazy\" decoding=\"async\" class=\"aligncenter size-full wp-image-5531\" src=\"https:\/\/agora.xtec.cat\/escolapaucasalsrubi\/wp-content\/uploads\/usu1615\/2019\/12\/padrins4.jpg\" alt=\"\" width=\"634\" height=\"209\" srcset=\"https:\/\/agora.xtec.cat\/escolapaucasalsrubi\/wp-content\/uploads\/usu1615\/2019\/12\/padrins4.jpg 634w, https:\/\/agora.xtec.cat\/escolapaucasalsrubi\/wp-content\/uploads\/usu1615\/2019\/12\/padrins4-300x99.jpg 300w\" sizes=\"auto, (max-width: 634px) 100vw, 634px\" \/><\/p>\n<p>Els padrins, volunt\u00e0riament, s\u2019interessen en preparar activitats de lectura per als seus fillols i filloles. Tenen un llibre de seguiment per tal d\u2019anotar com ha anat la sessi\u00f3 i com s\u2019han sentit (veure annex).<\/p>\n<p><b>Ritual de tancament<\/b><\/p>\n<p>Abans d\u2019acabar el curs, es fa una sortida conjunta de comiat. Per ex. Van junts a berenar a una placeta que hi ha a prop de l\u2019escola. Els fillols preparen un regal pels padrins i els padrins tamb\u00e9 preparen un regal pel seu fillol o fillola.<\/p>\n<p>Els mestres preparen una enquesta de valoraci\u00f3 pels padrins i pels fillols.<\/p>\n<p>El curs seg\u00fcent, s\u00f3n els fillols qui acompanyen als padrins en el seu comiat de l\u2019escola. L\u00b4\u00faltim dia de curs es celebra el comiat de l\u2019alumnat de 6\u00e8. S\u2019organitzen diferents accions. Una d\u2019elles \u00e9s que els fillols pugen a les aules a buscar els padrins. Els fan entrega del birret i els acompanyen durant tot l\u2019acte.<\/p>\n<p><img loading=\"lazy\" decoding=\"async\" class=\"aligncenter size-full wp-image-5532\" src=\"https:\/\/agora.xtec.cat\/escolapaucasalsrubi\/wp-content\/uploads\/usu1615\/2019\/12\/padrins5.jpg\" alt=\"\" width=\"429\" height=\"323\" srcset=\"https:\/\/agora.xtec.cat\/escolapaucasalsrubi\/wp-content\/uploads\/usu1615\/2019\/12\/padrins5.jpg 429w, https:\/\/agora.xtec.cat\/escolapaucasalsrubi\/wp-content\/uploads\/usu1615\/2019\/12\/padrins5-300x226.jpg 300w, https:\/\/agora.xtec.cat\/escolapaucasalsrubi\/wp-content\/uploads\/usu1615\/2019\/12\/padrins5-200x150.jpg 200w\" sizes=\"auto, (max-width: 429px) 100vw, 429px\" \/><\/p>\n","protected":false},"excerpt":{"rendered":"<p>\u00c9s una activitat que es realitza entre l\u2019alumnat de 5\u00e8 i de P5. Cada un dels i de les alumnes de 5\u00e8 apadrina un nen o una nena de P5, aquest ser\u00e0 el fillol o la fillola. Es troben una tarda a la setmana. Abans de comen\u00e7ar les sessions de Padrins, es realitzen tres sessions [&hellip;]<\/p>\n","protected":false},"author":1,"featured_media":0,"parent":36,"menu_order":0,"comment_status":"closed","ping_status":"closed","template":"","meta":{"_bbp_topic_count":0,"_bbp_reply_count":0,"_bbp_total_topic_count":0,"_bbp_total_reply_count":0,"_bbp_voice_count":0,"_bbp_anonymous_reply_count":0,"_bbp_topic_count_hidden":0,"_bbp_reply_count_hidden":0,"_bbp_forum_subforum_count":0,"site-sidebar-layout":"default","site-content-layout":"","ast-site-content-layout":"","site-content-style":"default","site-sidebar-style":"default","ast-global-header-display":"","ast-banner-title-visibility":"","ast-main-header-display":"","ast-hfb-above-header-display":"","ast-hfb-below-header-display":"","ast-hfb-mobile-header-display":"","site-post-title":"","ast-breadcrumbs-content":"","ast-featured-img":"","footer-sml-layout":"","theme-transparent-header-meta":"","adv-header-id-meta":"","stick-header-meta":"","header-above-stick-meta":"","header-main-stick-meta":"","header-below-stick-meta":"","astra-migrate-meta-layouts":"default","ast-page-background-enabled":"default","ast-page-background-meta":{"desktop":{"background-color":"var(--ast-global-color-5)","background-image":"","background-repeat":"repeat","background-position":"center center","background-size":"auto","background-attachment":"scroll","background-type":"","background-media":"","overlay-type":"","overlay-color":"","overlay-opacity":"","overlay-gradient":""},"tablet":{"background-color":"","background-image":"","background-repeat":"repeat","background-position":"center center","background-size":"auto","background-attachment":"scroll","background-type":"","background-media":"","overlay-type":"","overlay-color":"","overlay-opacity":"","overlay-gradient":""},"mobile":{"background-color":"","background-image":"","background-repeat":"repeat","background-position":"center center","background-size":"auto","background-attachment":"scroll","background-type":"","background-media":"","overlay-type":"","overlay-color":"","overlay-opacity":"","overlay-gradient":""}},"ast-content-background-meta":{"desktop":{"background-color":"var(--ast-global-color-4)","background-image":"","background-repeat":"repeat","background-position":"center center","background-size":"auto","background-attachment":"scroll","background-type":"","background-media":"","overlay-type":"","overlay-color":"","overlay-opacity":"","overlay-gradient":""},"tablet":{"background-color":"var(--ast-global-color-4)","background-image":"","background-repeat":"repeat","background-position":"center center","background-size":"auto","background-attachment":"scroll","background-type":"","background-media":"","overlay-type":"","overlay-color":"","overlay-opacity":"","overlay-gradient":""},"mobile":{"background-color":"var(--ast-global-color-4)","background-image":"","background-repeat":"repeat","background-position":"center center","background-size":"auto","background-attachment":"scroll","background-type":"","background-media":"","overlay-type":"","overlay-color":"","overlay-opacity":"","overlay-gradient":""}},"footnotes":""},"class_list":["post-5527","page","type-page","status-publish","hentry"],"post_mailing_queue_ids":[],"_links":{"self":[{"href":"https:\/\/agora.xtec.cat\/escolapaucasalsrubi\/wp-json\/wp\/v2\/pages\/5527","targetHints":{"allow":["GET"]}}],"collection":[{"href":"https:\/\/agora.xtec.cat\/escolapaucasalsrubi\/wp-json\/wp\/v2\/pages"}],"about":[{"href":"https:\/\/agora.xtec.cat\/escolapaucasalsrubi\/wp-json\/wp\/v2\/types\/page"}],"author":[{"embeddable":true,"href":"https:\/\/agora.xtec.cat\/escolapaucasalsrubi\/wp-json\/wp\/v2\/users\/1"}],"replies":[{"embeddable":true,"href":"https:\/\/agora.xtec.cat\/escolapaucasalsrubi\/wp-json\/wp\/v2\/comments?post=5527"}],"version-history":[{"count":2,"href":"https:\/\/agora.xtec.cat\/escolapaucasalsrubi\/wp-json\/wp\/v2\/pages\/5527\/revisions"}],"predecessor-version":[{"id":5535,"href":"https:\/\/agora.xtec.cat\/escolapaucasalsrubi\/wp-json\/wp\/v2\/pages\/5527\/revisions\/5535"}],"up":[{"embeddable":true,"href":"https:\/\/agora.xtec.cat\/escolapaucasalsrubi\/wp-json\/wp\/v2\/pages\/36"}],"wp:attachment":[{"href":"https:\/\/agora.xtec.cat\/escolapaucasalsrubi\/wp-json\/wp\/v2\/media?parent=5527"}],"curies":[{"name":"wp","href":"https:\/\/api.w.org\/{rel}","templated":true}]}}