{"id":4595,"date":"2017-01-31T18:35:01","date_gmt":"2017-01-31T17:35:01","guid":{"rendered":"http:\/\/agora.xtec.cat\/escolapaucasalsrubi\/?page_id=4595"},"modified":"2019-10-24T22:24:34","modified_gmt":"2019-10-24T20:24:34","slug":"5-english","status":"publish","type":"page","link":"https:\/\/agora.xtec.cat\/escolapaucasalsrubi\/material-escolar\/5-english\/","title":{"rendered":"Projecte 5\u2019 English"},"content":{"rendered":"<p>Durant el curs 15-16 vam engegar un nou projecte d\u2019angl\u00e8s, a part de les hores espec\u00edfiques d\u2019angl\u00e8s que es fan a cada nivell.<\/p>\n<p>Cada dia, a la mateixa hora, tot l\u2019alumnat de l\u2019escola, des de P-3 fins a 6\u00e8, tindr\u00e0 contacte amb la llengua anglesa. Est\u00e0 comprovat que per aprendre una llengua cal desenvolupar les habilitats. Aquestes, es desenvolupen fent activitats reals utilitzant l\u2019idioma. El que serveix \u00e9s l\u2019entrenament, \u00e9s a dir, entrenar l\u2019orella i la boca en l\u2019idioma (escoltar i parlar). Perqu\u00e8 aix\u00f2 passi, s\u2019han de fer moltes, molt\u00edssimes activitats orals. Aquestes han de ser significatives (que tinguin sentit) i funcionals (que siguin \u00fatils). El que farem en aquest 5\u2019, amb l\u2019ajut de la pantalla digital s\u00f3n activitats orals d\u2019escoltar i parlar, veient i practicant situacions reals de la vida quotidiana.<\/p>\n<p>5\u2019 diaris al llarg de tota l\u2019escolaritat, s\u00f3n moltes hores de contacte amb la llengua anglesa.<\/p>\n<p><a href=\"http:\/\/agora.xtec.cat\/escolapaucasalsrubi\/serveis-2\/material-escolar\/5-english\/attachment\/english1\/\" rel=\"attachment wp-att-1143\"><img loading=\"lazy\" decoding=\"async\" class=\"aligncenter wp-image-1143 size-medium\" src=\"http:\/\/agora.xtec.cat\/escolapaucasalsrubi\/wp-content\/uploads\/usu1615\/2017\/01\/english1-300x255.jpg\" alt=\"english1\" width=\"300\" height=\"255\" srcset=\"https:\/\/agora.xtec.cat\/escolapaucasalsrubi\/wp-content\/uploads\/usu1615\/2017\/01\/english1-300x255.jpg 300w, https:\/\/agora.xtec.cat\/escolapaucasalsrubi\/wp-content\/uploads\/usu1615\/2017\/01\/english1.jpg 640w\" sizes=\"auto, (max-width: 300px) 100vw, 300px\" \/><\/a><\/p>\n<p style=\"text-align: center;\"><a href=\"http:\/\/agora.xtec.cat\/escolapaucasalsrubi\/serveis-2\/material-escolar\/5-english\/videos-5-english-ed-infantil\/\">Educaci\u00f3 Infantil<\/a>\u00a0\u00a0\u00a0 &#8211;\u00a0\u00a0\u00a0 <a href=\"http:\/\/agora.xtec.cat\/escolapaucasalsrubi\/serveis-2\/material-escolar\/5-english\/videos-5-english-cicle-inicial\/\">Cicle Inicial<\/a>\u00a0\u00a0\u00a0 &#8211;\u00a0\u00a0\u00a0 <a href=\"http:\/\/agora.xtec.cat\/escolapaucasalsrubi\/serveis-2\/material-escolar\/5-english\/videos-5-english-cicle-mitja\/\">Cicle Mitj\u00e0<\/a>\u00a0\u00a0\u00a0 &#8211;\u00a0\u00a0\u00a0 <a href=\"http:\/\/agora.xtec.cat\/escolapaucasalsrubi\/serveis-2\/material-escolar\/5-english\/videos-5-english-cicle-superior\/\">Cicle Superior<\/a><\/p>\n","protected":false},"excerpt":{"rendered":"<p>Durant el curs 15-16 vam engegar un nou projecte d\u2019angl\u00e8s, a part de les hores espec\u00edfiques d\u2019angl\u00e8s que es fan a cada nivell. Cada dia, a la mateixa hora, tot l\u2019alumnat de l\u2019escola, des de P-3 fins a 6\u00e8, tindr\u00e0 contacte amb la llengua anglesa. Est\u00e0 comprovat que per aprendre una llengua cal desenvolupar les [&hellip;]<\/p>\n","protected":false},"author":1,"featured_media":0,"parent":36,"menu_order":0,"comment_status":"closed","ping_status":"closed","template":"","meta":{"_bbp_topic_count":0,"_bbp_reply_count":0,"_bbp_total_topic_count":0,"_bbp_total_reply_count":0,"_bbp_voice_count":0,"_bbp_anonymous_reply_count":0,"_bbp_topic_count_hidden":0,"_bbp_reply_count_hidden":0,"_bbp_forum_subforum_count":0,"site-sidebar-layout":"default","site-content-layout":"","ast-site-content-layout":"","site-content-style":"default","site-sidebar-style":"default","ast-global-header-display":"","ast-banner-title-visibility":"","ast-main-header-display":"","ast-hfb-above-header-display":"","ast-hfb-below-header-display":"","ast-hfb-mobile-header-display":"","site-post-title":"","ast-breadcrumbs-content":"","ast-featured-img":"","footer-sml-layout":"","theme-transparent-header-meta":"","adv-header-id-meta":"","stick-header-meta":"","header-above-stick-meta":"","header-main-stick-meta":"","header-below-stick-meta":"","astra-migrate-meta-layouts":"default","ast-page-background-enabled":"default","ast-page-background-meta":{"desktop":{"background-color":"var(--ast-global-color-5)","background-image":"","background-repeat":"repeat","background-position":"center center","background-size":"auto","background-attachment":"scroll","background-type":"","background-media":"","overlay-type":"","overlay-color":"","overlay-opacity":"","overlay-gradient":""},"tablet":{"background-color":"","background-image":"","background-repeat":"repeat","background-position":"center center","background-size":"auto","background-attachment":"scroll","background-type":"","background-media":"","overlay-type":"","overlay-color":"","overlay-opacity":"","overlay-gradient":""},"mobile":{"background-color":"","background-image":"","background-repeat":"repeat","background-position":"center center","background-size":"auto","background-attachment":"scroll","background-type":"","background-media":"","overlay-type":"","overlay-color":"","overlay-opacity":"","overlay-gradient":""}},"ast-content-background-meta":{"desktop":{"background-color":"var(--ast-global-color-4)","background-image":"","background-repeat":"repeat","background-position":"center center","background-size":"auto","background-attachment":"scroll","background-type":"","background-media":"","overlay-type":"","overlay-color":"","overlay-opacity":"","overlay-gradient":""},"tablet":{"background-color":"var(--ast-global-color-4)","background-image":"","background-repeat":"repeat","background-position":"center center","background-size":"auto","background-attachment":"scroll","background-type":"","background-media":"","overlay-type":"","overlay-color":"","overlay-opacity":"","overlay-gradient":""},"mobile":{"background-color":"var(--ast-global-color-4)","background-image":"","background-repeat":"repeat","background-position":"center center","background-size":"auto","background-attachment":"scroll","background-type":"","background-media":"","overlay-type":"","overlay-color":"","overlay-opacity":"","overlay-gradient":""}},"footnotes":""},"class_list":["post-4595","page","type-page","status-publish","hentry"],"post_mailing_queue_ids":[],"_links":{"self":[{"href":"https:\/\/agora.xtec.cat\/escolapaucasalsrubi\/wp-json\/wp\/v2\/pages\/4595","targetHints":{"allow":["GET"]}}],"collection":[{"href":"https:\/\/agora.xtec.cat\/escolapaucasalsrubi\/wp-json\/wp\/v2\/pages"}],"about":[{"href":"https:\/\/agora.xtec.cat\/escolapaucasalsrubi\/wp-json\/wp\/v2\/types\/page"}],"author":[{"embeddable":true,"href":"https:\/\/agora.xtec.cat\/escolapaucasalsrubi\/wp-json\/wp\/v2\/users\/1"}],"replies":[{"embeddable":true,"href":"https:\/\/agora.xtec.cat\/escolapaucasalsrubi\/wp-json\/wp\/v2\/comments?post=4595"}],"version-history":[{"count":3,"href":"https:\/\/agora.xtec.cat\/escolapaucasalsrubi\/wp-json\/wp\/v2\/pages\/4595\/revisions"}],"predecessor-version":[{"id":5380,"href":"https:\/\/agora.xtec.cat\/escolapaucasalsrubi\/wp-json\/wp\/v2\/pages\/4595\/revisions\/5380"}],"up":[{"embeddable":true,"href":"https:\/\/agora.xtec.cat\/escolapaucasalsrubi\/wp-json\/wp\/v2\/pages\/36"}],"wp:attachment":[{"href":"https:\/\/agora.xtec.cat\/escolapaucasalsrubi\/wp-json\/wp\/v2\/media?parent=4595"}],"curies":[{"name":"wp","href":"https:\/\/api.w.org\/{rel}","templated":true}]}}