{"id":4269,"date":"2018-12-03T19:48:39","date_gmt":"2018-12-03T18:48:39","guid":{"rendered":"http:\/\/agora.xtec.cat\/escolapaucasalsrubi\/?page_id=4269"},"modified":"2019-02-12T14:19:52","modified_gmt":"2019-02-12T13:19:52","slug":"30-minuts-diaris","status":"publish","type":"page","link":"https:\/\/agora.xtec.cat\/escolapaucasalsrubi\/30-minuts-diaris\/","title":{"rendered":"30 minuts diaris"},"content":{"rendered":"<p>El curs 13-14 vam iniciar el projecte de lectura incloent dins l\u2019horari de tot l\u2019alumnat 30\u2019 diaris de lectura, cada dia a la mateixa hora.<\/p>\n<p>Vam fer una bona compra de llibres d\u2019imaginaci\u00f3, de coneixements i d\u2019altres lectures per a totes les aules de P-3 a 6\u00e8. Vam dotar les biblioteques d\u2019aula de mobles adients per tenir els llibres a l\u2019abast de les nenes i els nens.<\/p>\n<p>Durant el curs 14-15 vam consolidar aquest projecte.<\/p>\n<p><strong>Per qu\u00e8 llegir?<\/strong><\/p>\n<p>Perqu\u00e8 \u00e9s llei:<\/p>\n<p><strong><em>DECRET <\/em><\/strong><span style=\"color: #ff0000;\"><em>142\/2997 de 26 de juny, pel qual s\u2019estableix<\/em><\/span><\/p>\n<p><span style=\"color: #ff0000;\"><em>l\u2019ordenaci\u00f3 dels ensenyaments de l\u2019educaci\u00f3 prim\u00e0ria<\/em><\/span><\/p>\n<p><strong><em>article 8. Compet\u00e8ncies b\u00e0siques<\/em><\/strong><\/p>\n<p><em>8.5 la lectura \u00e9s un factor fonamental per al desenvolupament de les compet\u00e8ncies b\u00e0siques i ha d\u2019estar <strong>inclosa en el desenvolupament de totes les \u00e0rees<\/strong>. els centres, en<\/em><\/p>\n<p><em>organitzar la seva pr\u00e0ctica docent, han de <strong>garantir una mitjana m\u00ednima de 30 minuts diaris <\/strong>destinats a la lectura.<\/em><\/p>\n<p><strong>I perqu\u00e8 ho fan llei?<\/strong><\/p>\n<p>&nbsp;<\/p>\n<p><strong>Perqu\u00e8 tenir aquest h\u00e0bit correlaciona amb&#8230;<\/strong><\/p>\n<p>. Resultats escolars<\/p>\n<p>. Millora de la comprensi\u00f3 i la compet\u00e8ncia lectora<\/p>\n<p>. Millora de l\u2019expressi\u00f3 escrita<\/p>\n<p>. Nivell de coneixements generals<\/p>\n<p>. Comprensi\u00f3 d\u2019altres cultures<\/p>\n<p>. Comprensi\u00f3 de la naturalesa humana<\/p>\n<p>. Capacitat de presa de decisions<\/p>\n<p><strong>Qu\u00e8 fem durant els 30\u2019 diaris de lectura?<\/strong><\/p>\n<p>. Lectura aut\u00f2noma. Cada nena i cada nen llegeixen lliurement el qu\u00e8 volen: llibre, c\u00f2mic, revista,&#8230;<\/p>\n<p>. Lectura del mestre. El\/la mestre\/a llegeix un conte sencer als alumnes m\u00e9s petits i als m\u00e9s grans un trosset del mateix llibre cada dia.<\/p>\n<p>. Parlem del llegit. Opinem, debatem, recomanem, etc.<\/p>\n<p>. Altres activitats com: Lectura preparada. Un alumne prepara una lectura i la llegeix davant dels altres; Lectures al voltant d\u2019un mateix tema: les emocions, la pau, etc.<\/p>\n<p><a href=\"http:\/\/agora.xtec.cat\/escolapaucasalsrubi\/serveis-2\/material-escolar\/attachment\/projecte_escola1\/\" rel=\"attachment wp-att-1073\"><img loading=\"lazy\" decoding=\"async\" class=\"aligncenter wp-image-1073 size-full\" src=\"http:\/\/agora.xtec.cat\/escolapaucasalsrubi\/wp-content\/uploads\/usu1615\/2014\/09\/projecte_escola1.jpg\" alt=\"projecte_escola1\" width=\"448\" height=\"336\" srcset=\"https:\/\/agora.xtec.cat\/escolapaucasalsrubi\/wp-content\/uploads\/usu1615\/2014\/09\/projecte_escola1.jpg 448w, https:\/\/agora.xtec.cat\/escolapaucasalsrubi\/wp-content\/uploads\/usu1615\/2014\/09\/projecte_escola1-300x225.jpg 300w, https:\/\/agora.xtec.cat\/escolapaucasalsrubi\/wp-content\/uploads\/usu1615\/2014\/09\/projecte_escola1-200x150.jpg 200w\" sizes=\"auto, (max-width: 448px) 100vw, 448px\" \/><\/a><\/p>\n","protected":false},"excerpt":{"rendered":"<p>El curs 13-14 vam iniciar el projecte de lectura incloent dins l\u2019horari de tot l\u2019alumnat 30\u2019 diaris de lectura, cada dia a la mateixa hora. Vam fer una bona compra de llibres d\u2019imaginaci\u00f3, de coneixements i d\u2019altres lectures per a totes les aules de P-3 a 6\u00e8. Vam dotar les biblioteques d\u2019aula de mobles adients [&hellip;]<\/p>\n","protected":false},"author":1,"featured_media":0,"parent":0,"menu_order":0,"comment_status":"closed","ping_status":"closed","template":"","meta":{"_bbp_topic_count":0,"_bbp_reply_count":0,"_bbp_total_topic_count":0,"_bbp_total_reply_count":0,"_bbp_voice_count":0,"_bbp_anonymous_reply_count":0,"_bbp_topic_count_hidden":0,"_bbp_reply_count_hidden":0,"_bbp_forum_subforum_count":0,"site-sidebar-layout":"default","site-content-layout":"","ast-site-content-layout":"","site-content-style":"default","site-sidebar-style":"default","ast-global-header-display":"","ast-banner-title-visibility":"","ast-main-header-display":"","ast-hfb-above-header-display":"","ast-hfb-below-header-display":"","ast-hfb-mobile-header-display":"","site-post-title":"","ast-breadcrumbs-content":"","ast-featured-img":"","footer-sml-layout":"","theme-transparent-header-meta":"","adv-header-id-meta":"","stick-header-meta":"","header-above-stick-meta":"","header-main-stick-meta":"","header-below-stick-meta":"","astra-migrate-meta-layouts":"default","ast-page-background-enabled":"default","ast-page-background-meta":{"desktop":{"background-color":"var(--ast-global-color-5)","background-image":"","background-repeat":"repeat","background-position":"center center","background-size":"auto","background-attachment":"scroll","background-type":"","background-media":"","overlay-type":"","overlay-color":"","overlay-opacity":"","overlay-gradient":""},"tablet":{"background-color":"","background-image":"","background-repeat":"repeat","background-position":"center center","background-size":"auto","background-attachment":"scroll","background-type":"","background-media":"","overlay-type":"","overlay-color":"","overlay-opacity":"","overlay-gradient":""},"mobile":{"background-color":"","background-image":"","background-repeat":"repeat","background-position":"center center","background-size":"auto","background-attachment":"scroll","background-type":"","background-media":"","overlay-type":"","overlay-color":"","overlay-opacity":"","overlay-gradient":""}},"ast-content-background-meta":{"desktop":{"background-color":"var(--ast-global-color-4)","background-image":"","background-repeat":"repeat","background-position":"center center","background-size":"auto","background-attachment":"scroll","background-type":"","background-media":"","overlay-type":"","overlay-color":"","overlay-opacity":"","overlay-gradient":""},"tablet":{"background-color":"var(--ast-global-color-4)","background-image":"","background-repeat":"repeat","background-position":"center center","background-size":"auto","background-attachment":"scroll","background-type":"","background-media":"","overlay-type":"","overlay-color":"","overlay-opacity":"","overlay-gradient":""},"mobile":{"background-color":"var(--ast-global-color-4)","background-image":"","background-repeat":"repeat","background-position":"center center","background-size":"auto","background-attachment":"scroll","background-type":"","background-media":"","overlay-type":"","overlay-color":"","overlay-opacity":"","overlay-gradient":""}},"footnotes":""},"class_list":["post-4269","page","type-page","status-publish","hentry"],"post_mailing_queue_ids":[],"_links":{"self":[{"href":"https:\/\/agora.xtec.cat\/escolapaucasalsrubi\/wp-json\/wp\/v2\/pages\/4269","targetHints":{"allow":["GET"]}}],"collection":[{"href":"https:\/\/agora.xtec.cat\/escolapaucasalsrubi\/wp-json\/wp\/v2\/pages"}],"about":[{"href":"https:\/\/agora.xtec.cat\/escolapaucasalsrubi\/wp-json\/wp\/v2\/types\/page"}],"author":[{"embeddable":true,"href":"https:\/\/agora.xtec.cat\/escolapaucasalsrubi\/wp-json\/wp\/v2\/users\/1"}],"replies":[{"embeddable":true,"href":"https:\/\/agora.xtec.cat\/escolapaucasalsrubi\/wp-json\/wp\/v2\/comments?post=4269"}],"version-history":[{"count":2,"href":"https:\/\/agora.xtec.cat\/escolapaucasalsrubi\/wp-json\/wp\/v2\/pages\/4269\/revisions"}],"predecessor-version":[{"id":4575,"href":"https:\/\/agora.xtec.cat\/escolapaucasalsrubi\/wp-json\/wp\/v2\/pages\/4269\/revisions\/4575"}],"wp:attachment":[{"href":"https:\/\/agora.xtec.cat\/escolapaucasalsrubi\/wp-json\/wp\/v2\/media?parent=4269"}],"curies":[{"name":"wp","href":"https:\/\/api.w.org\/{rel}","templated":true}]}}