{"id":4263,"date":"2018-12-03T19:39:02","date_gmt":"2018-12-03T18:39:02","guid":{"rendered":"http:\/\/agora.xtec.cat\/escolapaucasalsrubi\/?page_id=4263"},"modified":"2019-03-10T18:39:28","modified_gmt":"2019-03-10T17:39:28","slug":"innovamat","status":"publish","type":"page","link":"https:\/\/agora.xtec.cat\/escolapaucasalsrubi\/innovamat\/","title":{"rendered":"INNOVAMAT"},"content":{"rendered":"<h3 style=\"text-align: center;\">PROJECTE INNOVAMAT: REIVENTEM LES MATEM\u00c0TIQUES<\/h3>\n<p>El curs 2018-19 hem implementat el projecte \u201cINNOVAMAT\u201d a les aules del cicle inicial. Aquesta proposta transforma l\u2019aula de prim\u00e0ria i les relacions que es donen en ella per emocionar, estimular i motivar l\u2019alumnat en<br \/>\nl\u2019aprenentatge matem\u00e0tic.<br \/>\nEls materials posen l\u2019alumne en el centre del seu propi proc\u00e9s d\u2019ensenyament-aprenentatge i permet desenvolupar l\u2019autonomia i el pensament cr\u00edtic: un proc\u00e9s emocional i emocionant pensat per a comprometre l\u2019alumne a trav\u00e9s d\u2019est\u00edmuls positius.<br \/>\nInnovaMat proposa unes matem\u00e0tiques contextualitzades, un curr\u00edculum flexible, activitats variades que parteixen de material manipulable molt divers (targetes num\u00e8riques, targetes il\u00b7lustrades, coves de comptatge, collarets de comptatge, tangrams, monedes i bitllets, pissarres m\u00e0giques&#8230;) i applets, t\u00e8cniques i estrat\u00e8gies que faciliten l\u2019avaluaci\u00f3 i la gesti\u00f3 de l\u2019aula del segle XXI, la personalitzaci\u00f3 de l\u2019aprenentatge, l\u2019aprenentatge cooperatiu i la gamificaci\u00f3.<br \/>\nEl material did\u00e0ctic Innovamat ha estat elaborat per un nombr\u00f3s grup d\u2019expertes\/s en diferents disciplines com la matem\u00e0tica, la pedagogia, l\u2019enginyeria i el disseny: Cecilia Calvo, David Barba, Laura Morera, Marc Guinjoan i Abraham de la Fuente.<br \/>\nEl contingut educatiu s\u2019organitza en tres grans blocs on es treballen\u00a0diferents conceptes matem\u00e0tics i dimensions emprant metodologies pedag\u00f2giques diverses.<\/p>\n<p>a) <strong>Laboratori de nombres<\/strong>: cobreix numeraci\u00f3 i c\u00e0lcul, el bloc amb m\u00e9s pes durant l\u2019etapa d\u2019educaci\u00f3 prim\u00e0ria, especialment a cicle inicial, i que estableix els fonaments de l\u2019aprenentatge matem\u00e0tic.<br \/>\nEls conceptes s\u2019hi presenten de manera c\u00edclica, tant al llarg de tot el curs com dins de cada trimestre, amb un increment progressiu de la dificultat.<br \/>\nL\u2019aula canvia radicalment de forma: el\/la mestre\/a passa a ser un\/a guia de l\u2019aprenentatge en lloc de transmetre tots els coneixements.<br \/>\n\u00c9s l\u2019alumnat qui, mitjan\u00e7ant les activitats de conversa matem\u00e0tica i\u00a0l\u2019\u00fas de materials manipulatius o miniaplicacions digitals, apr\u00e8n els conceptes per ell\/a mateix\/a.<\/p>\n<p><img loading=\"lazy\" decoding=\"async\" class=\"aligncenter size-full wp-image-4770\" src=\"https:\/\/agora.xtec.cat\/escolapaucasalsrubi\/wp-content\/uploads\/usu1615\/2019\/03\/innovamat1.jpg\" alt=\"\" width=\"533\" height=\"237\" srcset=\"https:\/\/agora.xtec.cat\/escolapaucasalsrubi\/wp-content\/uploads\/usu1615\/2019\/03\/innovamat1.jpg 533w, https:\/\/agora.xtec.cat\/escolapaucasalsrubi\/wp-content\/uploads\/usu1615\/2019\/03\/innovamat1-300x133.jpg 300w\" sizes=\"auto, (max-width: 533px) 100vw, 533px\" \/><\/p>\n<p>b) <strong>Aventures i reptes matem\u00e0tics<\/strong>: cobreix la resta de blocs (relacions i canvi, espai i forma, mesura i estad\u00edstica i atzar) sense perdre de vista numeraci\u00f3 i c\u00e0lcul.<br \/>\nEls conceptes s\u2019hi presenten en forma de reptes guiats i contextualitzats dins d\u2019hist\u00f2ries de fantasia. Cada curs escolar, l\u2019alumnat \u00e9s protagonista de dues hist\u00f2ries diferents plenes de reptes, presentades amb v\u00eddeos d\u2019una s\u00e8rie d\u2019animaci\u00f3. Es presenta un problema per sessi\u00f3 i, amb l\u2019ajuda d\u2019activitats introduct\u00f2ries guiades pel mestre\/a, es treballa amb profunditat la seva resoluci\u00f3.<br \/>\nc) <strong>Plataforma<\/strong>: permet la pr\u00e0ctica individual a l\u2019aula d\u2019activitats de tots els blocs de continguts. La seva aparici\u00f3 es regula en funci\u00f3 de les necessitats individuals. Les activitats ofereixen ajudes i explicacions adaptades al nivell de cada infant.<\/p>\n<p>&nbsp;<\/p>\n<p style=\"text-align: center;\"><iframe loading=\"lazy\" src=\"https:\/\/www.youtube.com\/embed\/FK1qNOAEF-A?rel=0\" width=\"560\" height=\"315\" frameborder=\"0\" allowfullscreen=\"allowfullscreen\"><\/iframe><\/p>\n<p style=\"text-align: center;\"><iframe loading=\"lazy\" src=\"https:\/\/www.youtube.com\/embed\/tiD7juWorNE?rel=0\" width=\"560\" height=\"315\" frameborder=\"0\" allowfullscreen=\"allowfullscreen\"><span data-mce-type=\"bookmark\" style=\"display: inline-block; width: 0px; overflow: hidden; line-height: 0;\" class=\"mce_SELRES_start\">\ufeff<\/span><\/iframe><\/p>\n","protected":false},"excerpt":{"rendered":"<p>PROJECTE INNOVAMAT: REIVENTEM LES MATEM\u00c0TIQUES El curs 2018-19 hem implementat el projecte \u201cINNOVAMAT\u201d a les aules del cicle inicial. Aquesta proposta transforma l\u2019aula de prim\u00e0ria i les relacions que es donen en ella per emocionar, estimular i motivar l\u2019alumnat en l\u2019aprenentatge matem\u00e0tic. Els materials posen l\u2019alumne en el centre del seu propi proc\u00e9s d\u2019ensenyament-aprenentatge i [&hellip;]<\/p>\n","protected":false},"author":1,"featured_media":0,"parent":0,"menu_order":0,"comment_status":"closed","ping_status":"closed","template":"","meta":{"_bbp_topic_count":0,"_bbp_reply_count":0,"_bbp_total_topic_count":0,"_bbp_total_reply_count":0,"_bbp_voice_count":0,"_bbp_anonymous_reply_count":0,"_bbp_topic_count_hidden":0,"_bbp_reply_count_hidden":0,"_bbp_forum_subforum_count":0,"site-sidebar-layout":"default","site-content-layout":"","ast-site-content-layout":"","site-content-style":"default","site-sidebar-style":"default","ast-global-header-display":"","ast-banner-title-visibility":"","ast-main-header-display":"","ast-hfb-above-header-display":"","ast-hfb-below-header-display":"","ast-hfb-mobile-header-display":"","site-post-title":"","ast-breadcrumbs-content":"","ast-featured-img":"","footer-sml-layout":"","theme-transparent-header-meta":"","adv-header-id-meta":"","stick-header-meta":"","header-above-stick-meta":"","header-main-stick-meta":"","header-below-stick-meta":"","astra-migrate-meta-layouts":"default","ast-page-background-enabled":"default","ast-page-background-meta":{"desktop":{"background-color":"var(--ast-global-color-5)","background-image":"","background-repeat":"repeat","background-position":"center center","background-size":"auto","background-attachment":"scroll","background-type":"","background-media":"","overlay-type":"","overlay-color":"","overlay-opacity":"","overlay-gradient":""},"tablet":{"background-color":"","background-image":"","background-repeat":"repeat","background-position":"center center","background-size":"auto","background-attachment":"scroll","background-type":"","background-media":"","overlay-type":"","overlay-color":"","overlay-opacity":"","overlay-gradient":""},"mobile":{"background-color":"","background-image":"","background-repeat":"repeat","background-position":"center center","background-size":"auto","background-attachment":"scroll","background-type":"","background-media":"","overlay-type":"","overlay-color":"","overlay-opacity":"","overlay-gradient":""}},"ast-content-background-meta":{"desktop":{"background-color":"var(--ast-global-color-4)","background-image":"","background-repeat":"repeat","background-position":"center center","background-size":"auto","background-attachment":"scroll","background-type":"","background-media":"","overlay-type":"","overlay-color":"","overlay-opacity":"","overlay-gradient":""},"tablet":{"background-color":"var(--ast-global-color-4)","background-image":"","background-repeat":"repeat","background-position":"center center","background-size":"auto","background-attachment":"scroll","background-type":"","background-media":"","overlay-type":"","overlay-color":"","overlay-opacity":"","overlay-gradient":""},"mobile":{"background-color":"var(--ast-global-color-4)","background-image":"","background-repeat":"repeat","background-position":"center center","background-size":"auto","background-attachment":"scroll","background-type":"","background-media":"","overlay-type":"","overlay-color":"","overlay-opacity":"","overlay-gradient":""}},"footnotes":""},"class_list":["post-4263","page","type-page","status-publish","hentry"],"post_mailing_queue_ids":[],"_links":{"self":[{"href":"https:\/\/agora.xtec.cat\/escolapaucasalsrubi\/wp-json\/wp\/v2\/pages\/4263","targetHints":{"allow":["GET"]}}],"collection":[{"href":"https:\/\/agora.xtec.cat\/escolapaucasalsrubi\/wp-json\/wp\/v2\/pages"}],"about":[{"href":"https:\/\/agora.xtec.cat\/escolapaucasalsrubi\/wp-json\/wp\/v2\/types\/page"}],"author":[{"embeddable":true,"href":"https:\/\/agora.xtec.cat\/escolapaucasalsrubi\/wp-json\/wp\/v2\/users\/1"}],"replies":[{"embeddable":true,"href":"https:\/\/agora.xtec.cat\/escolapaucasalsrubi\/wp-json\/wp\/v2\/comments?post=4263"}],"version-history":[{"count":3,"href":"https:\/\/agora.xtec.cat\/escolapaucasalsrubi\/wp-json\/wp\/v2\/pages\/4263\/revisions"}],"predecessor-version":[{"id":4776,"href":"https:\/\/agora.xtec.cat\/escolapaucasalsrubi\/wp-json\/wp\/v2\/pages\/4263\/revisions\/4776"}],"wp:attachment":[{"href":"https:\/\/agora.xtec.cat\/escolapaucasalsrubi\/wp-json\/wp\/v2\/media?parent=4263"}],"curies":[{"name":"wp","href":"https:\/\/api.w.org\/{rel}","templated":true}]}}