{"id":4258,"date":"2020-06-23T13:00:55","date_gmt":"2020-06-23T11:00:55","guid":{"rendered":"http:\/\/agora.xtec.cat\/escolapaucasalsrubi\/?page_id=4258"},"modified":"2026-01-20T19:38:55","modified_gmt":"2026-01-20T18:38:55","slug":"qui-som","status":"publish","type":"page","link":"https:\/\/agora.xtec.cat\/escolapaucasalsrubi\/serveis-2\/qui-som\/","title":{"rendered":"Qui som ?"},"content":{"rendered":"<p style=\"text-align: justify; background: white; vertical-align: baseline; margin: 0cm 0cm 19.2pt 0cm;\"><span lang=\"CA\" style=\"font-size: 13.5pt; font-family: 'Arial',sans-serif; color: black;\">L\u2019Escola Pau Casals \u00e9s una escola p\u00fablica que acull les etapes d\u2019Educaci\u00f3 d\u2019Infantil i Prim\u00e0ria situada a Rub\u00ed (Vall\u00e8s Occidental).<\/span><\/p>\n<p style=\"text-align: justify; background: white; vertical-align: baseline; margin: 0cm 0cm 19.2pt 0cm;\"><span lang=\"CA\" style=\"font-size: 13.5pt; font-family: 'Arial',sans-serif; color: black;\">\u00c9s una comunitat educativa formada per 395 infants, les respectives fam\u00edlies, 43 professionals de l\u2019educaci\u00f3. L\u2019equip el formen 33 mestres, una TEEI (t\u00e8cnica educaci\u00f3 infantil a I3), vetlladores, una educadora d\u2019educaci\u00f3 especial (EEE), una TIS (t\u00e8cnica d\u2019integraci\u00f3 social), una mestra del programa PCTEI, una conserge, una auxiliar administrativa.<\/span><\/p>\n<p style=\"text-align: justify; background: white; vertical-align: baseline; margin: 0cm 0cm 19.2pt 0cm;\"><span lang=\"CA\" style=\"font-size: 13.5pt; font-family: 'Arial',sans-serif; color: black;\">Amb l\u2019equip de monitoratge de l\u2019espai migdia, l\u2019equip de cuina, l\u2019equip de neteja, els\/les monitors\/es de les activitats extraescolars, la monitora de dansa, l\u2019alumnat i les seves fam\u00edlies formem una gran comunitat. Donem molta import\u00e0ncia al benestar de totes elles.<\/span><\/p>\n<p style=\"text-align: justify; background: white; vertical-align: baseline; margin: 0cm 0cm 19.2pt 0cm;\"><span lang=\"CA\" style=\"font-size: 13.5pt; font-family: 'Arial',sans-serif; color: black;\">Compartim un objectiu com\u00fa: que els infants aconsegueixin l\u2019\u00e8xit acad\u00e8mic, emocional, personal i social i, sobretot, que siguin feli\u00e7os.<\/span><\/p>\n<p style=\"text-align: justify; background: white; vertical-align: baseline; margin: 0cm 0cm 19.2pt 0cm;\"><span lang=\"CA\" style=\"font-size: 13.5pt; font-family: 'Arial',sans-serif; color: black;\">A continuaci\u00f3 us deixem l\u2019organigrama amb l\u2019equip educatiu del curs 2025-2026.<\/span><\/p>\n\n\n<figure class=\"wp-block-image size-large\"><a href=\"https:\/\/agora.xtec.cat\/escolapaucasalsrubi\/wp-content\/uploads\/usu1615\/2026\/01\/ORGANIGRAMA-WEB.png\"><img loading=\"lazy\" decoding=\"async\" width=\"1024\" height=\"576\" src=\"https:\/\/agora.xtec.cat\/escolapaucasalsrubi\/wp-content\/uploads\/usu1615\/2026\/01\/ORGANIGRAMA-WEB-1024x576.png\" alt=\"\" class=\"wp-image-12351\" srcset=\"https:\/\/agora.xtec.cat\/escolapaucasalsrubi\/wp-content\/uploads\/usu1615\/2026\/01\/ORGANIGRAMA-WEB-1024x576.png 1024w, https:\/\/agora.xtec.cat\/escolapaucasalsrubi\/wp-content\/uploads\/usu1615\/2026\/01\/ORGANIGRAMA-WEB-300x169.png 300w, https:\/\/agora.xtec.cat\/escolapaucasalsrubi\/wp-content\/uploads\/usu1615\/2026\/01\/ORGANIGRAMA-WEB-768x432.png 768w, https:\/\/agora.xtec.cat\/escolapaucasalsrubi\/wp-content\/uploads\/usu1615\/2026\/01\/ORGANIGRAMA-WEB-1536x864.png 1536w, https:\/\/agora.xtec.cat\/escolapaucasalsrubi\/wp-content\/uploads\/usu1615\/2026\/01\/ORGANIGRAMA-WEB.png 1920w\" sizes=\"auto, (max-width: 1024px) 100vw, 1024px\" \/><\/a><\/figure>\n","protected":false},"excerpt":{"rendered":"<p>L\u2019Escola Pau Casals \u00e9s una escola p\u00fablica que acull les etapes d\u2019Educaci\u00f3 d\u2019Infantil i Prim\u00e0ria situada a Rub\u00ed (Vall\u00e8s Occidental). \u00c9s una comunitat educativa formada per 395 infants, les respectives fam\u00edlies, 43 professionals de l\u2019educaci\u00f3. L\u2019equip el formen 33 mestres, una TEEI (t\u00e8cnica educaci\u00f3 infantil a I3), vetlladores, una educadora d\u2019educaci\u00f3 especial (EEE), una TIS [&hellip;]<\/p>\n","protected":false},"author":1,"featured_media":0,"parent":22,"menu_order":3,"comment_status":"closed","ping_status":"closed","template":"","meta":{"_bbp_topic_count":0,"_bbp_reply_count":0,"_bbp_total_topic_count":0,"_bbp_total_reply_count":0,"_bbp_voice_count":0,"_bbp_anonymous_reply_count":0,"_bbp_topic_count_hidden":0,"_bbp_reply_count_hidden":0,"_bbp_forum_subforum_count":0,"site-sidebar-layout":"default","site-content-layout":"","ast-site-content-layout":"default","site-content-style":"default","site-sidebar-style":"default","ast-global-header-display":"","ast-banner-title-visibility":"","ast-main-header-display":"","ast-hfb-above-header-display":"","ast-hfb-below-header-display":"","ast-hfb-mobile-header-display":"","site-post-title":"","ast-breadcrumbs-content":"","ast-featured-img":"","footer-sml-layout":"","theme-transparent-header-meta":"default","adv-header-id-meta":"","stick-header-meta":"","header-above-stick-meta":"","header-main-stick-meta":"","header-below-stick-meta":"","astra-migrate-meta-layouts":"set","ast-page-background-enabled":"default","ast-page-background-meta":{"desktop":{"background-color":"var(--ast-global-color-5)","background-image":"","background-repeat":"repeat","background-position":"center center","background-size":"auto","background-attachment":"scroll","background-type":"","background-media":"","overlay-type":"","overlay-color":"","overlay-opacity":"","overlay-gradient":""},"tablet":{"background-color":"","background-image":"","background-repeat":"repeat","background-position":"center center","background-size":"auto","background-attachment":"scroll","background-type":"","background-media":"","overlay-type":"","overlay-color":"","overlay-opacity":"","overlay-gradient":""},"mobile":{"background-color":"","background-image":"","background-repeat":"repeat","background-position":"center center","background-size":"auto","background-attachment":"scroll","background-type":"","background-media":"","overlay-type":"","overlay-color":"","overlay-opacity":"","overlay-gradient":""}},"ast-content-background-meta":{"desktop":{"background-color":"var(--ast-global-color-4)","background-image":"","background-repeat":"repeat","background-position":"center center","background-size":"auto","background-attachment":"scroll","background-type":"","background-media":"","overlay-type":"","overlay-color":"","overlay-opacity":"","overlay-gradient":""},"tablet":{"background-color":"var(--ast-global-color-4)","background-image":"","background-repeat":"repeat","background-position":"center center","background-size":"auto","background-attachment":"scroll","background-type":"","background-media":"","overlay-type":"","overlay-color":"","overlay-opacity":"","overlay-gradient":""},"mobile":{"background-color":"var(--ast-global-color-4)","background-image":"","background-repeat":"repeat","background-position":"center center","background-size":"auto","background-attachment":"scroll","background-type":"","background-media":"","overlay-type":"","overlay-color":"","overlay-opacity":"","overlay-gradient":""}},"footnotes":""},"class_list":["post-4258","page","type-page","status-publish","hentry"],"post_mailing_queue_ids":[],"_links":{"self":[{"href":"https:\/\/agora.xtec.cat\/escolapaucasalsrubi\/wp-json\/wp\/v2\/pages\/4258","targetHints":{"allow":["GET"]}}],"collection":[{"href":"https:\/\/agora.xtec.cat\/escolapaucasalsrubi\/wp-json\/wp\/v2\/pages"}],"about":[{"href":"https:\/\/agora.xtec.cat\/escolapaucasalsrubi\/wp-json\/wp\/v2\/types\/page"}],"author":[{"embeddable":true,"href":"https:\/\/agora.xtec.cat\/escolapaucasalsrubi\/wp-json\/wp\/v2\/users\/1"}],"replies":[{"embeddable":true,"href":"https:\/\/agora.xtec.cat\/escolapaucasalsrubi\/wp-json\/wp\/v2\/comments?post=4258"}],"version-history":[{"count":6,"href":"https:\/\/agora.xtec.cat\/escolapaucasalsrubi\/wp-json\/wp\/v2\/pages\/4258\/revisions"}],"predecessor-version":[{"id":12352,"href":"https:\/\/agora.xtec.cat\/escolapaucasalsrubi\/wp-json\/wp\/v2\/pages\/4258\/revisions\/12352"}],"up":[{"embeddable":true,"href":"https:\/\/agora.xtec.cat\/escolapaucasalsrubi\/wp-json\/wp\/v2\/pages\/22"}],"wp:attachment":[{"href":"https:\/\/agora.xtec.cat\/escolapaucasalsrubi\/wp-json\/wp\/v2\/media?parent=4258"}],"curies":[{"name":"wp","href":"https:\/\/api.w.org\/{rel}","templated":true}]}}