{"id":26,"date":"2017-01-30T23:18:32","date_gmt":"2017-01-30T22:18:32","guid":{"rendered":"http:\/\/agora.xtec.cat\/escolapaucasalsrubi\/?page_id=26"},"modified":"2022-01-21T16:18:09","modified_gmt":"2022-01-21T15:18:09","slug":"historia","status":"publish","type":"page","link":"https:\/\/agora.xtec.cat\/escolapaucasalsrubi\/serveis-2\/historia\/","title":{"rendered":"Hist\u00f2ria"},"content":{"rendered":"<p>Som la primera escola p\u00fablica de Rub\u00ed, inaugurada oficialment l\u2019any 1965, sota el nom de \u201c25 A\u00f1os de Paz\u201d, en terrenys dels horts de Cal Met Lle\u00f3. L\u2019any 1978, amb la recuperaci\u00f3 de la democr\u00e0cia, va passar a dir-se Escola Pau Casals. La celebraci\u00f3 dels 50 anys va permetre\u2019ns enregistrar un documental sobre la nostra hist\u00f2ria:<\/p>\n<p>Aqu\u00ed podeu veure\u2019n el tr\u00e0iler:<\/p>\n<p style=\"text-align: center;\"><iframe loading=\"lazy\" src=\"https:\/\/player.vimeo.com\/video\/155172865\" width=\"640\" height=\"360\" frameborder=\"0\" allowfullscreen=\"allowfullscreen\"><\/iframe><\/p>\n<p>I si voleu, el documental sencer:<\/p>\n<p style=\"text-align: left;\"><strong>Petjades, 50 anys educant\u00a0<\/strong><\/p>\n<p style=\"text-align: center;\"><iframe loading=\"lazy\" title=\"YouTube video player\" src=\"https:\/\/www.youtube.com\/embed\/0ZmBBs4Nusg?rel=0\" width=\"560\" height=\"315\" frameborder=\"0\" allowfullscreen=\"allowfullscreen\"><span data-mce-type=\"bookmark\" style=\"display: inline-block; width: 0px; overflow: hidden; line-height: 0;\" class=\"mce_SELRES_start\">\ufeff<\/span><\/iframe><br \/>\n(1r Premi FAPAC) que us recomanem per con\u00e8ixer-nos m\u00e9s a fons.<\/p>\n<p><em>Fotos escola antiga<\/em><a href=\"http:\/\/agora.xtec.cat\/escolapaucasalsrubi\/serveis-2\/historia\/attachment\/escola_antiga\/\" rel=\"attachment wp-att-1160\"><img loading=\"lazy\" decoding=\"async\" class=\"aligncenter wp-image-1160 size-full\" src=\"http:\/\/agora.xtec.cat\/escolapaucasalsrubi\/wp-content\/uploads\/usu1615\/2017\/01\/escola_antiga.jpg\" alt=\"escola_antiga\" width=\"548\" height=\"346\" srcset=\"https:\/\/agora.xtec.cat\/escolapaucasalsrubi\/wp-content\/uploads\/usu1615\/2017\/01\/escola_antiga.jpg 548w, https:\/\/agora.xtec.cat\/escolapaucasalsrubi\/wp-content\/uploads\/usu1615\/2017\/01\/escola_antiga-300x189.jpg 300w\" sizes=\"auto, (max-width: 548px) 100vw, 548px\" \/><\/a><\/p>\n<p>Estem situats al bell mig de la trama urbana hist\u00f2rica de Rub\u00ed: a pocs passos del Mercat, el Teatre La Sala, l\u2019Ajuntament, l\u2019eix comercial, etc. Aix\u00f2 ens permet anar caminant a tot arreu i participar de la vida social i cultural de la nostra ciutat: sortim a cantar \u201cles Ll\u00facies\u201d pels comer\u00e7os del centre, participem a la rua de Carnaval.<\/p>\n<p>&nbsp;<\/p>\n<p><em>Cliqueu el seg\u00fcent enlla\u00e7:<\/em><\/p>\n<p><a href=\"http:\/\/www.rubitv.cat\/20160205\/9996\/els-alumnes-del-pau-casals-es-converteixen-en-insectes-per-carnaval\" target=\"_blank\" rel=\"noopener\">http:\/\/www.rubitv.cat\/20160205\/9996\/els-alumnes-del-pau-casals-es-converteixen-en-insectes-per-carnaval<\/a><\/p>\n<p>Tamb\u00e9 formem part de la Xarxa de Camins Escolars de Rub\u00ed.<\/p>\n<p>L\u2019escola ha anat modificant-se f\u00edsicament al llarg dels anys fins a adaptar-se a les necessitats d\u2019un equipament del segle XXI. Gaudim d\u2019uns espais grans, amb molta llum i d\u2019uns patis amb sorra i arbres que ens permeten estar en contacte amb la natura.<\/p>\n<p><em>Fotos escola nova<\/em> <a href=\"http:\/\/agora.xtec.cat\/escolapaucasalsrubi\/serveis-2\/historia\/attachment\/historia2\/\" rel=\"attachment wp-att-1110\"><img loading=\"lazy\" decoding=\"async\" class=\"aligncenter wp-image-1110 size-full\" src=\"http:\/\/agora.xtec.cat\/escolapaucasalsrubi\/wp-content\/uploads\/usu1615\/2014\/09\/historia2.png\" alt=\"historia2\" width=\"652\" height=\"178\" srcset=\"https:\/\/agora.xtec.cat\/escolapaucasalsrubi\/wp-content\/uploads\/usu1615\/2014\/09\/historia2.png 652w, https:\/\/agora.xtec.cat\/escolapaucasalsrubi\/wp-content\/uploads\/usu1615\/2014\/09\/historia2-300x82.png 300w\" sizes=\"auto, (max-width: 652px) 100vw, 652px\" \/><\/a><\/p>\n<p>&nbsp;<\/p>\n<p><a href=\"http:\/\/agora.xtec.cat\/escolapaucasalsrubi\/serveis-2\/historia\/attachment\/historia3\/\" rel=\"attachment wp-att-1111\"><img loading=\"lazy\" decoding=\"async\" class=\"aligncenter wp-image-1111 size-full\" src=\"http:\/\/agora.xtec.cat\/escolapaucasalsrubi\/wp-content\/uploads\/usu1615\/2014\/09\/historia3.png\" alt=\"historia3\" width=\"652\" height=\"186\" srcset=\"https:\/\/agora.xtec.cat\/escolapaucasalsrubi\/wp-content\/uploads\/usu1615\/2014\/09\/historia3.png 652w, https:\/\/agora.xtec.cat\/escolapaucasalsrubi\/wp-content\/uploads\/usu1615\/2014\/09\/historia3-300x86.png 300w\" sizes=\"auto, (max-width: 652px) 100vw, 652px\" \/><\/a><\/p>\n","protected":false},"excerpt":{"rendered":"<p>Som la primera escola p\u00fablica de Rub\u00ed, inaugurada oficialment l\u2019any 1965, sota el nom de \u201c25 A\u00f1os de Paz\u201d, en terrenys dels horts de Cal Met Lle\u00f3. L\u2019any 1978, amb la recuperaci\u00f3 de la democr\u00e0cia, va passar a dir-se Escola Pau Casals. La celebraci\u00f3 dels 50 anys va permetre\u2019ns enregistrar un documental sobre la nostra [&hellip;]<\/p>\n","protected":false},"author":1,"featured_media":0,"parent":22,"menu_order":2,"comment_status":"closed","ping_status":"closed","template":"page-templates\/side-menu.php","meta":{"_bbp_topic_count":0,"_bbp_reply_count":0,"_bbp_total_topic_count":0,"_bbp_total_reply_count":0,"_bbp_voice_count":0,"_bbp_anonymous_reply_count":0,"_bbp_topic_count_hidden":0,"_bbp_reply_count_hidden":0,"_bbp_forum_subforum_count":0,"site-sidebar-layout":"default","site-content-layout":"","ast-site-content-layout":"","site-content-style":"default","site-sidebar-style":"default","ast-global-header-display":"","ast-banner-title-visibility":"","ast-main-header-display":"","ast-hfb-above-header-display":"","ast-hfb-below-header-display":"","ast-hfb-mobile-header-display":"","site-post-title":"","ast-breadcrumbs-content":"","ast-featured-img":"","footer-sml-layout":"","theme-transparent-header-meta":"","adv-header-id-meta":"","stick-header-meta":"","header-above-stick-meta":"","header-main-stick-meta":"","header-below-stick-meta":"","astra-migrate-meta-layouts":"default","ast-page-background-enabled":"default","ast-page-background-meta":{"desktop":{"background-color":"var(--ast-global-color-5)","background-image":"","background-repeat":"repeat","background-position":"center center","background-size":"auto","background-attachment":"scroll","background-type":"","background-media":"","overlay-type":"","overlay-color":"","overlay-opacity":"","overlay-gradient":""},"tablet":{"background-color":"","background-image":"","background-repeat":"repeat","background-position":"center center","background-size":"auto","background-attachment":"scroll","background-type":"","background-media":"","overlay-type":"","overlay-color":"","overlay-opacity":"","overlay-gradient":""},"mobile":{"background-color":"","background-image":"","background-repeat":"repeat","background-position":"center center","background-size":"auto","background-attachment":"scroll","background-type":"","background-media":"","overlay-type":"","overlay-color":"","overlay-opacity":"","overlay-gradient":""}},"ast-content-background-meta":{"desktop":{"background-color":"var(--ast-global-color-4)","background-image":"","background-repeat":"repeat","background-position":"center center","background-size":"auto","background-attachment":"scroll","background-type":"","background-media":"","overlay-type":"","overlay-color":"","overlay-opacity":"","overlay-gradient":""},"tablet":{"background-color":"var(--ast-global-color-4)","background-image":"","background-repeat":"repeat","background-position":"center center","background-size":"auto","background-attachment":"scroll","background-type":"","background-media":"","overlay-type":"","overlay-color":"","overlay-opacity":"","overlay-gradient":""},"mobile":{"background-color":"var(--ast-global-color-4)","background-image":"","background-repeat":"repeat","background-position":"center center","background-size":"auto","background-attachment":"scroll","background-type":"","background-media":"","overlay-type":"","overlay-color":"","overlay-opacity":"","overlay-gradient":""}},"footnotes":""},"class_list":["post-26","page","type-page","status-publish","hentry"],"post_mailing_queue_ids":[],"_links":{"self":[{"href":"https:\/\/agora.xtec.cat\/escolapaucasalsrubi\/wp-json\/wp\/v2\/pages\/26","targetHints":{"allow":["GET"]}}],"collection":[{"href":"https:\/\/agora.xtec.cat\/escolapaucasalsrubi\/wp-json\/wp\/v2\/pages"}],"about":[{"href":"https:\/\/agora.xtec.cat\/escolapaucasalsrubi\/wp-json\/wp\/v2\/types\/page"}],"author":[{"embeddable":true,"href":"https:\/\/agora.xtec.cat\/escolapaucasalsrubi\/wp-json\/wp\/v2\/users\/1"}],"replies":[{"embeddable":true,"href":"https:\/\/agora.xtec.cat\/escolapaucasalsrubi\/wp-json\/wp\/v2\/comments?post=26"}],"version-history":[{"count":4,"href":"https:\/\/agora.xtec.cat\/escolapaucasalsrubi\/wp-json\/wp\/v2\/pages\/26\/revisions"}],"predecessor-version":[{"id":9029,"href":"https:\/\/agora.xtec.cat\/escolapaucasalsrubi\/wp-json\/wp\/v2\/pages\/26\/revisions\/9029"}],"up":[{"embeddable":true,"href":"https:\/\/agora.xtec.cat\/escolapaucasalsrubi\/wp-json\/wp\/v2\/pages\/22"}],"wp:attachment":[{"href":"https:\/\/agora.xtec.cat\/escolapaucasalsrubi\/wp-json\/wp\/v2\/media?parent=26"}],"curies":[{"name":"wp","href":"https:\/\/api.w.org\/{rel}","templated":true}]}}