{"id":1478,"date":"2020-01-20T18:00:53","date_gmt":"2020-01-20T17:00:53","guid":{"rendered":"http:\/\/agora.xtec.cat\/escolapaucasalsrubi\/?page_id=1478"},"modified":"2020-01-21T17:31:54","modified_gmt":"2020-01-21T16:31:54","slug":"projecte-de-patis-espais-simpatics","status":"publish","type":"page","link":"https:\/\/agora.xtec.cat\/escolapaucasalsrubi\/material-escolar\/projecte-de-patis-espais-simpatics\/","title":{"rendered":"Projecte de patis: Espais SimP\u00c0TIcs"},"content":{"rendered":"<p>A l\u2019inici del curs 16-17, la nostra escola va considerar que reflexionar i experimentar sobre la reorganitzaci\u00f3 dels espais escolars podia ser un element catalitzador d\u2019un canvi m\u00e9s profund, tant a nivell educatiu (optimitzaci\u00f3 dels aprenentatges) com a nivell comunitari (major implicaci\u00f3 i comunicaci\u00f3 d\u2019alumnes, fam\u00edlies, docents i altres agents a la vida escolar).<\/p>\n<p>Per aix\u00f2 vam volem repensar els espais del nostre pati per tal de donar visibilitat, recursos i respostes a totes les necessitats del nostre alumnat.<\/p>\n<p><a href=\"http:\/\/agora.xtec.cat\/escolapaucasalsrubi\/serveis-2\/material-escolar\/projecte-de-patis-espais-simpatics\/attachment\/projecte_patis\/\" rel=\"attachment wp-att-1481\"><img loading=\"lazy\" decoding=\"async\" class=\"aligncenter wp-image-1481 size-large\" src=\"http:\/\/agora.xtec.cat\/escolapaucasalsrubi\/wp-content\/uploads\/usu1615\/2017\/02\/projecte_patis-1024x264.jpg\" alt=\"projecte_patis\" width=\"1024\" height=\"264\" srcset=\"https:\/\/agora.xtec.cat\/escolapaucasalsrubi\/wp-content\/uploads\/usu1615\/2017\/02\/projecte_patis.jpg 1024w, https:\/\/agora.xtec.cat\/escolapaucasalsrubi\/wp-content\/uploads\/usu1615\/2017\/02\/projecte_patis-300x77.jpg 300w, https:\/\/agora.xtec.cat\/escolapaucasalsrubi\/wp-content\/uploads\/usu1615\/2017\/02\/projecte_patis-768x198.jpg 768w\" sizes=\"auto, (max-width: 1024px) 100vw, 1024px\" \/><\/a><\/p>\n<p>Arrel d\u2019aquesta necessitat vam crear una comissi\u00f3 de pati que va engegar el projecte \u201c<strong>espais simPATIcs<\/strong>\u201d.<\/p>\n<p>Aquesta comissi\u00f3 est\u00e0 formada per representants del professorat i de l\u2019AMPA.<\/p>\n<p>Cap el mes de gener, a proposta de l\u2019AMPA i conjuntament amb ells, decidim presentar la nostra candidatura al Projecte \u201c<strong>Hack the school<\/strong>\u201d de la fundaci\u00f3 Jaume Bofill.<\/p>\n<p>\u201c<strong>Hack the school<\/strong>\u201d buscava 30 centres educatius que desitgessin repensar els seus espais i elements escolars, per tal d\u2019optimitzar l\u2019aprenentatge dels seus alumnes i la vinculaci\u00f3 entre els diferents membres de la comunitat educativa.<\/p>\n<p>S\u2019hi van presentar al voltant de 180 centres escolars i vam ser una de les 30 escollides!<\/p>\n<p><em>(Podeu seguir tot el proc\u00e9s si cliqueu a\u00a0<\/em><strong><em>Projecte \u201cEspais simPATIcs\u201d. \u201cHack the school<\/em><\/strong><em>\u201d).<\/em><\/p>\n<p style=\"text-align: center;\"><a href=\"https:\/\/agora.xtec.cat\/escolapaucasalsrubi\/?s=hack+the+school\" target=\"_blank\" rel=\"noopener noreferrer\">enlla\u00e7<\/a><\/p>\n","protected":false},"excerpt":{"rendered":"<p>A l\u2019inici del curs 16-17, la nostra escola va considerar que reflexionar i experimentar sobre la reorganitzaci\u00f3 dels espais escolars podia ser un element catalitzador d\u2019un canvi m\u00e9s profund, tant a nivell educatiu (optimitzaci\u00f3 dels aprenentatges) com a nivell comunitari (major implicaci\u00f3 i comunicaci\u00f3 d\u2019alumnes, fam\u00edlies, docents i altres agents a la vida escolar). Per [&hellip;]<\/p>\n","protected":false},"author":1,"featured_media":0,"parent":36,"menu_order":0,"comment_status":"closed","ping_status":"closed","template":"page-templates\/side-menu.php","meta":{"_bbp_topic_count":0,"_bbp_reply_count":0,"_bbp_total_topic_count":0,"_bbp_total_reply_count":0,"_bbp_voice_count":0,"_bbp_anonymous_reply_count":0,"_bbp_topic_count_hidden":0,"_bbp_reply_count_hidden":0,"_bbp_forum_subforum_count":0,"site-sidebar-layout":"default","site-content-layout":"","ast-site-content-layout":"","site-content-style":"default","site-sidebar-style":"default","ast-global-header-display":"","ast-banner-title-visibility":"","ast-main-header-display":"","ast-hfb-above-header-display":"","ast-hfb-below-header-display":"","ast-hfb-mobile-header-display":"","site-post-title":"","ast-breadcrumbs-content":"","ast-featured-img":"","footer-sml-layout":"","theme-transparent-header-meta":"","adv-header-id-meta":"","stick-header-meta":"","header-above-stick-meta":"","header-main-stick-meta":"","header-below-stick-meta":"","astra-migrate-meta-layouts":"default","ast-page-background-enabled":"default","ast-page-background-meta":{"desktop":{"background-color":"var(--ast-global-color-5)","background-image":"","background-repeat":"repeat","background-position":"center center","background-size":"auto","background-attachment":"scroll","background-type":"","background-media":"","overlay-type":"","overlay-color":"","overlay-opacity":"","overlay-gradient":""},"tablet":{"background-color":"","background-image":"","background-repeat":"repeat","background-position":"center center","background-size":"auto","background-attachment":"scroll","background-type":"","background-media":"","overlay-type":"","overlay-color":"","overlay-opacity":"","overlay-gradient":""},"mobile":{"background-color":"","background-image":"","background-repeat":"repeat","background-position":"center center","background-size":"auto","background-attachment":"scroll","background-type":"","background-media":"","overlay-type":"","overlay-color":"","overlay-opacity":"","overlay-gradient":""}},"ast-content-background-meta":{"desktop":{"background-color":"var(--ast-global-color-4)","background-image":"","background-repeat":"repeat","background-position":"center center","background-size":"auto","background-attachment":"scroll","background-type":"","background-media":"","overlay-type":"","overlay-color":"","overlay-opacity":"","overlay-gradient":""},"tablet":{"background-color":"var(--ast-global-color-4)","background-image":"","background-repeat":"repeat","background-position":"center center","background-size":"auto","background-attachment":"scroll","background-type":"","background-media":"","overlay-type":"","overlay-color":"","overlay-opacity":"","overlay-gradient":""},"mobile":{"background-color":"var(--ast-global-color-4)","background-image":"","background-repeat":"repeat","background-position":"center center","background-size":"auto","background-attachment":"scroll","background-type":"","background-media":"","overlay-type":"","overlay-color":"","overlay-opacity":"","overlay-gradient":""}},"footnotes":""},"class_list":["post-1478","page","type-page","status-publish","hentry"],"post_mailing_queue_ids":[],"_links":{"self":[{"href":"https:\/\/agora.xtec.cat\/escolapaucasalsrubi\/wp-json\/wp\/v2\/pages\/1478","targetHints":{"allow":["GET"]}}],"collection":[{"href":"https:\/\/agora.xtec.cat\/escolapaucasalsrubi\/wp-json\/wp\/v2\/pages"}],"about":[{"href":"https:\/\/agora.xtec.cat\/escolapaucasalsrubi\/wp-json\/wp\/v2\/types\/page"}],"author":[{"embeddable":true,"href":"https:\/\/agora.xtec.cat\/escolapaucasalsrubi\/wp-json\/wp\/v2\/users\/1"}],"replies":[{"embeddable":true,"href":"https:\/\/agora.xtec.cat\/escolapaucasalsrubi\/wp-json\/wp\/v2\/comments?post=1478"}],"version-history":[{"count":3,"href":"https:\/\/agora.xtec.cat\/escolapaucasalsrubi\/wp-json\/wp\/v2\/pages\/1478\/revisions"}],"predecessor-version":[{"id":5642,"href":"https:\/\/agora.xtec.cat\/escolapaucasalsrubi\/wp-json\/wp\/v2\/pages\/1478\/revisions\/5642"}],"up":[{"embeddable":true,"href":"https:\/\/agora.xtec.cat\/escolapaucasalsrubi\/wp-json\/wp\/v2\/pages\/36"}],"wp:attachment":[{"href":"https:\/\/agora.xtec.cat\/escolapaucasalsrubi\/wp-json\/wp\/v2\/media?parent=1478"}],"curies":[{"name":"wp","href":"https:\/\/api.w.org\/{rel}","templated":true}]}}