{"id":1310,"date":"2017-02-07T20:13:25","date_gmt":"2017-02-07T19:13:25","guid":{"rendered":"http:\/\/agora.xtec.cat\/escolapaucasalsrubi\/?page_id=1310"},"modified":"2017-02-07T20:16:28","modified_gmt":"2017-02-07T19:16:28","slug":"projecte-destalvi-energetic-5050","status":"publish","type":"page","link":"https:\/\/agora.xtec.cat\/escolapaucasalsrubi\/material-escolar\/projecte-destalvi-energetic-5050\/","title":{"rendered":"Projecte d&#8217;estalvi energ\u00e8tic 50\/50"},"content":{"rendered":"<p><a href=\"http:\/\/agora.xtec.cat\/escolapaucasalsrubi\/serveis-2\/material-escolar\/projecte-destalvi-energetic-5050\/attachment\/projecte_estalvi1\/\" rel=\"attachment wp-att-1311\"><img loading=\"lazy\" decoding=\"async\" class=\"aligncenter wp-image-1311 size-full\" src=\"http:\/\/agora.xtec.cat\/escolapaucasalsrubi\/wp-content\/uploads\/usu1615\/2017\/02\/projecte_estalvi1.png\" alt=\"projecte_estalvi1\" width=\"548\" height=\"170\" srcset=\"https:\/\/agora.xtec.cat\/escolapaucasalsrubi\/wp-content\/uploads\/usu1615\/2017\/02\/projecte_estalvi1.png 548w, https:\/\/agora.xtec.cat\/escolapaucasalsrubi\/wp-content\/uploads\/usu1615\/2017\/02\/projecte_estalvi1-300x93.png 300w\" sizes=\"auto, (max-width: 548px) 100vw, 548px\" \/><\/a><\/p>\n<p>Des del curs 14-15 participem en el projecte 50\/50 Rub\u00ed Brilla impulsat per l\u2019Ajuntament. L\u2019objectiu \u00e9s sensibilitzar alumnes, fam\u00edlies i mestres de la import\u00e0ncia de l\u2019estalvi energ\u00e8tic: &#8211; Conscienciaci\u00f3 mediambiental &#8211; Reducci\u00f3 de les despeses &#8211; Sostenibilitat L\u2019escola ens hem comprom\u00e8s a reduir la despesa energ\u00e8tica d\u2019aigua, calefacci\u00f3 i llum. L\u2019Ajuntament inverteix la meitat de l\u2019estalvi aconseguit en actuacions directes per continuar estalviant. Ex. Doble porta per evitar p\u00e8rdues de calor. L\u2019altra meitat de l\u2019estalvi el retorna a l\u2019escola i la comissi\u00f3 50\/50 decideix que fa amb aquests diners. Ex. Compra de jocs i material esportiu. Aquest projecte est\u00e0 funcionant molt b\u00e9 gr\u00e0cies a la implicaci\u00f3 de tota la comunitat educativa.<\/p>\n<p><a href=\"http:\/\/agora.xtec.cat\/escolapaucasalsrubi\/serveis-2\/material-escolar\/projecte-destalvi-energetic-5050\/attachment\/projecte_estalvi2\/\" rel=\"attachment wp-att-1312\"><img loading=\"lazy\" decoding=\"async\" class=\"aligncenter wp-image-1312 size-full\" src=\"http:\/\/agora.xtec.cat\/escolapaucasalsrubi\/wp-content\/uploads\/usu1615\/2017\/02\/projecte_estalvi2.png\" alt=\"projecte_estalvi2\" width=\"566\" height=\"378\" srcset=\"https:\/\/agora.xtec.cat\/escolapaucasalsrubi\/wp-content\/uploads\/usu1615\/2017\/02\/projecte_estalvi2.png 566w, https:\/\/agora.xtec.cat\/escolapaucasalsrubi\/wp-content\/uploads\/usu1615\/2017\/02\/projecte_estalvi2-300x200.png 300w\" sizes=\"auto, (max-width: 566px) 100vw, 566px\" \/><\/a><\/p>\n<p>&nbsp;<\/p>\n<p><a href=\"http:\/\/agora.xtec.cat\/escolapaucasalsrubi\/serveis-2\/material-escolar\/projecte-destalvi-energetic-5050\/attachment\/projecte_estalvi3\/\" rel=\"attachment wp-att-1313\"><img loading=\"lazy\" decoding=\"async\" class=\"aligncenter wp-image-1313 size-full\" src=\"http:\/\/agora.xtec.cat\/escolapaucasalsrubi\/wp-content\/uploads\/usu1615\/2017\/02\/projecte_estalvi3.png\" alt=\"projecte_estalvi3\" width=\"704\" height=\"467\" srcset=\"https:\/\/agora.xtec.cat\/escolapaucasalsrubi\/wp-content\/uploads\/usu1615\/2017\/02\/projecte_estalvi3.png 704w, https:\/\/agora.xtec.cat\/escolapaucasalsrubi\/wp-content\/uploads\/usu1615\/2017\/02\/projecte_estalvi3-300x199.png 300w\" sizes=\"auto, (max-width: 704px) 100vw, 704px\" \/><\/a><\/p>\n","protected":false},"excerpt":{"rendered":"<p>Des del curs 14-15 participem en el projecte 50\/50 Rub\u00ed Brilla impulsat per l\u2019Ajuntament. L\u2019objectiu \u00e9s sensibilitzar alumnes, fam\u00edlies i mestres de la import\u00e0ncia de l\u2019estalvi energ\u00e8tic: &#8211; Conscienciaci\u00f3 mediambiental &#8211; Reducci\u00f3 de les despeses &#8211; Sostenibilitat L\u2019escola ens hem comprom\u00e8s a reduir la despesa energ\u00e8tica d\u2019aigua, calefacci\u00f3 i llum. L\u2019Ajuntament inverteix la meitat de [&hellip;]<\/p>\n","protected":false},"author":1,"featured_media":0,"parent":36,"menu_order":0,"comment_status":"closed","ping_status":"closed","template":"page-templates\/side-menu.php","meta":{"_bbp_topic_count":0,"_bbp_reply_count":0,"_bbp_total_topic_count":0,"_bbp_total_reply_count":0,"_bbp_voice_count":0,"_bbp_anonymous_reply_count":0,"_bbp_topic_count_hidden":0,"_bbp_reply_count_hidden":0,"_bbp_forum_subforum_count":0,"site-sidebar-layout":"default","site-content-layout":"","ast-site-content-layout":"","site-content-style":"default","site-sidebar-style":"default","ast-global-header-display":"","ast-banner-title-visibility":"","ast-main-header-display":"","ast-hfb-above-header-display":"","ast-hfb-below-header-display":"","ast-hfb-mobile-header-display":"","site-post-title":"","ast-breadcrumbs-content":"","ast-featured-img":"","footer-sml-layout":"","theme-transparent-header-meta":"","adv-header-id-meta":"","stick-header-meta":"","header-above-stick-meta":"","header-main-stick-meta":"","header-below-stick-meta":"","astra-migrate-meta-layouts":"default","ast-page-background-enabled":"default","ast-page-background-meta":{"desktop":{"background-color":"var(--ast-global-color-5)","background-image":"","background-repeat":"repeat","background-position":"center center","background-size":"auto","background-attachment":"scroll","background-type":"","background-media":"","overlay-type":"","overlay-color":"","overlay-opacity":"","overlay-gradient":""},"tablet":{"background-color":"","background-image":"","background-repeat":"repeat","background-position":"center center","background-size":"auto","background-attachment":"scroll","background-type":"","background-media":"","overlay-type":"","overlay-color":"","overlay-opacity":"","overlay-gradient":""},"mobile":{"background-color":"","background-image":"","background-repeat":"repeat","background-position":"center center","background-size":"auto","background-attachment":"scroll","background-type":"","background-media":"","overlay-type":"","overlay-color":"","overlay-opacity":"","overlay-gradient":""}},"ast-content-background-meta":{"desktop":{"background-color":"var(--ast-global-color-4)","background-image":"","background-repeat":"repeat","background-position":"center center","background-size":"auto","background-attachment":"scroll","background-type":"","background-media":"","overlay-type":"","overlay-color":"","overlay-opacity":"","overlay-gradient":""},"tablet":{"background-color":"var(--ast-global-color-4)","background-image":"","background-repeat":"repeat","background-position":"center center","background-size":"auto","background-attachment":"scroll","background-type":"","background-media":"","overlay-type":"","overlay-color":"","overlay-opacity":"","overlay-gradient":""},"mobile":{"background-color":"var(--ast-global-color-4)","background-image":"","background-repeat":"repeat","background-position":"center center","background-size":"auto","background-attachment":"scroll","background-type":"","background-media":"","overlay-type":"","overlay-color":"","overlay-opacity":"","overlay-gradient":""}},"footnotes":""},"class_list":["post-1310","page","type-page","status-publish","hentry"],"post_mailing_queue_ids":[],"_links":{"self":[{"href":"https:\/\/agora.xtec.cat\/escolapaucasalsrubi\/wp-json\/wp\/v2\/pages\/1310","targetHints":{"allow":["GET"]}}],"collection":[{"href":"https:\/\/agora.xtec.cat\/escolapaucasalsrubi\/wp-json\/wp\/v2\/pages"}],"about":[{"href":"https:\/\/agora.xtec.cat\/escolapaucasalsrubi\/wp-json\/wp\/v2\/types\/page"}],"author":[{"embeddable":true,"href":"https:\/\/agora.xtec.cat\/escolapaucasalsrubi\/wp-json\/wp\/v2\/users\/1"}],"replies":[{"embeddable":true,"href":"https:\/\/agora.xtec.cat\/escolapaucasalsrubi\/wp-json\/wp\/v2\/comments?post=1310"}],"version-history":[{"count":3,"href":"https:\/\/agora.xtec.cat\/escolapaucasalsrubi\/wp-json\/wp\/v2\/pages\/1310\/revisions"}],"predecessor-version":[{"id":1320,"href":"https:\/\/agora.xtec.cat\/escolapaucasalsrubi\/wp-json\/wp\/v2\/pages\/1310\/revisions\/1320"}],"up":[{"embeddable":true,"href":"https:\/\/agora.xtec.cat\/escolapaucasalsrubi\/wp-json\/wp\/v2\/pages\/36"}],"wp:attachment":[{"href":"https:\/\/agora.xtec.cat\/escolapaucasalsrubi\/wp-json\/wp\/v2\/media?parent=1310"}],"curies":[{"name":"wp","href":"https:\/\/api.w.org\/{rel}","templated":true}]}}