{"id":12221,"date":"2026-01-13T18:55:50","date_gmt":"2026-01-13T17:55:50","guid":{"rendered":"https:\/\/agora.xtec.cat\/escolapaucasalsrubi\/?page_id=12221"},"modified":"2026-01-16T15:45:52","modified_gmt":"2026-01-16T14:45:52","slug":"consell-escolar","status":"publish","type":"page","link":"https:\/\/agora.xtec.cat\/escolapaucasalsrubi\/serveis-2\/consell-escolar\/","title":{"rendered":"Consell Escolar"},"content":{"rendered":"\n<p><strong>Composici\u00f3 del Consell escolar en els centres p\u00fablics<\/strong><\/p>\n\n\n\n<ol class=\"wp-block-list\">\n<li>El consell escolar d&#8217;un centre p\u00fablic est\u00e0 integrat per:\n<ul class=\"wp-block-list\">\n<li>El director o directora, que el presideix.<\/li>\n\n\n\n<li>El cap o la cap d&#8217;estudis.<\/li>\n\n\n\n<li>Un o una representant de l&#8217;ajuntament de la localitat on es troba situat el centre.<\/li>\n\n\n\n<li>El secretari o secret\u00e0ria del centre que assisteix amb veu i sense vot i exerceix la secretaria del consell.<\/li>\n\n\n\n<li>Els i les representants del professorat s&#8217;elegeixen pel claustre.<\/li>\n\n\n\n<li>Els i les representants de l&#8217;alumnat i dels pares i mares o tutors, elegits respectivament per ells i entre ells.<\/li>\n\n\n\n<li>Un o una representant del personal d&#8217;administraci\u00f3 i serveis, elegit per i entre aquest personal.<\/li>\n\n\n\n<li>En els centres espec\u00edfics d&#8217;educaci\u00f3 especial i en els que tinguin unitats d&#8217;educaci\u00f3 especial tamb\u00e9 \u00e9s membre del consell escolar un o una representant del personal d&#8217;atenci\u00f3 educativa. La representaci\u00f3 d&#8217;aquest personal no t\u00e9 la consideraci\u00f3 de representaci\u00f3 del professorat als efectes de determinar la composici\u00f3 del consell escolar.<br><br><\/li>\n<\/ul>\n<\/li>\n\n\n\n<li>El centre no pot modificar la configuraci\u00f3 del consell escolar dins dels tres cursos acad\u00e8mics seg\u00fcents a aquell en qu\u00e8 \u00e9s determinada. L&#8217;aprovaci\u00f3 d&#8217;una modificaci\u00f3 en la composici\u00f3 del consell escolar no entrar\u00e0 en vigor fins al primer proc\u00e9s electoral que es dugui a terme despr\u00e9s que s&#8217;hagi aprovat.<br><br>Un cop constitu\u00eft, el consell escolar del centre ha de designar una persona que impulsi mesures educatives de foment de la igualtat real i efectiva entre homes i dones.<\/li>\n<\/ol>\n\n\n\n<figure class=\"wp-block-image aligncenter size-full\"><a href=\"https:\/\/agora.xtec.cat\/escolapaucasalsrubi\/wp-content\/uploads\/usu1615\/2026\/01\/consell_escolar-1.jpg\"><img loading=\"lazy\" decoding=\"async\" width=\"864\" height=\"851\" src=\"https:\/\/agora.xtec.cat\/escolapaucasalsrubi\/wp-content\/uploads\/usu1615\/2026\/01\/consell_escolar-1.jpg\" alt=\"\" class=\"wp-image-12227\" srcset=\"https:\/\/agora.xtec.cat\/escolapaucasalsrubi\/wp-content\/uploads\/usu1615\/2026\/01\/consell_escolar-1.jpg 864w, https:\/\/agora.xtec.cat\/escolapaucasalsrubi\/wp-content\/uploads\/usu1615\/2026\/01\/consell_escolar-1-300x295.jpg 300w, https:\/\/agora.xtec.cat\/escolapaucasalsrubi\/wp-content\/uploads\/usu1615\/2026\/01\/consell_escolar-1-768x756.jpg 768w\" sizes=\"auto, (max-width: 864px) 100vw, 864px\" \/><\/a><\/figure>\n\n\n\n<div class=\"wp-block-group is-layout-constrained wp-block-group-is-layout-constrained\">\n<p><strong>Funcions del Consell Escolar<\/strong><\/p>\n<p>Corresponen al consell escolar les funcions seg\u00fcents:<\/p>\n<ul>\n<li>Aprovar el projecte educatiu i les modificacions corresponents per una majoria de tres cinquenes parts dels membres.<\/li>\n<li>Aprovar la programaci\u00f3 general anual del centre i avaluar-ne el desenvolupament i els resultats.<\/li>\n<li>Aprovar les propostes d&#8217;acords de corresponsabilitat, convenis i altres acords de col\u00b7laboraci\u00f3 del centre amb entitats o institucions.<\/li>\n<li>Aprovar les normes d&#8217;organitzaci\u00f3 i funcionament i les modificacions corresponents.<\/li>\n<li>Aprovar la carta de comprom\u00eds educatiu.<\/li>\n<li>Aprovar el pressupost del centre i el rendiment de comptes.<\/li>\n<li>Intervenir en el procediment d&#8217;admissi\u00f3 d&#8217;alumnes.<\/li>\n<li>Participar en el procediment de selecci\u00f3 i en la proposta de cessament del director o directora.<\/li>\n<li>Intervenir en la resoluci\u00f3 dels conflictes i, si escau, revisar les sancions als alumnes.<\/li>\n<li>Aprovar les directrius per a la programaci\u00f3 d&#8217;activitats escolars complement\u00e0ries i d&#8217;activitats extraescolars, i avaluar-ne el desenvolupament.<\/li>\n<li>Participar en les an\u00e0lisis i les avaluacions del funcionament general del centre i con\u00e8ixer l&#8217;evoluci\u00f3 del rendiment escolar.<\/li>\n<li>Aprovar els criteris de col\u00b7laboraci\u00f3 amb altres centres i amb l&#8217;entorn.<\/li>\n<li>Qualsevol altra que li sigui atribu\u00efda per les normes legals o reglament\u00e0ries.<\/li>\n<\/ul>\n<\/div>\n\n\n\n<div class=\"wp-block-group is-layout-constrained wp-block-group-is-layout-constrained\">\n<p><strong>Informacions i acords del Consell Escolar<\/strong><\/p>\n<p><strong>Sessi\u00f3 \u00a01<\/strong><strong> : <\/strong>Consell Escolar 21-10-2025 (susp\u00e8s per abs\u00e8ncia de la representaci\u00f3 imprescindible dels sectors per aprovar els punts de l\u2019ordre del dia).<\/p>\n<p>\u00a0<\/p>\n<p><strong>Sessi\u00f3 2<\/strong> : Junta permanent del Consell Escolar 24-10-2025<\/p>\n<p>-S\u2019aprova el Pla \u00a0Anual de centre 2025-26: activitats, sortides i col\u00f2nies (incloses PEE i Pla catal\u00e0 de l\u2019esport).<\/p>\n<p>-Es comparteix el resultat del Retiment de comptes del curs 2024-25.<\/p>\n<p>-S\u2019aprova el PEM (PMOE-PROA+) 2024-28.<\/p>\n<p>-S\u2019informa sobre el proc\u00e9s del canvi de direcci\u00f3 del centre.<\/p>\n<p>-S\u2019informa sobre les Eleccions al Consell Escolar: calendari.<\/p>\n<p>\u00a0<\/p>\n<p><strong>Sessi\u00f3 3<\/strong> : <a href=\"https:\/\/agora.xtec.cat\/escolapaucasalsrubi\/wp-content\/uploads\/usu1615\/2026\/01\/Acta-constitucio-consell-escolar-signada.pdf\" target=\"_blank\" rel=\"noopener\">Constituci\u00f3 del Consell Escolar 11-12-2025<\/a><\/p>\n<\/div>\n\n\n\n<p><\/p>\n","protected":false},"excerpt":{"rendered":"<p>Composici\u00f3 del Consell escolar en els centres p\u00fablics Funcions del Consell Escolar Corresponen al consell escolar les funcions seg\u00fcents: Aprovar el projecte educatiu i les modificacions corresponents per una majoria de tres cinquenes parts dels membres. Aprovar la programaci\u00f3 general anual del centre i avaluar-ne el desenvolupament i els resultats. Aprovar les propostes d&#8217;acords de [&hellip;]<\/p>\n","protected":false},"author":1,"featured_media":0,"parent":22,"menu_order":5,"comment_status":"closed","ping_status":"close","template":"","meta":{"_bbp_topic_count":0,"_bbp_reply_count":0,"_bbp_total_topic_count":0,"_bbp_total_reply_count":0,"_bbp_voice_count":0,"_bbp_anonymous_reply_count":0,"_bbp_topic_count_hidden":0,"_bbp_reply_count_hidden":0,"_bbp_forum_subforum_count":0,"site-sidebar-layout":"default","site-content-layout":"","ast-site-content-layout":"default","site-content-style":"default","site-sidebar-style":"default","ast-global-header-display":"","ast-banner-title-visibility":"","ast-main-header-display":"","ast-hfb-above-header-display":"","ast-hfb-below-header-display":"","ast-hfb-mobile-header-display":"","site-post-title":"","ast-breadcrumbs-content":"","ast-featured-img":"","footer-sml-layout":"","theme-transparent-header-meta":"","adv-header-id-meta":"","stick-header-meta":"","header-above-stick-meta":"","header-main-stick-meta":"","header-below-stick-meta":"","astra-migrate-meta-layouts":"set","ast-page-background-enabled":"default","ast-page-background-meta":{"desktop":{"background-color":"var(--ast-global-color-5)","background-image":"","background-repeat":"repeat","background-position":"center center","background-size":"auto","background-attachment":"scroll","background-type":"","background-media":"","overlay-type":"","overlay-color":"","overlay-opacity":"","overlay-gradient":""},"tablet":{"background-color":"","background-image":"","background-repeat":"repeat","background-position":"center center","background-size":"auto","background-attachment":"scroll","background-type":"","background-media":"","overlay-type":"","overlay-color":"","overlay-opacity":"","overlay-gradient":""},"mobile":{"background-color":"","background-image":"","background-repeat":"repeat","background-position":"center center","background-size":"auto","background-attachment":"scroll","background-type":"","background-media":"","overlay-type":"","overlay-color":"","overlay-opacity":"","overlay-gradient":""}},"ast-content-background-meta":{"desktop":{"background-color":"var(--ast-global-color-4)","background-image":"","background-repeat":"repeat","background-position":"center center","background-size":"auto","background-attachment":"scroll","background-type":"","background-media":"","overlay-type":"","overlay-color":"","overlay-opacity":"","overlay-gradient":""},"tablet":{"background-color":"var(--ast-global-color-4)","background-image":"","background-repeat":"repeat","background-position":"center center","background-size":"auto","background-attachment":"scroll","background-type":"","background-media":"","overlay-type":"","overlay-color":"","overlay-opacity":"","overlay-gradient":""},"mobile":{"background-color":"var(--ast-global-color-4)","background-image":"","background-repeat":"repeat","background-position":"center center","background-size":"auto","background-attachment":"scroll","background-type":"","background-media":"","overlay-type":"","overlay-color":"","overlay-opacity":"","overlay-gradient":""}},"footnotes":""},"class_list":["post-12221","page","type-page","status-publish","hentry"],"post_mailing_queue_ids":[],"_links":{"self":[{"href":"https:\/\/agora.xtec.cat\/escolapaucasalsrubi\/wp-json\/wp\/v2\/pages\/12221","targetHints":{"allow":["GET"]}}],"collection":[{"href":"https:\/\/agora.xtec.cat\/escolapaucasalsrubi\/wp-json\/wp\/v2\/pages"}],"about":[{"href":"https:\/\/agora.xtec.cat\/escolapaucasalsrubi\/wp-json\/wp\/v2\/types\/page"}],"author":[{"embeddable":true,"href":"https:\/\/agora.xtec.cat\/escolapaucasalsrubi\/wp-json\/wp\/v2\/users\/1"}],"replies":[{"embeddable":true,"href":"https:\/\/agora.xtec.cat\/escolapaucasalsrubi\/wp-json\/wp\/v2\/comments?post=12221"}],"version-history":[{"count":6,"href":"https:\/\/agora.xtec.cat\/escolapaucasalsrubi\/wp-json\/wp\/v2\/pages\/12221\/revisions"}],"predecessor-version":[{"id":12235,"href":"https:\/\/agora.xtec.cat\/escolapaucasalsrubi\/wp-json\/wp\/v2\/pages\/12221\/revisions\/12235"}],"up":[{"embeddable":true,"href":"https:\/\/agora.xtec.cat\/escolapaucasalsrubi\/wp-json\/wp\/v2\/pages\/22"}],"wp:attachment":[{"href":"https:\/\/agora.xtec.cat\/escolapaucasalsrubi\/wp-json\/wp\/v2\/media?parent=12221"}],"curies":[{"name":"wp","href":"https:\/\/api.w.org\/{rel}","templated":true}]}}