{"id":12028,"date":"2025-02-05T23:23:42","date_gmt":"2025-02-05T22:23:42","guid":{"rendered":"https:\/\/agora.xtec.cat\/escolapaucasalsrubi\/?page_id=12028"},"modified":"2026-04-23T09:12:58","modified_gmt":"2026-04-23T07:12:58","slug":"preinscripcio-i-matricula-2025-2026","status":"publish","type":"page","link":"https:\/\/agora.xtec.cat\/escolapaucasalsrubi\/preinscripcio-i-matricula-2025-2026\/","title":{"rendered":"PREINSCRIPCI\u00d3 I MATR\u00cdCULA 2026-2027"},"content":{"rendered":"\n<p>Benvolgudes fam\u00edlies,<\/p>\n\n\n\n<p>Aviat s\u2019inicia el proc\u00e9s de preinscripci\u00f3 escolar pel curs 2026-2027:<\/p>\n\n\n\n<ul class=\"wp-block-list\">\n<li>Dimecres 4 fins al dimecres 18 de mar\u00e7 per a infantil i prim\u00e0ria<\/li>\n\n\n\n<li>Divendres 6 fins al dimecres 18 de mar\u00e7 per a l\u2019ESO.<\/li>\n<\/ul>\n\n\n\n<p>Aqu\u00ed us anirem compartint tota la informaci\u00f3 necess\u00e0ria:<\/p>\n\n\n\n<ol class=\"wp-block-list\">\n<li><a href=\"https:\/\/tramits.gencat.cat\/ca\/tramits\/tramits-temes\/perinscripcio-obligatoris?moda=1\" target=\"\u201c_blank\u201d\">Web de la Generalitat de Catalunya per fer la SOL\u00b7LICITUD.<\/a><\/li>\n\n\n\n<li><a href=\"https:\/\/www.rubi.cat\/ca\/temes\/educacio\/preinscripcio-i-matriculacio\/oficina-municipal-d2019escolaritzacio-ome\" target=\"_blank\">Oficina Municipal d\u2019Escolaritzaci\u00f3 de Rub\u00ed (OME).<\/a><\/li>\n\n\n\n<li><a href=\"https:\/\/agora.xtec.cat\/escolapaucasalsrubi\/wp-content\/uploads\/usu1615\/2026\/02\/3.-Com-fer-la-Preinscripcio-en-linea_2026-2027.pdf\" target=\"_blank\" rel=\"noreferrer noopener\">Com fer la preinscripci\u00f3 en l\u00ednia.<\/a><\/li>\n\n\n\n<li><a href=\"https:\/\/agora.xtec.cat\/escolapaucasalsrubi\/wp-content\/uploads\/usu1615\/2026\/02\/4.-documents-necessaris-per-la-preinscripcio-dalumnat-nou-_2025-2026.pdf\" target=\"_blank\" rel=\"noreferrer noopener\">Documents necessaris per a la preinscripci\u00f3 d\u2019ALUMNAT NOU.<\/a><\/li>\n\n\n\n<li><a href=\"https:\/\/agora.xtec.cat\/escolapaucasalsrubi\/wp-content\/uploads\/usu1615\/2026\/02\/5.-Calendari-proces-preinscripcio-i-matricula-2026-2027_.png\" target=\"_blank\" rel=\"noreferrer noopener\">Calendari proc\u00e9s preinscripci\u00f3 i matr\u00edcula 2026-2027.<\/a><\/li>\n\n\n\n<li><a href=\"https:\/\/agora.xtec.cat\/escolapaucasalsrubi\/wp-content\/uploads\/usu1615\/2026\/02\/6.-criteris-de-prioritat-2026-2027.pdf\" target=\"_blank\" rel=\"noreferrer noopener\">Criteris de prioritat per a l\u2019ordenaci\u00f3 de les sol\u00b7licituds.<\/a><\/li>\n\n\n\n<li><a href=\"https:\/\/www.rubi.cat\/fitxers\/documents-ok\/area-de-cohesio-social-i-serveis-a-les-persones\/educacio\/curs-2026-2027\/web_ajrubi_planols_2026-27-a3-9-1-2026.pdf\" target=\"_blank\">Pl\u00e0nol de les zones escolars pel curs 2026-2027.<\/a><\/li>\n\n\n\n<li><a href=\"https:\/\/app.powerbi.com\/view?r=eyJrIjoiZmZlYTlkZmEtNzEwMC00YzBiLWIxMTItZDk2M2Y3ZjA1MTk4IiwidCI6IjBkNzIzYTY1LTg0YTUtNDk3Mi04YzllLTg0NzU3NDc4ZTdlYyIsImMiOjl9\" target=\"_blank\">Consulteu els centres educatius de la vostra zona a partir de la vostra adre\u00e7a.<\/a><\/li>\n\n\n\n<li><a href=\"https:\/\/www.rubi.cat\/fitxers\/documents-ok\/area-de-cohesio-social-i-serveis-a-les-persones\/educacio\/curs-2026-2027\/ajrubi_guiaensenyament_2026-27-a5.pdf\" target=\"_blank\">Guia de l\u2019Educaci\u00f3 de Rub\u00ed.<\/a><\/li>\n\n\n\n<li><a href=\"https:\/\/agora.xtec.cat\/escolapaucasalsrubi\/wp-content\/uploads\/usu1615\/2026\/03\/INFORME_OFERTA-INICIAL_OME_INFORME_OFERTA.pdf\" target=\"_blank\">Publicaci\u00f3 de l\u2019Oferta Inicial de places pel curs 2026-2027.<\/a><\/li>\n\n\n\n<li><a href=\"https:\/\/agora.xtec.cat\/escolapaucasalsrubi\/wp-content\/uploads\/usu1615\/2026\/04\/INFORME_BAREM_PROVISIONAL_BAREM.pdf\">Llista de les sol\u00b7licituds amb la puntuaci\u00f3 provisional<\/a>.<\/li>\n\n\n\n<li><a href=\"https:\/\/agora.xtec.cat\/escolapaucasalsrubi\/wp-content\/uploads\/usu1615\/2026\/04\/INFORME_BAREM_RESOLTES_BAREM.pdf\">Llista de les sol\u00b7licituds amb la puntuaci\u00f3 un cop resoltes les reclamacions.<\/a><\/li>\n\n\n\n<li>Sorteig del N\u00famero de desempat.<\/li>\n\n\n\n<li>Llista ordenada definitiva de les sol\u00b7licituds.<\/li>\n\n\n\n<li>Publicaci\u00f3 de l\u2019Oferta Final de les places pel curs 2026-2027.<\/li>\n\n\n\n<li>Llista de l\u2019alumnat ADM\u00c8S pel curs 2026-2027.<\/li>\n\n\n\n<li>Llistat de l\u2019ALUMNAT PREINSCRIT al centre.<\/li>\n\n\n\n<li>Llistat de la LLISTA D\u2019ESPERA.<\/li>\n\n\n\n<li>Proc\u00e9s de reclamacions.<\/li>\n<\/ol>\n","protected":false},"excerpt":{"rendered":"<p>Benvolgudes fam\u00edlies, Aviat s\u2019inicia el proc\u00e9s de preinscripci\u00f3 escolar pel curs 2026-2027: Aqu\u00ed us anirem compartint tota la informaci\u00f3 necess\u00e0ria:<\/p>\n","protected":false},"author":1,"featured_media":0,"parent":0,"menu_order":0,"comment_status":"closed","ping_status":"close","template":"","meta":{"_bbp_topic_count":0,"_bbp_reply_count":0,"_bbp_total_topic_count":0,"_bbp_total_reply_count":0,"_bbp_voice_count":0,"_bbp_anonymous_reply_count":0,"_bbp_topic_count_hidden":0,"_bbp_reply_count_hidden":0,"_bbp_forum_subforum_count":0,"site-sidebar-layout":"default","site-content-layout":"","ast-site-content-layout":"default","site-content-style":"default","site-sidebar-style":"default","ast-global-header-display":"","ast-banner-title-visibility":"","ast-main-header-display":"","ast-hfb-above-header-display":"","ast-hfb-below-header-display":"","ast-hfb-mobile-header-display":"","site-post-title":"","ast-breadcrumbs-content":"","ast-featured-img":"","footer-sml-layout":"","theme-transparent-header-meta":"","adv-header-id-meta":"","stick-header-meta":"","header-above-stick-meta":"","header-main-stick-meta":"","header-below-stick-meta":"","astra-migrate-meta-layouts":"set","ast-page-background-enabled":"default","ast-page-background-meta":{"desktop":{"background-color":"var(--ast-global-color-5)","background-image":"","background-repeat":"repeat","background-position":"center center","background-size":"auto","background-attachment":"scroll","background-type":"","background-media":"","overlay-type":"","overlay-color":"","overlay-opacity":"","overlay-gradient":""},"tablet":{"background-color":"","background-image":"","background-repeat":"repeat","background-position":"center center","background-size":"auto","background-attachment":"scroll","background-type":"","background-media":"","overlay-type":"","overlay-color":"","overlay-opacity":"","overlay-gradient":""},"mobile":{"background-color":"","background-image":"","background-repeat":"repeat","background-position":"center center","background-size":"auto","background-attachment":"scroll","background-type":"","background-media":"","overlay-type":"","overlay-color":"","overlay-opacity":"","overlay-gradient":""}},"ast-content-background-meta":{"desktop":{"background-color":"var(--ast-global-color-4)","background-image":"","background-repeat":"repeat","background-position":"center center","background-size":"auto","background-attachment":"scroll","background-type":"","background-media":"","overlay-type":"","overlay-color":"","overlay-opacity":"","overlay-gradient":""},"tablet":{"background-color":"var(--ast-global-color-4)","background-image":"","background-repeat":"repeat","background-position":"center center","background-size":"auto","background-attachment":"scroll","background-type":"","background-media":"","overlay-type":"","overlay-color":"","overlay-opacity":"","overlay-gradient":""},"mobile":{"background-color":"var(--ast-global-color-4)","background-image":"","background-repeat":"repeat","background-position":"center center","background-size":"auto","background-attachment":"scroll","background-type":"","background-media":"","overlay-type":"","overlay-color":"","overlay-opacity":"","overlay-gradient":""}},"footnotes":""},"class_list":["post-12028","page","type-page","status-publish","hentry"],"post_mailing_queue_ids":[],"_links":{"self":[{"href":"https:\/\/agora.xtec.cat\/escolapaucasalsrubi\/wp-json\/wp\/v2\/pages\/12028","targetHints":{"allow":["GET"]}}],"collection":[{"href":"https:\/\/agora.xtec.cat\/escolapaucasalsrubi\/wp-json\/wp\/v2\/pages"}],"about":[{"href":"https:\/\/agora.xtec.cat\/escolapaucasalsrubi\/wp-json\/wp\/v2\/types\/page"}],"author":[{"embeddable":true,"href":"https:\/\/agora.xtec.cat\/escolapaucasalsrubi\/wp-json\/wp\/v2\/users\/1"}],"replies":[{"embeddable":true,"href":"https:\/\/agora.xtec.cat\/escolapaucasalsrubi\/wp-json\/wp\/v2\/comments?post=12028"}],"version-history":[{"count":6,"href":"https:\/\/agora.xtec.cat\/escolapaucasalsrubi\/wp-json\/wp\/v2\/pages\/12028\/revisions"}],"predecessor-version":[{"id":12471,"href":"https:\/\/agora.xtec.cat\/escolapaucasalsrubi\/wp-json\/wp\/v2\/pages\/12028\/revisions\/12471"}],"wp:attachment":[{"href":"https:\/\/agora.xtec.cat\/escolapaucasalsrubi\/wp-json\/wp\/v2\/media?parent=12028"}],"curies":[{"name":"wp","href":"https:\/\/api.w.org\/{rel}","templated":true}]}}