{"id":1085,"date":"2017-01-29T11:43:41","date_gmt":"2017-01-29T10:43:41","guid":{"rendered":"http:\/\/agora.xtec.cat\/escolapaucasalsrubi\/?page_id=1085"},"modified":"2017-02-01T19:58:20","modified_gmt":"2017-02-01T18:58:20","slug":"projecte-interdisciplinari","status":"publish","type":"page","link":"https:\/\/agora.xtec.cat\/escolapaucasalsrubi\/projecte-interdisciplinari\/","title":{"rendered":"Projecte interdisciplinari"},"content":{"rendered":"<p>A final de curs, entre tots es tria un tema per a treballar de manera transversal a tota l\u00b4escola. S\u2019han fet temes molt diversos: \u00a0\u201cUn any de\u00a0 contes\u201d, \u201cL\u2019aigua\u201d, \u201cRub\u00ed, la nostra ciutat\u201d, \u201cL\u2019Educaci\u00f3 per a la salut\u201d, \u201cL\u2019Edat Mitjana\u201d i \u201cSom Filoscola\u201d entre d\u2019altres.<\/p>\n<p>A partir d\u00b4aqu\u00ed es fa una bona compra de llibres i es comen\u00e7a a treballar per cicles. S\u2019estableix una comissi\u00f3 formada per 6 o 7 mestres representants de tots els cicles per tal d\u2019anar guiant el projecte. A part de les activitats que es generen a cada aula a partir dels interessos dels infants sobre aquest tema, es fan activitats de centre.<\/p>\n<p>Es treballa a totes les aules, des de P-3 fins a 6\u00e8, \u00a0i a totes les \u00e0rees.<\/p>\n<h3>OBJECTIUS GENERALS DEL PROJECTE<\/h3>\n<ul>\n<li>Treballar un tema com\u00fa a tota l\u2019escola.<\/li>\n<li>Treballar un tema de forma interdisciplin\u00e0ria, o sigui, des de P-3 a 6\u00e8 i des de totes les \u00e0rees.<\/li>\n<li>Con\u00e8ixer i reflexionar a partir de contes, imatges, v\u00eddeos,&#8230; sobre el tema triat.<\/li>\n<li>Decidir entre tot l\u2019alumnat de la classe com volen portar a terme el projecte: \u201cQu\u00e8 ens agradaria saber, com ho podr\u00edem saber i com volem reflectir-ho\u201d.<\/li>\n<li>Exposar de manera gr\u00e0fica el que s\u2019ha treballat.<\/li>\n<li>Compartir amb la resta de l\u2019escola el que s\u2019ha fet a cada una de les aules.<\/li>\n<\/ul>\n<h3>ACTIVITATS A REALITZAR<\/h3>\n<ul>\n<li>Compra de llibres relacionats amb el projecte: tant per les biblioteques d\u2019aula com per la biblioteca de l\u2019escola.<\/li>\n<li>Exposici\u00f3 dels llibres a les aules i a la biblioteca.<\/li>\n<li>Treball a les aules del subtema triat entre tot l\u2019alumnat.<\/li>\n<li>Activitats de m\u00fasica, educaci\u00f3 f\u00edsica, angl\u00e8s, pl\u00e0stica, etc. relacionades amb el projecte.<\/li>\n<li>Exposici\u00f3 oral per part dels alumnes del propi projecte de l\u2019aula a altres aules. Cada grup explica el seu projecte a un altre grup d\u2019alumnes.<\/li>\n<li>Exposici\u00f3 al vest\u00edbul de l\u2019escola.<\/li>\n<li>Cloenda del projecte al mes de juny amb activitats diverses.<\/li>\n<\/ul>\n<div id='gallery-1' class='gallery galleryid-1085 gallery-columns-3 gallery-size-medium'><figure class='gallery-item'>\n\t\t\t<div class='gallery-icon portrait'>\n\t\t\t\t<a href='https:\/\/agora.xtec.cat\/escolapaucasalsrubi\/projecte-interdisciplinari\/attachment\/if\/'><img loading=\"lazy\" decoding=\"async\" width=\"225\" height=\"300\" src=\"https:\/\/agora.xtec.cat\/escolapaucasalsrubi\/wp-content\/uploads\/usu1615\/2017\/01\/DSC03339-225x300.jpg\" class=\"attachment-medium size-medium\" alt=\"\" srcset=\"https:\/\/agora.xtec.cat\/escolapaucasalsrubi\/wp-content\/uploads\/usu1615\/2017\/01\/DSC03339-225x300.jpg 225w, https:\/\/agora.xtec.cat\/escolapaucasalsrubi\/wp-content\/uploads\/usu1615\/2017\/01\/DSC03339.jpg 540w\" sizes=\"auto, (max-width: 225px) 100vw, 225px\" \/><\/a>\n\t\t\t<\/div><\/figure><figure class='gallery-item'>\n\t\t\t<div class='gallery-icon landscape'>\n\t\t\t\t<a href='https:\/\/agora.xtec.cat\/escolapaucasalsrubi\/projecte-interdisciplinari\/attachment\/if-2\/'><img loading=\"lazy\" decoding=\"async\" width=\"300\" height=\"225\" src=\"https:\/\/agora.xtec.cat\/escolapaucasalsrubi\/wp-content\/uploads\/usu1615\/2017\/01\/FOTOS-002-300x225.jpg\" class=\"attachment-medium size-medium\" alt=\"\" srcset=\"https:\/\/agora.xtec.cat\/escolapaucasalsrubi\/wp-content\/uploads\/usu1615\/2017\/01\/FOTOS-002-300x225.jpg 300w, https:\/\/agora.xtec.cat\/escolapaucasalsrubi\/wp-content\/uploads\/usu1615\/2017\/01\/FOTOS-002-768x576.jpg 768w, https:\/\/agora.xtec.cat\/escolapaucasalsrubi\/wp-content\/uploads\/usu1615\/2017\/01\/FOTOS-002-200x150.jpg 200w, https:\/\/agora.xtec.cat\/escolapaucasalsrubi\/wp-content\/uploads\/usu1615\/2017\/01\/FOTOS-002.jpg 960w\" sizes=\"auto, (max-width: 300px) 100vw, 300px\" \/><\/a>\n\t\t\t<\/div><\/figure><figure class='gallery-item'>\n\t\t\t<div class='gallery-icon landscape'>\n\t\t\t\t<a href='https:\/\/agora.xtec.cat\/escolapaucasalsrubi\/projecte-interdisciplinari\/attachment\/fotos-aigua-biblio-013\/'><img loading=\"lazy\" decoding=\"async\" width=\"300\" height=\"225\" src=\"https:\/\/agora.xtec.cat\/escolapaucasalsrubi\/wp-content\/uploads\/usu1615\/2017\/01\/FOTOS-AIGUA-BIBLIO-013-300x225.jpg\" class=\"attachment-medium size-medium\" alt=\"\" srcset=\"https:\/\/agora.xtec.cat\/escolapaucasalsrubi\/wp-content\/uploads\/usu1615\/2017\/01\/FOTOS-AIGUA-BIBLIO-013-300x225.jpg 300w, https:\/\/agora.xtec.cat\/escolapaucasalsrubi\/wp-content\/uploads\/usu1615\/2017\/01\/FOTOS-AIGUA-BIBLIO-013-768x576.jpg 768w, https:\/\/agora.xtec.cat\/escolapaucasalsrubi\/wp-content\/uploads\/usu1615\/2017\/01\/FOTOS-AIGUA-BIBLIO-013-200x150.jpg 200w, https:\/\/agora.xtec.cat\/escolapaucasalsrubi\/wp-content\/uploads\/usu1615\/2017\/01\/FOTOS-AIGUA-BIBLIO-013.jpg 960w\" sizes=\"auto, (max-width: 300px) 100vw, 300px\" \/><\/a>\n\t\t\t<\/div><\/figure>\n\t\t<\/div>\n\n","protected":false},"excerpt":{"rendered":"<p>A final de curs, entre tots es tria un tema per a treballar de manera transversal a tota l\u00b4escola. S\u2019han fet temes molt diversos: \u00a0\u201cUn any de\u00a0 contes\u201d, \u201cL\u2019aigua\u201d, \u201cRub\u00ed, la nostra ciutat\u201d, \u201cL\u2019Educaci\u00f3 per a la salut\u201d, \u201cL\u2019Edat Mitjana\u201d i \u201cSom Filoscola\u201d entre d\u2019altres. A partir d\u00b4aqu\u00ed es fa una bona compra de llibres [&hellip;]<\/p>\n","protected":false},"author":1,"featured_media":0,"parent":0,"menu_order":3,"comment_status":"closed","ping_status":"closed","template":"page-templates\/side-menu.php","meta":{"_bbp_topic_count":0,"_bbp_reply_count":0,"_bbp_total_topic_count":0,"_bbp_total_reply_count":0,"_bbp_voice_count":0,"_bbp_anonymous_reply_count":0,"_bbp_topic_count_hidden":0,"_bbp_reply_count_hidden":0,"_bbp_forum_subforum_count":0,"site-sidebar-layout":"default","site-content-layout":"","ast-site-content-layout":"","site-content-style":"default","site-sidebar-style":"default","ast-global-header-display":"","ast-banner-title-visibility":"","ast-main-header-display":"","ast-hfb-above-header-display":"","ast-hfb-below-header-display":"","ast-hfb-mobile-header-display":"","site-post-title":"","ast-breadcrumbs-content":"","ast-featured-img":"","footer-sml-layout":"","theme-transparent-header-meta":"","adv-header-id-meta":"","stick-header-meta":"","header-above-stick-meta":"","header-main-stick-meta":"","header-below-stick-meta":"","astra-migrate-meta-layouts":"default","ast-page-background-enabled":"default","ast-page-background-meta":{"desktop":{"background-color":"var(--ast-global-color-5)","background-image":"","background-repeat":"repeat","background-position":"center center","background-size":"auto","background-attachment":"scroll","background-type":"","background-media":"","overlay-type":"","overlay-color":"","overlay-opacity":"","overlay-gradient":""},"tablet":{"background-color":"","background-image":"","background-repeat":"repeat","background-position":"center center","background-size":"auto","background-attachment":"scroll","background-type":"","background-media":"","overlay-type":"","overlay-color":"","overlay-opacity":"","overlay-gradient":""},"mobile":{"background-color":"","background-image":"","background-repeat":"repeat","background-position":"center center","background-size":"auto","background-attachment":"scroll","background-type":"","background-media":"","overlay-type":"","overlay-color":"","overlay-opacity":"","overlay-gradient":""}},"ast-content-background-meta":{"desktop":{"background-color":"var(--ast-global-color-4)","background-image":"","background-repeat":"repeat","background-position":"center center","background-size":"auto","background-attachment":"scroll","background-type":"","background-media":"","overlay-type":"","overlay-color":"","overlay-opacity":"","overlay-gradient":""},"tablet":{"background-color":"var(--ast-global-color-4)","background-image":"","background-repeat":"repeat","background-position":"center center","background-size":"auto","background-attachment":"scroll","background-type":"","background-media":"","overlay-type":"","overlay-color":"","overlay-opacity":"","overlay-gradient":""},"mobile":{"background-color":"var(--ast-global-color-4)","background-image":"","background-repeat":"repeat","background-position":"center center","background-size":"auto","background-attachment":"scroll","background-type":"","background-media":"","overlay-type":"","overlay-color":"","overlay-opacity":"","overlay-gradient":""}},"footnotes":""},"class_list":["post-1085","page","type-page","status-publish","hentry"],"post_mailing_queue_ids":[],"_links":{"self":[{"href":"https:\/\/agora.xtec.cat\/escolapaucasalsrubi\/wp-json\/wp\/v2\/pages\/1085","targetHints":{"allow":["GET"]}}],"collection":[{"href":"https:\/\/agora.xtec.cat\/escolapaucasalsrubi\/wp-json\/wp\/v2\/pages"}],"about":[{"href":"https:\/\/agora.xtec.cat\/escolapaucasalsrubi\/wp-json\/wp\/v2\/types\/page"}],"author":[{"embeddable":true,"href":"https:\/\/agora.xtec.cat\/escolapaucasalsrubi\/wp-json\/wp\/v2\/users\/1"}],"replies":[{"embeddable":true,"href":"https:\/\/agora.xtec.cat\/escolapaucasalsrubi\/wp-json\/wp\/v2\/comments?post=1085"}],"version-history":[{"count":2,"href":"https:\/\/agora.xtec.cat\/escolapaucasalsrubi\/wp-json\/wp\/v2\/pages\/1085\/revisions"}],"predecessor-version":[{"id":1158,"href":"https:\/\/agora.xtec.cat\/escolapaucasalsrubi\/wp-json\/wp\/v2\/pages\/1085\/revisions\/1158"}],"wp:attachment":[{"href":"https:\/\/agora.xtec.cat\/escolapaucasalsrubi\/wp-json\/wp\/v2\/media?parent=1085"}],"curies":[{"name":"wp","href":"https:\/\/api.w.org\/{rel}","templated":true}]}}