{"id":1076,"date":"2017-01-29T11:38:17","date_gmt":"2017-01-29T10:38:17","guid":{"rendered":"http:\/\/agora.xtec.cat\/escolapaucasalsrubi\/?page_id=1076"},"modified":"2017-02-01T19:57:24","modified_gmt":"2017-02-01T18:57:24","slug":"setmana-del-contacontes","status":"publish","type":"page","link":"https:\/\/agora.xtec.cat\/escolapaucasalsrubi\/setmana-del-contacontes\/","title":{"rendered":"Setmana del contacontes"},"content":{"rendered":"<p>Despr\u00e9s de Sant Jordi, cap el mes de maig, convidem a les fam\u00edlies a explicar contes a l\u2019escola, durant una setmana o dues. Condicionem la biblioteca de l\u2019escola perqu\u00e8 els diferents grups de Prim\u00e0ria vagin a escoltar contes. Els d\u2019Educaci\u00f3 Infantil s\u2019expliquen a les aules.<br \/>\nTothom hi \u00e9s convidat: mares, pares, germanes i germans, \u00e0vies, avis, tietes, tiets, &#8230; tothom que vulgui venir a l\u2019escola a explicar un conte.<br \/>\nS\u2019expliquen contes en diferents lleng\u00fces: catal\u00e0, castell\u00e0, \u00e0rab, angl\u00e8s, portugu\u00e8s, etc.<br \/>\nSi alg\u00fa vol venir i no sap quin conte explicar, l\u2019ajudem a triar-lo, l\u2019agafem en pr\u00e9stec de la biblioteca de l\u2019escola,&#8230;<br \/>\nEl nostre alumnat espera cada any que arribi la Setmana del Contacontes perqu\u00e8 vingui alg\u00fa de casa seva a explicar contes a l\u2019escola.<\/p>\n<p><a href=\"http:\/\/agora.xtec.cat\/escolapaucasalsrubi\/serveis-2\/activitats-descola\/setmana-del-contacontes\/attachment\/setmana_contaconte\/\" rel=\"attachment wp-att-1139\"><img loading=\"lazy\" decoding=\"async\" class=\"aligncenter wp-image-1139 size-full\" src=\"http:\/\/agora.xtec.cat\/escolapaucasalsrubi\/wp-content\/uploads\/usu1615\/2017\/01\/setmana_contaconte.jpg\" alt=\"setmana_contaconte\" width=\"584\" height=\"431\" srcset=\"https:\/\/agora.xtec.cat\/escolapaucasalsrubi\/wp-content\/uploads\/usu1615\/2017\/01\/setmana_contaconte.jpg 584w, https:\/\/agora.xtec.cat\/escolapaucasalsrubi\/wp-content\/uploads\/usu1615\/2017\/01\/setmana_contaconte-300x221.jpg 300w\" sizes=\"auto, (max-width: 584px) 100vw, 584px\" \/><\/a><\/p>\n","protected":false},"excerpt":{"rendered":"<p>Despr\u00e9s de Sant Jordi, cap el mes de maig, convidem a les fam\u00edlies a explicar contes a l\u2019escola, durant una setmana o dues. Condicionem la biblioteca de l\u2019escola perqu\u00e8 els diferents grups de Prim\u00e0ria vagin a escoltar contes. Els d\u2019Educaci\u00f3 Infantil s\u2019expliquen a les aules. Tothom hi \u00e9s convidat: mares, pares, germanes i germans, \u00e0vies, [&hellip;]<\/p>\n","protected":false},"author":1,"featured_media":0,"parent":0,"menu_order":1,"comment_status":"closed","ping_status":"closed","template":"page-templates\/side-menu.php","meta":{"_bbp_topic_count":0,"_bbp_reply_count":0,"_bbp_total_topic_count":0,"_bbp_total_reply_count":0,"_bbp_voice_count":0,"_bbp_anonymous_reply_count":0,"_bbp_topic_count_hidden":0,"_bbp_reply_count_hidden":0,"_bbp_forum_subforum_count":0,"site-sidebar-layout":"default","site-content-layout":"","ast-site-content-layout":"","site-content-style":"default","site-sidebar-style":"default","ast-global-header-display":"","ast-banner-title-visibility":"","ast-main-header-display":"","ast-hfb-above-header-display":"","ast-hfb-below-header-display":"","ast-hfb-mobile-header-display":"","site-post-title":"","ast-breadcrumbs-content":"","ast-featured-img":"","footer-sml-layout":"","theme-transparent-header-meta":"","adv-header-id-meta":"","stick-header-meta":"","header-above-stick-meta":"","header-main-stick-meta":"","header-below-stick-meta":"","astra-migrate-meta-layouts":"default","ast-page-background-enabled":"default","ast-page-background-meta":{"desktop":{"background-color":"var(--ast-global-color-5)","background-image":"","background-repeat":"repeat","background-position":"center center","background-size":"auto","background-attachment":"scroll","background-type":"","background-media":"","overlay-type":"","overlay-color":"","overlay-opacity":"","overlay-gradient":""},"tablet":{"background-color":"","background-image":"","background-repeat":"repeat","background-position":"center center","background-size":"auto","background-attachment":"scroll","background-type":"","background-media":"","overlay-type":"","overlay-color":"","overlay-opacity":"","overlay-gradient":""},"mobile":{"background-color":"","background-image":"","background-repeat":"repeat","background-position":"center center","background-size":"auto","background-attachment":"scroll","background-type":"","background-media":"","overlay-type":"","overlay-color":"","overlay-opacity":"","overlay-gradient":""}},"ast-content-background-meta":{"desktop":{"background-color":"var(--ast-global-color-4)","background-image":"","background-repeat":"repeat","background-position":"center center","background-size":"auto","background-attachment":"scroll","background-type":"","background-media":"","overlay-type":"","overlay-color":"","overlay-opacity":"","overlay-gradient":""},"tablet":{"background-color":"var(--ast-global-color-4)","background-image":"","background-repeat":"repeat","background-position":"center center","background-size":"auto","background-attachment":"scroll","background-type":"","background-media":"","overlay-type":"","overlay-color":"","overlay-opacity":"","overlay-gradient":""},"mobile":{"background-color":"var(--ast-global-color-4)","background-image":"","background-repeat":"repeat","background-position":"center center","background-size":"auto","background-attachment":"scroll","background-type":"","background-media":"","overlay-type":"","overlay-color":"","overlay-opacity":"","overlay-gradient":""}},"footnotes":""},"class_list":["post-1076","page","type-page","status-publish","hentry"],"post_mailing_queue_ids":[],"_links":{"self":[{"href":"https:\/\/agora.xtec.cat\/escolapaucasalsrubi\/wp-json\/wp\/v2\/pages\/1076","targetHints":{"allow":["GET"]}}],"collection":[{"href":"https:\/\/agora.xtec.cat\/escolapaucasalsrubi\/wp-json\/wp\/v2\/pages"}],"about":[{"href":"https:\/\/agora.xtec.cat\/escolapaucasalsrubi\/wp-json\/wp\/v2\/types\/page"}],"author":[{"embeddable":true,"href":"https:\/\/agora.xtec.cat\/escolapaucasalsrubi\/wp-json\/wp\/v2\/users\/1"}],"replies":[{"embeddable":true,"href":"https:\/\/agora.xtec.cat\/escolapaucasalsrubi\/wp-json\/wp\/v2\/comments?post=1076"}],"version-history":[{"count":3,"href":"https:\/\/agora.xtec.cat\/escolapaucasalsrubi\/wp-json\/wp\/v2\/pages\/1076\/revisions"}],"predecessor-version":[{"id":1156,"href":"https:\/\/agora.xtec.cat\/escolapaucasalsrubi\/wp-json\/wp\/v2\/pages\/1076\/revisions\/1156"}],"wp:attachment":[{"href":"https:\/\/agora.xtec.cat\/escolapaucasalsrubi\/wp-json\/wp\/v2\/media?parent=1076"}],"curies":[{"name":"wp","href":"https:\/\/api.w.org\/{rel}","templated":true}]}}