{"id":617,"date":"2021-10-29T16:32:10","date_gmt":"2021-10-29T14:32:10","guid":{"rendered":"https:\/\/agora.xtec.cat\/escolapaucasals-horta\/?page_id=617"},"modified":"2025-07-15T13:43:51","modified_gmt":"2025-07-15T11:43:51","slug":"pre-inscripcions-documentacio","status":"publish","type":"page","link":"https:\/\/agora.xtec.cat\/escolapaucasals-horta\/pre-inscripcions-documentacio\/","title":{"rendered":"Ajuts per a alumnes amb necessitat espec\u00edfica de suport educatiu\u00a0"},"content":{"rendered":"<h2 id=\"h20\">Descripci\u00f3 i modalitats<\/h2>\n<p>Ajuts individualitzats convocats pel \u200bMinisteri d\u2019Educaci\u00f3, Formaci\u00f3 Professional i Esports per a\u00a0<strong>alumnes amb necessitat espec\u00edfica de suport educatiu.<\/strong><\/p>\n<p>Modalitats dels ajuts:\u00a0<\/p>\n<ul>\n<li>\n<p>Ajuts i subsidis per a alumnes amb necessitat espec\u00edfica de suport educatiu derivada de<strong>\u00a0discapacitat o trastorn greu de conducta o trastorn de la comunicaci\u00f3 i el llenguatge o trastorn de l&#8217;espectre autista<\/strong>.<\/p>\n<\/li>\n<li>\n<p>Ajuts i subsidi per a programes complementaris a alumnes amb necessitat espec\u00edfica de suport educatiu associada a\u00a0<strong>altes capacitats.\u200b\u200b\u200b\u200b<\/strong><\/p>\n<\/li>\n<\/ul>\n\n\n<p><strong>Sol\u00b7licitud i termini\u200b<\/strong><\/p>\n\n\n\n<p>A difer\u00e8ncia de les convocat\u00f2ries anteriors, la&nbsp;<strong>sol\u00b7licitud no s\u2019ha de lliurar al centre educatiu<\/strong>. La sol\u00b7licitud es considera presentada en emplenar el formulari en l\u00ednia i obtenir el resguard de presentaci\u00f3.\u200b<\/p>\n\n\n\n<p><strong>\u200bTermini per presentar la sol\u00b7licitud:&nbsp;del&nbsp;30 d&#8217;abril fins a l&#8217;11&nbsp;de setembre de&nbsp;2025<\/strong><\/p>\n\n\n\n<p><a href=\"https:\/\/web.gencat.cat\/ca\/tramits\/tramits-temes\/Ajuts-per-a-alumnes-amb-necessitat-especifica-de-suport-educatiu?category=7449fd1c-a82c-11e3-a972-000c29052e2c\" data-type=\"link\" data-id=\"https:\/\/web.gencat.cat\/ca\/tramits\/tramits-temes\/Ajuts-per-a-alumnes-amb-necessitat-especifica-de-suport-educatiu?category=7449fd1c-a82c-11e3-a972-000c29052e2c\">Enlla\u00e7 al tr\u00e0mit<\/a><\/p>\n\n\n\n<p>Les<strong>&nbsp;fam\u00edlies que vulguin que cobrar la beca a trav\u00e9s del centre&nbsp;<\/strong>ho hauran d&#8217;indicar a la mateixa sol\u00b7licitud telem\u00e0tica.&nbsp;\u200bSer\u00e0 obligatori cobrar a trav\u00e9s del centre en aquells casos en qu\u00e8 l\u2019alumne\/a no tingui DNI\/NIE.\u200b\u200b\u200b<\/p>\n\n\n\n<p>Les&nbsp;<strong>fam\u00edlies que no disposin de correu electr\u00f2nic o no vulguin facilitar-lo<\/strong>, poden autoritzar a una persona que no sigui membre de la unitat familiar, a rebre totes les notificacions, comunicacions o altra informaci\u00f3 relativa a l\u2019expedient. L\u2019autoritzaci\u00f3 s\u2019haur\u00e0 de fer arribar als serveis territorials corresponents.<\/p>\n\n\n\n<p><\/p>\n","protected":false},"excerpt":{"rendered":"<p>Descripci\u00f3 i modalitats<br \/>\nAjuts individualitzats convocats pel \u200bMinisteri d\u2019Educaci\u00f3, Formaci\u00f3 Professional i Esports per a\u00a0alumnes amb necessitat espec\u00edfica de suport educatiu.<br \/>\nModalitats dels ajuts:\u00a0<\/p>\n<ul>\n<li>\nAjuts i subsidis per a alumnes amb necessitat espec\u00edfica de suport educatiu derivada de\u00a0discapacitat o trastorn greu de conducta o trastorn de la comunicaci\u00f3&hellip;  <a href=\"https:\/\/agora.xtec.cat\/escolapaucasals-horta\/pre-inscripcions-documentacio\/\" title=\"Read Ajuts per a alumnes amb necessitat espec\u00edfica de suport educatiu\u00a0\">Llegeix m\u00e9s\u00bb<\/a><\/p>\n","protected":false},"author":1,"featured_media":0,"parent":0,"menu_order":0,"comment_status":"closed","ping_status":"closed","template":"page-templates\/side-menu.php","meta":{"_bbp_topic_count":0,"_bbp_reply_count":0,"_bbp_total_topic_count":0,"_bbp_total_reply_count":0,"_bbp_voice_count":0,"_bbp_anonymous_reply_count":0,"_bbp_topic_count_hidden":0,"_bbp_reply_count_hidden":0,"_bbp_forum_subforum_count":0,"footnotes":""},"class_list":["post-617","page","type-page","status-publish","hentry"],"post_mailing_queue_ids":[],"_links":{"self":[{"href":"https:\/\/agora.xtec.cat\/escolapaucasals-horta\/wp-json\/wp\/v2\/pages\/617","targetHints":{"allow":["GET"]}}],"collection":[{"href":"https:\/\/agora.xtec.cat\/escolapaucasals-horta\/wp-json\/wp\/v2\/pages"}],"about":[{"href":"https:\/\/agora.xtec.cat\/escolapaucasals-horta\/wp-json\/wp\/v2\/types\/page"}],"author":[{"embeddable":true,"href":"https:\/\/agora.xtec.cat\/escolapaucasals-horta\/wp-json\/wp\/v2\/users\/1"}],"replies":[{"embeddable":true,"href":"https:\/\/agora.xtec.cat\/escolapaucasals-horta\/wp-json\/wp\/v2\/comments?post=617"}],"version-history":[{"count":5,"href":"https:\/\/agora.xtec.cat\/escolapaucasals-horta\/wp-json\/wp\/v2\/pages\/617\/revisions"}],"predecessor-version":[{"id":4347,"href":"https:\/\/agora.xtec.cat\/escolapaucasals-horta\/wp-json\/wp\/v2\/pages\/617\/revisions\/4347"}],"wp:attachment":[{"href":"https:\/\/agora.xtec.cat\/escolapaucasals-horta\/wp-json\/wp\/v2\/media?parent=617"}],"curies":[{"name":"wp","href":"https:\/\/api.w.org\/{rel}","templated":true}]}}