{"id":3701,"date":"2025-01-15T13:23:15","date_gmt":"2025-01-15T12:23:15","guid":{"rendered":"https:\/\/agora.xtec.cat\/escolapaucasals-horta\/?page_id=3701"},"modified":"2025-01-15T15:32:10","modified_gmt":"2025-01-15T14:32:10","slug":"educacio-fisica","status":"publish","type":"page","link":"https:\/\/agora.xtec.cat\/escolapaucasals-horta\/educacio-fisica\/","title":{"rendered":"Educaci\u00f3 f\u00edsica"},"content":{"rendered":"\n<p>DONEM EL PLAY A LA INCLUSI\u00d3!<\/p>\n\n\n\n<p>L&#8217;alumnat de 5\u00e8 i 6\u00e8 ha desenvolupat un projecte inclusiu a l&#8217;\u00e0rea d&#8217;educaci\u00f3 f\u00edsica amb l&#8217;objectiu de prendre consci\u00e8ncia sobre la diversitat funcional i les adaptacions necess\u00e0ries per garantir la participaci\u00f3 de tothom en l\u2019activitat f\u00edsica. Aquest treball ha combinat experi\u00e8ncies pr\u00e0ctiques i reflexions, permetent a la canalla experimentar diferents tipus de discapacitats (visual, auditiva i f\u00edsica) a trav\u00e9s de jocs i activitats adaptades. A m\u00e9s, han anat d&#8217;excursi\u00f3 al Museu Ol\u00edmpic i de l&#8217;Esport on han practicat el <em>goalball<\/em>, l&#8217;\u00fanic esport paral\u00edmpic creat espec\u00edficament per a persones cegues i discapacitat visual. <br><br>Han apr\u00e8s que l\u2019esport no nom\u00e9s \u00e9s competici\u00f3, sin\u00f3 tamb\u00e9 una eina per superar barreres, fomentar la igualtat i construir comunitats m\u00e9s inclusives. El projecte ha contribu\u00eft a formar individus m\u00e9s conscients i respectuosos amb la diversitat, habilitats essencials tant dins com fora del context escolar.<\/p>\n\n\n\n<figure class=\"wp-block-image\"><img loading=\"lazy\" decoding=\"async\" width=\"1600\" height=\"1200\" src=\"https:\/\/agora.xtec.cat\/escolapaucasals-horta\/wp-content\/uploads\/usu2657\/2025\/01\/Imatge-de-WhatsApp-2025-01-15-a-les-13.36.18_95964c6b-1.jpg\" alt=\"\" class=\"wp-image-3724\" srcset=\"https:\/\/agora.xtec.cat\/escolapaucasals-horta\/wp-content\/uploads\/usu2657\/2025\/01\/Imatge-de-WhatsApp-2025-01-15-a-les-13.36.18_95964c6b-1.jpg 1600w, https:\/\/agora.xtec.cat\/escolapaucasals-horta\/wp-content\/uploads\/usu2657\/2025\/01\/Imatge-de-WhatsApp-2025-01-15-a-les-13.36.18_95964c6b-1-300x225.jpg 300w, https:\/\/agora.xtec.cat\/escolapaucasals-horta\/wp-content\/uploads\/usu2657\/2025\/01\/Imatge-de-WhatsApp-2025-01-15-a-les-13.36.18_95964c6b-1-1024x768.jpg 1024w, https:\/\/agora.xtec.cat\/escolapaucasals-horta\/wp-content\/uploads\/usu2657\/2025\/01\/Imatge-de-WhatsApp-2025-01-15-a-les-13.36.18_95964c6b-1-768x576.jpg 768w, https:\/\/agora.xtec.cat\/escolapaucasals-horta\/wp-content\/uploads\/usu2657\/2025\/01\/Imatge-de-WhatsApp-2025-01-15-a-les-13.36.18_95964c6b-1-1536x1152.jpg 1536w, https:\/\/agora.xtec.cat\/escolapaucasals-horta\/wp-content\/uploads\/usu2657\/2025\/01\/Imatge-de-WhatsApp-2025-01-15-a-les-13.36.18_95964c6b-1-200x150.jpg 200w\" sizes=\"auto, (max-width: 1600px) 100vw, 1600px\" \/><\/figure>\n\n\n\n<figure class=\"wp-block-image\"><img loading=\"lazy\" decoding=\"async\" width=\"1600\" height=\"1200\" src=\"https:\/\/agora.xtec.cat\/escolapaucasals-horta\/wp-content\/uploads\/usu2657\/2025\/01\/Imatge-de-WhatsApp-2025-01-15-a-les-13.37.34_c27f71f8.jpg\" alt=\"\" class=\"wp-image-3725\" srcset=\"https:\/\/agora.xtec.cat\/escolapaucasals-horta\/wp-content\/uploads\/usu2657\/2025\/01\/Imatge-de-WhatsApp-2025-01-15-a-les-13.37.34_c27f71f8.jpg 1600w, https:\/\/agora.xtec.cat\/escolapaucasals-horta\/wp-content\/uploads\/usu2657\/2025\/01\/Imatge-de-WhatsApp-2025-01-15-a-les-13.37.34_c27f71f8-300x225.jpg 300w, https:\/\/agora.xtec.cat\/escolapaucasals-horta\/wp-content\/uploads\/usu2657\/2025\/01\/Imatge-de-WhatsApp-2025-01-15-a-les-13.37.34_c27f71f8-1024x768.jpg 1024w, https:\/\/agora.xtec.cat\/escolapaucasals-horta\/wp-content\/uploads\/usu2657\/2025\/01\/Imatge-de-WhatsApp-2025-01-15-a-les-13.37.34_c27f71f8-768x576.jpg 768w, https:\/\/agora.xtec.cat\/escolapaucasals-horta\/wp-content\/uploads\/usu2657\/2025\/01\/Imatge-de-WhatsApp-2025-01-15-a-les-13.37.34_c27f71f8-1536x1152.jpg 1536w, https:\/\/agora.xtec.cat\/escolapaucasals-horta\/wp-content\/uploads\/usu2657\/2025\/01\/Imatge-de-WhatsApp-2025-01-15-a-les-13.37.34_c27f71f8-200x150.jpg 200w\" sizes=\"auto, (max-width: 1600px) 100vw, 1600px\" \/><\/figure>\n","protected":false},"excerpt":{"rendered":"<p>DONEM EL PLAY A LA INCLUSI\u00d3!<\/p>\n<p>L&#8217;alumnat de 5\u00e8 i 6\u00e8 ha desenvolupat un projecte inclusiu a l&#8217;\u00e0rea d&#8217;educaci\u00f3 f\u00edsica amb l&#8217;objectiu de prendre consci\u00e8ncia sobre la diversitat funcional i les adaptacions necess\u00e0ries per garantir la participaci\u00f3 de tothom en l\u2019activitat f\u00edsica. Aquest treball ha combinat&hellip;  <a href=\"https:\/\/agora.xtec.cat\/escolapaucasals-horta\/educacio-fisica\/\" title=\"Read Educaci\u00f3 f\u00edsica\">Llegeix m\u00e9s\u00bb<\/a><\/p>\n","protected":false},"author":1,"featured_media":0,"parent":0,"menu_order":0,"comment_status":"closed","ping_status":"close","template":"","meta":{"_bbp_topic_count":0,"_bbp_reply_count":0,"_bbp_total_topic_count":0,"_bbp_total_reply_count":0,"_bbp_voice_count":0,"_bbp_anonymous_reply_count":0,"_bbp_topic_count_hidden":0,"_bbp_reply_count_hidden":0,"_bbp_forum_subforum_count":0,"footnotes":""},"class_list":["post-3701","page","type-page","status-publish","hentry"],"post_mailing_queue_ids":[],"_links":{"self":[{"href":"https:\/\/agora.xtec.cat\/escolapaucasals-horta\/wp-json\/wp\/v2\/pages\/3701","targetHints":{"allow":["GET"]}}],"collection":[{"href":"https:\/\/agora.xtec.cat\/escolapaucasals-horta\/wp-json\/wp\/v2\/pages"}],"about":[{"href":"https:\/\/agora.xtec.cat\/escolapaucasals-horta\/wp-json\/wp\/v2\/types\/page"}],"author":[{"embeddable":true,"href":"https:\/\/agora.xtec.cat\/escolapaucasals-horta\/wp-json\/wp\/v2\/users\/1"}],"replies":[{"embeddable":true,"href":"https:\/\/agora.xtec.cat\/escolapaucasals-horta\/wp-json\/wp\/v2\/comments?post=3701"}],"version-history":[{"count":4,"href":"https:\/\/agora.xtec.cat\/escolapaucasals-horta\/wp-json\/wp\/v2\/pages\/3701\/revisions"}],"predecessor-version":[{"id":3772,"href":"https:\/\/agora.xtec.cat\/escolapaucasals-horta\/wp-json\/wp\/v2\/pages\/3701\/revisions\/3772"}],"wp:attachment":[{"href":"https:\/\/agora.xtec.cat\/escolapaucasals-horta\/wp-json\/wp\/v2\/media?parent=3701"}],"curies":[{"name":"wp","href":"https:\/\/api.w.org\/{rel}","templated":true}]}}