{"id":3690,"date":"2025-01-15T13:15:49","date_gmt":"2025-01-15T12:15:49","guid":{"rendered":"https:\/\/agora.xtec.cat\/escolapaucasals-horta\/?page_id=3690"},"modified":"2025-01-22T14:17:02","modified_gmt":"2025-01-22T13:17:02","slug":"atencio-a-la-diversitat","status":"publish","type":"page","link":"https:\/\/agora.xtec.cat\/escolapaucasals-horta\/atencio-a-la-diversitat\/","title":{"rendered":"Atenci\u00f3 a la diversitat"},"content":{"rendered":"\n<p><\/p>\n\n\n\n<p>A l\u2019escola Pau Casals creiem en l\u2019enriquiment que ens proporciona, tant a nivell de societat com d\u2019escola, la diversitat en qualsevol aspecte, \u00c9s per aix\u00f2 que treballem la conscienciaci\u00f3, el respecte i l\u2019atenci\u00f3 de la diversitat funcional posant el focus en les potencialitats i capacitats diferents que tot \u00e9sser hum\u00e0 t\u00e9 sense quedar-nos en la superficialitat de les necessitats educatives especials que l\u2019infant pugui tenir.\u00a0<\/p>\n\n\n\n<p>En aquest sentit, a m\u00e9s a m\u00e9s de treballar mitjan\u00e7ant les diferents activitats escolars del dia a dia, participem tamb\u00e9 en diferents projectes com la creaci\u00f3 d&#8217;una sala multisensorial Snoezelen i activitats d&#8217;intercanvi amb centres d&#8217;educaci\u00f3 especial del districte.<\/p>\n\n\n\n<figure class=\"wp-block-image size-large\"><a href=\"https:\/\/agora.xtec.cat\/escolapaucasals-horta\/wp-content\/uploads\/usu2657\/2025\/01\/1737550700800-scaled.jpg\"><img loading=\"lazy\" decoding=\"async\" width=\"667\" height=\"1024\" src=\"https:\/\/agora.xtec.cat\/escolapaucasals-horta\/wp-content\/uploads\/usu2657\/2025\/01\/1737550700800-667x1024.jpg\" alt=\"\" class=\"wp-image-3861\" srcset=\"https:\/\/agora.xtec.cat\/escolapaucasals-horta\/wp-content\/uploads\/usu2657\/2025\/01\/1737550700800-667x1024.jpg 667w, https:\/\/agora.xtec.cat\/escolapaucasals-horta\/wp-content\/uploads\/usu2657\/2025\/01\/1737550700800-195x300.jpg 195w, https:\/\/agora.xtec.cat\/escolapaucasals-horta\/wp-content\/uploads\/usu2657\/2025\/01\/1737550700800-768x1179.jpg 768w, https:\/\/agora.xtec.cat\/escolapaucasals-horta\/wp-content\/uploads\/usu2657\/2025\/01\/1737550700800-1001x1536.jpg 1001w, https:\/\/agora.xtec.cat\/escolapaucasals-horta\/wp-content\/uploads\/usu2657\/2025\/01\/1737550700800-1334x2048.jpg 1334w, https:\/\/agora.xtec.cat\/escolapaucasals-horta\/wp-content\/uploads\/usu2657\/2025\/01\/1737550700800-scaled.jpg 1668w\" sizes=\"auto, (max-width: 667px) 100vw, 667px\" \/><\/a><\/figure>\n\n\n\n<p><\/p>\n\n\n\n<p><\/p>\n","protected":false},"excerpt":{"rendered":"<p>A l\u2019escola Pau Casals creiem en l\u2019enriquiment que ens proporciona, tant a nivell de societat com d\u2019escola, la diversitat en qualsevol aspecte, \u00c9s per aix\u00f2 que treballem la conscienciaci\u00f3, el respecte i l\u2019atenci\u00f3 de la diversitat funcional posant el focus en les potencialitats i capacitats&hellip;  <a href=\"https:\/\/agora.xtec.cat\/escolapaucasals-horta\/atencio-a-la-diversitat\/\" title=\"Read Atenci\u00f3 a la diversitat\">Llegeix m\u00e9s\u00bb<\/a><\/p>\n","protected":false},"author":1,"featured_media":0,"parent":0,"menu_order":0,"comment_status":"closed","ping_status":"close","template":"","meta":{"_bbp_topic_count":0,"_bbp_reply_count":0,"_bbp_total_topic_count":0,"_bbp_total_reply_count":0,"_bbp_voice_count":0,"_bbp_anonymous_reply_count":0,"_bbp_topic_count_hidden":0,"_bbp_reply_count_hidden":0,"_bbp_forum_subforum_count":0,"footnotes":""},"class_list":["post-3690","page","type-page","status-publish","hentry"],"post_mailing_queue_ids":[],"_links":{"self":[{"href":"https:\/\/agora.xtec.cat\/escolapaucasals-horta\/wp-json\/wp\/v2\/pages\/3690","targetHints":{"allow":["GET"]}}],"collection":[{"href":"https:\/\/agora.xtec.cat\/escolapaucasals-horta\/wp-json\/wp\/v2\/pages"}],"about":[{"href":"https:\/\/agora.xtec.cat\/escolapaucasals-horta\/wp-json\/wp\/v2\/types\/page"}],"author":[{"embeddable":true,"href":"https:\/\/agora.xtec.cat\/escolapaucasals-horta\/wp-json\/wp\/v2\/users\/1"}],"replies":[{"embeddable":true,"href":"https:\/\/agora.xtec.cat\/escolapaucasals-horta\/wp-json\/wp\/v2\/comments?post=3690"}],"version-history":[{"count":5,"href":"https:\/\/agora.xtec.cat\/escolapaucasals-horta\/wp-json\/wp\/v2\/pages\/3690\/revisions"}],"predecessor-version":[{"id":3865,"href":"https:\/\/agora.xtec.cat\/escolapaucasals-horta\/wp-json\/wp\/v2\/pages\/3690\/revisions\/3865"}],"wp:attachment":[{"href":"https:\/\/agora.xtec.cat\/escolapaucasals-horta\/wp-json\/wp\/v2\/media?parent=3690"}],"curies":[{"name":"wp","href":"https:\/\/api.w.org\/{rel}","templated":true}]}}