{"id":3679,"date":"2025-01-15T12:48:17","date_gmt":"2025-01-15T11:48:17","guid":{"rendered":"https:\/\/agora.xtec.cat\/escolapaucasals-horta\/?page_id=3679"},"modified":"2025-01-22T13:47:26","modified_gmt":"2025-01-22T12:47:26","slug":"piscina-ja-nedo","status":"publish","type":"page","link":"https:\/\/agora.xtec.cat\/escolapaucasals-horta\/piscina-ja-nedo\/","title":{"rendered":"Piscina &#8211; Ja nedo"},"content":{"rendered":"\n<p>La&nbsp; campanya d&#8217;aprenentatge de les activitats aqu\u00e0tiques&nbsp; \u201cApr\u00e8n a nedar\u201d, creada l\u2019any 1989 per l\u2019Ajuntament de Barcelona, adre\u00e7ada a l\u2019alumnat de primer curs d\u2019Educaci\u00f3 Prim\u00e0ria de les escoles p\u00fabliques i nens i nenes d\u2019entre 6 i 8 anys.<\/p>\n\n\n\n<p>Aquesta compta amb la col\u00b7laboraci\u00f3 de les entitats esportives i gestores de les diferents instal\u00b7lacions esportives municipals participants. A m\u00e9s, \u00e9s una activitat curricular avaluable per estar emmarcada dins l\u2019horari escolar, i conseq\u00fcentment, vinculada al PEC aprovada en Consell Escolar. Es rebr\u00e0 un informe d\u2019avaluaci\u00f3 al final del 3r trimestre.&nbsp;<\/p>\n\n\n\n<figure class=\"wp-block-table\"><table><tbody><tr><td><strong>Objectius generals<\/strong><\/td><\/tr><\/tbody><\/table><\/figure>\n\n\n\n<ul class=\"wp-block-list\">\n<li>Recon\u00e8ixer el medi aqu\u00e0tic com un dels elements imprescindibles pel desenvolupament motriu en l\u2019Educaci\u00f3 Prim\u00e0ria.<\/li>\n\n\n\n<li>Oferir la possibilitat d\u2019aprenentatge i experi\u00e8ncia motriu de l\u2019activitat aqu\u00e0tica a l\u2019alumnat.<\/li>\n\n\n\n<li>Donar suport als centres, als equips de professorat i a les fam\u00edlies, per tal d\u2019aconseguir m\u00e9s implicaci\u00f3 i, a l\u2019hora, el reconeixement de l\u2019activitat aqu\u00e0tica.<\/li>\n<\/ul>\n\n\n\n<figure class=\"wp-block-table\"><table><tbody><tr><td><strong>Distribuci\u00f3 temporal de l\u2019activitat<\/strong><\/td><\/tr><\/tbody><\/table><\/figure>\n\n\n\n<figure class=\"wp-block-table alignleft\"><table><tbody><tr><td><strong>Durada<\/strong><\/td><td class=\"has-text-align-center\" data-align=\"center\">Un curs acad\u00e8mic<\/td><\/tr><tr><td><strong>Per\u00edode<\/strong><\/td><td class=\"has-text-align-center\" data-align=\"center\">D\u2019octubre 2024 a juny 2025<\/td><\/tr><tr><td><strong>Freq\u00fc\u00e8ncia<\/strong><\/td><td class=\"has-text-align-center\" data-align=\"center\">Una sessi\u00f3 setmanal.&nbsp;<\/td><\/tr><tr><td><strong>Durada de la sessi\u00f3<\/strong><\/td><td class=\"has-text-align-center\" data-align=\"center\">Entre 50-60 minuts.<\/td><\/tr><tr><td><strong>Horari<\/strong><\/td><td class=\"has-text-align-center\" data-align=\"center\">Divendres, de 9:45 a 12h.&nbsp;<\/td><\/tr><\/tbody><\/table><\/figure>\n","protected":false},"excerpt":{"rendered":"<p>La&nbsp; campanya d&#8217;aprenentatge de les activitats aqu\u00e0tiques&nbsp; \u201cApr\u00e8n a nedar\u201d, creada l\u2019any 1989 per l\u2019Ajuntament de Barcelona, adre\u00e7ada a l\u2019alumnat de primer curs d\u2019Educaci\u00f3 Prim\u00e0ria de les escoles p\u00fabliques i nens i nenes d\u2019entre 6 i 8 anys.<\/p>\n<p>Aquesta compta amb la col\u00b7laboraci\u00f3 de les entitats&hellip;  <a href=\"https:\/\/agora.xtec.cat\/escolapaucasals-horta\/piscina-ja-nedo\/\" title=\"Read Piscina &#8211; Ja nedo\">Llegeix m\u00e9s\u00bb<\/a><\/p>\n","protected":false},"author":1,"featured_media":0,"parent":0,"menu_order":0,"comment_status":"closed","ping_status":"close","template":"","meta":{"_bbp_topic_count":0,"_bbp_reply_count":0,"_bbp_total_topic_count":0,"_bbp_total_reply_count":0,"_bbp_voice_count":0,"_bbp_anonymous_reply_count":0,"_bbp_topic_count_hidden":0,"_bbp_reply_count_hidden":0,"_bbp_forum_subforum_count":0,"footnotes":""},"class_list":["post-3679","page","type-page","status-publish","hentry"],"post_mailing_queue_ids":[],"_links":{"self":[{"href":"https:\/\/agora.xtec.cat\/escolapaucasals-horta\/wp-json\/wp\/v2\/pages\/3679","targetHints":{"allow":["GET"]}}],"collection":[{"href":"https:\/\/agora.xtec.cat\/escolapaucasals-horta\/wp-json\/wp\/v2\/pages"}],"about":[{"href":"https:\/\/agora.xtec.cat\/escolapaucasals-horta\/wp-json\/wp\/v2\/types\/page"}],"author":[{"embeddable":true,"href":"https:\/\/agora.xtec.cat\/escolapaucasals-horta\/wp-json\/wp\/v2\/users\/1"}],"replies":[{"embeddable":true,"href":"https:\/\/agora.xtec.cat\/escolapaucasals-horta\/wp-json\/wp\/v2\/comments?post=3679"}],"version-history":[{"count":4,"href":"https:\/\/agora.xtec.cat\/escolapaucasals-horta\/wp-json\/wp\/v2\/pages\/3679\/revisions"}],"predecessor-version":[{"id":3832,"href":"https:\/\/agora.xtec.cat\/escolapaucasals-horta\/wp-json\/wp\/v2\/pages\/3679\/revisions\/3832"}],"wp:attachment":[{"href":"https:\/\/agora.xtec.cat\/escolapaucasals-horta\/wp-json\/wp\/v2\/media?parent=3679"}],"curies":[{"name":"wp","href":"https:\/\/api.w.org\/{rel}","templated":true}]}}