{"id":3654,"date":"2025-01-15T12:46:55","date_gmt":"2025-01-15T11:46:55","guid":{"rendered":"https:\/\/agora.xtec.cat\/escolapaucasals-horta\/?page_id=3654"},"modified":"2025-01-29T19:24:08","modified_gmt":"2025-01-29T18:24:08","slug":"taller-oral-dangles","status":"publish","type":"page","link":"https:\/\/agora.xtec.cat\/escolapaucasals-horta\/taller-oral-dangles\/","title":{"rendered":"Taller oral d&#8217;angl\u00e8s"},"content":{"rendered":"\n<p>Als tallers orals de l\u2019aula d\u2019angl\u00e8s anem la meitat del grup per treballar, sobretot, l&#8217;expressi\u00f3 oral. Aquesta din\u00e0mica ens permet adaptar-nos millor al ritme de l&#8217;alumnat i fomentar la participaci\u00f3 activa de tots\/es.<\/p>\n\n\n\n<p>En aquestes estones, practiquem l\u2019angl\u00e8s d\u2019una manera m\u00e9s natural i engrescadora, fomentant la conversa i la interacci\u00f3 entre companys\/es.<\/p>\n\n\n\n<p>Algunes de les activitats que fem de manera aut\u00f2noma s\u00f3n:<\/p>\n\n\n\n<p><img decoding=\"async\" alt=\"\ud83c\udfb2\" src=\"https:\/\/fonts.gstatic.com\/s\/e\/notoemoji\/16.0\/1f3b2\/72.png\">&nbsp;<strong>Jocs de taula en angl\u00e8s<\/strong>&nbsp;per refor\u00e7ar vocabulari i estructures b\u00e0siques que estem treballant a les sessions regulars que fem tots junts. Molts dels jocs que fem s\u00f3n tan coneguts com: la batalla naval, les tres en ratlla, el bingo, el &#8216;cluedo&#8217;, el &#8216;dobble&#8217;&#8230; d&#8217;aquesta manera ja coneixem les normes del joc i podem centrar-nos a practicar la llengua de manera divertida.<\/p>\n\n\n\n<p><img decoding=\"async\" alt=\"\ud83d\udde3\ufe0f\" src=\"https:\/\/fonts.gstatic.com\/s\/e\/notoemoji\/16.0\/1f5e3_fe0f\/72.png\">&nbsp;<strong>Activitats orals<\/strong>&nbsp;per guanyar flu\u00efdesa i confian\u00e7a en l\u2019\u00fas de la llengua.<\/p>\n\n\n\n<p><img decoding=\"async\" alt=\"\ud83c\udfad\" src=\"https:\/\/fonts.gstatic.com\/s\/e\/notoemoji\/16.0\/1f3ad\/72.png\">&nbsp;<strong>Interpretaci\u00f3 de petits di\u00e0legs<\/strong>&nbsp;per posar en pr\u00e0ctica expressions quotidianes i millorar la pronunciaci\u00f3.<\/p>\n\n\n\n<p>Aquestes din\u00e0miques ens ajuden a aprendre de manera activa, a perdre la por de parlar angl\u00e8s i a gaudir de l\u2019aprenentatge.<\/p>\n\n\n\n<figure class=\"wp-block-image size-large\"><a href=\"https:\/\/agora.xtec.cat\/escolapaucasals-horta\/wp-content\/uploads\/usu2657\/2025\/01\/wKaboom-6-scaled.jpg\"><img loading=\"lazy\" decoding=\"async\" width=\"1024\" height=\"576\" src=\"https:\/\/agora.xtec.cat\/escolapaucasals-horta\/wp-content\/uploads\/usu2657\/2025\/01\/wKaboom-6-1024x576.jpg\" alt=\"\" class=\"wp-image-3952\" srcset=\"https:\/\/agora.xtec.cat\/escolapaucasals-horta\/wp-content\/uploads\/usu2657\/2025\/01\/wKaboom-6-1024x576.jpg 1024w, https:\/\/agora.xtec.cat\/escolapaucasals-horta\/wp-content\/uploads\/usu2657\/2025\/01\/wKaboom-6-300x169.jpg 300w, https:\/\/agora.xtec.cat\/escolapaucasals-horta\/wp-content\/uploads\/usu2657\/2025\/01\/wKaboom-6-768x432.jpg 768w, https:\/\/agora.xtec.cat\/escolapaucasals-horta\/wp-content\/uploads\/usu2657\/2025\/01\/wKaboom-6-1536x864.jpg 1536w, https:\/\/agora.xtec.cat\/escolapaucasals-horta\/wp-content\/uploads\/usu2657\/2025\/01\/wKaboom-6-2048x1153.jpg 2048w\" sizes=\"auto, (max-width: 1024px) 100vw, 1024px\" \/><\/a><\/figure>\n\n\n\n<figure class=\"wp-block-image size-large\"><a href=\"https:\/\/agora.xtec.cat\/escolapaucasals-horta\/wp-content\/uploads\/usu2657\/2025\/01\/wGo-fish-scaled.jpg\"><img loading=\"lazy\" decoding=\"async\" width=\"1024\" height=\"576\" src=\"https:\/\/agora.xtec.cat\/escolapaucasals-horta\/wp-content\/uploads\/usu2657\/2025\/01\/wGo-fish-1024x576.jpg\" alt=\"\" class=\"wp-image-3945\" srcset=\"https:\/\/agora.xtec.cat\/escolapaucasals-horta\/wp-content\/uploads\/usu2657\/2025\/01\/wGo-fish-1024x576.jpg 1024w, https:\/\/agora.xtec.cat\/escolapaucasals-horta\/wp-content\/uploads\/usu2657\/2025\/01\/wGo-fish-300x169.jpg 300w, https:\/\/agora.xtec.cat\/escolapaucasals-horta\/wp-content\/uploads\/usu2657\/2025\/01\/wGo-fish-768x432.jpg 768w, https:\/\/agora.xtec.cat\/escolapaucasals-horta\/wp-content\/uploads\/usu2657\/2025\/01\/wGo-fish-1536x864.jpg 1536w, https:\/\/agora.xtec.cat\/escolapaucasals-horta\/wp-content\/uploads\/usu2657\/2025\/01\/wGo-fish-2048x1153.jpg 2048w\" sizes=\"auto, (max-width: 1024px) 100vw, 1024px\" \/><\/a><\/figure>\n","protected":false},"excerpt":{"rendered":"<p>Als tallers orals de l\u2019aula d\u2019angl\u00e8s anem la meitat del grup per treballar, sobretot, l&#8217;expressi\u00f3 oral. Aquesta din\u00e0mica ens permet adaptar-nos millor al ritme de l&#8217;alumnat i fomentar la participaci\u00f3 activa de tots\/es.<\/p>\n<p>En aquestes estones, practiquem l\u2019angl\u00e8s d\u2019una manera m\u00e9s natural i engrescadora, fomentant la&hellip;  <a href=\"https:\/\/agora.xtec.cat\/escolapaucasals-horta\/taller-oral-dangles\/\" title=\"Read Taller oral d&#8217;angl\u00e8s\">Llegeix m\u00e9s\u00bb<\/a><\/p>\n","protected":false},"author":1,"featured_media":0,"parent":0,"menu_order":0,"comment_status":"closed","ping_status":"close","template":"","meta":{"_bbp_topic_count":0,"_bbp_reply_count":0,"_bbp_total_topic_count":0,"_bbp_total_reply_count":0,"_bbp_voice_count":0,"_bbp_anonymous_reply_count":0,"_bbp_topic_count_hidden":0,"_bbp_reply_count_hidden":0,"_bbp_forum_subforum_count":0,"footnotes":""},"class_list":["post-3654","page","type-page","status-publish","hentry"],"post_mailing_queue_ids":[],"_links":{"self":[{"href":"https:\/\/agora.xtec.cat\/escolapaucasals-horta\/wp-json\/wp\/v2\/pages\/3654","targetHints":{"allow":["GET"]}}],"collection":[{"href":"https:\/\/agora.xtec.cat\/escolapaucasals-horta\/wp-json\/wp\/v2\/pages"}],"about":[{"href":"https:\/\/agora.xtec.cat\/escolapaucasals-horta\/wp-json\/wp\/v2\/types\/page"}],"author":[{"embeddable":true,"href":"https:\/\/agora.xtec.cat\/escolapaucasals-horta\/wp-json\/wp\/v2\/users\/1"}],"replies":[{"embeddable":true,"href":"https:\/\/agora.xtec.cat\/escolapaucasals-horta\/wp-json\/wp\/v2\/comments?post=3654"}],"version-history":[{"count":4,"href":"https:\/\/agora.xtec.cat\/escolapaucasals-horta\/wp-json\/wp\/v2\/pages\/3654\/revisions"}],"predecessor-version":[{"id":3955,"href":"https:\/\/agora.xtec.cat\/escolapaucasals-horta\/wp-json\/wp\/v2\/pages\/3654\/revisions\/3955"}],"wp:attachment":[{"href":"https:\/\/agora.xtec.cat\/escolapaucasals-horta\/wp-json\/wp\/v2\/media?parent=3654"}],"curies":[{"name":"wp","href":"https:\/\/api.w.org\/{rel}","templated":true}]}}