{"id":3652,"date":"2025-01-15T12:46:55","date_gmt":"2025-01-15T11:46:55","guid":{"rendered":"https:\/\/agora.xtec.cat\/escolapaucasals-horta\/?page_id=3652"},"modified":"2026-02-08T00:18:46","modified_gmt":"2026-02-07T23:18:46","slug":"hort","status":"publish","type":"page","link":"https:\/\/agora.xtec.cat\/escolapaucasals-horta\/hort\/","title":{"rendered":"L&#8217;Hort escolar"},"content":{"rendered":"\n<p><strong>PER QU\u00c8 UN HORT A L\u2019ESCOLA?<\/strong><\/p>\n\n\n\n<p>El treball de l\u2019hort ecol\u00f2gic a l\u2019escola, \u00e9s la manera m\u00e9s adient d\u2019oferir al nostre alumnat una educaci\u00f3 mediambiental, basada en la cura, respecte i defensa de la natura.<\/p>\n\n\n\n<p>A l&#8217;escola disposem d&#8217;un espai obert, on els infants gaudeixen del contacte amb la natura. L&#8217;hort forma part dels projectes de l&#8217;escola. Aquest espai es dinamitza des de l&#8217;aula de ci\u00e8ncies on, coincidint amb cada estaci\u00f3, s&#8217;escullen les plantes o hortalisses a plantar.<\/p>\n\n\n\n<p>El centre forma part de la <a href=\"https:\/\/www.barcelona.cat\/barcelonasostenible\/ca\/la-xarxa\/qui-som\/la-xarxa-barcelona-sostenible\">Xarxa Barcelona Escoles+Sostenibles.<\/a> Cada any rebem plantes, compost i much per a fer servir al nostre hort i en d&#8217;altres espais per a fer-los m\u00e9s verds i agradables.<\/p>\n\n\n\n<p><strong>QUINS OBJECTIUS VOLEM ACONSEGUIR?<\/strong><\/p>\n\n\n\n<ul class=\"wp-block-list\">\n<li>Ajudar l\u2019alumnat a prendre consci\u00e8ncia i sensibilitat davant les q\u00fcestions mediambientals.<\/li>\n\n\n\n<li>Promoure el coneixement del medi, les seves interrelacions i els seus problemes.<\/li>\n\n\n\n<li>Con\u00e8ixer i aprendre els productes, les eines les t\u00e8cniques de treball agr\u00edcola.<a href=\"http:\/\/agora.xtec.cat\/ceip-paucasals-sjdespi\/wp-content\/uploads\/usu477\/2018\/01\/Dsc013572.jpg\"><\/a><\/li>\n\n\n\n<li>Recon\u00e8ixer la depend\u00e8ncia de l\u2019agricultura que t\u00e9 la humanitat.<\/li>\n\n\n\n<li>Treballar el projecte de l\u2019hort d\u2019una manera interdisciplinar amb la resta de assignatures.<\/li>\n\n\n\n<li>Promoure que les fam\u00edlies vinguin a col\u00b7laborar amb els infants.<\/li>\n<\/ul>\n\n\n\n<p>Els infants tenen cura d&#8217;aquest espai al llarg del curs. <\/p>\n\n\n\n<p><strong>QUINES TASQUES FEM?<\/strong><\/p>\n\n\n\n<ul class=\"wp-block-list\">\n<li>Coneixement de les plantes arom\u00e0tiques i arbres de l&#8217;escola.<\/li>\n\n\n\n<li>Sembra de llavors i plantes (enciams, coliflors, faves, p\u00e8sols, maduixes, patates, pebrots\u2026) depenent de l\u2019estaci\u00f3.<a href=\"http:\/\/agora.xtec.cat\/ceip-paucasals-sjdespi\/wp-content\/uploads\/usu477\/2018\/01\/Dsc01373r.jpg\"><\/a><\/li>\n\n\n\n<li>Tasques de\u00a0manteniment de les plantes (regar, moure la terra, treure males herbes i posar-les al compostador\u2026)<\/li>\n\n\n\n<li>Recol\u00b7lecci\u00f3 de la collita.<\/li>\n\n\n\n<li>Utilitzaci\u00f3 i coneixement de\u00a0diferents estris que es fan servir a\u00a0l\u2019hort (pics, coves, pales, rasclets, aixades, escombres met\u00e0l\u00b7liques, regadores, cabassos, compostadors..).<\/li>\n\n\n\n<li>Sembra i manteniment de plantes arom\u00e0tiques.<\/li>\n<\/ul>\n\n\n\n<figure class=\"wp-block-gallery has-nested-images columns-default is-cropped wp-block-gallery-1 is-layout-flex wp-block-gallery-is-layout-flex\">\n<figure class=\"wp-block-image size-large\"><a href=\"https:\/\/agora.xtec.cat\/escolapaucasals-horta\/wp-content\/uploads\/usu2657\/2025\/01\/Foto-de-Eva-3-1.jpg\"><img loading=\"lazy\" decoding=\"async\" width=\"1024\" height=\"768\" data-id=\"3784\" src=\"https:\/\/agora.xtec.cat\/escolapaucasals-horta\/wp-content\/uploads\/usu2657\/2025\/01\/Foto-de-Eva-3-1-1024x768.jpg\" alt=\"\" class=\"wp-image-3784\" srcset=\"https:\/\/agora.xtec.cat\/escolapaucasals-horta\/wp-content\/uploads\/usu2657\/2025\/01\/Foto-de-Eva-3-1-1024x768.jpg 1024w, https:\/\/agora.xtec.cat\/escolapaucasals-horta\/wp-content\/uploads\/usu2657\/2025\/01\/Foto-de-Eva-3-1-300x225.jpg 300w, https:\/\/agora.xtec.cat\/escolapaucasals-horta\/wp-content\/uploads\/usu2657\/2025\/01\/Foto-de-Eva-3-1-768x576.jpg 768w, https:\/\/agora.xtec.cat\/escolapaucasals-horta\/wp-content\/uploads\/usu2657\/2025\/01\/Foto-de-Eva-3-1-1536x1152.jpg 1536w, https:\/\/agora.xtec.cat\/escolapaucasals-horta\/wp-content\/uploads\/usu2657\/2025\/01\/Foto-de-Eva-3-1-200x150.jpg 200w, https:\/\/agora.xtec.cat\/escolapaucasals-horta\/wp-content\/uploads\/usu2657\/2025\/01\/Foto-de-Eva-3-1.jpg 1600w\" sizes=\"auto, (max-width: 1024px) 100vw, 1024px\" \/><\/a><\/figure>\n\n\n\n<figure class=\"wp-block-image size-large\"><a href=\"https:\/\/agora.xtec.cat\/escolapaucasals-horta\/wp-content\/uploads\/usu2657\/2025\/01\/Foto-de-Eva-2-2.jpg\"><img loading=\"lazy\" decoding=\"async\" width=\"968\" height=\"1024\" data-id=\"3782\" src=\"https:\/\/agora.xtec.cat\/escolapaucasals-horta\/wp-content\/uploads\/usu2657\/2025\/01\/Foto-de-Eva-2-2-968x1024.jpg\" alt=\"\" class=\"wp-image-3782\" srcset=\"https:\/\/agora.xtec.cat\/escolapaucasals-horta\/wp-content\/uploads\/usu2657\/2025\/01\/Foto-de-Eva-2-2-968x1024.jpg 968w, https:\/\/agora.xtec.cat\/escolapaucasals-horta\/wp-content\/uploads\/usu2657\/2025\/01\/Foto-de-Eva-2-2-284x300.jpg 284w, https:\/\/agora.xtec.cat\/escolapaucasals-horta\/wp-content\/uploads\/usu2657\/2025\/01\/Foto-de-Eva-2-2-768x812.jpg 768w, https:\/\/agora.xtec.cat\/escolapaucasals-horta\/wp-content\/uploads\/usu2657\/2025\/01\/Foto-de-Eva-2-2-1452x1536.jpg 1452w, https:\/\/agora.xtec.cat\/escolapaucasals-horta\/wp-content\/uploads\/usu2657\/2025\/01\/Foto-de-Eva-2-2.jpg 1513w\" sizes=\"auto, (max-width: 968px) 100vw, 968px\" \/><\/a><\/figure>\n\n\n\n<figure class=\"wp-block-image size-large\"><a href=\"https:\/\/agora.xtec.cat\/escolapaucasals-horta\/wp-content\/uploads\/usu2657\/2025\/01\/Foto-de-Eva-1.jpg\"><img loading=\"lazy\" decoding=\"async\" width=\"1024\" height=\"768\" data-id=\"3781\" src=\"https:\/\/agora.xtec.cat\/escolapaucasals-horta\/wp-content\/uploads\/usu2657\/2025\/01\/Foto-de-Eva-1-1024x768.jpg\" alt=\"\" class=\"wp-image-3781\" srcset=\"https:\/\/agora.xtec.cat\/escolapaucasals-horta\/wp-content\/uploads\/usu2657\/2025\/01\/Foto-de-Eva-1-1024x768.jpg 1024w, https:\/\/agora.xtec.cat\/escolapaucasals-horta\/wp-content\/uploads\/usu2657\/2025\/01\/Foto-de-Eva-1-300x225.jpg 300w, https:\/\/agora.xtec.cat\/escolapaucasals-horta\/wp-content\/uploads\/usu2657\/2025\/01\/Foto-de-Eva-1-768x576.jpg 768w, https:\/\/agora.xtec.cat\/escolapaucasals-horta\/wp-content\/uploads\/usu2657\/2025\/01\/Foto-de-Eva-1-1536x1152.jpg 1536w, https:\/\/agora.xtec.cat\/escolapaucasals-horta\/wp-content\/uploads\/usu2657\/2025\/01\/Foto-de-Eva-1-200x150.jpg 200w, https:\/\/agora.xtec.cat\/escolapaucasals-horta\/wp-content\/uploads\/usu2657\/2025\/01\/Foto-de-Eva-1.jpg 2048w\" sizes=\"auto, (max-width: 1024px) 100vw, 1024px\" \/><\/a><\/figure>\n\n\n\n<figure class=\"wp-block-image size-large\"><a href=\"https:\/\/agora.xtec.cat\/escolapaucasals-horta\/wp-content\/uploads\/usu2657\/2025\/01\/Foto-de-Eva.jpg\"><img loading=\"lazy\" decoding=\"async\" width=\"1024\" height=\"768\" data-id=\"3785\" src=\"https:\/\/agora.xtec.cat\/escolapaucasals-horta\/wp-content\/uploads\/usu2657\/2025\/01\/Foto-de-Eva-1024x768.jpg\" alt=\"\" class=\"wp-image-3785\" srcset=\"https:\/\/agora.xtec.cat\/escolapaucasals-horta\/wp-content\/uploads\/usu2657\/2025\/01\/Foto-de-Eva-1024x768.jpg 1024w, https:\/\/agora.xtec.cat\/escolapaucasals-horta\/wp-content\/uploads\/usu2657\/2025\/01\/Foto-de-Eva-300x225.jpg 300w, https:\/\/agora.xtec.cat\/escolapaucasals-horta\/wp-content\/uploads\/usu2657\/2025\/01\/Foto-de-Eva-768x576.jpg 768w, https:\/\/agora.xtec.cat\/escolapaucasals-horta\/wp-content\/uploads\/usu2657\/2025\/01\/Foto-de-Eva-1536x1152.jpg 1536w, https:\/\/agora.xtec.cat\/escolapaucasals-horta\/wp-content\/uploads\/usu2657\/2025\/01\/Foto-de-Eva-200x150.jpg 200w, https:\/\/agora.xtec.cat\/escolapaucasals-horta\/wp-content\/uploads\/usu2657\/2025\/01\/Foto-de-Eva.jpg 2048w\" sizes=\"auto, (max-width: 1024px) 100vw, 1024px\" \/><\/a><\/figure>\n<\/figure>\n","protected":false},"excerpt":{"rendered":"<p>PER QU\u00c8 UN HORT A L\u2019ESCOLA?<\/p>\n<p>El treball de l\u2019hort ecol\u00f2gic a l\u2019escola, \u00e9s la manera m\u00e9s adient d\u2019oferir al nostre alumnat una educaci\u00f3 mediambiental, basada en la cura, respecte i defensa de la natura.<\/p>\n<p>A l&#8217;escola disposem d&#8217;un espai obert, on els infants gaudeixen del contacte&hellip;  <a href=\"https:\/\/agora.xtec.cat\/escolapaucasals-horta\/hort\/\" title=\"Read L&#8217;Hort escolar\">Llegeix m\u00e9s\u00bb<\/a><\/p>\n","protected":false},"author":1,"featured_media":0,"parent":0,"menu_order":0,"comment_status":"closed","ping_status":"close","template":"","meta":{"_bbp_topic_count":0,"_bbp_reply_count":0,"_bbp_total_topic_count":0,"_bbp_total_reply_count":0,"_bbp_voice_count":0,"_bbp_anonymous_reply_count":0,"_bbp_topic_count_hidden":0,"_bbp_reply_count_hidden":0,"_bbp_forum_subforum_count":0,"footnotes":""},"class_list":["post-3652","page","type-page","status-publish","hentry"],"post_mailing_queue_ids":[],"_links":{"self":[{"href":"https:\/\/agora.xtec.cat\/escolapaucasals-horta\/wp-json\/wp\/v2\/pages\/3652","targetHints":{"allow":["GET"]}}],"collection":[{"href":"https:\/\/agora.xtec.cat\/escolapaucasals-horta\/wp-json\/wp\/v2\/pages"}],"about":[{"href":"https:\/\/agora.xtec.cat\/escolapaucasals-horta\/wp-json\/wp\/v2\/types\/page"}],"author":[{"embeddable":true,"href":"https:\/\/agora.xtec.cat\/escolapaucasals-horta\/wp-json\/wp\/v2\/users\/1"}],"replies":[{"embeddable":true,"href":"https:\/\/agora.xtec.cat\/escolapaucasals-horta\/wp-json\/wp\/v2\/comments?post=3652"}],"version-history":[{"count":6,"href":"https:\/\/agora.xtec.cat\/escolapaucasals-horta\/wp-json\/wp\/v2\/pages\/3652\/revisions"}],"predecessor-version":[{"id":4790,"href":"https:\/\/agora.xtec.cat\/escolapaucasals-horta\/wp-json\/wp\/v2\/pages\/3652\/revisions\/4790"}],"wp:attachment":[{"href":"https:\/\/agora.xtec.cat\/escolapaucasals-horta\/wp-json\/wp\/v2\/media?parent=3652"}],"curies":[{"name":"wp","href":"https:\/\/api.w.org\/{rel}","templated":true}]}}