{"id":3649,"date":"2025-01-15T12:46:54","date_gmt":"2025-01-15T11:46:54","guid":{"rendered":"https:\/\/agora.xtec.cat\/escolapaucasals-horta\/?page_id=3649"},"modified":"2025-01-27T19:04:57","modified_gmt":"2025-01-27T18:04:57","slug":"tallers","status":"publish","type":"page","link":"https:\/\/agora.xtec.cat\/escolapaucasals-horta\/tallers\/","title":{"rendered":"Tallers"},"content":{"rendered":"\n<p>Els tallers a l\u2019escola s\u2019inicien a primer i es finalitzen a sis\u00e8, on els infants tenen l\u2019oportunitat de gaudir i participar en tres espais diferents amb companyia del cicle on pertanyen:<\/p>\n\n\n\n<ul class=\"wp-block-list\">\n<li>Taller d\u2019audiovisuals<\/li>\n\n\n\n<li>Taller d\u2019arts esc\u00e8niques<\/li>\n\n\n\n<li>Taller d\u2019arts pl\u00e0stiques<\/li>\n<\/ul>\n\n\n\n<p>Aquests tallers es realitzen un cop a la setmana amb diferents propostes interdisciplin\u00e0ries adre\u00e7ades als seus interessos i a les seves inquietuds a trav\u00e9s d&#8217;aprenentatges transversals. Aix\u00ed mateix, tenen una durada d&#8217;un trimestre, per tant, a final de curs cada persona haur\u00e0 participat en els tres.<\/p>\n\n\n\n<div class=\"wp-block-getwid-images-stack\"><div class=\"wp-block-getwid-images-stack__wrapper\"><div class=\"wp-block-getwid-images-stack__chunk\"><div class=\"wp-block-getwid-images-stack__media-wrapper\"><div class=\"wp-block-getwid-images-stack__media-inner-wrapper\"><img loading=\"lazy\" decoding=\"async\" width=\"1168\" height=\"1600\" class=\"wp-block-getwid-images-stack__media wp-image-3809\" src=\"https:\/\/agora.xtec.cat\/escolapaucasals-horta\/wp-content\/uploads\/usu2657\/2025\/01\/WhatsApp-Image-2025-01-15-at-16.50.28-1.jpeg\" data-id=\"3809\" data-link=\"https:\/\/agora.xtec.cat\/escolapaucasals-horta\/tallers\/attachment\/whatsapp-image-2025-01-15-at-16-50-28-1\/\" srcset=\"https:\/\/agora.xtec.cat\/escolapaucasals-horta\/wp-content\/uploads\/usu2657\/2025\/01\/WhatsApp-Image-2025-01-15-at-16.50.28-1.jpeg 1168w, https:\/\/agora.xtec.cat\/escolapaucasals-horta\/wp-content\/uploads\/usu2657\/2025\/01\/WhatsApp-Image-2025-01-15-at-16.50.28-1-219x300.jpeg 219w, https:\/\/agora.xtec.cat\/escolapaucasals-horta\/wp-content\/uploads\/usu2657\/2025\/01\/WhatsApp-Image-2025-01-15-at-16.50.28-1-748x1024.jpeg 748w, https:\/\/agora.xtec.cat\/escolapaucasals-horta\/wp-content\/uploads\/usu2657\/2025\/01\/WhatsApp-Image-2025-01-15-at-16.50.28-1-768x1052.jpeg 768w, https:\/\/agora.xtec.cat\/escolapaucasals-horta\/wp-content\/uploads\/usu2657\/2025\/01\/WhatsApp-Image-2025-01-15-at-16.50.28-1-1121x1536.jpeg 1121w\" sizes=\"auto, (max-width: 1168px) 100vw, 1168px\" \/><\/div><\/div><div class=\"wp-block-getwid-images-stack__media-wrapper\"><div class=\"wp-block-getwid-images-stack__media-inner-wrapper\"><img loading=\"lazy\" decoding=\"async\" width=\"800\" height=\"600\" class=\"wp-block-getwid-images-stack__media wp-image-3812\" src=\"https:\/\/agora.xtec.cat\/escolapaucasals-horta\/wp-content\/uploads\/usu2657\/2025\/01\/wWhatsApp-Image-2025-01-15-at-13.47.28-1.png\" data-id=\"3812\" data-link=\"https:\/\/agora.xtec.cat\/escolapaucasals-horta\/tallers\/attachment\/wwhatsapp-image-2025-01-15-at-13-47-28-1\/\" srcset=\"https:\/\/agora.xtec.cat\/escolapaucasals-horta\/wp-content\/uploads\/usu2657\/2025\/01\/wWhatsApp-Image-2025-01-15-at-13.47.28-1.png 800w, https:\/\/agora.xtec.cat\/escolapaucasals-horta\/wp-content\/uploads\/usu2657\/2025\/01\/wWhatsApp-Image-2025-01-15-at-13.47.28-1-300x225.png 300w, https:\/\/agora.xtec.cat\/escolapaucasals-horta\/wp-content\/uploads\/usu2657\/2025\/01\/wWhatsApp-Image-2025-01-15-at-13.47.28-1-768x576.png 768w, https:\/\/agora.xtec.cat\/escolapaucasals-horta\/wp-content\/uploads\/usu2657\/2025\/01\/wWhatsApp-Image-2025-01-15-at-13.47.28-1-200x150.png 200w\" sizes=\"auto, (max-width: 800px) 100vw, 800px\" \/><\/div><\/div><div class=\"wp-block-getwid-images-stack__media-wrapper\"><div class=\"wp-block-getwid-images-stack__media-inner-wrapper\"><img loading=\"lazy\" decoding=\"async\" width=\"1080\" height=\"1685\" class=\"wp-block-getwid-images-stack__media wp-image-3811\" src=\"https:\/\/agora.xtec.cat\/escolapaucasals-horta\/wp-content\/uploads\/usu2657\/2025\/01\/wScreenshot_20250115_134024_Gallery-1-2.jpg\" data-id=\"3811\" data-link=\"https:\/\/agora.xtec.cat\/escolapaucasals-horta\/tallers\/attachment\/wscreenshot_20250115_134024_gallery-1-2\/\" srcset=\"https:\/\/agora.xtec.cat\/escolapaucasals-horta\/wp-content\/uploads\/usu2657\/2025\/01\/wScreenshot_20250115_134024_Gallery-1-2.jpg 1080w, https:\/\/agora.xtec.cat\/escolapaucasals-horta\/wp-content\/uploads\/usu2657\/2025\/01\/wScreenshot_20250115_134024_Gallery-1-2-192x300.jpg 192w, https:\/\/agora.xtec.cat\/escolapaucasals-horta\/wp-content\/uploads\/usu2657\/2025\/01\/wScreenshot_20250115_134024_Gallery-1-2-656x1024.jpg 656w, https:\/\/agora.xtec.cat\/escolapaucasals-horta\/wp-content\/uploads\/usu2657\/2025\/01\/wScreenshot_20250115_134024_Gallery-1-2-768x1198.jpg 768w, https:\/\/agora.xtec.cat\/escolapaucasals-horta\/wp-content\/uploads\/usu2657\/2025\/01\/wScreenshot_20250115_134024_Gallery-1-2-984x1536.jpg 984w\" sizes=\"auto, (max-width: 1080px) 100vw, 1080px\" \/><\/div><\/div><\/div><div class=\"wp-block-getwid-images-stack__chunk\"><div class=\"wp-block-getwid-images-stack__media-wrapper\"><div class=\"wp-block-getwid-images-stack__media-inner-wrapper\"><img loading=\"lazy\" decoding=\"async\" width=\"2560\" height=\"1920\" class=\"wp-block-getwid-images-stack__media wp-image-3810\" src=\"https:\/\/agora.xtec.cat\/escolapaucasals-horta\/wp-content\/uploads\/usu2657\/2025\/01\/wIMG_20250115_155022_438-1-scaled.jpg\" data-id=\"3810\" data-link=\"https:\/\/agora.xtec.cat\/escolapaucasals-horta\/tallers\/attachment\/wimg_20250115_155022_438-1\/\" srcset=\"https:\/\/agora.xtec.cat\/escolapaucasals-horta\/wp-content\/uploads\/usu2657\/2025\/01\/wIMG_20250115_155022_438-1-scaled.jpg 2560w, https:\/\/agora.xtec.cat\/escolapaucasals-horta\/wp-content\/uploads\/usu2657\/2025\/01\/wIMG_20250115_155022_438-1-300x225.jpg 300w, https:\/\/agora.xtec.cat\/escolapaucasals-horta\/wp-content\/uploads\/usu2657\/2025\/01\/wIMG_20250115_155022_438-1-1024x768.jpg 1024w, https:\/\/agora.xtec.cat\/escolapaucasals-horta\/wp-content\/uploads\/usu2657\/2025\/01\/wIMG_20250115_155022_438-1-768x576.jpg 768w, https:\/\/agora.xtec.cat\/escolapaucasals-horta\/wp-content\/uploads\/usu2657\/2025\/01\/wIMG_20250115_155022_438-1-1536x1152.jpg 1536w, https:\/\/agora.xtec.cat\/escolapaucasals-horta\/wp-content\/uploads\/usu2657\/2025\/01\/wIMG_20250115_155022_438-1-2048x1536.jpg 2048w, https:\/\/agora.xtec.cat\/escolapaucasals-horta\/wp-content\/uploads\/usu2657\/2025\/01\/wIMG_20250115_155022_438-1-200x150.jpg 200w\" sizes=\"auto, (max-width: 2560px) 100vw, 2560px\" \/><\/div><\/div><div class=\"wp-block-getwid-images-stack__media-wrapper\"><div class=\"wp-block-getwid-images-stack__media-inner-wrapper\"><img loading=\"lazy\" decoding=\"async\" width=\"1600\" height=\"1204\" class=\"wp-block-getwid-images-stack__media wp-image-3906\" src=\"https:\/\/agora.xtec.cat\/escolapaucasals-horta\/wp-content\/uploads\/usu2657\/2025\/01\/W-Imagen-de-WhatsApp-2025-01-27-a-las-18.22.47_86908ad4.jpg\" data-id=\"3906\" data-link=\"https:\/\/agora.xtec.cat\/escolapaucasals-horta\/tallers\/attachment\/w-imagen-de-whatsapp-2025-01-27-a-las-18-22-47_86908ad4\/\" srcset=\"https:\/\/agora.xtec.cat\/escolapaucasals-horta\/wp-content\/uploads\/usu2657\/2025\/01\/W-Imagen-de-WhatsApp-2025-01-27-a-las-18.22.47_86908ad4.jpg 1600w, https:\/\/agora.xtec.cat\/escolapaucasals-horta\/wp-content\/uploads\/usu2657\/2025\/01\/W-Imagen-de-WhatsApp-2025-01-27-a-las-18.22.47_86908ad4-300x226.jpg 300w, https:\/\/agora.xtec.cat\/escolapaucasals-horta\/wp-content\/uploads\/usu2657\/2025\/01\/W-Imagen-de-WhatsApp-2025-01-27-a-las-18.22.47_86908ad4-1024x771.jpg 1024w, https:\/\/agora.xtec.cat\/escolapaucasals-horta\/wp-content\/uploads\/usu2657\/2025\/01\/W-Imagen-de-WhatsApp-2025-01-27-a-las-18.22.47_86908ad4-768x578.jpg 768w, https:\/\/agora.xtec.cat\/escolapaucasals-horta\/wp-content\/uploads\/usu2657\/2025\/01\/W-Imagen-de-WhatsApp-2025-01-27-a-las-18.22.47_86908ad4-1536x1156.jpg 1536w, https:\/\/agora.xtec.cat\/escolapaucasals-horta\/wp-content\/uploads\/usu2657\/2025\/01\/W-Imagen-de-WhatsApp-2025-01-27-a-las-18.22.47_86908ad4-200x150.jpg 200w\" sizes=\"auto, (max-width: 1600px) 100vw, 1600px\" \/><\/div><\/div><\/div><\/div><\/div>\n","protected":false},"excerpt":{"rendered":"<p>Els tallers a l\u2019escola s\u2019inicien a primer i es finalitzen a sis\u00e8, on els infants tenen l\u2019oportunitat de gaudir i participar en tres espais diferents amb companyia del cicle on pertanyen:<\/p>\n<ul class=\"wp-block-list\">\n<li>Taller d\u2019audiovisuals<\/li>\n<li>Taller d\u2019arts esc\u00e8niques<\/li>\n<li>Taller d\u2019arts pl\u00e0stiques<\/li>\n<\/ul>\n<p>Aquests tallers es realitzen un cop a la setmana&hellip;  <a href=\"https:\/\/agora.xtec.cat\/escolapaucasals-horta\/tallers\/\" title=\"Read Tallers\">Llegeix m\u00e9s\u00bb<\/a><\/p>\n","protected":false},"author":1,"featured_media":0,"parent":0,"menu_order":0,"comment_status":"closed","ping_status":"close","template":"","meta":{"_bbp_topic_count":0,"_bbp_reply_count":0,"_bbp_total_topic_count":0,"_bbp_total_reply_count":0,"_bbp_voice_count":0,"_bbp_anonymous_reply_count":0,"_bbp_topic_count_hidden":0,"_bbp_reply_count_hidden":0,"_bbp_forum_subforum_count":0,"footnotes":""},"class_list":["post-3649","page","type-page","status-publish","hentry"],"post_mailing_queue_ids":[],"_links":{"self":[{"href":"https:\/\/agora.xtec.cat\/escolapaucasals-horta\/wp-json\/wp\/v2\/pages\/3649","targetHints":{"allow":["GET"]}}],"collection":[{"href":"https:\/\/agora.xtec.cat\/escolapaucasals-horta\/wp-json\/wp\/v2\/pages"}],"about":[{"href":"https:\/\/agora.xtec.cat\/escolapaucasals-horta\/wp-json\/wp\/v2\/types\/page"}],"author":[{"embeddable":true,"href":"https:\/\/agora.xtec.cat\/escolapaucasals-horta\/wp-json\/wp\/v2\/users\/1"}],"replies":[{"embeddable":true,"href":"https:\/\/agora.xtec.cat\/escolapaucasals-horta\/wp-json\/wp\/v2\/comments?post=3649"}],"version-history":[{"count":6,"href":"https:\/\/agora.xtec.cat\/escolapaucasals-horta\/wp-json\/wp\/v2\/pages\/3649\/revisions"}],"predecessor-version":[{"id":3907,"href":"https:\/\/agora.xtec.cat\/escolapaucasals-horta\/wp-json\/wp\/v2\/pages\/3649\/revisions\/3907"}],"wp:attachment":[{"href":"https:\/\/agora.xtec.cat\/escolapaucasals-horta\/wp-json\/wp\/v2\/media?parent=3649"}],"curies":[{"name":"wp","href":"https:\/\/api.w.org\/{rel}","templated":true}]}}