{"id":3647,"date":"2025-01-15T12:46:53","date_gmt":"2025-01-15T11:46:53","guid":{"rendered":"https:\/\/agora.xtec.cat\/escolapaucasals-horta\/?page_id=3647"},"modified":"2026-04-17T09:40:03","modified_gmt":"2026-04-17T07:40:03","slug":"biblioteca","status":"publish","type":"page","link":"https:\/\/agora.xtec.cat\/escolapaucasals-horta\/biblioteca\/","title":{"rendered":"Biblioteca"},"content":{"rendered":"\n<p>La biblioteca del Pau Casals ha tingut un llarg recorregut. En els \u00faltims anys hem vist la necessitat de donar un nou impuls a la biblioteca de centre per a qu\u00e8 esdevingui el centre del saber i el coneixement. <\/p>\n\n\n\n<p>Actualment, des de la biblioteca es participa en diversos projectes com ara, el Poetitza\u2019t de la Fundaci\u00f3 Jaume Serra, els Jocs Florals de l\u2019Institut Narc\u00eds Monturiol i els del districte, el Concurs Escolar de C\u00f2mic organitzat per FICOMIC i, els m\u00e9s grans, assisteixen al club de lectura que proposa la biblioteca p\u00fablica de Montbau, Albert P\u00e9rez Bar\u00f3 un cop al mes. <\/p>\n\n\n\n<p>Tamb\u00e9 mantenim la col\u00b7laboraci\u00f3 amb el CRP de la zona, que ens facilita recursos com les bibliomaletes, i recentment hem aconseguit el segell de bones pr\u00e0ctiques del BESCAT, un reconeixement a la feina feta i a la voluntat de continuar millorant.<\/p>\n\n\n\n<p>A m\u00e9s, actualment participem en el programa Matildes de Rosa Sensat, gr\u00e0cies al qual rebem assessorament per continuar impulsant la lectura a l\u2019escola. Aquest acompanyament ens est\u00e0 permetent avan\u00e7ar en la creaci\u00f3 del nostre itinerari lector, amb l\u2019objectiu d\u2019oferir una proposta enriquidora i de qualitat que acompanyi l\u2019alumnat al llarg de tota la seva escolaritat.<\/p>\n\n\n\n<p>Us convidem a seguir <a href=\"https:\/\/agora.xtec.cat\/escolapaucasals-horta\/categoria\/biblioteca\/\"><strong>l&#8217;\u00faltima hora de la biblioteca<\/strong><\/a> per estar al dia de les novetats.<\/p>\n\n\n\n<figure class=\"wp-block-image\"><img loading=\"lazy\" decoding=\"async\" width=\"2040\" height=\"1536\" src=\"https:\/\/agora.xtec.cat\/escolapaucasals-horta\/wp-content\/uploads\/usu2657\/2025\/10\/WhatsApp-Image-2025-10-02-at-20.30.441.jpeg\" alt=\"\" class=\"wp-image-4372\" srcset=\"https:\/\/agora.xtec.cat\/escolapaucasals-horta\/wp-content\/uploads\/usu2657\/2025\/10\/WhatsApp-Image-2025-10-02-at-20.30.441.jpeg 2040w, https:\/\/agora.xtec.cat\/escolapaucasals-horta\/wp-content\/uploads\/usu2657\/2025\/10\/WhatsApp-Image-2025-10-02-at-20.30.441-300x226.jpeg 300w, https:\/\/agora.xtec.cat\/escolapaucasals-horta\/wp-content\/uploads\/usu2657\/2025\/10\/WhatsApp-Image-2025-10-02-at-20.30.441-1024x771.jpeg 1024w, https:\/\/agora.xtec.cat\/escolapaucasals-horta\/wp-content\/uploads\/usu2657\/2025\/10\/WhatsApp-Image-2025-10-02-at-20.30.441-768x578.jpeg 768w, https:\/\/agora.xtec.cat\/escolapaucasals-horta\/wp-content\/uploads\/usu2657\/2025\/10\/WhatsApp-Image-2025-10-02-at-20.30.441-1536x1157.jpeg 1536w, https:\/\/agora.xtec.cat\/escolapaucasals-horta\/wp-content\/uploads\/usu2657\/2025\/10\/WhatsApp-Image-2025-10-02-at-20.30.441-200x150.jpeg 200w\" sizes=\"auto, (max-width: 2040px) 100vw, 2040px\" \/><\/figure>\n\n\n\n<figure class=\"wp-block-image size-large\"><a href=\"https:\/\/agora.xtec.cat\/escolapaucasals-horta\/wp-content\/uploads\/usu2657\/2025\/12\/WhatsApp-Image-2025-12-27-at-18.40.17.jpeg\"><img loading=\"lazy\" decoding=\"async\" width=\"1024\" height=\"771\" src=\"https:\/\/agora.xtec.cat\/escolapaucasals-horta\/wp-content\/uploads\/usu2657\/2025\/12\/WhatsApp-Image-2025-12-27-at-18.40.17-1024x771.jpeg\" alt=\"\" class=\"wp-image-4608\" srcset=\"https:\/\/agora.xtec.cat\/escolapaucasals-horta\/wp-content\/uploads\/usu2657\/2025\/12\/WhatsApp-Image-2025-12-27-at-18.40.17-1024x771.jpeg 1024w, https:\/\/agora.xtec.cat\/escolapaucasals-horta\/wp-content\/uploads\/usu2657\/2025\/12\/WhatsApp-Image-2025-12-27-at-18.40.17-300x226.jpeg 300w, https:\/\/agora.xtec.cat\/escolapaucasals-horta\/wp-content\/uploads\/usu2657\/2025\/12\/WhatsApp-Image-2025-12-27-at-18.40.17-768x578.jpeg 768w, https:\/\/agora.xtec.cat\/escolapaucasals-horta\/wp-content\/uploads\/usu2657\/2025\/12\/WhatsApp-Image-2025-12-27-at-18.40.17-1536x1156.jpeg 1536w, https:\/\/agora.xtec.cat\/escolapaucasals-horta\/wp-content\/uploads\/usu2657\/2025\/12\/WhatsApp-Image-2025-12-27-at-18.40.17-200x150.jpeg 200w, https:\/\/agora.xtec.cat\/escolapaucasals-horta\/wp-content\/uploads\/usu2657\/2025\/12\/WhatsApp-Image-2025-12-27-at-18.40.17.jpeg 1600w\" sizes=\"auto, (max-width: 1024px) 100vw, 1024px\" \/><\/a><\/figure>\n\n\n\n<figure class=\"wp-block-image\"><img loading=\"lazy\" decoding=\"async\" width=\"1600\" height=\"1204\" src=\"https:\/\/agora.xtec.cat\/escolapaucasals-horta\/wp-content\/uploads\/usu2657\/2025\/12\/WhatsApp-Image-2025-12-27-at-18.40.171.jpeg\" alt=\"\" class=\"wp-image-4609\" srcset=\"https:\/\/agora.xtec.cat\/escolapaucasals-horta\/wp-content\/uploads\/usu2657\/2025\/12\/WhatsApp-Image-2025-12-27-at-18.40.171.jpeg 1600w, https:\/\/agora.xtec.cat\/escolapaucasals-horta\/wp-content\/uploads\/usu2657\/2025\/12\/WhatsApp-Image-2025-12-27-at-18.40.171-300x226.jpeg 300w, https:\/\/agora.xtec.cat\/escolapaucasals-horta\/wp-content\/uploads\/usu2657\/2025\/12\/WhatsApp-Image-2025-12-27-at-18.40.171-1024x771.jpeg 1024w, https:\/\/agora.xtec.cat\/escolapaucasals-horta\/wp-content\/uploads\/usu2657\/2025\/12\/WhatsApp-Image-2025-12-27-at-18.40.171-768x578.jpeg 768w, https:\/\/agora.xtec.cat\/escolapaucasals-horta\/wp-content\/uploads\/usu2657\/2025\/12\/WhatsApp-Image-2025-12-27-at-18.40.171-1536x1156.jpeg 1536w, https:\/\/agora.xtec.cat\/escolapaucasals-horta\/wp-content\/uploads\/usu2657\/2025\/12\/WhatsApp-Image-2025-12-27-at-18.40.171-200x150.jpeg 200w\" sizes=\"auto, (max-width: 1600px) 100vw, 1600px\" \/><\/figure>\n\n\n\n<figure class=\"wp-block-image\"><img loading=\"lazy\" decoding=\"async\" width=\"1600\" height=\"1204\" src=\"https:\/\/agora.xtec.cat\/escolapaucasals-horta\/wp-content\/uploads\/usu2657\/2025\/12\/WhatsApp-Image-2025-12-27-at-18.40.16.jpeg\" alt=\"\" class=\"wp-image-4610\" srcset=\"https:\/\/agora.xtec.cat\/escolapaucasals-horta\/wp-content\/uploads\/usu2657\/2025\/12\/WhatsApp-Image-2025-12-27-at-18.40.16.jpeg 1600w, https:\/\/agora.xtec.cat\/escolapaucasals-horta\/wp-content\/uploads\/usu2657\/2025\/12\/WhatsApp-Image-2025-12-27-at-18.40.16-300x226.jpeg 300w, https:\/\/agora.xtec.cat\/escolapaucasals-horta\/wp-content\/uploads\/usu2657\/2025\/12\/WhatsApp-Image-2025-12-27-at-18.40.16-1024x771.jpeg 1024w, https:\/\/agora.xtec.cat\/escolapaucasals-horta\/wp-content\/uploads\/usu2657\/2025\/12\/WhatsApp-Image-2025-12-27-at-18.40.16-768x578.jpeg 768w, https:\/\/agora.xtec.cat\/escolapaucasals-horta\/wp-content\/uploads\/usu2657\/2025\/12\/WhatsApp-Image-2025-12-27-at-18.40.16-1536x1156.jpeg 1536w, https:\/\/agora.xtec.cat\/escolapaucasals-horta\/wp-content\/uploads\/usu2657\/2025\/12\/WhatsApp-Image-2025-12-27-at-18.40.16-200x150.jpeg 200w\" sizes=\"auto, (max-width: 1600px) 100vw, 1600px\" \/><\/figure>\n\n\n\n<figure class=\"wp-block-image\"><img loading=\"lazy\" decoding=\"async\" width=\"1600\" height=\"1204\" src=\"https:\/\/agora.xtec.cat\/escolapaucasals-horta\/wp-content\/uploads\/usu2657\/2025\/12\/WhatsApp-Image-2025-12-27-at-18.40.161.jpeg\" alt=\"\" class=\"wp-image-4611\" srcset=\"https:\/\/agora.xtec.cat\/escolapaucasals-horta\/wp-content\/uploads\/usu2657\/2025\/12\/WhatsApp-Image-2025-12-27-at-18.40.161.jpeg 1600w, https:\/\/agora.xtec.cat\/escolapaucasals-horta\/wp-content\/uploads\/usu2657\/2025\/12\/WhatsApp-Image-2025-12-27-at-18.40.161-300x226.jpeg 300w, https:\/\/agora.xtec.cat\/escolapaucasals-horta\/wp-content\/uploads\/usu2657\/2025\/12\/WhatsApp-Image-2025-12-27-at-18.40.161-1024x771.jpeg 1024w, https:\/\/agora.xtec.cat\/escolapaucasals-horta\/wp-content\/uploads\/usu2657\/2025\/12\/WhatsApp-Image-2025-12-27-at-18.40.161-768x578.jpeg 768w, https:\/\/agora.xtec.cat\/escolapaucasals-horta\/wp-content\/uploads\/usu2657\/2025\/12\/WhatsApp-Image-2025-12-27-at-18.40.161-1536x1156.jpeg 1536w, https:\/\/agora.xtec.cat\/escolapaucasals-horta\/wp-content\/uploads\/usu2657\/2025\/12\/WhatsApp-Image-2025-12-27-at-18.40.161-200x150.jpeg 200w\" sizes=\"auto, (max-width: 1600px) 100vw, 1600px\" \/><\/figure>\n\n\n\n<figure class=\"wp-block-image\"><img loading=\"lazy\" decoding=\"async\" width=\"633\" height=\"895\" src=\"https:\/\/agora.xtec.cat\/escolapaucasals-horta\/wp-content\/uploads\/usu2657\/2026\/03\/boceto-biblioteca-capdevila_page-0001-edited.jpg\" alt=\"\" class=\"wp-image-4990\" srcset=\"https:\/\/agora.xtec.cat\/escolapaucasals-horta\/wp-content\/uploads\/usu2657\/2026\/03\/boceto-biblioteca-capdevila_page-0001-edited.jpg 633w, https:\/\/agora.xtec.cat\/escolapaucasals-horta\/wp-content\/uploads\/usu2657\/2026\/03\/boceto-biblioteca-capdevila_page-0001-edited-212x300.jpg 212w\" sizes=\"auto, (max-width: 633px) 100vw, 633px\" \/><\/figure>\n","protected":false},"excerpt":{"rendered":"<p>La biblioteca del Pau Casals ha tingut un llarg recorregut. En els \u00faltims anys hem vist la necessitat de donar un nou impuls a la biblioteca de centre per a qu\u00e8 esdevingui el centre del saber i el coneixement. <\/p>\n<p>Actualment, des de la biblioteca es&hellip;  <a href=\"https:\/\/agora.xtec.cat\/escolapaucasals-horta\/biblioteca\/\" title=\"Read Biblioteca\">Llegeix m\u00e9s\u00bb<\/a><\/p>\n","protected":false},"author":1,"featured_media":4371,"parent":0,"menu_order":0,"comment_status":"closed","ping_status":"close","template":"","meta":{"_bbp_topic_count":0,"_bbp_reply_count":0,"_bbp_total_topic_count":0,"_bbp_total_reply_count":0,"_bbp_voice_count":0,"_bbp_anonymous_reply_count":0,"_bbp_topic_count_hidden":0,"_bbp_reply_count_hidden":0,"_bbp_forum_subforum_count":0,"footnotes":""},"class_list":["post-3647","page","type-page","status-publish","has-post-thumbnail","hentry"],"post_mailing_queue_ids":[],"_links":{"self":[{"href":"https:\/\/agora.xtec.cat\/escolapaucasals-horta\/wp-json\/wp\/v2\/pages\/3647","targetHints":{"allow":["GET"]}}],"collection":[{"href":"https:\/\/agora.xtec.cat\/escolapaucasals-horta\/wp-json\/wp\/v2\/pages"}],"about":[{"href":"https:\/\/agora.xtec.cat\/escolapaucasals-horta\/wp-json\/wp\/v2\/types\/page"}],"author":[{"embeddable":true,"href":"https:\/\/agora.xtec.cat\/escolapaucasals-horta\/wp-json\/wp\/v2\/users\/1"}],"replies":[{"embeddable":true,"href":"https:\/\/agora.xtec.cat\/escolapaucasals-horta\/wp-json\/wp\/v2\/comments?post=3647"}],"version-history":[{"count":5,"href":"https:\/\/agora.xtec.cat\/escolapaucasals-horta\/wp-json\/wp\/v2\/pages\/3647\/revisions"}],"predecessor-version":[{"id":5151,"href":"https:\/\/agora.xtec.cat\/escolapaucasals-horta\/wp-json\/wp\/v2\/pages\/3647\/revisions\/5151"}],"wp:featuredmedia":[{"embeddable":true,"href":"https:\/\/agora.xtec.cat\/escolapaucasals-horta\/wp-json\/wp\/v2\/media\/4371"}],"wp:attachment":[{"href":"https:\/\/agora.xtec.cat\/escolapaucasals-horta\/wp-json\/wp\/v2\/media?parent=3647"}],"curies":[{"name":"wp","href":"https:\/\/api.w.org\/{rel}","templated":true}]}}