{"id":3646,"date":"2025-01-15T12:46:53","date_gmt":"2025-01-15T11:46:53","guid":{"rendered":"https:\/\/agora.xtec.cat\/escolapaucasals-horta\/?page_id=3646"},"modified":"2026-03-14T14:21:18","modified_gmt":"2026-03-14T13:21:18","slug":"ukelele","status":"publish","type":"page","link":"https:\/\/agora.xtec.cat\/escolapaucasals-horta\/ukelele\/","title":{"rendered":"M\u00fasica i Ukelele"},"content":{"rendered":"\n<p>A la nostra escola la m\u00fasica \u00e9s un pilar fonamental en l&#8217;educaci\u00f3 del nostre alumnat ja que afavoreix al seu desenvolupament integral i fomenta valors com la creativitat, el treball cooperatiu i l&#8217;expressi\u00f3 emocional a trav\u00e9s d&#8217;un aprenentatge vivencial.<\/p>\n\n\n\n<p>Mitjan\u00e7ant projectes que ens ofereix la ciutat de Barcelona, el CRP del districte d&#8217;Horta-Guinard\u00f3, la participaci\u00f3 del nostre alumnat els dona la oportunitat de tirar endavant projectes musicals de gran qualitat gaudint de la m\u00fasica en directe i posant en valor les arts esc\u00e8niques.<\/p>\n\n\n\n<p>Pensem que l&#8217;educaci\u00f3 art\u00edstica \u00e9s una eina transversal que contribueix a connectar diferents \u00e0rees del curr\u00edculum, oferint un desenvolupament integral dels infants. Treballem molts d&#8217;aquests projectes amb  grups redu\u00efts poden oferir una atenci\u00f3 m\u00e9s individualitzada.<\/p>\n\n\n\n<p>Aquest plantejament refor\u00e7a el vincle entre escola, fam\u00edlies i comunitat, convertint la m\u00fasica en un dels eixos centrals del projecte educatiu de la nostra escola.<\/p>\n\n\n\n<figure class=\"wp-block-image size-large\"><a href=\"https:\/\/agora.xtec.cat\/escolapaucasals-horta\/wp-content\/uploads\/usu2657\/2026\/03\/IMG_20260213_112417-Copy-1-e1773494422708.jpg\"><img loading=\"lazy\" decoding=\"async\" width=\"1024\" height=\"604\" src=\"https:\/\/agora.xtec.cat\/escolapaucasals-horta\/wp-content\/uploads\/usu2657\/2026\/03\/IMG_20260213_112417-Copy-1-e1773494422708-1024x604.jpg\" alt=\"carnaval batucada\" class=\"wp-image-5104\" srcset=\"https:\/\/agora.xtec.cat\/escolapaucasals-horta\/wp-content\/uploads\/usu2657\/2026\/03\/IMG_20260213_112417-Copy-1-e1773494422708-1024x604.jpg 1024w, https:\/\/agora.xtec.cat\/escolapaucasals-horta\/wp-content\/uploads\/usu2657\/2026\/03\/IMG_20260213_112417-Copy-1-e1773494422708-300x177.jpg 300w, https:\/\/agora.xtec.cat\/escolapaucasals-horta\/wp-content\/uploads\/usu2657\/2026\/03\/IMG_20260213_112417-Copy-1-e1773494422708-768x453.jpg 768w, https:\/\/agora.xtec.cat\/escolapaucasals-horta\/wp-content\/uploads\/usu2657\/2026\/03\/IMG_20260213_112417-Copy-1-e1773494422708-1536x906.jpg 1536w, https:\/\/agora.xtec.cat\/escolapaucasals-horta\/wp-content\/uploads\/usu2657\/2026\/03\/IMG_20260213_112417-Copy-1-e1773494422708.jpg 2000w\" sizes=\"auto, (max-width: 1024px) 100vw, 1024px\" \/><\/a><\/figure>\n\n\n\n<p><\/p>\n\n\n\n<p><\/p>\n\n\n\n<ul class=\"wp-block-list\">\n<li>La f\u00e0brica de colors 1r<\/li>\n\n\n\n<li>EEC- Dansa Ara 2n<\/li>\n\n\n\n<li>Cant\u00e0nia 5\u00e8<\/li>\n\n\n\n<li>6\u00e8 Batucada<\/li>\n\n\n\n<li><strong><a href=\"https:\/\/www.instagram.com\/reel\/C8bwuFxtt9E\/?igsh=dHNjcnZqb29sdDQ5\" data-type=\"link\" data-id=\"https:\/\/www.instagram.com\/reel\/C8bwuFxtt9E\/?igsh=dHNjcnZqb29sdDQ5\">Ukelele<\/a> <\/strong>3r a 6\u00e8. Clique l&#8217;enlla\u00e7 per veure la nostra participaci\u00f3.<\/li>\n\n\n\n<li>Audicions a l&#8217;EMM &#8211; Can Fargues<\/li>\n<\/ul>\n\n\n\n<p><\/p>\n","protected":false},"excerpt":{"rendered":"<p>A la nostra escola la m\u00fasica \u00e9s un pilar fonamental en l&#8217;educaci\u00f3 del nostre alumnat ja que afavoreix al seu desenvolupament integral i fomenta valors com la creativitat, el treball cooperatiu i l&#8217;expressi\u00f3 emocional a trav\u00e9s d&#8217;un aprenentatge vivencial.<\/p>\n<p>Mitjan\u00e7ant projectes que ens ofereix la ciutat&hellip;  <a href=\"https:\/\/agora.xtec.cat\/escolapaucasals-horta\/ukelele\/\" title=\"Read M\u00fasica i Ukelele\">Llegeix m\u00e9s\u00bb<\/a><\/p>\n","protected":false},"author":1,"featured_media":0,"parent":0,"menu_order":0,"comment_status":"closed","ping_status":"close","template":"","meta":{"_bbp_topic_count":0,"_bbp_reply_count":0,"_bbp_total_topic_count":0,"_bbp_total_reply_count":0,"_bbp_voice_count":0,"_bbp_anonymous_reply_count":0,"_bbp_topic_count_hidden":0,"_bbp_reply_count_hidden":0,"_bbp_forum_subforum_count":0,"footnotes":""},"class_list":["post-3646","page","type-page","status-publish","hentry"],"post_mailing_queue_ids":[],"_links":{"self":[{"href":"https:\/\/agora.xtec.cat\/escolapaucasals-horta\/wp-json\/wp\/v2\/pages\/3646","targetHints":{"allow":["GET"]}}],"collection":[{"href":"https:\/\/agora.xtec.cat\/escolapaucasals-horta\/wp-json\/wp\/v2\/pages"}],"about":[{"href":"https:\/\/agora.xtec.cat\/escolapaucasals-horta\/wp-json\/wp\/v2\/types\/page"}],"author":[{"embeddable":true,"href":"https:\/\/agora.xtec.cat\/escolapaucasals-horta\/wp-json\/wp\/v2\/users\/1"}],"replies":[{"embeddable":true,"href":"https:\/\/agora.xtec.cat\/escolapaucasals-horta\/wp-json\/wp\/v2\/comments?post=3646"}],"version-history":[{"count":5,"href":"https:\/\/agora.xtec.cat\/escolapaucasals-horta\/wp-json\/wp\/v2\/pages\/3646\/revisions"}],"predecessor-version":[{"id":5107,"href":"https:\/\/agora.xtec.cat\/escolapaucasals-horta\/wp-json\/wp\/v2\/pages\/3646\/revisions\/5107"}],"wp:attachment":[{"href":"https:\/\/agora.xtec.cat\/escolapaucasals-horta\/wp-json\/wp\/v2\/media?parent=3646"}],"curies":[{"name":"wp","href":"https:\/\/api.w.org\/{rel}","templated":true}]}}