{"id":3427,"date":"2024-09-12T11:09:11","date_gmt":"2024-09-12T09:09:11","guid":{"rendered":"https:\/\/agora.xtec.cat\/escolapaucasals-horta\/?page_id=3427"},"modified":"2026-03-19T19:45:35","modified_gmt":"2026-03-19T18:45:35","slug":"benvinguts","status":"publish","type":"page","link":"https:\/\/agora.xtec.cat\/escolapaucasals-horta\/","title":{"rendered":"PREINSCRIPCI\u00d3 CURS 2026 -2027"},"content":{"rendered":"\n<p>Avui dia 3 de mar\u00e7 de 2026 es publica l&#8217;oferta inicial (Cal consultar l&#8217;oferta final)<\/p>\n\n\n\n<p>Des del dia <em><strong>4 i fins al 18 de mar\u00e7<\/strong><\/em> estar\u00e0 habilitat el formulari que trobareu al <a href=\"https:\/\/preinscripcio.gencat.cat\/ca\/inici\">web de preinscripci\u00f3 <\/a>del Departament perqu\u00e8 les fam\u00edlies puguin presentar la seva sol\u00b7licitud de preinscripci\u00f3 als ensenyaments de segon cicle d\u2019educaci\u00f3 infantil i educaci\u00f3 prim\u00e0ria per al curs 20262027. Durant aquest per\u00edode, si ho desitgen, les fam\u00edlies podran modificar la seva relaci\u00f3 de centres i els criteris al\u00b7legats. El per\u00edode per <strong>presentar la documentaci\u00f3 requerida s\u2019allarga un dia m\u00e9s, fins al 19 de mar\u00e7.<\/strong> Us recordem que els centres podem donar suport a les fam\u00edlies per omplir el formulari.<\/p>\n\n\n\n<p>Igualment, al Consorci d\u2019Educaci\u00f3 han habilitat un dispositiu per donar suport a les fam\u00edlies per fer la preinscripci\u00f3 a trav\u00e9s de les oficines d&#8217;atenci\u00f3, les d\u2019escolaritzaci\u00f3 i les temporals de suport al proc\u00e9s de preinscripci\u00f3. Per fer \u00fas d\u2019aquest servei, caldr\u00e0 demanar cita pr\u00e8via. Podeu consultar-les en <strong><a href=\"https:\/\/www.edubcn.cat\/ca\/alumnat_i_familia\/informacio_general_matriculacio\/informat\">aqu\u00ed <\/a><\/strong><\/p>\n\n\n\n<div class=\"wp-block-media-text is-stacked-on-mobile\" style=\"grid-template-columns:85% auto\"><figure class=\"wp-block-media-text__media\"><img loading=\"lazy\" decoding=\"async\" width=\"1024\" height=\"819\" src=\"https:\/\/agora.xtec.cat\/escolapaucasals-horta\/wp-content\/uploads\/usu2657\/2026\/03\/Oferta-inicial-26-27-1-1024x819.png\" alt=\"\" class=\"wp-image-5022 size-full\"\/><\/figure><div class=\"wp-block-media-text__content\">\n<p><\/p>\n<\/div><\/div>\n\n\n\n<p><\/p>\n\n\n\n<p class=\"has-large-font-size\"><strong>PORTES OBERTES 2026<\/strong><\/p>\n\n\n\n<p>Si no vau poder venir a les portes obertes per\u00f2 esteu interessats en el nostre centre us podeu posar en contacte amb nosaltres i us aclarirem els dubtes que tingueu.<\/p>\n\n\n<div class=\"wp-block-image\">\n<figure class=\"aligncenter size-full is-resized\"><a href=\"https:\/\/agora.xtec.cat\/escolapaucasals-horta\/wp-content\/uploads\/usu2657\/2026\/01\/Captura-de-pantalla-2026-01-14-140303.png\"><img loading=\"lazy\" decoding=\"async\" width=\"869\" height=\"614\" src=\"https:\/\/agora.xtec.cat\/escolapaucasals-horta\/wp-content\/uploads\/usu2657\/2026\/01\/Captura-de-pantalla-2026-01-14-140303.png\" alt=\"\" class=\"wp-image-4660\" style=\"width:437px;height:auto\" srcset=\"https:\/\/agora.xtec.cat\/escolapaucasals-horta\/wp-content\/uploads\/usu2657\/2026\/01\/Captura-de-pantalla-2026-01-14-140303.png 869w, https:\/\/agora.xtec.cat\/escolapaucasals-horta\/wp-content\/uploads\/usu2657\/2026\/01\/Captura-de-pantalla-2026-01-14-140303-300x212.png 300w, https:\/\/agora.xtec.cat\/escolapaucasals-horta\/wp-content\/uploads\/usu2657\/2026\/01\/Captura-de-pantalla-2026-01-14-140303-768x543.png 768w\" sizes=\"auto, (max-width: 869px) 100vw, 869px\" \/><\/a><\/figure><\/div>\n\n\n<h2 class=\"wp-block-heading has-text-align-center has-medium-font-size\"><strong>Informaci\u00f3 sobre el proc\u00e9s de preinscripci\u00f3 i matr\u00edcula pel curs 26-27<\/strong><\/h2>\n\n\n\n<p>Enlla\u00e7 a la <a href=\"https:\/\/www.edubcn.cat\/ca\/alumnat_i_familia\/informacio_general_matriculacio\/preinscripcio_info\">web de Consorci<\/a>. <a href=\"https:\/\/www.edubcn.cat\/ca\/alumnat_i_familia\/informacio_general_matriculacio\/normativa\">NORMATIVA<\/a><\/p>\n\n\n\n<p><strong>Calendari de presentaci\u00f3 de sol\u00b7licituds per a la preinscripci\u00f3 del curs 2026-2027<\/strong><\/p>\n\n\n\n<p><strong>Publicaci\u00f3 de l&#8217;<a href=\"http:\/\/mapaescolar.gencat.cat\/\" target=\"_blank\" rel=\"noreferrer noopener\">oferta inicial<\/a>&nbsp;de places escolars: 3 de mar\u00e7 de 2026<\/strong><\/p>\n\n\n\n<p><strong>Presentaci\u00f3 de sol\u00b7licituds de d&#8217;educaci\u00f3 infantil (3-6 anys) i prim\u00e0ria (6-12 anys): del 4 al 18 de mar\u00e7 de 2026<\/strong><\/p>\n\n\n\n<p><strong>Presentaci\u00f3 de sol\u00b7licituds d&#8217;ESO (12-16 anys): el 6 al 18 de mar\u00e7 de 2026<\/strong><\/p>\n\n\n\n<p>La&nbsp;<strong>documentaci\u00f3<\/strong>&nbsp;es pot presentar fins al&nbsp;<strong>19 de mar\u00e7 de 2026<\/strong>.<\/p>\n\n\n\n<p>\u00c9s molt important respectar les dates, perqu\u00e8 les sol\u00b7licituds que es presentin fora d&#8217;aquest termini perdran totes les prioritats que haurien pogut tenir a l&#8217;hora d&#8217;obtenir la pla\u00e7a. Els criteris de prioritat serveixen per donar una puntuaci\u00f3 a cada sol\u00b7licitud. D&#8217;aquesta manera s&#8217;estableix l&#8217;ordre d&#8217;acc\u00e9s a les places de cada centre. Cal presentar la sol\u00b7licitud i adjuntar-hi la documentaci\u00f3 d&#8217;identificaci\u00f3 o de criteris que correspongui.<\/p>\n\n\n\n<p class=\"has-text-align-center\">___________________________________________________________________<\/p>\n\n\n\n<h1 class=\"wp-block-heading\">EL NOSTRE TRENCAD\u00cdS<\/h1>\n\n\n\n<div class=\"wp-block-file\"><\/div>\n\n\n\n<figure class=\"wp-block-gallery has-nested-images columns-default is-cropped wp-block-gallery-1 is-layout-flex wp-block-gallery-is-layout-flex\">\n<figure class=\"wp-block-image size-large\"><a href=\"https:\/\/agora.xtec.cat\/escolapaucasals-horta\/wp-content\/uploads\/usu2657\/2026\/01\/IMG-20260114-WA0006-1-scaled.jpg\"><img loading=\"lazy\" decoding=\"async\" width=\"1024\" height=\"511\" data-id=\"4664\" src=\"https:\/\/agora.xtec.cat\/escolapaucasals-horta\/wp-content\/uploads\/usu2657\/2026\/01\/IMG-20260114-WA0006-1-1024x511.jpg\" alt=\"\" class=\"wp-image-4664\" srcset=\"https:\/\/agora.xtec.cat\/escolapaucasals-horta\/wp-content\/uploads\/usu2657\/2026\/01\/IMG-20260114-WA0006-1-1024x511.jpg 1024w, https:\/\/agora.xtec.cat\/escolapaucasals-horta\/wp-content\/uploads\/usu2657\/2026\/01\/IMG-20260114-WA0006-1-300x150.jpg 300w, https:\/\/agora.xtec.cat\/escolapaucasals-horta\/wp-content\/uploads\/usu2657\/2026\/01\/IMG-20260114-WA0006-1-768x383.jpg 768w, https:\/\/agora.xtec.cat\/escolapaucasals-horta\/wp-content\/uploads\/usu2657\/2026\/01\/IMG-20260114-WA0006-1-1536x766.jpg 1536w, https:\/\/agora.xtec.cat\/escolapaucasals-horta\/wp-content\/uploads\/usu2657\/2026\/01\/IMG-20260114-WA0006-1-2048x1021.jpg 2048w\" sizes=\"auto, (max-width: 1024px) 100vw, 1024px\" \/><\/a><\/figure>\n<\/figure>\n\n\n\n<p><\/p>\n\n\n\n<p class=\"has-text-align-left\">Enguany, per celebrar que \u00e9s l\u2019Any Gaud\u00ed, fil conductor de moltes de les activitats del curs 2025-26, hem decidit crear un mural estil trencad\u00eds al vest\u00edbul de l\u2019escola.<\/p>\n\n\n\n<p class=\"has-text-align-left\">Amb material reciclat i la participaci\u00f3 de tots els nens i nenes del centre, hem realitzat aquest gran mural que incorpora el nom de la nostra escola, el logotip i un violoncel, en homenatge a l\u2019artista que dona nom a l\u2019escola: Pau Casals.<\/p>\n\n\n\n<h2 class=\"wp-block-heading\"><\/h2>\n\n\n\n<p><\/p>\n\n\n\n<p><\/p>\n","protected":false},"excerpt":{"rendered":"<p>Avui dia 3 de mar\u00e7 de 2026 es publica l&#8217;oferta inicial (Cal consultar l&#8217;oferta final)<\/p>\n<p>Des del dia 4 i fins al 18 de mar\u00e7 estar\u00e0 habilitat el formulari que trobareu al <a href=\"https:\/\/preinscripcio.gencat.cat\/ca\/inici\">web de preinscripci\u00f3 <\/a>del Departament perqu\u00e8 les fam\u00edlies puguin presentar la seva sol\u00b7licitud&hellip;  <a href=\"https:\/\/agora.xtec.cat\/escolapaucasals-horta\/\" title=\"Read PREINSCRIPCI\u00d3 CURS 2026 -2027\">Llegeix m\u00e9s\u00bb<\/a><\/p>\n","protected":false},"author":1,"featured_media":0,"parent":0,"menu_order":0,"comment_status":"closed","ping_status":"closed","template":"","meta":{"_bbp_topic_count":0,"_bbp_reply_count":0,"_bbp_total_topic_count":0,"_bbp_total_reply_count":0,"_bbp_voice_count":0,"_bbp_anonymous_reply_count":0,"_bbp_topic_count_hidden":0,"_bbp_reply_count_hidden":0,"_bbp_forum_subforum_count":0,"footnotes":""},"class_list":["post-3427","page","type-page","status-publish","hentry"],"post_mailing_queue_ids":[],"_links":{"self":[{"href":"https:\/\/agora.xtec.cat\/escolapaucasals-horta\/wp-json\/wp\/v2\/pages\/3427","targetHints":{"allow":["GET"]}}],"collection":[{"href":"https:\/\/agora.xtec.cat\/escolapaucasals-horta\/wp-json\/wp\/v2\/pages"}],"about":[{"href":"https:\/\/agora.xtec.cat\/escolapaucasals-horta\/wp-json\/wp\/v2\/types\/page"}],"author":[{"embeddable":true,"href":"https:\/\/agora.xtec.cat\/escolapaucasals-horta\/wp-json\/wp\/v2\/users\/1"}],"replies":[{"embeddable":true,"href":"https:\/\/agora.xtec.cat\/escolapaucasals-horta\/wp-json\/wp\/v2\/comments?post=3427"}],"version-history":[{"count":6,"href":"https:\/\/agora.xtec.cat\/escolapaucasals-horta\/wp-json\/wp\/v2\/pages\/3427\/revisions"}],"predecessor-version":[{"id":5126,"href":"https:\/\/agora.xtec.cat\/escolapaucasals-horta\/wp-json\/wp\/v2\/pages\/3427\/revisions\/5126"}],"wp:attachment":[{"href":"https:\/\/agora.xtec.cat\/escolapaucasals-horta\/wp-json\/wp\/v2\/media?parent=3427"}],"curies":[{"name":"wp","href":"https:\/\/api.w.org\/{rel}","templated":true}]}}