{"id":30,"date":"2014-09-18T12:30:23","date_gmt":"2014-09-18T11:30:23","guid":{"rendered":"http:\/\/agora.xtec.cat\/escolapaucasals-horta\/?page_id=30"},"modified":"2026-03-07T14:57:44","modified_gmt":"2026-03-07T13:57:44","slug":"instal%c2%b7lacions","status":"publish","type":"page","link":"https:\/\/agora.xtec.cat\/escolapaucasals-horta\/lescola\/instal%c2%b7lacions\/","title":{"rendered":"Instal\u00b7lacions"},"content":{"rendered":"\n<p>A m\u00e9s de les aules de cada grup,  comptem amb aules de: <br>de m\u00fasica,  de pl\u00e0stica, de tecnologia, de ci\u00e8ncia, d\u2019angl\u00e8s, 2 aules de suport inclusiu, ludoteca, biblioteca poliesportiu.<\/p>\n\n\n\n<p>Espais a l&#8217;aire lliure com: zona de p\u00edcnic, patis i pistes esportives, hort<\/p>\n\n\n\n<p>Tamb\u00e9 tenim cuina pr\u00f2pia i espai de menjador. L&#8217;alumnat d&#8217;I3 dina i dorm en una aula polivalent propera per a dotar-los d&#8217;un espai m\u00e9s tranquil.<\/p>\n\n\n\n<p>Enguany es climatitzaran 5 escoles a Horta-Guinard\u00f3<\/p>\n\n\n\n<p>A la nostra escola s&#8217;instal\u00b7laran nous sistemes d&#8217;aerot\u00e8rmia al llarg del 2026 gr\u00e0cies al Pla Clima Escola Barcelona. El projecte \u00e9s finan\u00e7at amb la taxa tur\u00edstica. <\/p>\n\n\n\n<p>Les actuacions del Pla Clima Escola Barcelona permeten&nbsp;<strong>millorar la qualitat ambiental de les aules<\/strong>&nbsp;gr\u00e0cies a la renovaci\u00f3 de l\u2019aire, la garantia de temperatures \u00f2ptimes i la reducci\u00f3 del soroll i de la contaminaci\u00f3 interior.<\/p>\n\n\n\n<p>L\u2019<strong>aerot\u00e8rmia<\/strong>&nbsp;\u00e9s un sistema que utilitza electricitat per produir fred per als mesos de primavera i estiu, i calor per als mesos d\u2019hivern. Per abastir-lo d\u2019energia, tamb\u00e9 s\u2019instal\u00b7len plaques fotovoltaiques, que fan dels centres educatius petites centrals productores d\u2019energia neta, un recurs per a la descarbonitzaci\u00f3 i la lluita contra el canvi clim\u00e0tic.<\/p>\n\n\n\n<p>Atesa la naturalesa del projecte, que implica la instal\u00b7laci\u00f3 d\u2019un&nbsp;<strong>sistema d\u2019alt impacte tecnol\u00f2gic i gran complexitat<\/strong>, en alguns casos el proc\u00e9s de posada en marxa es pot prolongar durant uns mesos addicionals, necessaris per a la seva regulaci\u00f3, optimitzaci\u00f3 i legalitzaci\u00f3 definitiva.<\/p>\n\n\n\n<p>Llegeix la not\u00edcia <a href=\"https:\/\/ajuntament.barcelona.cat\/horta-guinardo\/ca\/noticies\/enguany-es-climatitzaran-5-escoles-a-hortaguinardo-1607992?utm_content=C8090-I10&amp;utm_source=ecoms&amp;utm_medium=email&amp;utm_term=Destacado%20principal-contingut\" data-type=\"link\" data-id=\"https:\/\/ajuntament.barcelona.cat\/horta-guinardo\/ca\/noticies\/enguany-es-climatitzaran-5-escoles-a-hortaguinardo-1607992?utm_content=C8090-I10&amp;utm_source=ecoms&amp;utm_medium=email&amp;utm_term=Destacado%20principal-contingut\"><strong>aqu\u00ed<\/strong><\/a>.<\/p>\n\n\n\r\n\t<div class=\"slideshow_container slideshow_container_style-light\" style=\"height: 300px; \" data-slideshow-id=\"142\" data-style-name=\"style-light\" data-style-version=\"2.3.1\" >\r\n\r\n\t\t\t\t\t<div class=\"slideshow_loading_icon\"><\/div>\r\n\t\t\r\n\t\t<div class=\"slideshow_content\" style=\"display: none;\">\r\n\r\n\t\t\t<div class=\"slideshow_view\">\r\n\t\t\t\t<div class=\"slideshow_slide slideshow_slide_image\">\r\n\t\t\t\t\t\t\t\t\t\t\t<img src=\"https:\/\/agora.xtec.cat\/escolapaucasals-horta\/wp-content\/uploads\/usu2657\/2022\/02\/6-1.jpg\" alt=\"6\" width=\"1024\" height=\"728\" \/>\r\n\t\t\t\t\t\t\t\t\t\t<div class=\"slideshow_description_box slideshow_transparent\">\r\n\t\t\t\t\t\t<div class=\"slideshow_title\">6<\/div>\t\t\t\t\t\t\t\t\t\t\t<\/div>\r\n\t\t\t\t<\/div>\r\n\r\n\t\t\t\t\t\t<div style=\"clear: both;\"><\/div><\/div><div class=\"slideshow_view\">\r\n\t\t\t\t<div class=\"slideshow_slide slideshow_slide_image\">\r\n\t\t\t\t\t\t\t\t\t\t\t<img src=\"https:\/\/agora.xtec.cat\/escolapaucasals-horta\/wp-content\/uploads\/usu2657\/2022\/02\/8.jpg\" alt=\"8\" width=\"1024\" height=\"728\" \/>\r\n\t\t\t\t\t\t\t\t\t\t<div class=\"slideshow_description_box slideshow_transparent\">\r\n\t\t\t\t\t\t<div class=\"slideshow_title\">8<\/div>\t\t\t\t\t\t\t\t\t\t\t<\/div>\r\n\t\t\t\t<\/div>\r\n\r\n\t\t\t\t\t\t<div style=\"clear: both;\"><\/div><\/div><div class=\"slideshow_view\">\r\n\t\t\t\t<div class=\"slideshow_slide slideshow_slide_image\">\r\n\t\t\t\t\t\t\t\t\t\t\t<img src=\"https:\/\/agora.xtec.cat\/escolapaucasals-horta\/wp-content\/uploads\/usu2657\/2022\/02\/1.jpg\" alt=\"1\" width=\"1024\" height=\"728\" \/>\r\n\t\t\t\t\t\t\t\t\t\t<div class=\"slideshow_description_box slideshow_transparent\">\r\n\t\t\t\t\t\t<div class=\"slideshow_title\">1<\/div>\t\t\t\t\t\t\t\t\t\t\t<\/div>\r\n\t\t\t\t<\/div>\r\n\r\n\t\t\t\t\t\t<div style=\"clear: both;\"><\/div><\/div><div class=\"slideshow_view\">\r\n\t\t\t\t<div class=\"slideshow_slide slideshow_slide_image\">\r\n\t\t\t\t\t\t\t\t\t\t\t<img src=\"https:\/\/agora.xtec.cat\/escolapaucasals-horta\/wp-content\/uploads\/usu2657\/2022\/02\/3.jpg\" alt=\"3\" width=\"1024\" height=\"728\" \/>\r\n\t\t\t\t\t\t\t\t\t\t<div class=\"slideshow_description_box slideshow_transparent\">\r\n\t\t\t\t\t\t<div class=\"slideshow_title\">3<\/div>\t\t\t\t\t\t\t\t\t\t\t<\/div>\r\n\t\t\t\t<\/div>\r\n\r\n\t\t\t\t\t\t<div style=\"clear: both;\"><\/div><\/div><div class=\"slideshow_view\">\r\n\t\t\t\t<div class=\"slideshow_slide slideshow_slide_image\">\r\n\t\t\t\t\t\t\t\t\t\t\t<img src=\"https:\/\/agora.xtec.cat\/escolapaucasals-horta\/wp-content\/uploads\/usu2657\/2022\/02\/5.jpg\" alt=\"5\" width=\"1024\" height=\"728\" \/>\r\n\t\t\t\t\t\t\t\t\t\t<div class=\"slideshow_description_box slideshow_transparent\">\r\n\t\t\t\t\t\t<div class=\"slideshow_title\">5<\/div>\t\t\t\t\t\t\t\t\t\t\t<\/div>\r\n\t\t\t\t<\/div>\r\n\r\n\t\t\t\t\t\t<div style=\"clear: both;\"><\/div><\/div><div class=\"slideshow_view\">\r\n\t\t\t\t<div class=\"slideshow_slide slideshow_slide_image\">\r\n\t\t\t\t\t\t\t\t\t\t\t<img src=\"https:\/\/agora.xtec.cat\/escolapaucasals-horta\/wp-content\/uploads\/usu2657\/2022\/02\/7.jpg\" alt=\"7\" width=\"1024\" height=\"728\" \/>\r\n\t\t\t\t\t\t\t\t\t\t<div class=\"slideshow_description_box slideshow_transparent\">\r\n\t\t\t\t\t\t<div class=\"slideshow_title\">7<\/div>\t\t\t\t\t\t\t\t\t\t\t<\/div>\r\n\t\t\t\t<\/div>\r\n\r\n\t\t\t\t\t\t<div style=\"clear: both;\"><\/div><\/div><div class=\"slideshow_view\">\r\n\t\t\t\t<div class=\"slideshow_slide slideshow_slide_image\">\r\n\t\t\t\t\t\t\t\t\t\t\t<img src=\"https:\/\/agora.xtec.cat\/escolapaucasals-horta\/wp-content\/uploads\/usu2657\/2022\/02\/4.jpg\" alt=\"4\" width=\"1024\" height=\"728\" \/>\r\n\t\t\t\t\t\t\t\t\t\t<div class=\"slideshow_description_box slideshow_transparent\">\r\n\t\t\t\t\t\t<div class=\"slideshow_title\">4<\/div>\t\t\t\t\t\t\t\t\t\t\t<\/div>\r\n\t\t\t\t<\/div>\r\n\r\n\t\t\t\t\t\t<div style=\"clear: both;\"><\/div><\/div><div class=\"slideshow_view\">\r\n\t\t\t\t<div class=\"slideshow_slide slideshow_slide_image\">\r\n\t\t\t\t\t\t\t\t\t\t\t<img src=\"https:\/\/agora.xtec.cat\/escolapaucasals-horta\/wp-content\/uploads\/usu2657\/2022\/02\/9.jpg\" alt=\"9\" width=\"1024\" height=\"728\" \/>\r\n\t\t\t\t\t\t\t\t\t\t<div class=\"slideshow_description_box slideshow_transparent\">\r\n\t\t\t\t\t\t<div class=\"slideshow_title\">9<\/div>\t\t\t\t\t\t\t\t\t\t\t<\/div>\r\n\t\t\t\t<\/div>\r\n\r\n\t\t\t\t\t\t<div style=\"clear: both;\"><\/div><\/div>\r\n\t\t<\/div>\r\n\r\n\t\t<div class=\"slideshow_controlPanel slideshow_transparent\" style=\"display: none;\"><ul><li class=\"slideshow_togglePlay\" data-play-text=\"Visualitza\" data-pause-text=\"Pausa\"><\/li><\/ul><\/div>\r\n\r\n\t\t<div class=\"slideshow_button slideshow_previous slideshow_transparent\" role=\"button\" data-previous-text=\"Anterior\" style=\"display: none;\"><\/div>\r\n\t\t<div class=\"slideshow_button slideshow_next slideshow_transparent\" role=\"button\" data-next-text=\"Seg\u00fcent\" style=\"display: none;\"><\/div>\r\n\r\n\t\t<div class=\"slideshow_pagination\" style=\"display: none;\" data-go-to-text=\"V\u00e9s a la diapositiva\"><div class=\"slideshow_pagination_center\"><\/div><\/div>\r\n\r\n\t\t<!-- WordPress Slideshow Version 2.3.1 -->\r\n\r\n\t\t\t<\/div>\r\n\r\n\n\n\n<figure class=\"wp-block-image size-large\"><a href=\"https:\/\/agora.xtec.cat\/escolapaucasals-horta\/wp-content\/uploads\/usu2657\/2026\/03\/IMG-20251126-WA0003-e1772625862343.jpg\"><img loading=\"lazy\" decoding=\"async\" width=\"1024\" height=\"566\" src=\"https:\/\/agora.xtec.cat\/escolapaucasals-horta\/wp-content\/uploads\/usu2657\/2026\/03\/IMG-20251126-WA0003-e1772625862343-1024x566.jpg\" alt=\"\" class=\"wp-image-5006\" srcset=\"https:\/\/agora.xtec.cat\/escolapaucasals-horta\/wp-content\/uploads\/usu2657\/2026\/03\/IMG-20251126-WA0003-e1772625862343-1024x566.jpg 1024w, https:\/\/agora.xtec.cat\/escolapaucasals-horta\/wp-content\/uploads\/usu2657\/2026\/03\/IMG-20251126-WA0003-e1772625862343-300x166.jpg 300w, https:\/\/agora.xtec.cat\/escolapaucasals-horta\/wp-content\/uploads\/usu2657\/2026\/03\/IMG-20251126-WA0003-e1772625862343-768x425.jpg 768w, https:\/\/agora.xtec.cat\/escolapaucasals-horta\/wp-content\/uploads\/usu2657\/2026\/03\/IMG-20251126-WA0003-e1772625862343-1536x849.jpg 1536w, https:\/\/agora.xtec.cat\/escolapaucasals-horta\/wp-content\/uploads\/usu2657\/2026\/03\/IMG-20251126-WA0003-e1772625862343.jpg 1592w\" sizes=\"auto, (max-width: 1024px) 100vw, 1024px\" \/><\/a><\/figure>\n","protected":false},"excerpt":{"rendered":"<p>A m\u00e9s de les aules de cada grup,  comptem amb aules de: de m\u00fasica,  de pl\u00e0stica, de tecnologia, de ci\u00e8ncia, d\u2019angl\u00e8s, 2 aules de suport inclusiu, ludoteca, biblioteca poliesportiu.<\/p>\n<p>Espais a l&#8217;aire lliure com: zona de p\u00edcnic, patis i pistes esportives, hort<\/p>\n<p>Tamb\u00e9 tenim cuina&hellip;  <a href=\"https:\/\/agora.xtec.cat\/escolapaucasals-horta\/lescola\/instal%c2%b7lacions\/\" title=\"Read Instal\u00b7lacions\">Llegeix m\u00e9s\u00bb<\/a><\/p>\n","protected":false},"author":1,"featured_media":0,"parent":22,"menu_order":45,"comment_status":"closed","ping_status":"closed","template":"page-templates\/side-menu.php","meta":{"_bbp_topic_count":0,"_bbp_reply_count":0,"_bbp_total_topic_count":0,"_bbp_total_reply_count":0,"_bbp_voice_count":0,"_bbp_anonymous_reply_count":0,"_bbp_topic_count_hidden":0,"_bbp_reply_count_hidden":0,"_bbp_forum_subforum_count":0,"footnotes":""},"class_list":["post-30","page","type-page","status-publish","hentry"],"post_mailing_queue_ids":[],"_links":{"self":[{"href":"https:\/\/agora.xtec.cat\/escolapaucasals-horta\/wp-json\/wp\/v2\/pages\/30","targetHints":{"allow":["GET"]}}],"collection":[{"href":"https:\/\/agora.xtec.cat\/escolapaucasals-horta\/wp-json\/wp\/v2\/pages"}],"about":[{"href":"https:\/\/agora.xtec.cat\/escolapaucasals-horta\/wp-json\/wp\/v2\/types\/page"}],"author":[{"embeddable":true,"href":"https:\/\/agora.xtec.cat\/escolapaucasals-horta\/wp-json\/wp\/v2\/users\/1"}],"replies":[{"embeddable":true,"href":"https:\/\/agora.xtec.cat\/escolapaucasals-horta\/wp-json\/wp\/v2\/comments?post=30"}],"version-history":[{"count":6,"href":"https:\/\/agora.xtec.cat\/escolapaucasals-horta\/wp-json\/wp\/v2\/pages\/30\/revisions"}],"predecessor-version":[{"id":5030,"href":"https:\/\/agora.xtec.cat\/escolapaucasals-horta\/wp-json\/wp\/v2\/pages\/30\/revisions\/5030"}],"up":[{"embeddable":true,"href":"https:\/\/agora.xtec.cat\/escolapaucasals-horta\/wp-json\/wp\/v2\/pages\/22"}],"wp:attachment":[{"href":"https:\/\/agora.xtec.cat\/escolapaucasals-horta\/wp-json\/wp\/v2\/media?parent=30"}],"curies":[{"name":"wp","href":"https:\/\/api.w.org\/{rel}","templated":true}]}}