{"id":28,"date":"2014-09-18T12:29:35","date_gmt":"2014-09-18T11:29:35","guid":{"rendered":"http:\/\/agora.xtec.cat\/escolapaucasals-horta\/?page_id=28"},"modified":"2026-01-09T19:12:18","modified_gmt":"2026-01-09T18:12:18","slug":"consell-escolar","status":"publish","type":"page","link":"https:\/\/agora.xtec.cat\/escolapaucasals-horta\/lescola\/consell-escolar\/","title":{"rendered":"Consell escolar Curs 25-26"},"content":{"rendered":"<table style=\"border-collapse: collapse; width: 84.6346%; height: 256px;\">\n<tbody>\n<tr style=\"height: 32px;\">\n<td style=\"height: 32px;\">Presidenta:<\/td>\n<td style=\"height: 32px;\">Vanessa Puentes<\/td>\n<\/tr>\n<tr style=\"height: 32px;\">\n<td style=\"height: 32px;\">Cap d&#8217;estudis:<\/td>\n<td style=\"height: 32px;\">Violant Olivares<\/td>\n<\/tr>\n<tr style=\"height: 32px;\">\n<td style=\"height: 32px;\">Representant de l&#8217;Ajuntament:<\/td>\n<td style=\"height: 32px;\">J\u00falia Laorden<\/td>\n<\/tr>\n<tr style=\"height: 32px;\">\n<td style=\"height: 32px;\">Representant del professorat:<\/td>\n<td style=\"height: 32px;\">Eva Mu\u00f1oz, Olga Jim\u00e9nez, Laura Mart\u00ed i S\u00edlvia Pastor<\/td>\n<\/tr>\n<tr style=\"height: 32px;\">\n<td style=\"height: 32px;\">Representant de pares i mares:<\/td>\n<td style=\"height: 32px;\">Elena Lacort, Vanessa Naranjo, Adriana P\u00e9rez<\/td>\n<\/tr>\n<tr style=\"height: 32px;\">\n<td style=\"height: 32px;\">Representant de l&#8217;AFA:<\/td>\n<td style=\"height: 32px;\">N\u00faria Campuzano<\/td>\n<\/tr>\n<tr style=\"height: 32px;\">\n<td style=\"height: 32px;\">Representant del PAS:<\/td>\n<td style=\"height: 32px;\">Anna Fajardo<\/td>\n<\/tr>\n<tr style=\"height: 32px;\">\n<td style=\"height: 32px;\">Secretari\/\u00e0ria:<\/td>\n<td style=\"height: 32px;\">Jordi Vila<\/td>\n<\/tr>\n<\/tbody>\n<\/table>\n","protected":false},"excerpt":{"rendered":"<p>Presidenta:<br \/>\nVanessa Puentes<\/p>\n<p>Cap d&#8217;estudis:<br \/>\nViolant Olivares<\/p>\n<p>Representant de l&#8217;Ajuntament:<br \/>\nJ\u00falia Laorden<\/p>\n<p>Representant del professorat:<br \/>\nEva Mu\u00f1oz, Olga Jim\u00e9nez, Laura Mart\u00ed i S\u00edlvia Pastor<\/p>\n<p>Representant de pares i mares:<br \/>\nElena Lacort, Vanessa Naranjo, Adriana P\u00e9rez<\/p>\n<p>Representant de l&#8217;AFA:<br \/>\nN\u00faria Campuzano<\/p>\n<p>Representant del PAS:<br \/>\nAnna Fajardo<\/p>\n<p>Secretari\/\u00e0ria:<br \/>\nJordi Vila<\/p>\n","protected":false},"author":1,"featured_media":0,"parent":22,"menu_order":35,"comment_status":"closed","ping_status":"closed","template":"page-templates\/side-menu.php","meta":{"_bbp_topic_count":0,"_bbp_reply_count":0,"_bbp_total_topic_count":0,"_bbp_total_reply_count":0,"_bbp_voice_count":0,"_bbp_anonymous_reply_count":0,"_bbp_topic_count_hidden":0,"_bbp_reply_count_hidden":0,"_bbp_forum_subforum_count":0,"footnotes":""},"class_list":["post-28","page","type-page","status-publish","hentry"],"post_mailing_queue_ids":[],"_links":{"self":[{"href":"https:\/\/agora.xtec.cat\/escolapaucasals-horta\/wp-json\/wp\/v2\/pages\/28","targetHints":{"allow":["GET"]}}],"collection":[{"href":"https:\/\/agora.xtec.cat\/escolapaucasals-horta\/wp-json\/wp\/v2\/pages"}],"about":[{"href":"https:\/\/agora.xtec.cat\/escolapaucasals-horta\/wp-json\/wp\/v2\/types\/page"}],"author":[{"embeddable":true,"href":"https:\/\/agora.xtec.cat\/escolapaucasals-horta\/wp-json\/wp\/v2\/users\/1"}],"replies":[{"embeddable":true,"href":"https:\/\/agora.xtec.cat\/escolapaucasals-horta\/wp-json\/wp\/v2\/comments?post=28"}],"version-history":[{"count":6,"href":"https:\/\/agora.xtec.cat\/escolapaucasals-horta\/wp-json\/wp\/v2\/pages\/28\/revisions"}],"predecessor-version":[{"id":4629,"href":"https:\/\/agora.xtec.cat\/escolapaucasals-horta\/wp-json\/wp\/v2\/pages\/28\/revisions\/4629"}],"up":[{"embeddable":true,"href":"https:\/\/agora.xtec.cat\/escolapaucasals-horta\/wp-json\/wp\/v2\/pages\/22"}],"wp:attachment":[{"href":"https:\/\/agora.xtec.cat\/escolapaucasals-horta\/wp-json\/wp\/v2\/media?parent=28"}],"curies":[{"name":"wp","href":"https:\/\/api.w.org\/{rel}","templated":true}]}}