{"id":2020,"date":"2023-01-19T12:40:00","date_gmt":"2023-01-19T11:40:00","guid":{"rendered":"https:\/\/agora.xtec.cat\/escolapaucasals-horta\/?page_id=2020"},"modified":"2023-05-11T12:33:09","modified_gmt":"2023-05-11T10:33:09","slug":"objectius","status":"publish","type":"page","link":"https:\/\/agora.xtec.cat\/escolapaucasals-horta\/estrategia-digital-de-centre\/estrategia\/objectius\/","title":{"rendered":"Objectius"},"content":{"rendered":"<p dir=\"ltr\">A partir de tota la informaci\u00f3 que s\u2019ha rebut de la diagnosi es van establir els punts forts i els punts febles de l&#8217;escola. A partir d&#8217;aqu\u00ed s&#8217;han establert els els objectius a assolir a l&#8217;estrat\u00e8gia digital del centre:<\/p>\n<p><img loading=\"lazy\" decoding=\"async\" class=\"aligncenter size-full wp-image-6858\" src=\"https:\/\/agora.xtec.cat\/escolajoseppla\/wp-content\/uploads\/usu1495\/2022\/06\/objectius-de-lEDC.png\" sizes=\"auto, (max-width: 1024px) 100vw, 1024px\" srcset=\"https:\/\/agora.xtec.cat\/escolajoseppla\/wp-content\/uploads\/usu1495\/2022\/06\/objectius-de-lEDC.png 1024w, https:\/\/agora.xtec.cat\/escolajoseppla\/wp-content\/uploads\/usu1495\/2022\/06\/objectius-de-lEDC-300x111.png 300w, https:\/\/agora.xtec.cat\/escolajoseppla\/wp-content\/uploads\/usu1495\/2022\/06\/objectius-de-lEDC-768x284.png 768w\" alt=\"\" width=\"1024\" height=\"378\" \/><\/p>\n<p><strong>OBJECTIU 1-Definir el desplegament complet de la compet\u00e8ncia digital de l\u2019alumnat.<\/strong><\/p>\n<p><strong>OBJECTIU 2- Formar al professorat per millorar la seva Compet\u00e8ncia Digital.<\/strong><\/p>\n<p><strong>OBJECTIU 3- Millorar l\u2019acolliment digital de les fam\u00edlies, el professorat i l\u2019alumnat.<\/strong><\/p>\n<p><strong>OBJECTIU 4- Consensuar la utilitzaci\u00f3 de diverses aplicacions i recursos digitals com a eines d&#8217;ensenyament-aprenentatge per fomentar-ne l&#8217;\u00fas transversal.<\/strong><\/p>\n<p><strong>OBJECTIU 5- Informar a les fam\u00edlies sobre aspectes digitals relacionats amb l&#8217;\u00fas dels EVA, el n\u00favol i ciberseguretat.<\/strong><\/p>\n<p><strong>OBJECTIU 6- Conscienciar l&#8217;alumnat sobre la necessitat del benestar digital per fomentar el seu esperit cr\u00edtic.<\/strong><\/p>\n<p>Volem un centre on es treballi l\u2019\u00e0mbit digital a totes les \u00e0rees del curr\u00edculum. Volem que la nostra comunitat educativa sigui digitalment competent i per aquest motiu s&#8217;han establert unes activitats espec\u00edfiques per a assolir els objectius anteriorment esmentats a l&#8217;estrat\u00e8gia digital del nostre centre.<\/p>\n","protected":false},"excerpt":{"rendered":"<p>A partir de tota la informaci\u00f3 que s\u2019ha rebut de la diagnosi es van establir els punts forts i els punts febles de l&#8217;escola. A partir d&#8217;aqu\u00ed s&#8217;han establert els els objectius a assolir a l&#8217;estrat\u00e8gia digital del centre:<\/p>\n<p>OBJECTIU 1-Definir el desplegament complet de la&hellip;  <a href=\"https:\/\/agora.xtec.cat\/escolapaucasals-horta\/estrategia-digital-de-centre\/estrategia\/objectius\/\" title=\"Read Objectius\">Llegeix m\u00e9s\u00bb<\/a><\/p>\n","protected":false},"author":1,"featured_media":0,"parent":2007,"menu_order":0,"comment_status":"closed","ping_status":"closed","template":"page-templates\/side-menu.php","meta":{"_bbp_topic_count":0,"_bbp_reply_count":0,"_bbp_total_topic_count":0,"_bbp_total_reply_count":0,"_bbp_voice_count":0,"_bbp_anonymous_reply_count":0,"_bbp_topic_count_hidden":0,"_bbp_reply_count_hidden":0,"_bbp_forum_subforum_count":0,"footnotes":""},"class_list":["post-2020","page","type-page","status-publish","hentry"],"post_mailing_queue_ids":[],"_links":{"self":[{"href":"https:\/\/agora.xtec.cat\/escolapaucasals-horta\/wp-json\/wp\/v2\/pages\/2020","targetHints":{"allow":["GET"]}}],"collection":[{"href":"https:\/\/agora.xtec.cat\/escolapaucasals-horta\/wp-json\/wp\/v2\/pages"}],"about":[{"href":"https:\/\/agora.xtec.cat\/escolapaucasals-horta\/wp-json\/wp\/v2\/types\/page"}],"author":[{"embeddable":true,"href":"https:\/\/agora.xtec.cat\/escolapaucasals-horta\/wp-json\/wp\/v2\/users\/1"}],"replies":[{"embeddable":true,"href":"https:\/\/agora.xtec.cat\/escolapaucasals-horta\/wp-json\/wp\/v2\/comments?post=2020"}],"version-history":[{"count":3,"href":"https:\/\/agora.xtec.cat\/escolapaucasals-horta\/wp-json\/wp\/v2\/pages\/2020\/revisions"}],"predecessor-version":[{"id":2617,"href":"https:\/\/agora.xtec.cat\/escolapaucasals-horta\/wp-json\/wp\/v2\/pages\/2020\/revisions\/2617"}],"up":[{"embeddable":true,"href":"https:\/\/agora.xtec.cat\/escolapaucasals-horta\/wp-json\/wp\/v2\/pages\/2007"}],"wp:attachment":[{"href":"https:\/\/agora.xtec.cat\/escolapaucasals-horta\/wp-json\/wp\/v2\/media?parent=2020"}],"curies":[{"name":"wp","href":"https:\/\/api.w.org\/{rel}","templated":true}]}}