{"id":2007,"date":"2023-01-19T12:30:04","date_gmt":"2023-01-19T11:30:04","guid":{"rendered":"https:\/\/agora.xtec.cat\/escolapaucasals-horta\/?page_id=2007"},"modified":"2023-01-19T13:19:17","modified_gmt":"2023-01-19T12:19:17","slug":"estrategia","status":"publish","type":"page","link":"https:\/\/agora.xtec.cat\/escolapaucasals-horta\/estrategia-digital-de-centre\/estrategia\/","title":{"rendered":"Estrat\u00e8gia"},"content":{"rendered":"<p>Aquestes s\u00f3n les fases de l&#8217;Estrat\u00e8gia digital de centre, durant el curs escolar vam comen\u00e7ar amb la Diagnosi, a partir de la qual es poden plantejar els objectius basats en els punts forts i els punts febles de l&#8217;escola on estem treballant actualment .<\/p>\n<p><a href=\"https:\/\/agora.xtec.cat\/escolapaucasals-horta\/wp-content\/uploads\/usu2657\/2023\/01\/3_Fases-de-lEDC_v3.pdf-1536x1086-1-e1674129672117.png\"><img loading=\"lazy\" decoding=\"async\" class=\"alignnone wp-image-2039\" src=\"https:\/\/agora.xtec.cat\/escolapaucasals-horta\/wp-content\/uploads\/usu2657\/2023\/01\/3_Fases-de-lEDC_v3.pdf-1536x1086-1-e1674129672117-300x190.png\" alt=\"\" width=\"551\" height=\"349\" srcset=\"https:\/\/agora.xtec.cat\/escolapaucasals-horta\/wp-content\/uploads\/usu2657\/2023\/01\/3_Fases-de-lEDC_v3.pdf-1536x1086-1-e1674129672117-300x190.png 300w, https:\/\/agora.xtec.cat\/escolapaucasals-horta\/wp-content\/uploads\/usu2657\/2023\/01\/3_Fases-de-lEDC_v3.pdf-1536x1086-1-e1674129672117-1024x650.png 1024w, https:\/\/agora.xtec.cat\/escolapaucasals-horta\/wp-content\/uploads\/usu2657\/2023\/01\/3_Fases-de-lEDC_v3.pdf-1536x1086-1-e1674129672117-768x488.png 768w, https:\/\/agora.xtec.cat\/escolapaucasals-horta\/wp-content\/uploads\/usu2657\/2023\/01\/3_Fases-de-lEDC_v3.pdf-1536x1086-1-e1674129672117.png 1536w\" sizes=\"auto, (max-width: 551px) 100vw, 551px\" \/><\/a><\/p>\n","protected":false},"excerpt":{"rendered":"<p>Aquestes s\u00f3n les fases de l&#8217;Estrat\u00e8gia digital de centre, durant el curs escolar vam comen\u00e7ar amb la Diagnosi, a partir de la qual es poden plantejar els objectius basats en els punts forts i els punts febles de l&#8217;escola on estem treballant actualment .<br \/>\n<a href=\"https:\/\/agora.xtec.cat\/escolapaucasals-horta\/wp-content\/uploads\/usu2657\/2023\/01\/3_Fases-de-lEDC_v3.pdf-1536x1086-1-e1674129672117.png\"><\/a><\/p>\n","protected":false},"author":1,"featured_media":0,"parent":2002,"menu_order":0,"comment_status":"closed","ping_status":"closed","template":"","meta":{"_bbp_topic_count":0,"_bbp_reply_count":0,"_bbp_total_topic_count":0,"_bbp_total_reply_count":0,"_bbp_voice_count":0,"_bbp_anonymous_reply_count":0,"_bbp_topic_count_hidden":0,"_bbp_reply_count_hidden":0,"_bbp_forum_subforum_count":0,"footnotes":""},"class_list":["post-2007","page","type-page","status-publish","hentry"],"post_mailing_queue_ids":[],"_links":{"self":[{"href":"https:\/\/agora.xtec.cat\/escolapaucasals-horta\/wp-json\/wp\/v2\/pages\/2007","targetHints":{"allow":["GET"]}}],"collection":[{"href":"https:\/\/agora.xtec.cat\/escolapaucasals-horta\/wp-json\/wp\/v2\/pages"}],"about":[{"href":"https:\/\/agora.xtec.cat\/escolapaucasals-horta\/wp-json\/wp\/v2\/types\/page"}],"author":[{"embeddable":true,"href":"https:\/\/agora.xtec.cat\/escolapaucasals-horta\/wp-json\/wp\/v2\/users\/1"}],"replies":[{"embeddable":true,"href":"https:\/\/agora.xtec.cat\/escolapaucasals-horta\/wp-json\/wp\/v2\/comments?post=2007"}],"version-history":[{"count":3,"href":"https:\/\/agora.xtec.cat\/escolapaucasals-horta\/wp-json\/wp\/v2\/pages\/2007\/revisions"}],"predecessor-version":[{"id":2044,"href":"https:\/\/agora.xtec.cat\/escolapaucasals-horta\/wp-json\/wp\/v2\/pages\/2007\/revisions\/2044"}],"up":[{"embeddable":true,"href":"https:\/\/agora.xtec.cat\/escolapaucasals-horta\/wp-json\/wp\/v2\/pages\/2002"}],"wp:attachment":[{"href":"https:\/\/agora.xtec.cat\/escolapaucasals-horta\/wp-json\/wp\/v2\/media?parent=2007"}],"curies":[{"name":"wp","href":"https:\/\/api.w.org\/{rel}","templated":true}]}}