{"id":1632,"date":"2022-06-27T11:55:32","date_gmt":"2022-06-27T09:55:32","guid":{"rendered":"https:\/\/agora.xtec.cat\/escolapaucasals-horta\/?page_id=1632"},"modified":"2024-06-14T12:05:33","modified_gmt":"2024-06-14T10:05:33","slug":"edc-estrategia-digital-de-centre","status":"publish","type":"page","link":"https:\/\/agora.xtec.cat\/escolapaucasals-horta\/projecte-educatiu\/edc-estrategia-digital-de-centre\/","title":{"rendered":"Comissi\u00f3"},"content":{"rendered":"<p><span style=\"font-family: inherit; font-size: 1em;\">La comissi\u00f3 TAC de l&#8217;escola est\u00e0 formada per un grup de docents de l&#8217;escola i t\u00e9 com a objectiu liderar l&#8217;estrat\u00e8gia digital de centre, aix\u00ed com una s\u00e8rie de tasques relacionades amb l&#8217;\u00e0mbit digital a l&#8217;escola.\u00a0<\/span><\/p>\n<div>\n<div>\n<div role=\"presentation\" aria-describedby=\"h.ct3nyhx2393w_l\" aria-label=\"Copia l'enlla\u00e7 del t\u00edtol\" aria-disabled=\"false\" aria-hidden=\"true\">\n<div><\/div>\n<\/div>\n<\/div>\n<p>Membres:<\/p><\/div>\n<div><\/div>\n<div>\u00a0David Fleta Portero<\/div>\n<div id=\"m_8742354102870872590gmail-h.u7bvczclh5n7\"><\/div>\n<div>\n<div>\n<div role=\"presentation\" aria-describedby=\"h.u7bvczclh5n7_l\" aria-label=\"Copia l'enlla\u00e7 del t\u00edtol\" aria-disabled=\"false\" aria-hidden=\"true\">\n<div><\/div>\n<\/div>\n<\/div>\n<p>Objectius de la comissi\u00f3 digital:<\/p><\/div>\n<div><\/div>\n<ul>\n<li dir=\"ltr\">\n<p dir=\"ltr\" role=\"presentation\">Definir\u00a0l&#8217;Estrat\u00e8gia Digital de Centre (EDC).<\/p>\n<\/li>\n<li dir=\"ltr\">\n<p dir=\"ltr\" role=\"presentation\">Organitzar els recursos tecnol\u00f2gics del centre.<\/p>\n<\/li>\n<li dir=\"ltr\">\n<p dir=\"ltr\" role=\"presentation\">Vetllar pel desplegament curricular de la compet\u00e8ncia digital de l&#8217;alumne.<\/p>\n<\/li>\n<li dir=\"ltr\">\n<p dir=\"ltr\" role=\"presentation\">Promoure l&#8217;\u00fas de les TAC en la pr\u00e0ctica educativa a l&#8217;aula.<\/p>\n<\/li>\n<li dir=\"ltr\">\n<p dir=\"ltr\" role=\"presentation\">Vetllar perqu\u00e8 es garanteixi la inclusi\u00f3 digital de tots els alumnes del centre.<\/p>\n<\/li>\n<li dir=\"ltr\">\n<p dir=\"ltr\" role=\"presentation\">Establir el sistema de comunicaci\u00f3 digital del centre amb les fam\u00edlies i l&#8217;alumnat.<\/p>\n<\/li>\n<li dir=\"ltr\">\n<p dir=\"ltr\" role=\"presentation\">Vetllar per l&#8217;aplicaci\u00f3 de les pol\u00edtiques de privacitat i seguretat de les dades i les infraestructures digitals del centre educatiu.<\/p>\n<\/li>\n<li dir=\"ltr\">\n<p dir=\"ltr\" role=\"presentation\">Assessorar a la Direcci\u00f3 del centre sobre l&#8217;adquisici\u00f3, la incorporaci\u00f3 i la renovaci\u00f3 d&#8217;equipament tecnol\u00f2gic i recursos digitals.<\/p>\n<\/li>\n<li dir=\"ltr\">\n<p dir=\"ltr\" role=\"presentation\">Dinamitzar la formaci\u00f3 permanent de la compet\u00e8ncia digital del claustre.<\/p>\n<\/li>\n<\/ul>\n","protected":false},"excerpt":{"rendered":"<p>La comissi\u00f3 TAC de l&#8217;escola est\u00e0 formada per un grup de docents de l&#8217;escola i t\u00e9 com a objectiu liderar l&#8217;estrat\u00e8gia digital de centre, aix\u00ed com una s\u00e8rie de tasques relacionades amb l&#8217;\u00e0mbit digital a l&#8217;escola.\u00a0<\/p>\n<p>Membres:<\/p>\n<p>\u00a0David Fleta Portero<\/p>\n<p>Objectius de la comissi\u00f3 digital:<\/p>\n<ul>\n<li dir=\"ltr\">\nDefinir\u00a0l&#8217;Estrat\u00e8gia Digital de&hellip;  <a href=\"https:\/\/agora.xtec.cat\/escolapaucasals-horta\/projecte-educatiu\/edc-estrategia-digital-de-centre\/\" title=\"Read Comissi\u00f3\">Llegeix m\u00e9s\u00bb<\/a><\/p>\n","protected":false},"author":1,"featured_media":0,"parent":64,"menu_order":0,"comment_status":"closed","ping_status":"closed","template":"page-templates\/side-menu.php","meta":{"_bbp_topic_count":0,"_bbp_reply_count":0,"_bbp_total_topic_count":0,"_bbp_total_reply_count":0,"_bbp_voice_count":0,"_bbp_anonymous_reply_count":0,"_bbp_topic_count_hidden":0,"_bbp_reply_count_hidden":0,"_bbp_forum_subforum_count":0,"footnotes":""},"class_list":["post-1632","page","type-page","status-publish","hentry"],"post_mailing_queue_ids":[],"_links":{"self":[{"href":"https:\/\/agora.xtec.cat\/escolapaucasals-horta\/wp-json\/wp\/v2\/pages\/1632","targetHints":{"allow":["GET"]}}],"collection":[{"href":"https:\/\/agora.xtec.cat\/escolapaucasals-horta\/wp-json\/wp\/v2\/pages"}],"about":[{"href":"https:\/\/agora.xtec.cat\/escolapaucasals-horta\/wp-json\/wp\/v2\/types\/page"}],"author":[{"embeddable":true,"href":"https:\/\/agora.xtec.cat\/escolapaucasals-horta\/wp-json\/wp\/v2\/users\/1"}],"replies":[{"embeddable":true,"href":"https:\/\/agora.xtec.cat\/escolapaucasals-horta\/wp-json\/wp\/v2\/comments?post=1632"}],"version-history":[{"count":2,"href":"https:\/\/agora.xtec.cat\/escolapaucasals-horta\/wp-json\/wp\/v2\/pages\/1632\/revisions"}],"predecessor-version":[{"id":3378,"href":"https:\/\/agora.xtec.cat\/escolapaucasals-horta\/wp-json\/wp\/v2\/pages\/1632\/revisions\/3378"}],"up":[{"embeddable":true,"href":"https:\/\/agora.xtec.cat\/escolapaucasals-horta\/wp-json\/wp\/v2\/pages\/64"}],"wp:attachment":[{"href":"https:\/\/agora.xtec.cat\/escolapaucasals-horta\/wp-json\/wp\/v2\/media?parent=1632"}],"curies":[{"name":"wp","href":"https:\/\/api.w.org\/{rel}","templated":true}]}}