{"id":1530,"date":"2022-05-27T12:40:26","date_gmt":"2022-05-27T10:40:26","guid":{"rendered":"https:\/\/agora.xtec.cat\/escolapaucasals-horta\/?page_id=1530"},"modified":"2026-02-28T22:06:16","modified_gmt":"2026-02-28T21:06:16","slug":"ajuts-i-beques","status":"publish","type":"page","link":"https:\/\/agora.xtec.cat\/escolapaucasals-horta\/ajuts-i-beques\/","title":{"rendered":"Ajuts i beques NESE"},"content":{"rendered":"\n<h2 class=\"wp-block-heading\">Modalitats dels ajuts&nbsp;<\/h2>\n\n\n\n<ul class=\"wp-block-list\">\n<li>Ajuts i subsidis per a alumnes amb necessitat espec\u00edfica de suport educatiu derivada de discapacitat o trastorn greu de conducta o trastorn de la comunicaci\u00f3 i el llenguatge o trastorn de l&#8217;espectre autista.<\/li>\n\n\n\n<li>Ajuts i subsidi per a programes complementaris a alumnes amb necessitat espec\u00edfica de suport educatiu associada a altes capacitats.<\/li>\n<\/ul>\n\n\n\n<p>Per tenir m\u00e9s informaci\u00f3 i acc\u00e9s al formulari visita la <a href=\"https:\/\/www.edubcn.cat\/ca\/alumnat_i_familia\/ajuts_beques_i_subvencions\/ajuts_nee\">WEB DEL CONSORCI<\/a><\/p>\n\n\n\n<p><\/p>\n","protected":false},"excerpt":{"rendered":"<p>Modalitats dels ajuts&nbsp;<\/p>\n<ul class=\"wp-block-list\">\n<li>Ajuts i subsidis per a alumnes amb necessitat espec\u00edfica de suport educatiu derivada de discapacitat o trastorn greu de conducta o trastorn de la comunicaci\u00f3 i el llenguatge o trastorn de l&#8217;espectre autista.<\/li>\n<li>Ajuts i subsidi per a programes complementaris a alumnes amb&hellip;  <a href=\"https:\/\/agora.xtec.cat\/escolapaucasals-horta\/ajuts-i-beques\/\" title=\"Read Ajuts i beques NESE\">Llegeix m\u00e9s\u00bb<\/a><br \/>\n","protected":false},"author":1,"featured_media":0,"parent":0,"menu_order":0,"comment_status":"closed","ping_status":"closed","template":"page-templates\/side-menu.php","meta":{"_bbp_topic_count":0,"_bbp_reply_count":0,"_bbp_total_topic_count":0,"_bbp_total_reply_count":0,"_bbp_voice_count":0,"_bbp_anonymous_reply_count":0,"_bbp_topic_count_hidden":0,"_bbp_reply_count_hidden":0,"_bbp_forum_subforum_count":0,"footnotes":""},"class_list":["post-1530","page","type-page","status-publish","hentry"],"post_mailing_queue_ids":[],"_links":{"self":[{"href":"https:\/\/agora.xtec.cat\/escolapaucasals-horta\/wp-json\/wp\/v2\/pages\/1530","targetHints":{"allow":["GET"]}}],"collection":[{"href":"https:\/\/agora.xtec.cat\/escolapaucasals-horta\/wp-json\/wp\/v2\/pages"}],"about":[{"href":"https:\/\/agora.xtec.cat\/escolapaucasals-horta\/wp-json\/wp\/v2\/types\/page"}],"author":[{"embeddable":true,"href":"https:\/\/agora.xtec.cat\/escolapaucasals-horta\/wp-json\/wp\/v2\/users\/1"}],"replies":[{"embeddable":true,"href":"https:\/\/agora.xtec.cat\/escolapaucasals-horta\/wp-json\/wp\/v2\/comments?post=1530"}],"version-history":[{"count":2,"href":"https:\/\/agora.xtec.cat\/escolapaucasals-horta\/wp-json\/wp\/v2\/pages\/1530\/revisions"}],"predecessor-version":[{"id":4349,"href":"https:\/\/agora.xtec.cat\/escolapaucasals-horta\/wp-json\/wp\/v2\/pages\/1530\/revisions\/4349"}],"wp:attachment":[{"href":"https:\/\/agora.xtec.cat\/escolapaucasals-horta\/wp-json\/wp\/v2\/media?parent=1530"}],"curies":[{"name":"wp","href":"https:\/\/api.w.org\/{rel}","templated":true}]}}