{"id":9954,"date":"2018-10-30T16:46:54","date_gmt":"2018-10-30T15:46:54","guid":{"rendered":"http:\/\/agora.xtec.cat\/escolapauboada\/?page_id=9954"},"modified":"2024-06-04T12:39:35","modified_gmt":"2024-06-04T10:39:35","slug":"voluntariat-per-la-llengua","status":"publish","type":"page","link":"https:\/\/agora.xtec.cat\/escolapauboada\/activitats-del-centre\/voluntariat-per-la-llengua\/","title":{"rendered":"Voluntariat per la Llengua"},"content":{"rendered":"<h4 style=\"text-align: center;\">Escola Pau Boada<\/h4>\n<p>El 22 de maig, una quinzena de persones es van reunir a l&#8217;escola Pau Boada, de Vilafranca del Pened\u00e8s, per celebrar el final de curs del Voluntariat per la llengua (VxL) i del Xerrem Junts, que promou la Coordinadora d&#8217;Associacions per la Llengua Catalana (CAL).<\/p>\n<p>Llegir la not\u00edcia: <a href=\"https:\/\/www.cpnl.cat\/xarxa\/cnlaltpenedes\/noticies\/32155\/celebracio-de-final-de-curs-del-voluntariat-per-la-llengua-i-xerrem-junts-a-l-escola-pau-boada\">https:\/\/www.cpnl.cat\/xarxa\/cnlaltpenedes\/noticies\/32155\/celebracio-de-final-de-curs-del-voluntariat-per-la-llengua-i-xerrem-junts-a-l-escola-pau-boada<\/a><\/p>\n<p><img loading=\"lazy\" decoding=\"async\" class=\"aligncenter size-full wp-image-13384\" src=\"https:\/\/agora.xtec.cat\/escolapauboada\/wp-content\/uploads\/usu553\/2024\/06\/20240522_154959-1-1-scaled.jpg\" alt=\"\" width=\"2560\" height=\"1920\" srcset=\"https:\/\/agora.xtec.cat\/escolapauboada\/wp-content\/uploads\/usu553\/2024\/06\/20240522_154959-1-1-scaled.jpg 2560w, https:\/\/agora.xtec.cat\/escolapauboada\/wp-content\/uploads\/usu553\/2024\/06\/20240522_154959-1-1-300x225.jpg 300w, https:\/\/agora.xtec.cat\/escolapauboada\/wp-content\/uploads\/usu553\/2024\/06\/20240522_154959-1-1-1024x768.jpg 1024w, https:\/\/agora.xtec.cat\/escolapauboada\/wp-content\/uploads\/usu553\/2024\/06\/20240522_154959-1-1-768x576.jpg 768w, https:\/\/agora.xtec.cat\/escolapauboada\/wp-content\/uploads\/usu553\/2024\/06\/20240522_154959-1-1-1536x1152.jpg 1536w, https:\/\/agora.xtec.cat\/escolapauboada\/wp-content\/uploads\/usu553\/2024\/06\/20240522_154959-1-1-2048x1536.jpg 2048w, https:\/\/agora.xtec.cat\/escolapauboada\/wp-content\/uploads\/usu553\/2024\/06\/20240522_154959-1-1-200x150.jpg 200w\" sizes=\"auto, (max-width: 2560px) 100vw, 2560px\" \/><\/p>\n<p style=\"text-align: justify;\">El 14 de febrer va tenir lloc la presentaci\u00f3 de la tretzena edici\u00f3 del VxL a l&#8217;escola Pau Boada, de Vilafranca del Pened\u00e8s. A m\u00e9s de les 14 persones, entre voluntaris i aprenents, que van participar en la presentaci\u00f3 d&#8217;aquesta edici\u00f3, tamb\u00e9 hi van assistir la directora de l&#8217;escola, Imma Badell, i la t\u00e8cnica d&#8217;Integraci\u00f3 Social, Pilar Arb\u00f3s.<\/p>\n<p style=\"text-align: justify;\">Aix\u00ed doncs, a partir de la data de presentaci\u00f3, 16 persones (7 volunt\u00e0ries i\u00a0 9 aprenentes)\u00a0van comen\u00e7ar les trobades setmanals de conversa.<\/p>\n<p style=\"text-align: justify;\">Com en les altres ocasions, el programa ofereix la possibilitat d&#8217;organitzar parelles ling\u00fc\u00edstiques entre pares i mares de l&#8217;escola, i tamb\u00e9 amb persones vinculades al barri de l&#8217;Espirall, Associaci\u00f3 Gent del Barri.<\/p>\n<p style=\"text-align: justify;\">Des de l&#8217;any 2018, l&#8217;escola Pau Boada forma part de les entitats i organismes adherits al VxL que donen suport al\u00a0programa.<\/p>\n<p style=\"text-align: center;\"><a href=\"https:\/\/www.cpnl.cat\/xarxa\/cnlaltpenedes\/noticies\/31545\/noves-presentacions-del-voluntariat-per-la-llengua-a-l-escola-pau-boada-i-a-gelida\">CLICA AQU\u00cd PER LLEGIR LA NOT\u00cdCIA.<\/a><\/p>\n<p><img loading=\"lazy\" decoding=\"async\" class=\"aligncenter size-full wp-image-13232\" src=\"https:\/\/agora.xtec.cat\/escolapauboada\/wp-content\/uploads\/usu553\/2024\/02\/20240214_154811.jpg\" alt=\"\" width=\"2560\" height=\"1152\" srcset=\"https:\/\/agora.xtec.cat\/escolapauboada\/wp-content\/uploads\/usu553\/2024\/02\/20240214_154811.jpg 2560w, https:\/\/agora.xtec.cat\/escolapauboada\/wp-content\/uploads\/usu553\/2024\/02\/20240214_154811-300x135.jpg 300w, https:\/\/agora.xtec.cat\/escolapauboada\/wp-content\/uploads\/usu553\/2024\/02\/20240214_154811-1024x461.jpg 1024w, https:\/\/agora.xtec.cat\/escolapauboada\/wp-content\/uploads\/usu553\/2024\/02\/20240214_154811-768x346.jpg 768w, https:\/\/agora.xtec.cat\/escolapauboada\/wp-content\/uploads\/usu553\/2024\/02\/20240214_154811-1536x691.jpg 1536w, https:\/\/agora.xtec.cat\/escolapauboada\/wp-content\/uploads\/usu553\/2024\/02\/20240214_154811-2048x922.jpg 2048w\" sizes=\"auto, (max-width: 2560px) 100vw, 2560px\" \/><\/p>\n<h3><img loading=\"lazy\" decoding=\"async\" class=\"aligncenter size-full wp-image-13234\" src=\"https:\/\/agora.xtec.cat\/escolapauboada\/wp-content\/uploads\/usu553\/2024\/02\/20240214_154840-min.jpg\" alt=\"\" width=\"2560\" height=\"1152\" srcset=\"https:\/\/agora.xtec.cat\/escolapauboada\/wp-content\/uploads\/usu553\/2024\/02\/20240214_154840-min.jpg 2560w, https:\/\/agora.xtec.cat\/escolapauboada\/wp-content\/uploads\/usu553\/2024\/02\/20240214_154840-min-300x135.jpg 300w, https:\/\/agora.xtec.cat\/escolapauboada\/wp-content\/uploads\/usu553\/2024\/02\/20240214_154840-min-1024x461.jpg 1024w, https:\/\/agora.xtec.cat\/escolapauboada\/wp-content\/uploads\/usu553\/2024\/02\/20240214_154840-min-768x346.jpg 768w, https:\/\/agora.xtec.cat\/escolapauboada\/wp-content\/uploads\/usu553\/2024\/02\/20240214_154840-min-1536x691.jpg 1536w, https:\/\/agora.xtec.cat\/escolapauboada\/wp-content\/uploads\/usu553\/2024\/02\/20240214_154840-min-2048x922.jpg 2048w\" sizes=\"auto, (max-width: 2560px) 100vw, 2560px\" \/><\/h3>\n<h3><\/h3>\n<h3><img loading=\"lazy\" decoding=\"async\" class=\"aligncenter size-full wp-image-13235\" src=\"https:\/\/agora.xtec.cat\/escolapauboada\/wp-content\/uploads\/usu553\/2024\/02\/20240214_160745-min-scaled.jpg\" alt=\"\" width=\"2560\" height=\"1152\" srcset=\"https:\/\/agora.xtec.cat\/escolapauboada\/wp-content\/uploads\/usu553\/2024\/02\/20240214_160745-min-scaled.jpg 2560w, https:\/\/agora.xtec.cat\/escolapauboada\/wp-content\/uploads\/usu553\/2024\/02\/20240214_160745-min-300x135.jpg 300w, https:\/\/agora.xtec.cat\/escolapauboada\/wp-content\/uploads\/usu553\/2024\/02\/20240214_160745-min-1024x461.jpg 1024w, https:\/\/agora.xtec.cat\/escolapauboada\/wp-content\/uploads\/usu553\/2024\/02\/20240214_160745-min-768x346.jpg 768w, https:\/\/agora.xtec.cat\/escolapauboada\/wp-content\/uploads\/usu553\/2024\/02\/20240214_160745-min-1536x691.jpg 1536w, https:\/\/agora.xtec.cat\/escolapauboada\/wp-content\/uploads\/usu553\/2024\/02\/20240214_160745-min-2048x922.jpg 2048w\" sizes=\"auto, (max-width: 2560px) 100vw, 2560px\" \/><img loading=\"lazy\" decoding=\"async\" class=\"aligncenter size-full wp-image-13142\" src=\"https:\/\/agora.xtec.cat\/escolapauboada\/wp-content\/uploads\/usu553\/2023\/11\/1-scaled.jpg\" alt=\"\" width=\"2560\" height=\"1920\" srcset=\"https:\/\/agora.xtec.cat\/escolapauboada\/wp-content\/uploads\/usu553\/2023\/11\/1-scaled.jpg 2560w, https:\/\/agora.xtec.cat\/escolapauboada\/wp-content\/uploads\/usu553\/2023\/11\/1-300x225.jpg 300w, https:\/\/agora.xtec.cat\/escolapauboada\/wp-content\/uploads\/usu553\/2023\/11\/1-1024x768.jpg 1024w, https:\/\/agora.xtec.cat\/escolapauboada\/wp-content\/uploads\/usu553\/2023\/11\/1-768x576.jpg 768w, https:\/\/agora.xtec.cat\/escolapauboada\/wp-content\/uploads\/usu553\/2023\/11\/1-1536x1152.jpg 1536w, https:\/\/agora.xtec.cat\/escolapauboada\/wp-content\/uploads\/usu553\/2023\/11\/1-2048x1536.jpg 2048w, https:\/\/agora.xtec.cat\/escolapauboada\/wp-content\/uploads\/usu553\/2023\/11\/1-200x150.jpg 200w\" sizes=\"auto, (max-width: 2560px) 100vw, 2560px\" \/> <img loading=\"lazy\" decoding=\"async\" class=\"aligncenter size-full wp-image-13143\" src=\"https:\/\/agora.xtec.cat\/escolapauboada\/wp-content\/uploads\/usu553\/2023\/11\/2-scaled.jpg\" alt=\"\" width=\"2560\" height=\"1920\" srcset=\"https:\/\/agora.xtec.cat\/escolapauboada\/wp-content\/uploads\/usu553\/2023\/11\/2-scaled.jpg 2560w, https:\/\/agora.xtec.cat\/escolapauboada\/wp-content\/uploads\/usu553\/2023\/11\/2-300x225.jpg 300w, https:\/\/agora.xtec.cat\/escolapauboada\/wp-content\/uploads\/usu553\/2023\/11\/2-1024x768.jpg 1024w, https:\/\/agora.xtec.cat\/escolapauboada\/wp-content\/uploads\/usu553\/2023\/11\/2-768x576.jpg 768w, https:\/\/agora.xtec.cat\/escolapauboada\/wp-content\/uploads\/usu553\/2023\/11\/2-1536x1152.jpg 1536w, https:\/\/agora.xtec.cat\/escolapauboada\/wp-content\/uploads\/usu553\/2023\/11\/2-2048x1536.jpg 2048w, https:\/\/agora.xtec.cat\/escolapauboada\/wp-content\/uploads\/usu553\/2023\/11\/2-200x150.jpg 200w\" sizes=\"auto, (max-width: 2560px) 100vw, 2560px\" \/><\/h3>\n<h3><img loading=\"lazy\" decoding=\"async\" class=\"aligncenter size-full wp-image-12685\" src=\"https:\/\/agora.xtec.cat\/escolapauboada\/wp-content\/uploads\/usu553\/2022\/11\/c6bf27bd-2b36-44a5-971c-cfc8f40f7743.jpg\" alt=\"\" width=\"2040\" height=\"1530\" srcset=\"https:\/\/agora.xtec.cat\/escolapauboada\/wp-content\/uploads\/usu553\/2022\/11\/c6bf27bd-2b36-44a5-971c-cfc8f40f7743.jpg 2040w, https:\/\/agora.xtec.cat\/escolapauboada\/wp-content\/uploads\/usu553\/2022\/11\/c6bf27bd-2b36-44a5-971c-cfc8f40f7743-300x225.jpg 300w, https:\/\/agora.xtec.cat\/escolapauboada\/wp-content\/uploads\/usu553\/2022\/11\/c6bf27bd-2b36-44a5-971c-cfc8f40f7743-1024x768.jpg 1024w, https:\/\/agora.xtec.cat\/escolapauboada\/wp-content\/uploads\/usu553\/2022\/11\/c6bf27bd-2b36-44a5-971c-cfc8f40f7743-768x576.jpg 768w, https:\/\/agora.xtec.cat\/escolapauboada\/wp-content\/uploads\/usu553\/2022\/11\/c6bf27bd-2b36-44a5-971c-cfc8f40f7743-1536x1152.jpg 1536w, https:\/\/agora.xtec.cat\/escolapauboada\/wp-content\/uploads\/usu553\/2022\/11\/c6bf27bd-2b36-44a5-971c-cfc8f40f7743-200x150.jpg 200w\" sizes=\"auto, (max-width: 2040px) 100vw, 2040px\" \/> <img loading=\"lazy\" decoding=\"async\" class=\"aligncenter size-full wp-image-12686\" src=\"https:\/\/agora.xtec.cat\/escolapauboada\/wp-content\/uploads\/usu553\/2022\/11\/d4e3a3e9-f3d3-476d-b80a-7401378f1040.jpg\" alt=\"\" width=\"2040\" height=\"1530\" srcset=\"https:\/\/agora.xtec.cat\/escolapauboada\/wp-content\/uploads\/usu553\/2022\/11\/d4e3a3e9-f3d3-476d-b80a-7401378f1040.jpg 2040w, https:\/\/agora.xtec.cat\/escolapauboada\/wp-content\/uploads\/usu553\/2022\/11\/d4e3a3e9-f3d3-476d-b80a-7401378f1040-300x225.jpg 300w, https:\/\/agora.xtec.cat\/escolapauboada\/wp-content\/uploads\/usu553\/2022\/11\/d4e3a3e9-f3d3-476d-b80a-7401378f1040-1024x768.jpg 1024w, https:\/\/agora.xtec.cat\/escolapauboada\/wp-content\/uploads\/usu553\/2022\/11\/d4e3a3e9-f3d3-476d-b80a-7401378f1040-768x576.jpg 768w, https:\/\/agora.xtec.cat\/escolapauboada\/wp-content\/uploads\/usu553\/2022\/11\/d4e3a3e9-f3d3-476d-b80a-7401378f1040-1536x1152.jpg 1536w, https:\/\/agora.xtec.cat\/escolapauboada\/wp-content\/uploads\/usu553\/2022\/11\/d4e3a3e9-f3d3-476d-b80a-7401378f1040-200x150.jpg 200w\" sizes=\"auto, (max-width: 2040px) 100vw, 2040px\" \/> <img loading=\"lazy\" decoding=\"async\" class=\"aligncenter size-full wp-image-12687\" src=\"https:\/\/agora.xtec.cat\/escolapauboada\/wp-content\/uploads\/usu553\/2022\/11\/e95e62ea-03de-4f4b-ad30-63aa091864f1.jpg\" alt=\"\" width=\"2040\" height=\"1530\" srcset=\"https:\/\/agora.xtec.cat\/escolapauboada\/wp-content\/uploads\/usu553\/2022\/11\/e95e62ea-03de-4f4b-ad30-63aa091864f1.jpg 2040w, https:\/\/agora.xtec.cat\/escolapauboada\/wp-content\/uploads\/usu553\/2022\/11\/e95e62ea-03de-4f4b-ad30-63aa091864f1-300x225.jpg 300w, https:\/\/agora.xtec.cat\/escolapauboada\/wp-content\/uploads\/usu553\/2022\/11\/e95e62ea-03de-4f4b-ad30-63aa091864f1-1024x768.jpg 1024w, https:\/\/agora.xtec.cat\/escolapauboada\/wp-content\/uploads\/usu553\/2022\/11\/e95e62ea-03de-4f4b-ad30-63aa091864f1-768x576.jpg 768w, https:\/\/agora.xtec.cat\/escolapauboada\/wp-content\/uploads\/usu553\/2022\/11\/e95e62ea-03de-4f4b-ad30-63aa091864f1-1536x1152.jpg 1536w, https:\/\/agora.xtec.cat\/escolapauboada\/wp-content\/uploads\/usu553\/2022\/11\/e95e62ea-03de-4f4b-ad30-63aa091864f1-200x150.jpg 200w\" sizes=\"auto, (max-width: 2040px) 100vw, 2040px\" \/><\/h3>\n<h3><\/h3>\n<h3>Nou article al CNL de l&#8217;Alt Pened\u00e8s i el Garraf<\/h3>\n<p>Clica sobre la imatge per llegir-lo<\/p>\n<p><a href=\"https:\/\/www.cpnl.cat\/xarxa\/cnlaltpenedes\/noticies.html?ID=22533\" target=\"_blank\" rel=\"noopener\"><img loading=\"lazy\" decoding=\"async\" class=\"aligncenter wp-image-10403 size-large\" src=\"https:\/\/agora.xtec.cat\/escolapauboada\/wp-content\/uploads\/usu553\/2019\/02\/20190205_ESCOLA_PAU_BOADA_VP-1024x772.jpg\" alt=\"\" width=\"1024\" height=\"772\" srcset=\"https:\/\/agora.xtec.cat\/escolapauboada\/wp-content\/uploads\/usu553\/2019\/02\/20190205_ESCOLA_PAU_BOADA_VP-1024x772.jpg 1024w, https:\/\/agora.xtec.cat\/escolapauboada\/wp-content\/uploads\/usu553\/2019\/02\/20190205_ESCOLA_PAU_BOADA_VP-300x226.jpg 300w, https:\/\/agora.xtec.cat\/escolapauboada\/wp-content\/uploads\/usu553\/2019\/02\/20190205_ESCOLA_PAU_BOADA_VP-768x579.jpg 768w, https:\/\/agora.xtec.cat\/escolapauboada\/wp-content\/uploads\/usu553\/2019\/02\/20190205_ESCOLA_PAU_BOADA_VP-200x150.jpg 200w, https:\/\/agora.xtec.cat\/escolapauboada\/wp-content\/uploads\/usu553\/2019\/02\/20190205_ESCOLA_PAU_BOADA_VP.jpg 1800w\" sizes=\"auto, (max-width: 1024px) 100vw, 1024px\" \/><\/a><\/p>\n<p>&nbsp;<\/p>\n<p style=\"font-weight: 400;\"><strong>Benvolgudes \/ Benvolguts,<\/strong><\/p>\n<p><img loading=\"lazy\" decoding=\"async\" class=\"aligncenter size-full wp-image-10247\" src=\"https:\/\/agora.xtec.cat\/escolapauboada\/wp-content\/uploads\/usu553\/2019\/01\/2dca7ea3-a4b4-4ac4-9727-d332e223af64.png\" alt=\"\" width=\"360\" height=\"200\" srcset=\"https:\/\/agora.xtec.cat\/escolapauboada\/wp-content\/uploads\/usu553\/2019\/01\/2dca7ea3-a4b4-4ac4-9727-d332e223af64.png 360w, https:\/\/agora.xtec.cat\/escolapauboada\/wp-content\/uploads\/usu553\/2019\/01\/2dca7ea3-a4b4-4ac4-9727-d332e223af64-300x167.png 300w\" sizes=\"auto, (max-width: 360px) 100vw, 360px\" \/><\/p>\n<p style=\"font-weight: 400;\">Ens fa molta il\u00b7lusi\u00f3 enviar-vos aquest correu amb la nota de premsa que ha publicat la DGPL perqu\u00e8 conegueu els resultats provisionals del VxL 2018, en qu\u00e8 el programa ha aconseguit un r\u00e8cord hist\u00f2ric de participaci\u00f3 de parelles ling\u00fc\u00edstiques. Per llegir la not\u00edcia, cliqueu\u00a0<a href=\"http:\/\/cultura.gencat.cat\/ca\/actualitat\/nota-premsa\/?id=321322\" data-saferedirecturl=\"https:\/\/www.google.com\/url?q=http:\/\/cultura.gencat.cat\/ca\/actualitat\/nota-premsa\/?id%3D321322&amp;source=gmail&amp;ust=1547710844546000&amp;usg=AFQjCNEpjETDJfoOIEwO3C94Rcvozg9Qog\">AQU\u00cd<\/a>.<\/p>\n<p style=\"font-weight: 400;\">La volem compartir amb vosaltres, que tamb\u00e9 en sou protagonistes, i donar-vos les gr\u00e0cies pel vostre temps i tot el suport que doneu al programa, que ens ajuda a fer m\u00e9s forta la veu del VxL.<\/p>\n<p style=\"font-weight: 400;\">Molt\u00edssimes gr\u00e0cies de tot<\/p>\n<p><a href=\"http:\/\/www.cpnl.cat\/xarxa\/cnlaltpenedes\/\" target=\"_blank\" rel=\"noopener\"><img loading=\"lazy\" decoding=\"async\" class=\"aligncenter wp-image-10049 size-full\" src=\"https:\/\/agora.xtec.cat\/escolapauboada\/wp-content\/uploads\/usu553\/2018\/11\/unnamed.jpg\" alt=\"\" width=\"268\" height=\"142\" \/><\/a><\/p>\n<p>Llistat d&#8217;entitats col\u00b7laboradores:\u00a0<a href=\"https:\/\/www.cpnl.cat\/xarxa\/cnlaltpenedes\/voluntaris\/entitats.html\" target=\"_blank\" rel=\"noopener\">https:\/\/www.cpnl.cat\/xarxa\/cnlaltpenedes\/voluntaris\/entitats.html<\/a><\/p>\n<p>Fotografia de la signatura del curs 2018-2019<\/p>\n<p><img loading=\"lazy\" decoding=\"async\" class=\"aligncenter size-large wp-image-10048\" src=\"https:\/\/agora.xtec.cat\/escolapauboada\/wp-content\/uploads\/usu553\/2018\/11\/IMG_0833-1024x768.jpg\" alt=\"\" width=\"1024\" height=\"768\" srcset=\"https:\/\/agora.xtec.cat\/escolapauboada\/wp-content\/uploads\/usu553\/2018\/11\/IMG_0833-1024x768.jpg 1024w, https:\/\/agora.xtec.cat\/escolapauboada\/wp-content\/uploads\/usu553\/2018\/11\/IMG_0833-300x225.jpg 300w, https:\/\/agora.xtec.cat\/escolapauboada\/wp-content\/uploads\/usu553\/2018\/11\/IMG_0833-768x576.jpg 768w, https:\/\/agora.xtec.cat\/escolapauboada\/wp-content\/uploads\/usu553\/2018\/11\/IMG_0833-200x150.jpg 200w\" sizes=\"auto, (max-width: 1024px) 100vw, 1024px\" \/><\/p>\n<p>Fotografies de les activitats durante el curs 2018-2019<\/p>\n<p><img loading=\"lazy\" decoding=\"async\" class=\"aligncenter size-large wp-image-9955\" src=\"https:\/\/agora.xtec.cat\/escolapauboada\/wp-content\/uploads\/usu553\/2018\/10\/20181025_162647-1024x576.jpg\" alt=\"\" width=\"1024\" height=\"576\" srcset=\"https:\/\/agora.xtec.cat\/escolapauboada\/wp-content\/uploads\/usu553\/2018\/10\/20181025_162647-1024x576.jpg 1024w, https:\/\/agora.xtec.cat\/escolapauboada\/wp-content\/uploads\/usu553\/2018\/10\/20181025_162647-300x169.jpg 300w, https:\/\/agora.xtec.cat\/escolapauboada\/wp-content\/uploads\/usu553\/2018\/10\/20181025_162647-768x432.jpg 768w\" sizes=\"auto, (max-width: 1024px) 100vw, 1024px\" \/><\/p>\n<p><img loading=\"lazy\" decoding=\"async\" class=\"aligncenter size-large wp-image-9956\" src=\"https:\/\/agora.xtec.cat\/escolapauboada\/wp-content\/uploads\/usu553\/2018\/10\/IMG_9790-1024x768.jpg\" alt=\"\" width=\"1024\" height=\"768\" srcset=\"https:\/\/agora.xtec.cat\/escolapauboada\/wp-content\/uploads\/usu553\/2018\/10\/IMG_9790-1024x768.jpg 1024w, https:\/\/agora.xtec.cat\/escolapauboada\/wp-content\/uploads\/usu553\/2018\/10\/IMG_9790-300x225.jpg 300w, https:\/\/agora.xtec.cat\/escolapauboada\/wp-content\/uploads\/usu553\/2018\/10\/IMG_9790-768x576.jpg 768w, https:\/\/agora.xtec.cat\/escolapauboada\/wp-content\/uploads\/usu553\/2018\/10\/IMG_9790-200x150.jpg 200w\" sizes=\"auto, (max-width: 1024px) 100vw, 1024px\" \/><\/p>\n<p><img loading=\"lazy\" decoding=\"async\" class=\"aligncenter size-large wp-image-9957\" src=\"https:\/\/agora.xtec.cat\/escolapauboada\/wp-content\/uploads\/usu553\/2018\/10\/IMG_9787-1024x768.jpg\" alt=\"\" width=\"1024\" height=\"768\" srcset=\"https:\/\/agora.xtec.cat\/escolapauboada\/wp-content\/uploads\/usu553\/2018\/10\/IMG_9787-1024x768.jpg 1024w, https:\/\/agora.xtec.cat\/escolapauboada\/wp-content\/uploads\/usu553\/2018\/10\/IMG_9787-300x225.jpg 300w, https:\/\/agora.xtec.cat\/escolapauboada\/wp-content\/uploads\/usu553\/2018\/10\/IMG_9787-768x576.jpg 768w, https:\/\/agora.xtec.cat\/escolapauboada\/wp-content\/uploads\/usu553\/2018\/10\/IMG_9787-200x150.jpg 200w\" sizes=\"auto, (max-width: 1024px) 100vw, 1024px\" \/><\/p>\n<p><img loading=\"lazy\" decoding=\"async\" class=\"aligncenter size-large wp-image-9958\" src=\"https:\/\/agora.xtec.cat\/escolapauboada\/wp-content\/uploads\/usu553\/2018\/10\/IMG_9785-1024x768.jpg\" alt=\"\" width=\"1024\" height=\"768\" srcset=\"https:\/\/agora.xtec.cat\/escolapauboada\/wp-content\/uploads\/usu553\/2018\/10\/IMG_9785-1024x768.jpg 1024w, https:\/\/agora.xtec.cat\/escolapauboada\/wp-content\/uploads\/usu553\/2018\/10\/IMG_9785-300x225.jpg 300w, https:\/\/agora.xtec.cat\/escolapauboada\/wp-content\/uploads\/usu553\/2018\/10\/IMG_9785-768x576.jpg 768w, https:\/\/agora.xtec.cat\/escolapauboada\/wp-content\/uploads\/usu553\/2018\/10\/IMG_9785-200x150.jpg 200w\" sizes=\"auto, (max-width: 1024px) 100vw, 1024px\" \/><\/p>\n<p><img loading=\"lazy\" decoding=\"async\" class=\"aligncenter size-large wp-image-9959\" src=\"https:\/\/agora.xtec.cat\/escolapauboada\/wp-content\/uploads\/usu553\/2018\/10\/IMG_9778-1024x768.jpg\" alt=\"\" width=\"1024\" height=\"768\" srcset=\"https:\/\/agora.xtec.cat\/escolapauboada\/wp-content\/uploads\/usu553\/2018\/10\/IMG_9778-1024x768.jpg 1024w, https:\/\/agora.xtec.cat\/escolapauboada\/wp-content\/uploads\/usu553\/2018\/10\/IMG_9778-300x225.jpg 300w, https:\/\/agora.xtec.cat\/escolapauboada\/wp-content\/uploads\/usu553\/2018\/10\/IMG_9778-768x576.jpg 768w, https:\/\/agora.xtec.cat\/escolapauboada\/wp-content\/uploads\/usu553\/2018\/10\/IMG_9778-200x150.jpg 200w\" sizes=\"auto, (max-width: 1024px) 100vw, 1024px\" \/><\/p>\n<p><img loading=\"lazy\" decoding=\"async\" class=\"aligncenter size-large wp-image-9960\" src=\"https:\/\/agora.xtec.cat\/escolapauboada\/wp-content\/uploads\/usu553\/2018\/10\/IMG_9773-1024x768.jpg\" alt=\"\" width=\"1024\" height=\"768\" srcset=\"https:\/\/agora.xtec.cat\/escolapauboada\/wp-content\/uploads\/usu553\/2018\/10\/IMG_9773-1024x768.jpg 1024w, https:\/\/agora.xtec.cat\/escolapauboada\/wp-content\/uploads\/usu553\/2018\/10\/IMG_9773-300x225.jpg 300w, https:\/\/agora.xtec.cat\/escolapauboada\/wp-content\/uploads\/usu553\/2018\/10\/IMG_9773-768x576.jpg 768w, https:\/\/agora.xtec.cat\/escolapauboada\/wp-content\/uploads\/usu553\/2018\/10\/IMG_9773-200x150.jpg 200w\" sizes=\"auto, (max-width: 1024px) 100vw, 1024px\" \/><\/p>\n<p><img loading=\"lazy\" decoding=\"async\" class=\"aligncenter size-large wp-image-9961\" src=\"https:\/\/agora.xtec.cat\/escolapauboada\/wp-content\/uploads\/usu553\/2018\/10\/IMG_9770-1024x768.jpg\" alt=\"\" width=\"1024\" height=\"768\" srcset=\"https:\/\/agora.xtec.cat\/escolapauboada\/wp-content\/uploads\/usu553\/2018\/10\/IMG_9770-1024x768.jpg 1024w, https:\/\/agora.xtec.cat\/escolapauboada\/wp-content\/uploads\/usu553\/2018\/10\/IMG_9770-300x225.jpg 300w, https:\/\/agora.xtec.cat\/escolapauboada\/wp-content\/uploads\/usu553\/2018\/10\/IMG_9770-768x576.jpg 768w, https:\/\/agora.xtec.cat\/escolapauboada\/wp-content\/uploads\/usu553\/2018\/10\/IMG_9770-200x150.jpg 200w\" sizes=\"auto, (max-width: 1024px) 100vw, 1024px\" \/><\/p>\n","protected":false},"excerpt":{"rendered":"<p>Escola Pau Boada El 22 de maig, una quinzena de persones es van reunir a l&#8217;escola Pau Boada, de Vilafranca del Pened\u00e8s, per celebrar el final de curs del Voluntariat per la llengua (VxL) i del Xerrem Junts, que promou la Coordinadora d&#8217;Associacions per la Llengua Catalana (CAL). Llegir la not\u00edcia: https:\/\/www.cpnl.cat\/xarxa\/cnlaltpenedes\/noticies\/32155\/celebracio-de-final-de-curs-del-voluntariat-per-la-llengua-i-xerrem-junts-a-l-escola-pau-boada El 14 de [&hellip;]<\/p>\n","protected":false},"author":1,"featured_media":0,"parent":519,"menu_order":0,"comment_status":"closed","ping_status":"closed","template":"page-templates\/side-menu.php","meta":{"_bbp_topic_count":0,"_bbp_reply_count":0,"_bbp_total_topic_count":0,"_bbp_total_reply_count":0,"_bbp_voice_count":0,"_bbp_anonymous_reply_count":0,"_bbp_topic_count_hidden":0,"_bbp_reply_count_hidden":0,"_bbp_forum_subforum_count":0,"site-sidebar-layout":"default","site-content-layout":"","ast-site-content-layout":"","site-content-style":"default","site-sidebar-style":"default","ast-global-header-display":"","ast-banner-title-visibility":"","ast-main-header-display":"","ast-hfb-above-header-display":"","ast-hfb-below-header-display":"","ast-hfb-mobile-header-display":"","site-post-title":"","ast-breadcrumbs-content":"","ast-featured-img":"","footer-sml-layout":"","theme-transparent-header-meta":"","adv-header-id-meta":"","stick-header-meta":"","header-above-stick-meta":"","header-main-stick-meta":"","header-below-stick-meta":"","astra-migrate-meta-layouts":"default","ast-page-background-enabled":"default","ast-page-background-meta":{"desktop":{"background-color":"var(--ast-global-color-4)","background-image":"","background-repeat":"repeat","background-position":"center center","background-size":"auto","background-attachment":"scroll","background-type":"","background-media":"","overlay-type":"","overlay-color":"","overlay-opacity":"","overlay-gradient":""},"tablet":{"background-color":"","background-image":"","background-repeat":"repeat","background-position":"center center","background-size":"auto","background-attachment":"scroll","background-type":"","background-media":"","overlay-type":"","overlay-color":"","overlay-opacity":"","overlay-gradient":""},"mobile":{"background-color":"","background-image":"","background-repeat":"repeat","background-position":"center center","background-size":"auto","background-attachment":"scroll","background-type":"","background-media":"","overlay-type":"","overlay-color":"","overlay-opacity":"","overlay-gradient":""}},"ast-content-background-meta":{"desktop":{"background-color":"var(--ast-global-color-5)","background-image":"","background-repeat":"repeat","background-position":"center center","background-size":"auto","background-attachment":"scroll","background-type":"","background-media":"","overlay-type":"","overlay-color":"","overlay-opacity":"","overlay-gradient":""},"tablet":{"background-color":"var(--ast-global-color-5)","background-image":"","background-repeat":"repeat","background-position":"center center","background-size":"auto","background-attachment":"scroll","background-type":"","background-media":"","overlay-type":"","overlay-color":"","overlay-opacity":"","overlay-gradient":""},"mobile":{"background-color":"var(--ast-global-color-5)","background-image":"","background-repeat":"repeat","background-position":"center center","background-size":"auto","background-attachment":"scroll","background-type":"","background-media":"","overlay-type":"","overlay-color":"","overlay-opacity":"","overlay-gradient":""}},"footnotes":""},"class_list":["post-9954","page","type-page","status-publish","hentry"],"post_mailing_queue_ids":[],"_links":{"self":[{"href":"https:\/\/agora.xtec.cat\/escolapauboada\/wp-json\/wp\/v2\/pages\/9954","targetHints":{"allow":["GET"]}}],"collection":[{"href":"https:\/\/agora.xtec.cat\/escolapauboada\/wp-json\/wp\/v2\/pages"}],"about":[{"href":"https:\/\/agora.xtec.cat\/escolapauboada\/wp-json\/wp\/v2\/types\/page"}],"author":[{"embeddable":true,"href":"https:\/\/agora.xtec.cat\/escolapauboada\/wp-json\/wp\/v2\/users\/1"}],"replies":[{"embeddable":true,"href":"https:\/\/agora.xtec.cat\/escolapauboada\/wp-json\/wp\/v2\/comments?post=9954"}],"version-history":[{"count":6,"href":"https:\/\/agora.xtec.cat\/escolapauboada\/wp-json\/wp\/v2\/pages\/9954\/revisions"}],"predecessor-version":[{"id":13385,"href":"https:\/\/agora.xtec.cat\/escolapauboada\/wp-json\/wp\/v2\/pages\/9954\/revisions\/13385"}],"up":[{"embeddable":true,"href":"https:\/\/agora.xtec.cat\/escolapauboada\/wp-json\/wp\/v2\/pages\/519"}],"wp:attachment":[{"href":"https:\/\/agora.xtec.cat\/escolapauboada\/wp-json\/wp\/v2\/media?parent=9954"}],"curies":[{"name":"wp","href":"https:\/\/api.w.org\/{rel}","templated":true}]}}