{"id":9479,"date":"2018-03-08T12:05:37","date_gmt":"2018-03-08T11:05:37","guid":{"rendered":"http:\/\/agora.xtec.cat\/escolapauboada\/?page_id=9479"},"modified":"2025-01-28T15:48:59","modified_gmt":"2025-01-28T14:48:59","slug":"aula-dinformatica","status":"publish","type":"page","link":"https:\/\/agora.xtec.cat\/escolapauboada\/lescola\/la-nostra-escola\/aula-dinformatica\/","title":{"rendered":"AULA DE ROB\u00d2TICA"},"content":{"rendered":"<p style=\"text-align: center;\">En aquesta aula es fa el projecte de rob\u00f2tica, que \u00e9s nou d\u2019aquest any i el duen a terme l&#8217;alumnat de 3r a 6\u00e8.<\/p>\n<p style=\"text-align: center;\">L&#8217;alumnat de 3r a 4t treballen amb el Codey Rocky i el Lego Spike.Ho fan amb el programa Mblock.<\/p>\n<p style=\"text-align: center;\">L&#8217;alumnat de 5\u00e8 i 6\u00e8 fan programaci\u00f3 en bloc amb les plaques Micro;bit i els diferents sensors.Ho fan amb el programa Makecode.<\/p>\n<p><img loading=\"lazy\" decoding=\"async\" class=\"aligncenter wp-image-13545 size-large\" src=\"https:\/\/agora.xtec.cat\/escolapauboada\/wp-content\/uploads\/usu553\/2024\/12\/IMG_7879-1-768x1024.jpeg\" alt=\"\" width=\"768\" height=\"1024\" srcset=\"https:\/\/agora.xtec.cat\/escolapauboada\/wp-content\/uploads\/usu553\/2024\/12\/IMG_7879-1-768x1024.jpeg 768w, https:\/\/agora.xtec.cat\/escolapauboada\/wp-content\/uploads\/usu553\/2024\/12\/IMG_7879-1-225x300.jpeg 225w, https:\/\/agora.xtec.cat\/escolapauboada\/wp-content\/uploads\/usu553\/2024\/12\/IMG_7879-1-1152x1536.jpeg 1152w, https:\/\/agora.xtec.cat\/escolapauboada\/wp-content\/uploads\/usu553\/2024\/12\/IMG_7879-1-1536x2048.jpeg 1536w, https:\/\/agora.xtec.cat\/escolapauboada\/wp-content\/uploads\/usu553\/2024\/12\/IMG_7879-1-scaled.jpeg 1920w\" sizes=\"auto, (max-width: 768px) 100vw, 768px\" \/><\/p>\n<p><img loading=\"lazy\" decoding=\"async\" class=\"aligncenter wp-image-13485 size-large\" src=\"https:\/\/agora.xtec.cat\/escolapauboada\/wp-content\/uploads\/usu553\/2024\/12\/54-1-768x1024.png\" alt=\"\" width=\"768\" height=\"1024\" srcset=\"https:\/\/agora.xtec.cat\/escolapauboada\/wp-content\/uploads\/usu553\/2024\/12\/54-1-768x1024.png 768w, https:\/\/agora.xtec.cat\/escolapauboada\/wp-content\/uploads\/usu553\/2024\/12\/54-1-225x300.png 225w, https:\/\/agora.xtec.cat\/escolapauboada\/wp-content\/uploads\/usu553\/2024\/12\/54-1-1152x1536.png 1152w, https:\/\/agora.xtec.cat\/escolapauboada\/wp-content\/uploads\/usu553\/2024\/12\/54-1.png 1536w\" sizes=\"auto, (max-width: 768px) 100vw, 768px\" \/> <img loading=\"lazy\" decoding=\"async\" class=\"aligncenter wp-image-13486 size-large\" src=\"https:\/\/agora.xtec.cat\/escolapauboada\/wp-content\/uploads\/usu553\/2024\/12\/55-1-768x1024.png\" alt=\"\" width=\"768\" height=\"1024\" srcset=\"https:\/\/agora.xtec.cat\/escolapauboada\/wp-content\/uploads\/usu553\/2024\/12\/55-1-768x1024.png 768w, https:\/\/agora.xtec.cat\/escolapauboada\/wp-content\/uploads\/usu553\/2024\/12\/55-1-225x300.png 225w, https:\/\/agora.xtec.cat\/escolapauboada\/wp-content\/uploads\/usu553\/2024\/12\/55-1-1152x1536.png 1152w, https:\/\/agora.xtec.cat\/escolapauboada\/wp-content\/uploads\/usu553\/2024\/12\/55-1.png 1536w\" sizes=\"auto, (max-width: 768px) 100vw, 768px\" \/><\/p>\n","protected":false},"excerpt":{"rendered":"<p>En aquesta aula es fa el projecte de rob\u00f2tica, que \u00e9s nou d\u2019aquest any i el duen a terme l&#8217;alumnat de 3r a 6\u00e8. L&#8217;alumnat de 3r a 4t treballen amb el Codey Rocky i el Lego Spike.Ho fan amb el programa Mblock. L&#8217;alumnat de 5\u00e8 i 6\u00e8 fan programaci\u00f3 en bloc amb les plaques [&hellip;]<\/p>\n","protected":false},"author":1,"featured_media":0,"parent":9409,"menu_order":0,"comment_status":"closed","ping_status":"closed","template":"","meta":{"_bbp_topic_count":0,"_bbp_reply_count":0,"_bbp_total_topic_count":0,"_bbp_total_reply_count":0,"_bbp_voice_count":0,"_bbp_anonymous_reply_count":0,"_bbp_topic_count_hidden":0,"_bbp_reply_count_hidden":0,"_bbp_forum_subforum_count":0,"site-sidebar-layout":"default","site-content-layout":"","ast-site-content-layout":"","site-content-style":"default","site-sidebar-style":"default","ast-global-header-display":"","ast-banner-title-visibility":"","ast-main-header-display":"","ast-hfb-above-header-display":"","ast-hfb-below-header-display":"","ast-hfb-mobile-header-display":"","site-post-title":"","ast-breadcrumbs-content":"","ast-featured-img":"","footer-sml-layout":"","theme-transparent-header-meta":"","adv-header-id-meta":"","stick-header-meta":"","header-above-stick-meta":"","header-main-stick-meta":"","header-below-stick-meta":"","astra-migrate-meta-layouts":"default","ast-page-background-enabled":"default","ast-page-background-meta":{"desktop":{"background-color":"var(--ast-global-color-4)","background-image":"","background-repeat":"repeat","background-position":"center center","background-size":"auto","background-attachment":"scroll","background-type":"","background-media":"","overlay-type":"","overlay-color":"","overlay-opacity":"","overlay-gradient":""},"tablet":{"background-color":"","background-image":"","background-repeat":"repeat","background-position":"center center","background-size":"auto","background-attachment":"scroll","background-type":"","background-media":"","overlay-type":"","overlay-color":"","overlay-opacity":"","overlay-gradient":""},"mobile":{"background-color":"","background-image":"","background-repeat":"repeat","background-position":"center center","background-size":"auto","background-attachment":"scroll","background-type":"","background-media":"","overlay-type":"","overlay-color":"","overlay-opacity":"","overlay-gradient":""}},"ast-content-background-meta":{"desktop":{"background-color":"var(--ast-global-color-5)","background-image":"","background-repeat":"repeat","background-position":"center center","background-size":"auto","background-attachment":"scroll","background-type":"","background-media":"","overlay-type":"","overlay-color":"","overlay-opacity":"","overlay-gradient":""},"tablet":{"background-color":"var(--ast-global-color-5)","background-image":"","background-repeat":"repeat","background-position":"center center","background-size":"auto","background-attachment":"scroll","background-type":"","background-media":"","overlay-type":"","overlay-color":"","overlay-opacity":"","overlay-gradient":""},"mobile":{"background-color":"var(--ast-global-color-5)","background-image":"","background-repeat":"repeat","background-position":"center center","background-size":"auto","background-attachment":"scroll","background-type":"","background-media":"","overlay-type":"","overlay-color":"","overlay-opacity":"","overlay-gradient":""}},"footnotes":""},"class_list":["post-9479","page","type-page","status-publish","hentry"],"post_mailing_queue_ids":[],"_links":{"self":[{"href":"https:\/\/agora.xtec.cat\/escolapauboada\/wp-json\/wp\/v2\/pages\/9479","targetHints":{"allow":["GET"]}}],"collection":[{"href":"https:\/\/agora.xtec.cat\/escolapauboada\/wp-json\/wp\/v2\/pages"}],"about":[{"href":"https:\/\/agora.xtec.cat\/escolapauboada\/wp-json\/wp\/v2\/types\/page"}],"author":[{"embeddable":true,"href":"https:\/\/agora.xtec.cat\/escolapauboada\/wp-json\/wp\/v2\/users\/1"}],"replies":[{"embeddable":true,"href":"https:\/\/agora.xtec.cat\/escolapauboada\/wp-json\/wp\/v2\/comments?post=9479"}],"version-history":[{"count":6,"href":"https:\/\/agora.xtec.cat\/escolapauboada\/wp-json\/wp\/v2\/pages\/9479\/revisions"}],"predecessor-version":[{"id":13601,"href":"https:\/\/agora.xtec.cat\/escolapauboada\/wp-json\/wp\/v2\/pages\/9479\/revisions\/13601"}],"up":[{"embeddable":true,"href":"https:\/\/agora.xtec.cat\/escolapauboada\/wp-json\/wp\/v2\/pages\/9409"}],"wp:attachment":[{"href":"https:\/\/agora.xtec.cat\/escolapauboada\/wp-json\/wp\/v2\/media?parent=9479"}],"curies":[{"name":"wp","href":"https:\/\/api.w.org\/{rel}","templated":true}]}}