{"id":9477,"date":"2018-03-08T12:04:53","date_gmt":"2018-03-08T11:04:53","guid":{"rendered":"http:\/\/agora.xtec.cat\/escolapauboada\/?page_id=9477"},"modified":"2025-01-28T15:50:16","modified_gmt":"2025-01-28T14:50:16","slug":"aula-de-suport","status":"publish","type":"page","link":"https:\/\/agora.xtec.cat\/escolapauboada\/lescola\/la-nostra-escola\/aula-de-suport\/","title":{"rendered":"AULA DE SUPORT"},"content":{"rendered":"<h4 style=\"text-align: justify;\">AULA DE SUPORT<\/h4>\n<p style=\"text-align: justify;\">A l\u2019escola hi ha una aula de suport, aquesta aula est\u00e0 situada al primer pis, l\u2019aula de suport \u00e9s un espai redu\u00eft i agradable, amb dos finestres que donen al pati, les parets s\u00f3n de color blanc i blau. L\u2019aula de suport t\u00e9 una taula gran que es fa servir per fer treballs, jocs, lectura i moltes m\u00e9s coses que ajuden a aprendre a l&#8217;alumnat. Hi ha una pissarra, dos armaris , dos ordinadors, llibres i recursos espec\u00edfics de l\u2019aula de suport.<br \/>\nL\u2019aula de suport \u00e9s una aula molt acollidora, als alumnes els encanta anar-hi perqu\u00e8 treballen en petit grup i milloren la lectura, la lletra i les faltes d\u2019ortografia.<\/p>\n<p style=\"text-align: justify;\"><img loading=\"lazy\" decoding=\"async\" class=\"aligncenter wp-image-13530 size-large\" src=\"https:\/\/agora.xtec.cat\/escolapauboada\/wp-content\/uploads\/usu553\/2024\/12\/IMG_7667-768x1024.jpeg\" alt=\"\" width=\"768\" height=\"1024\" srcset=\"https:\/\/agora.xtec.cat\/escolapauboada\/wp-content\/uploads\/usu553\/2024\/12\/IMG_7667-768x1024.jpeg 768w, https:\/\/agora.xtec.cat\/escolapauboada\/wp-content\/uploads\/usu553\/2024\/12\/IMG_7667-225x300.jpeg 225w, https:\/\/agora.xtec.cat\/escolapauboada\/wp-content\/uploads\/usu553\/2024\/12\/IMG_7667-1152x1536.jpeg 1152w, https:\/\/agora.xtec.cat\/escolapauboada\/wp-content\/uploads\/usu553\/2024\/12\/IMG_7667-1536x2048.jpeg 1536w, https:\/\/agora.xtec.cat\/escolapauboada\/wp-content\/uploads\/usu553\/2024\/12\/IMG_7667-scaled.jpeg 1920w\" sizes=\"auto, (max-width: 768px) 100vw, 768px\" \/> <img loading=\"lazy\" decoding=\"async\" class=\"aligncenter wp-image-13531 size-large\" src=\"https:\/\/agora.xtec.cat\/escolapauboada\/wp-content\/uploads\/usu553\/2024\/12\/IMG_7668-768x1024.jpeg\" alt=\"\" width=\"768\" height=\"1024\" srcset=\"https:\/\/agora.xtec.cat\/escolapauboada\/wp-content\/uploads\/usu553\/2024\/12\/IMG_7668-768x1024.jpeg 768w, https:\/\/agora.xtec.cat\/escolapauboada\/wp-content\/uploads\/usu553\/2024\/12\/IMG_7668-225x300.jpeg 225w, https:\/\/agora.xtec.cat\/escolapauboada\/wp-content\/uploads\/usu553\/2024\/12\/IMG_7668-1152x1536.jpeg 1152w, https:\/\/agora.xtec.cat\/escolapauboada\/wp-content\/uploads\/usu553\/2024\/12\/IMG_7668-1536x2048.jpeg 1536w, https:\/\/agora.xtec.cat\/escolapauboada\/wp-content\/uploads\/usu553\/2024\/12\/IMG_7668-scaled.jpeg 1920w\" sizes=\"auto, (max-width: 768px) 100vw, 768px\" \/><\/p>\n<p style=\"text-align: justify;\">\n","protected":false},"excerpt":{"rendered":"<p>AULA DE SUPORT A l\u2019escola hi ha una aula de suport, aquesta aula est\u00e0 situada al primer pis, l\u2019aula de suport \u00e9s un espai redu\u00eft i agradable, amb dos finestres que donen al pati, les parets s\u00f3n de color blanc i blau. L\u2019aula de suport t\u00e9 una taula gran que es fa servir per fer [&hellip;]<\/p>\n","protected":false},"author":1,"featured_media":0,"parent":9409,"menu_order":0,"comment_status":"closed","ping_status":"closed","template":"","meta":{"_bbp_topic_count":0,"_bbp_reply_count":0,"_bbp_total_topic_count":0,"_bbp_total_reply_count":0,"_bbp_voice_count":0,"_bbp_anonymous_reply_count":0,"_bbp_topic_count_hidden":0,"_bbp_reply_count_hidden":0,"_bbp_forum_subforum_count":0,"site-sidebar-layout":"default","site-content-layout":"","ast-site-content-layout":"","site-content-style":"default","site-sidebar-style":"default","ast-global-header-display":"","ast-banner-title-visibility":"","ast-main-header-display":"","ast-hfb-above-header-display":"","ast-hfb-below-header-display":"","ast-hfb-mobile-header-display":"","site-post-title":"","ast-breadcrumbs-content":"","ast-featured-img":"","footer-sml-layout":"","theme-transparent-header-meta":"","adv-header-id-meta":"","stick-header-meta":"","header-above-stick-meta":"","header-main-stick-meta":"","header-below-stick-meta":"","astra-migrate-meta-layouts":"default","ast-page-background-enabled":"default","ast-page-background-meta":{"desktop":{"background-color":"var(--ast-global-color-4)","background-image":"","background-repeat":"repeat","background-position":"center center","background-size":"auto","background-attachment":"scroll","background-type":"","background-media":"","overlay-type":"","overlay-color":"","overlay-opacity":"","overlay-gradient":""},"tablet":{"background-color":"","background-image":"","background-repeat":"repeat","background-position":"center center","background-size":"auto","background-attachment":"scroll","background-type":"","background-media":"","overlay-type":"","overlay-color":"","overlay-opacity":"","overlay-gradient":""},"mobile":{"background-color":"","background-image":"","background-repeat":"repeat","background-position":"center center","background-size":"auto","background-attachment":"scroll","background-type":"","background-media":"","overlay-type":"","overlay-color":"","overlay-opacity":"","overlay-gradient":""}},"ast-content-background-meta":{"desktop":{"background-color":"var(--ast-global-color-5)","background-image":"","background-repeat":"repeat","background-position":"center center","background-size":"auto","background-attachment":"scroll","background-type":"","background-media":"","overlay-type":"","overlay-color":"","overlay-opacity":"","overlay-gradient":""},"tablet":{"background-color":"var(--ast-global-color-5)","background-image":"","background-repeat":"repeat","background-position":"center center","background-size":"auto","background-attachment":"scroll","background-type":"","background-media":"","overlay-type":"","overlay-color":"","overlay-opacity":"","overlay-gradient":""},"mobile":{"background-color":"var(--ast-global-color-5)","background-image":"","background-repeat":"repeat","background-position":"center center","background-size":"auto","background-attachment":"scroll","background-type":"","background-media":"","overlay-type":"","overlay-color":"","overlay-opacity":"","overlay-gradient":""}},"footnotes":""},"class_list":["post-9477","page","type-page","status-publish","hentry"],"post_mailing_queue_ids":[],"_links":{"self":[{"href":"https:\/\/agora.xtec.cat\/escolapauboada\/wp-json\/wp\/v2\/pages\/9477","targetHints":{"allow":["GET"]}}],"collection":[{"href":"https:\/\/agora.xtec.cat\/escolapauboada\/wp-json\/wp\/v2\/pages"}],"about":[{"href":"https:\/\/agora.xtec.cat\/escolapauboada\/wp-json\/wp\/v2\/types\/page"}],"author":[{"embeddable":true,"href":"https:\/\/agora.xtec.cat\/escolapauboada\/wp-json\/wp\/v2\/users\/1"}],"replies":[{"embeddable":true,"href":"https:\/\/agora.xtec.cat\/escolapauboada\/wp-json\/wp\/v2\/comments?post=9477"}],"version-history":[{"count":6,"href":"https:\/\/agora.xtec.cat\/escolapauboada\/wp-json\/wp\/v2\/pages\/9477\/revisions"}],"predecessor-version":[{"id":13603,"href":"https:\/\/agora.xtec.cat\/escolapauboada\/wp-json\/wp\/v2\/pages\/9477\/revisions\/13603"}],"up":[{"embeddable":true,"href":"https:\/\/agora.xtec.cat\/escolapauboada\/wp-json\/wp\/v2\/pages\/9409"}],"wp:attachment":[{"href":"https:\/\/agora.xtec.cat\/escolapauboada\/wp-json\/wp\/v2\/media?parent=9477"}],"curies":[{"name":"wp","href":"https:\/\/api.w.org\/{rel}","templated":true}]}}