{"id":9469,"date":"2018-03-08T12:01:24","date_gmt":"2018-03-08T11:01:24","guid":{"rendered":"http:\/\/agora.xtec.cat\/escolapauboada\/?page_id=9469"},"modified":"2025-01-28T15:48:15","modified_gmt":"2025-01-28T14:48:15","slug":"el-menjador","status":"publish","type":"page","link":"https:\/\/agora.xtec.cat\/escolapauboada\/lescola\/la-nostra-escola\/el-menjador\/","title":{"rendered":"El Menjador"},"content":{"rendered":"<p style=\"text-align: center;\">El menjador es troba a la planta baixa, \u00e9s un espai molt gran on hi caben molts alumnes.<br \/>\nAl menjador hi ha moltes cadires i taules per a que puguin dinar molts alumnes\/as alhora, tamb\u00e9 hi ha armaris i un projector per veure pel\u00b7l\u00edcules \u00a0quan plou.<\/p>\n<p style=\"text-align: center;\">El menjador t\u00e9 cuina pr\u00f2pia on hi treballen dues cuineres que fan el menjar cada dia. Al menjador tamb\u00e9 hi treballen sis monitores que a part de ajudar als nens i nenes a menjar tamb\u00e9 fan activitats i dinamitzen les hores de menjador.<\/p>\n<p><img loading=\"lazy\" decoding=\"async\" class=\"aligncenter wp-image-13524 size-large\" src=\"https:\/\/agora.xtec.cat\/escolapauboada\/wp-content\/uploads\/usu553\/2024\/12\/IMG_7660-768x1024.jpeg\" alt=\"\" width=\"768\" height=\"1024\" srcset=\"https:\/\/agora.xtec.cat\/escolapauboada\/wp-content\/uploads\/usu553\/2024\/12\/IMG_7660-768x1024.jpeg 768w, https:\/\/agora.xtec.cat\/escolapauboada\/wp-content\/uploads\/usu553\/2024\/12\/IMG_7660-225x300.jpeg 225w, https:\/\/agora.xtec.cat\/escolapauboada\/wp-content\/uploads\/usu553\/2024\/12\/IMG_7660-1152x1536.jpeg 1152w, https:\/\/agora.xtec.cat\/escolapauboada\/wp-content\/uploads\/usu553\/2024\/12\/IMG_7660-1536x2048.jpeg 1536w, https:\/\/agora.xtec.cat\/escolapauboada\/wp-content\/uploads\/usu553\/2024\/12\/IMG_7660-scaled.jpeg 1920w\" sizes=\"auto, (max-width: 768px) 100vw, 768px\" \/> <img loading=\"lazy\" decoding=\"async\" class=\"aligncenter wp-image-13523 size-large\" src=\"https:\/\/agora.xtec.cat\/escolapauboada\/wp-content\/uploads\/usu553\/2024\/12\/IMG_7659-768x1024.jpeg\" alt=\"\" width=\"768\" height=\"1024\" srcset=\"https:\/\/agora.xtec.cat\/escolapauboada\/wp-content\/uploads\/usu553\/2024\/12\/IMG_7659-768x1024.jpeg 768w, https:\/\/agora.xtec.cat\/escolapauboada\/wp-content\/uploads\/usu553\/2024\/12\/IMG_7659-225x300.jpeg 225w, https:\/\/agora.xtec.cat\/escolapauboada\/wp-content\/uploads\/usu553\/2024\/12\/IMG_7659-1152x1536.jpeg 1152w, https:\/\/agora.xtec.cat\/escolapauboada\/wp-content\/uploads\/usu553\/2024\/12\/IMG_7659-1536x2048.jpeg 1536w, https:\/\/agora.xtec.cat\/escolapauboada\/wp-content\/uploads\/usu553\/2024\/12\/IMG_7659-scaled.jpeg 1920w\" sizes=\"auto, (max-width: 768px) 100vw, 768px\" \/>njador \u00e9s un lloc que entusiasma molt als nens i nenes de l\u2019escola perqu\u00e8 les monitores i les cuineres els cuiden molt i els preparen uns dinars exquisits.<\/p>\n<p style=\"text-align: justify;\">\n","protected":false},"excerpt":{"rendered":"<p>El menjador es troba a la planta baixa, \u00e9s un espai molt gran on hi caben molts alumnes. Al menjador hi ha moltes cadires i taules per a que puguin dinar molts alumnes\/as alhora, tamb\u00e9 hi ha armaris i un projector per veure pel\u00b7l\u00edcules \u00a0quan plou. El menjador t\u00e9 cuina pr\u00f2pia on hi treballen dues [&hellip;]<\/p>\n","protected":false},"author":1,"featured_media":0,"parent":9409,"menu_order":0,"comment_status":"closed","ping_status":"closed","template":"","meta":{"_bbp_topic_count":0,"_bbp_reply_count":0,"_bbp_total_topic_count":0,"_bbp_total_reply_count":0,"_bbp_voice_count":0,"_bbp_anonymous_reply_count":0,"_bbp_topic_count_hidden":0,"_bbp_reply_count_hidden":0,"_bbp_forum_subforum_count":0,"site-sidebar-layout":"default","site-content-layout":"","ast-site-content-layout":"","site-content-style":"default","site-sidebar-style":"default","ast-global-header-display":"","ast-banner-title-visibility":"","ast-main-header-display":"","ast-hfb-above-header-display":"","ast-hfb-below-header-display":"","ast-hfb-mobile-header-display":"","site-post-title":"","ast-breadcrumbs-content":"","ast-featured-img":"","footer-sml-layout":"","theme-transparent-header-meta":"","adv-header-id-meta":"","stick-header-meta":"","header-above-stick-meta":"","header-main-stick-meta":"","header-below-stick-meta":"","astra-migrate-meta-layouts":"default","ast-page-background-enabled":"default","ast-page-background-meta":{"desktop":{"background-color":"var(--ast-global-color-4)","background-image":"","background-repeat":"repeat","background-position":"center center","background-size":"auto","background-attachment":"scroll","background-type":"","background-media":"","overlay-type":"","overlay-color":"","overlay-opacity":"","overlay-gradient":""},"tablet":{"background-color":"","background-image":"","background-repeat":"repeat","background-position":"center center","background-size":"auto","background-attachment":"scroll","background-type":"","background-media":"","overlay-type":"","overlay-color":"","overlay-opacity":"","overlay-gradient":""},"mobile":{"background-color":"","background-image":"","background-repeat":"repeat","background-position":"center center","background-size":"auto","background-attachment":"scroll","background-type":"","background-media":"","overlay-type":"","overlay-color":"","overlay-opacity":"","overlay-gradient":""}},"ast-content-background-meta":{"desktop":{"background-color":"var(--ast-global-color-5)","background-image":"","background-repeat":"repeat","background-position":"center center","background-size":"auto","background-attachment":"scroll","background-type":"","background-media":"","overlay-type":"","overlay-color":"","overlay-opacity":"","overlay-gradient":""},"tablet":{"background-color":"var(--ast-global-color-5)","background-image":"","background-repeat":"repeat","background-position":"center center","background-size":"auto","background-attachment":"scroll","background-type":"","background-media":"","overlay-type":"","overlay-color":"","overlay-opacity":"","overlay-gradient":""},"mobile":{"background-color":"var(--ast-global-color-5)","background-image":"","background-repeat":"repeat","background-position":"center center","background-size":"auto","background-attachment":"scroll","background-type":"","background-media":"","overlay-type":"","overlay-color":"","overlay-opacity":"","overlay-gradient":""}},"footnotes":""},"class_list":["post-9469","page","type-page","status-publish","hentry"],"post_mailing_queue_ids":[],"_links":{"self":[{"href":"https:\/\/agora.xtec.cat\/escolapauboada\/wp-json\/wp\/v2\/pages\/9469","targetHints":{"allow":["GET"]}}],"collection":[{"href":"https:\/\/agora.xtec.cat\/escolapauboada\/wp-json\/wp\/v2\/pages"}],"about":[{"href":"https:\/\/agora.xtec.cat\/escolapauboada\/wp-json\/wp\/v2\/types\/page"}],"author":[{"embeddable":true,"href":"https:\/\/agora.xtec.cat\/escolapauboada\/wp-json\/wp\/v2\/users\/1"}],"replies":[{"embeddable":true,"href":"https:\/\/agora.xtec.cat\/escolapauboada\/wp-json\/wp\/v2\/comments?post=9469"}],"version-history":[{"count":6,"href":"https:\/\/agora.xtec.cat\/escolapauboada\/wp-json\/wp\/v2\/pages\/9469\/revisions"}],"predecessor-version":[{"id":13599,"href":"https:\/\/agora.xtec.cat\/escolapauboada\/wp-json\/wp\/v2\/pages\/9469\/revisions\/13599"}],"up":[{"embeddable":true,"href":"https:\/\/agora.xtec.cat\/escolapauboada\/wp-json\/wp\/v2\/pages\/9409"}],"wp:attachment":[{"href":"https:\/\/agora.xtec.cat\/escolapauboada\/wp-json\/wp\/v2\/media?parent=9469"}],"curies":[{"name":"wp","href":"https:\/\/api.w.org\/{rel}","templated":true}]}}