{"id":9462,"date":"2018-03-08T11:58:28","date_gmt":"2018-03-08T10:58:28","guid":{"rendered":"http:\/\/agora.xtec.cat\/escolapauboada\/?page_id=9462"},"modified":"2025-01-28T15:42:34","modified_gmt":"2025-01-28T14:42:34","slug":"edifici-de-primaria","status":"publish","type":"page","link":"https:\/\/agora.xtec.cat\/escolapauboada\/lescola\/la-nostra-escola\/edifici-de-primaria\/","title":{"rendered":"EDIFICI DE PRIM\u00c0RIA"},"content":{"rendered":"<p>L\u2019edifici de prim\u00e0ria es troba al centre del pati, \u00e9s l\u2019edifici m\u00e9s gran, ja que hi ha les aules de 1r a 6\u00e8 m\u00e9s les aules espec\u00edfiques de les diferents \u00e0rees, com el gimn\u00e0s, la biblioteca, l\u2019aula de rob\u00f2tica, l\u2019aula d\u2019idiomes, l\u2019aula de suport, vestidors, el Niu, etc.<\/p>\n<p>Hi ha dues escales per accedir a les plantes superiors, per cada escala hi pugen i baixen uns cursos determinats, aix\u00ed funciona molt millor l\u2019entrada i sortida de les classes.<\/p>\n<p>Al mig de l\u2019edifici hi ha un cel obert que comunica amb les tres plantes. A la planta baixa hi ha situada la secretaria, la consergeria, el menjador, la biblioteca, la sala de mestres i els diferents despatxos de direcci\u00f3.<\/p>\n<p><img loading=\"lazy\" decoding=\"async\" class=\"aligncenter wp-image-13498 size-large\" src=\"https:\/\/agora.xtec.cat\/escolapauboada\/wp-content\/uploads\/usu553\/2024\/12\/z0phu6jc-1-1-1-1-768x1024.png\" alt=\"\" width=\"768\" height=\"1024\" srcset=\"https:\/\/agora.xtec.cat\/escolapauboada\/wp-content\/uploads\/usu553\/2024\/12\/z0phu6jc-1-1-1-1-768x1024.png 768w, https:\/\/agora.xtec.cat\/escolapauboada\/wp-content\/uploads\/usu553\/2024\/12\/z0phu6jc-1-1-1-1-225x300.png 225w, https:\/\/agora.xtec.cat\/escolapauboada\/wp-content\/uploads\/usu553\/2024\/12\/z0phu6jc-1-1-1-1-1152x1536.png 1152w, https:\/\/agora.xtec.cat\/escolapauboada\/wp-content\/uploads\/usu553\/2024\/12\/z0phu6jc-1-1-1-1-1536x2048.png 1536w, https:\/\/agora.xtec.cat\/escolapauboada\/wp-content\/uploads\/usu553\/2024\/12\/z0phu6jc-1-1-1-1.png 1920w\" sizes=\"auto, (max-width: 768px) 100vw, 768px\" \/><\/p>\n<p><img loading=\"lazy\" decoding=\"async\" class=\"aligncenter wp-image-13500 size-large\" src=\"https:\/\/agora.xtec.cat\/escolapauboada\/wp-content\/uploads\/usu553\/2024\/12\/f56sy0dk-1-1-1-1-1-768x1024.png\" alt=\"\" width=\"768\" height=\"1024\" srcset=\"https:\/\/agora.xtec.cat\/escolapauboada\/wp-content\/uploads\/usu553\/2024\/12\/f56sy0dk-1-1-1-1-1-768x1024.png 768w, https:\/\/agora.xtec.cat\/escolapauboada\/wp-content\/uploads\/usu553\/2024\/12\/f56sy0dk-1-1-1-1-1-225x300.png 225w, https:\/\/agora.xtec.cat\/escolapauboada\/wp-content\/uploads\/usu553\/2024\/12\/f56sy0dk-1-1-1-1-1-1152x1536.png 1152w, https:\/\/agora.xtec.cat\/escolapauboada\/wp-content\/uploads\/usu553\/2024\/12\/f56sy0dk-1-1-1-1-1-1536x2048.png 1536w, https:\/\/agora.xtec.cat\/escolapauboada\/wp-content\/uploads\/usu553\/2024\/12\/f56sy0dk-1-1-1-1-1.png 1920w\" sizes=\"auto, (max-width: 768px) 100vw, 768px\" \/><\/p>\n","protected":false},"excerpt":{"rendered":"<p>L\u2019edifici de prim\u00e0ria es troba al centre del pati, \u00e9s l\u2019edifici m\u00e9s gran, ja que hi ha les aules de 1r a 6\u00e8 m\u00e9s les aules espec\u00edfiques de les diferents \u00e0rees, com el gimn\u00e0s, la biblioteca, l\u2019aula de rob\u00f2tica, l\u2019aula d\u2019idiomes, l\u2019aula de suport, vestidors, el Niu, etc. Hi ha dues escales per accedir a [&hellip;]<\/p>\n","protected":false},"author":1,"featured_media":0,"parent":9409,"menu_order":0,"comment_status":"closed","ping_status":"closed","template":"","meta":{"_bbp_topic_count":0,"_bbp_reply_count":0,"_bbp_total_topic_count":0,"_bbp_total_reply_count":0,"_bbp_voice_count":0,"_bbp_anonymous_reply_count":0,"_bbp_topic_count_hidden":0,"_bbp_reply_count_hidden":0,"_bbp_forum_subforum_count":0,"site-sidebar-layout":"default","site-content-layout":"","ast-site-content-layout":"","site-content-style":"default","site-sidebar-style":"default","ast-global-header-display":"","ast-banner-title-visibility":"","ast-main-header-display":"","ast-hfb-above-header-display":"","ast-hfb-below-header-display":"","ast-hfb-mobile-header-display":"","site-post-title":"","ast-breadcrumbs-content":"","ast-featured-img":"","footer-sml-layout":"","theme-transparent-header-meta":"","adv-header-id-meta":"","stick-header-meta":"","header-above-stick-meta":"","header-main-stick-meta":"","header-below-stick-meta":"","astra-migrate-meta-layouts":"default","ast-page-background-enabled":"default","ast-page-background-meta":{"desktop":{"background-color":"var(--ast-global-color-4)","background-image":"","background-repeat":"repeat","background-position":"center center","background-size":"auto","background-attachment":"scroll","background-type":"","background-media":"","overlay-type":"","overlay-color":"","overlay-opacity":"","overlay-gradient":""},"tablet":{"background-color":"","background-image":"","background-repeat":"repeat","background-position":"center center","background-size":"auto","background-attachment":"scroll","background-type":"","background-media":"","overlay-type":"","overlay-color":"","overlay-opacity":"","overlay-gradient":""},"mobile":{"background-color":"","background-image":"","background-repeat":"repeat","background-position":"center center","background-size":"auto","background-attachment":"scroll","background-type":"","background-media":"","overlay-type":"","overlay-color":"","overlay-opacity":"","overlay-gradient":""}},"ast-content-background-meta":{"desktop":{"background-color":"var(--ast-global-color-5)","background-image":"","background-repeat":"repeat","background-position":"center center","background-size":"auto","background-attachment":"scroll","background-type":"","background-media":"","overlay-type":"","overlay-color":"","overlay-opacity":"","overlay-gradient":""},"tablet":{"background-color":"var(--ast-global-color-5)","background-image":"","background-repeat":"repeat","background-position":"center center","background-size":"auto","background-attachment":"scroll","background-type":"","background-media":"","overlay-type":"","overlay-color":"","overlay-opacity":"","overlay-gradient":""},"mobile":{"background-color":"var(--ast-global-color-5)","background-image":"","background-repeat":"repeat","background-position":"center center","background-size":"auto","background-attachment":"scroll","background-type":"","background-media":"","overlay-type":"","overlay-color":"","overlay-opacity":"","overlay-gradient":""}},"footnotes":""},"class_list":["post-9462","page","type-page","status-publish","hentry"],"post_mailing_queue_ids":[],"_links":{"self":[{"href":"https:\/\/agora.xtec.cat\/escolapauboada\/wp-json\/wp\/v2\/pages\/9462","targetHints":{"allow":["GET"]}}],"collection":[{"href":"https:\/\/agora.xtec.cat\/escolapauboada\/wp-json\/wp\/v2\/pages"}],"about":[{"href":"https:\/\/agora.xtec.cat\/escolapauboada\/wp-json\/wp\/v2\/types\/page"}],"author":[{"embeddable":true,"href":"https:\/\/agora.xtec.cat\/escolapauboada\/wp-json\/wp\/v2\/users\/1"}],"replies":[{"embeddable":true,"href":"https:\/\/agora.xtec.cat\/escolapauboada\/wp-json\/wp\/v2\/comments?post=9462"}],"version-history":[{"count":6,"href":"https:\/\/agora.xtec.cat\/escolapauboada\/wp-json\/wp\/v2\/pages\/9462\/revisions"}],"predecessor-version":[{"id":13594,"href":"https:\/\/agora.xtec.cat\/escolapauboada\/wp-json\/wp\/v2\/pages\/9462\/revisions\/13594"}],"up":[{"embeddable":true,"href":"https:\/\/agora.xtec.cat\/escolapauboada\/wp-json\/wp\/v2\/pages\/9409"}],"wp:attachment":[{"href":"https:\/\/agora.xtec.cat\/escolapauboada\/wp-json\/wp\/v2\/media?parent=9462"}],"curies":[{"name":"wp","href":"https:\/\/api.w.org\/{rel}","templated":true}]}}