{"id":9409,"date":"2018-03-02T16:50:14","date_gmt":"2018-03-02T15:50:14","guid":{"rendered":"http:\/\/agora.xtec.cat\/escolapauboada\/?page_id=9409"},"modified":"2025-01-28T15:51:55","modified_gmt":"2025-01-28T14:51:55","slug":"la-nostra-escola","status":"publish","type":"page","link":"https:\/\/agora.xtec.cat\/escolapauboada\/lescola\/la-nostra-escola\/","title":{"rendered":"La nostra escola"},"content":{"rendered":"<h3 style=\"text-align: justify;\">Presentem la nostra escola<\/h3>\n<p style=\"text-align: justify;\">Enguany i per tal de treballar la dimensi\u00f3 escrita de manera competencial i vivenciada el nostre centre ha dissenyat un projecte guiat perqu\u00e8 sigui l&#8217;alumnat de sis\u00e8 els que redactin i presentin l\u2019escola, els espais i els projectes que s\u2019hi realitzen. Per a que el projecte realitzat per l&#8217;alumnat tingui un enfocament m\u00e9s \u00fatil i pr\u00e0ctic s\u2019utilitzar\u00e0 la jornada de portes obertes com a presentaci\u00f3 del projecte, on l\u2019alumnat ser\u00e0 l\u2019encarregat d\u2019ensenyar i explicar els diferents espais i projectes de l\u2019escola a les fam\u00edlies.<\/p>\n<p>&nbsp;<\/p>\n<table style=\"width: 98.9679%; background-color: #02b6f7; border-color: #02cdfa; height: 155px;\" border=\"1\">\n<tbody>\n<tr align=\"center\" valign=\"middle\" bgcolor=\"#CCCC99\">\n<td style=\"width: 22.3242%; background-color: #02caf7;\">\n<div align=\"center\">\n<p><a href=\"http:\/\/agora.xtec.cat\/escolapauboada\/lescola\/la-nostra-escola\/edifici-dinfantil\/\" target=\"_blank\" rel=\"noopener noreferrer\"><span style=\"color: #990000;\"><i><b><span style=\"font-family: Verdana, Arial, Helvetica, sans-serif;\">Edifici<br \/>\nd&#8217;infantil<\/span><\/b><\/i><\/span><\/a><\/p>\n<\/div>\n<\/td>\n<td style=\"width: 15.7492%; background-color: #02caf7;\">\n<div align=\"center\">\n<p><a href=\"http:\/\/agora.xtec.cat\/escolapauboada\/lescola\/la-nostra-escola\/el-gimnas\/\" target=\"_blank\" rel=\"noopener noreferrer\"><span style=\"color: #990000;\"><i><b><span style=\"font-family: Verdana, Arial, Helvetica, sans-serif;\">Gimn\u00e0s<\/span><\/b><\/i><\/span><\/a><\/p>\n<\/div>\n<\/td>\n<td style=\"width: 21.8654%; background-color: #02caf7;\">\n<div align=\"center\">\n<p><a href=\"http:\/\/agora.xtec.cat\/escolapauboada\/lescola\/la-nostra-escola\/aula-de-musica\/\" target=\"_blank\" rel=\"noopener noreferrer\"><span style=\"color: #990000;\"><i><b><span style=\"font-family: Verdana, Arial, Helvetica, sans-serif;\">Aula<br \/>\nde M\u00fasica<\/span><\/b><\/i><\/span><\/a><\/p>\n<\/div>\n<\/td>\n<td style=\"width: 19.2661%; background-color: #02caf7;\">\n<div align=\"center\">\n<p><a href=\"http:\/\/agora.xtec.cat\/escolapauboada\/lescola\/la-nostra-escola\/aula-didiomes\/\" target=\"_blank\" rel=\"noopener noreferrer\"><span style=\"color: #990000;\"><i><b><span style=\"font-family: Verdana, Arial, Helvetica, sans-serif;\">Aula<br \/>\nd&#8217;idiomes<\/span><\/b><\/i><\/span><\/a><\/p>\n<\/div>\n<\/td>\n<td style=\"width: 19.1131%; background-color: #02caf7;\">\n<div align=\"center\">\n<p><a href=\"http:\/\/agora.xtec.cat\/escolapauboada\/lescola\/la-nostra-escola\/aula-de-suport\/\" target=\"_blank\" rel=\"noopener noreferrer\"><span style=\"color: #990000;\"><i><b><span style=\"font-family: Verdana, Arial, Helvetica, sans-serif;\">Aula<br \/>\nde suport<\/span><\/b><\/i><\/span><\/a><\/p>\n<\/div>\n<\/td>\n<\/tr>\n<tr align=\"center\" valign=\"middle\" bgcolor=\"#CCCC99\">\n<td style=\"width: 22.3242%;\">\n<div align=\"center\">\n<p><a href=\"http:\/\/agora.xtec.cat\/escolapauboada\/lescola\/la-nostra-escola\/edifici-de-primaria\/\" target=\"_blank\" rel=\"noopener noreferrer\"><span style=\"color: #990000;\"><i><b><span style=\"font-family: Verdana, Arial, Helvetica, sans-serif;\">Edifici<br \/>\nde prim\u00e0ria<\/span><\/b><\/i><\/span><\/a><\/p>\n<\/div>\n<\/td>\n<td style=\"width: 15.7492%;\">\n<div align=\"center\">\n<p><a href=\"http:\/\/agora.xtec.cat\/escolapauboada\/lescola\/la-nostra-escola\/el-niu-2\/\" target=\"_blank\" rel=\"noopener noreferrer\"><span style=\"color: #990000;\"><i><b><span style=\"font-family: Verdana, Arial, Helvetica, sans-serif;\">El<br \/>\nNiu<\/span><\/b><\/i><\/span><\/a><\/p>\n<\/div>\n<\/td>\n<td style=\"width: 21.8654%;\">\n<div align=\"center\">\n<p><a href=\"http:\/\/agora.xtec.cat\/escolapauboada\/lescola\/la-nostra-escola\/aula-dinformatica\/\" target=\"_blank\" rel=\"noopener noreferrer\"><span style=\"color: #990000;\"><i><b><span style=\"font-family: Verdana, Arial, Helvetica, sans-serif;\">Aula<br \/>\nde rob\u00f2tica<\/span><\/b><\/i><\/span><\/a><\/p>\n<\/div>\n<\/td>\n<td style=\"width: 19.2661%;\">\n<div align=\"center\">\n<p><a href=\"http:\/\/agora.xtec.cat\/escolapauboada\/lescola\/la-nostra-escola\/la-sala-destudi\/\" target=\"_blank\" rel=\"noopener noreferrer\"><span style=\"color: #990000;\"><i><b><span style=\"font-family: Verdana, Arial, Helvetica, sans-serif;\">Sala<br \/>\nd&#8217;estudi<\/span><\/b><\/i><\/span><\/a><\/p>\n<\/div>\n<\/td>\n<td style=\"width: 19.1131%;\">\n<div align=\"center\">\n<p><a href=\"http:\/\/agora.xtec.cat\/escolapauboada\/lescola\/la-nostra-escola\/el-menjador\/\" target=\"_blank\" rel=\"noopener noreferrer\"><span style=\"color: #990000;\"><i><b><span style=\"font-family: Verdana, Arial, Helvetica, sans-serif;\">Menjador<\/span><\/b><\/i><\/span><\/a><\/p>\n<\/div>\n<\/td>\n<\/tr>\n<\/tbody>\n<\/table>\n<p>&nbsp;<\/p>\n","protected":false},"excerpt":{"rendered":"<p>Presentem la nostra escola Enguany i per tal de treballar la dimensi\u00f3 escrita de manera competencial i vivenciada el nostre centre ha dissenyat un projecte guiat perqu\u00e8 sigui l&#8217;alumnat de sis\u00e8 els que redactin i presentin l\u2019escola, els espais i els projectes que s\u2019hi realitzen. Per a que el projecte realitzat per l&#8217;alumnat tingui un [&hellip;]<\/p>\n","protected":false},"author":1,"featured_media":0,"parent":22,"menu_order":1,"comment_status":"closed","ping_status":"closed","template":"page-templates\/side-menu.php","meta":{"_bbp_topic_count":0,"_bbp_reply_count":0,"_bbp_total_topic_count":0,"_bbp_total_reply_count":0,"_bbp_voice_count":0,"_bbp_anonymous_reply_count":0,"_bbp_topic_count_hidden":0,"_bbp_reply_count_hidden":0,"_bbp_forum_subforum_count":0,"site-sidebar-layout":"default","site-content-layout":"","ast-site-content-layout":"","site-content-style":"default","site-sidebar-style":"default","ast-global-header-display":"","ast-banner-title-visibility":"","ast-main-header-display":"","ast-hfb-above-header-display":"","ast-hfb-below-header-display":"","ast-hfb-mobile-header-display":"","site-post-title":"","ast-breadcrumbs-content":"","ast-featured-img":"","footer-sml-layout":"","theme-transparent-header-meta":"","adv-header-id-meta":"","stick-header-meta":"","header-above-stick-meta":"","header-main-stick-meta":"","header-below-stick-meta":"","astra-migrate-meta-layouts":"default","ast-page-background-enabled":"default","ast-page-background-meta":{"desktop":{"background-color":"var(--ast-global-color-4)","background-image":"","background-repeat":"repeat","background-position":"center center","background-size":"auto","background-attachment":"scroll","background-type":"","background-media":"","overlay-type":"","overlay-color":"","overlay-opacity":"","overlay-gradient":""},"tablet":{"background-color":"","background-image":"","background-repeat":"repeat","background-position":"center center","background-size":"auto","background-attachment":"scroll","background-type":"","background-media":"","overlay-type":"","overlay-color":"","overlay-opacity":"","overlay-gradient":""},"mobile":{"background-color":"","background-image":"","background-repeat":"repeat","background-position":"center center","background-size":"auto","background-attachment":"scroll","background-type":"","background-media":"","overlay-type":"","overlay-color":"","overlay-opacity":"","overlay-gradient":""}},"ast-content-background-meta":{"desktop":{"background-color":"var(--ast-global-color-5)","background-image":"","background-repeat":"repeat","background-position":"center center","background-size":"auto","background-attachment":"scroll","background-type":"","background-media":"","overlay-type":"","overlay-color":"","overlay-opacity":"","overlay-gradient":""},"tablet":{"background-color":"var(--ast-global-color-5)","background-image":"","background-repeat":"repeat","background-position":"center center","background-size":"auto","background-attachment":"scroll","background-type":"","background-media":"","overlay-type":"","overlay-color":"","overlay-opacity":"","overlay-gradient":""},"mobile":{"background-color":"var(--ast-global-color-5)","background-image":"","background-repeat":"repeat","background-position":"center center","background-size":"auto","background-attachment":"scroll","background-type":"","background-media":"","overlay-type":"","overlay-color":"","overlay-opacity":"","overlay-gradient":""}},"footnotes":""},"class_list":["post-9409","page","type-page","status-publish","hentry"],"post_mailing_queue_ids":[],"_links":{"self":[{"href":"https:\/\/agora.xtec.cat\/escolapauboada\/wp-json\/wp\/v2\/pages\/9409","targetHints":{"allow":["GET"]}}],"collection":[{"href":"https:\/\/agora.xtec.cat\/escolapauboada\/wp-json\/wp\/v2\/pages"}],"about":[{"href":"https:\/\/agora.xtec.cat\/escolapauboada\/wp-json\/wp\/v2\/types\/page"}],"author":[{"embeddable":true,"href":"https:\/\/agora.xtec.cat\/escolapauboada\/wp-json\/wp\/v2\/users\/1"}],"replies":[{"embeddable":true,"href":"https:\/\/agora.xtec.cat\/escolapauboada\/wp-json\/wp\/v2\/comments?post=9409"}],"version-history":[{"count":6,"href":"https:\/\/agora.xtec.cat\/escolapauboada\/wp-json\/wp\/v2\/pages\/9409\/revisions"}],"predecessor-version":[{"id":13605,"href":"https:\/\/agora.xtec.cat\/escolapauboada\/wp-json\/wp\/v2\/pages\/9409\/revisions\/13605"}],"up":[{"embeddable":true,"href":"https:\/\/agora.xtec.cat\/escolapauboada\/wp-json\/wp\/v2\/pages\/22"}],"wp:attachment":[{"href":"https:\/\/agora.xtec.cat\/escolapauboada\/wp-json\/wp\/v2\/media?parent=9409"}],"curies":[{"name":"wp","href":"https:\/\/api.w.org\/{rel}","templated":true}]}}