{"id":73,"date":"2014-09-18T14:01:51","date_gmt":"2014-09-18T14:01:51","guid":{"rendered":"http:\/\/agora.xtec.cat\/escolapauboada\/?page_id=73"},"modified":"2026-04-28T14:46:25","modified_gmt":"2026-04-28T12:46:25","slug":"menjador-escolar","status":"publish","type":"page","link":"https:\/\/agora.xtec.cat\/escolapauboada\/serveis\/menjador-escolar\/","title":{"rendered":"Menjador escolar"},"content":{"rendered":"<h1 style=\"text-align: center;\">Curs 2025-2026<\/h1>\n<h3 style=\"text-align: center;\"><span style=\"color: #ff6600;\"><img loading=\"lazy\" decoding=\"async\" class=\"aligncenter size-full wp-image-13804\" src=\"https:\/\/agora.xtec.cat\/escolapauboada\/wp-content\/uploads\/usu553\/2025\/07\/8.Menjador.png\" alt=\"\" width=\"1587\" height=\"2245\" srcset=\"https:\/\/agora.xtec.cat\/escolapauboada\/wp-content\/uploads\/usu553\/2025\/07\/8.Menjador.png 1587w, https:\/\/agora.xtec.cat\/escolapauboada\/wp-content\/uploads\/usu553\/2025\/07\/8.Menjador-212x300.png 212w, https:\/\/agora.xtec.cat\/escolapauboada\/wp-content\/uploads\/usu553\/2025\/07\/8.Menjador-724x1024.png 724w, https:\/\/agora.xtec.cat\/escolapauboada\/wp-content\/uploads\/usu553\/2025\/07\/8.Menjador-768x1086.png 768w, https:\/\/agora.xtec.cat\/escolapauboada\/wp-content\/uploads\/usu553\/2025\/07\/8.Menjador-1086x1536.png 1086w, https:\/\/agora.xtec.cat\/escolapauboada\/wp-content\/uploads\/usu553\/2025\/07\/8.Menjador-1448x2048.png 1448w\" sizes=\"auto, (max-width: 1587px) 100vw, 1587px\" \/><\/span><\/h3>\n<h4 style=\"text-align: center;\"><strong>MEN\u00da DE MAIG<\/strong><\/h4>\n<p><img loading=\"lazy\" decoding=\"async\" class=\"aligncenter size-full wp-image-13947\" src=\"https:\/\/agora.xtec.cat\/escolapauboada\/wp-content\/uploads\/usu553\/2026\/04\/maig.png\" alt=\"\" width=\"1211\" height=\"827\" srcset=\"https:\/\/agora.xtec.cat\/escolapauboada\/wp-content\/uploads\/usu553\/2026\/04\/maig.png 1211w, https:\/\/agora.xtec.cat\/escolapauboada\/wp-content\/uploads\/usu553\/2026\/04\/maig-300x205.png 300w, https:\/\/agora.xtec.cat\/escolapauboada\/wp-content\/uploads\/usu553\/2026\/04\/maig-1024x699.png 1024w, https:\/\/agora.xtec.cat\/escolapauboada\/wp-content\/uploads\/usu553\/2026\/04\/maig-768x524.png 768w\" sizes=\"auto, (max-width: 1211px) 100vw, 1211px\" \/><\/p>\n<h4 style=\"text-align: center;\"><strong>MEN\u00da D&#8217;ABRIL<\/strong><\/h4>\n<p><img loading=\"lazy\" decoding=\"async\" class=\"aligncenter size-full wp-image-13938\" src=\"https:\/\/agora.xtec.cat\/escolapauboada\/wp-content\/uploads\/usu553\/2026\/03\/abril.png\" alt=\"\" width=\"1185\" height=\"822\" srcset=\"https:\/\/agora.xtec.cat\/escolapauboada\/wp-content\/uploads\/usu553\/2026\/03\/abril.png 1185w, https:\/\/agora.xtec.cat\/escolapauboada\/wp-content\/uploads\/usu553\/2026\/03\/abril-300x208.png 300w, https:\/\/agora.xtec.cat\/escolapauboada\/wp-content\/uploads\/usu553\/2026\/03\/abril-1024x710.png 1024w, https:\/\/agora.xtec.cat\/escolapauboada\/wp-content\/uploads\/usu553\/2026\/03\/abril-768x533.png 768w\" sizes=\"auto, (max-width: 1185px) 100vw, 1185px\" \/><\/p>\n<h4 style=\"text-align: center;\"><strong>MEN\u00da DE MAR\u00c7<\/strong><\/h4>\n<p><img loading=\"lazy\" decoding=\"async\" class=\"aligncenter size-full wp-image-13924\" src=\"https:\/\/agora.xtec.cat\/escolapauboada\/wp-content\/uploads\/usu553\/2026\/02\/marc.png\" alt=\"\" width=\"1059\" height=\"757\" srcset=\"https:\/\/agora.xtec.cat\/escolapauboada\/wp-content\/uploads\/usu553\/2026\/02\/marc.png 1059w, https:\/\/agora.xtec.cat\/escolapauboada\/wp-content\/uploads\/usu553\/2026\/02\/marc-300x214.png 300w, https:\/\/agora.xtec.cat\/escolapauboada\/wp-content\/uploads\/usu553\/2026\/02\/marc-1024x732.png 1024w, https:\/\/agora.xtec.cat\/escolapauboada\/wp-content\/uploads\/usu553\/2026\/02\/marc-768x549.png 768w\" sizes=\"auto, (max-width: 1059px) 100vw, 1059px\" \/><\/p>\n<h4 style=\"text-align: center;\"><strong>MEN\u00da DE FEBRER<\/strong><\/h4>\n<p><img loading=\"lazy\" decoding=\"async\" class=\"aligncenter size-full wp-image-13890\" src=\"https:\/\/agora.xtec.cat\/escolapauboada\/wp-content\/uploads\/usu553\/2026\/01\/febr.png\" alt=\"\" width=\"1322\" height=\"755\" srcset=\"https:\/\/agora.xtec.cat\/escolapauboada\/wp-content\/uploads\/usu553\/2026\/01\/febr.png 1322w, https:\/\/agora.xtec.cat\/escolapauboada\/wp-content\/uploads\/usu553\/2026\/01\/febr-300x171.png 300w, https:\/\/agora.xtec.cat\/escolapauboada\/wp-content\/uploads\/usu553\/2026\/01\/febr-1024x585.png 1024w, https:\/\/agora.xtec.cat\/escolapauboada\/wp-content\/uploads\/usu553\/2026\/01\/febr-768x439.png 768w\" sizes=\"auto, (max-width: 1322px) 100vw, 1322px\" \/><\/p>\n<h4 style=\"text-align: center;\"><strong>MEN\u00da DE GENER<\/strong><\/h4>\n<p><img loading=\"lazy\" decoding=\"async\" class=\"aligncenter size-full wp-image-13888\" src=\"https:\/\/agora.xtec.cat\/escolapauboada\/wp-content\/uploads\/usu553\/2025\/12\/gener.png\" alt=\"\" width=\"1237\" height=\"878\" srcset=\"https:\/\/agora.xtec.cat\/escolapauboada\/wp-content\/uploads\/usu553\/2025\/12\/gener.png 1237w, https:\/\/agora.xtec.cat\/escolapauboada\/wp-content\/uploads\/usu553\/2025\/12\/gener-300x213.png 300w, https:\/\/agora.xtec.cat\/escolapauboada\/wp-content\/uploads\/usu553\/2025\/12\/gener-1024x727.png 1024w, https:\/\/agora.xtec.cat\/escolapauboada\/wp-content\/uploads\/usu553\/2025\/12\/gener-768x545.png 768w\" sizes=\"auto, (max-width: 1237px) 100vw, 1237px\" \/><\/p>\n<h4 style=\"text-align: center;\"><strong>MEN\u00da DE DESEMBRE<\/strong><\/h4>\n<p><img loading=\"lazy\" decoding=\"async\" class=\"aligncenter size-full wp-image-13874\" src=\"https:\/\/agora.xtec.cat\/escolapauboada\/wp-content\/uploads\/usu553\/2025\/11\/desembre.png\" alt=\"\" width=\"1187\" height=\"821\" srcset=\"https:\/\/agora.xtec.cat\/escolapauboada\/wp-content\/uploads\/usu553\/2025\/11\/desembre.png 1187w, https:\/\/agora.xtec.cat\/escolapauboada\/wp-content\/uploads\/usu553\/2025\/11\/desembre-300x207.png 300w, https:\/\/agora.xtec.cat\/escolapauboada\/wp-content\/uploads\/usu553\/2025\/11\/desembre-1024x708.png 1024w, https:\/\/agora.xtec.cat\/escolapauboada\/wp-content\/uploads\/usu553\/2025\/11\/desembre-768x531.png 768w\" sizes=\"auto, (max-width: 1187px) 100vw, 1187px\" \/><\/p>\n<h4 style=\"text-align: center;\"><strong>MEN\u00da DE NOVEMBRE<\/strong><\/h4>\n<p><img loading=\"lazy\" decoding=\"async\" class=\"aligncenter size-full wp-image-13830\" src=\"https:\/\/agora.xtec.cat\/escolapauboada\/wp-content\/uploads\/usu553\/2025\/10\/novembre.png\" alt=\"\" width=\"1451\" height=\"831\" srcset=\"https:\/\/agora.xtec.cat\/escolapauboada\/wp-content\/uploads\/usu553\/2025\/10\/novembre.png 1451w, https:\/\/agora.xtec.cat\/escolapauboada\/wp-content\/uploads\/usu553\/2025\/10\/novembre-300x172.png 300w, https:\/\/agora.xtec.cat\/escolapauboada\/wp-content\/uploads\/usu553\/2025\/10\/novembre-1024x586.png 1024w, https:\/\/agora.xtec.cat\/escolapauboada\/wp-content\/uploads\/usu553\/2025\/10\/novembre-768x440.png 768w\" sizes=\"auto, (max-width: 1451px) 100vw, 1451px\" \/><\/p>\n<h4 style=\"text-align: center;\"><strong>MEN\u00da D&#8217;OCTUBRE<\/strong><\/h4>\n<p><img loading=\"lazy\" decoding=\"async\" class=\"aligncenter size-full wp-image-13824\" src=\"https:\/\/agora.xtec.cat\/escolapauboada\/wp-content\/uploads\/usu553\/2025\/09\/Captura-de-pantalla-2025-09-29-120820.png\" alt=\"\" width=\"1197\" height=\"796\" srcset=\"https:\/\/agora.xtec.cat\/escolapauboada\/wp-content\/uploads\/usu553\/2025\/09\/Captura-de-pantalla-2025-09-29-120820.png 1197w, https:\/\/agora.xtec.cat\/escolapauboada\/wp-content\/uploads\/usu553\/2025\/09\/Captura-de-pantalla-2025-09-29-120820-300x199.png 300w, https:\/\/agora.xtec.cat\/escolapauboada\/wp-content\/uploads\/usu553\/2025\/09\/Captura-de-pantalla-2025-09-29-120820-1024x681.png 1024w, https:\/\/agora.xtec.cat\/escolapauboada\/wp-content\/uploads\/usu553\/2025\/09\/Captura-de-pantalla-2025-09-29-120820-768x511.png 768w\" sizes=\"auto, (max-width: 1197px) 100vw, 1197px\" \/><\/p>\n<h4 style=\"text-align: center;\"><strong>MEN\u00da DE SETEMBRE<\/strong><\/h4>\n<p><img loading=\"lazy\" decoding=\"async\" class=\"aligncenter size-full wp-image-13819\" src=\"https:\/\/agora.xtec.cat\/escolapauboada\/wp-content\/uploads\/usu553\/2025\/09\/setembre.png\" alt=\"\" width=\"1028\" height=\"665\" srcset=\"https:\/\/agora.xtec.cat\/escolapauboada\/wp-content\/uploads\/usu553\/2025\/09\/setembre.png 1028w, https:\/\/agora.xtec.cat\/escolapauboada\/wp-content\/uploads\/usu553\/2025\/09\/setembre-300x194.png 300w, https:\/\/agora.xtec.cat\/escolapauboada\/wp-content\/uploads\/usu553\/2025\/09\/setembre-1024x662.png 1024w, https:\/\/agora.xtec.cat\/escolapauboada\/wp-content\/uploads\/usu553\/2025\/09\/setembre-768x497.png 768w\" sizes=\"auto, (max-width: 1028px) 100vw, 1028px\" \/><\/p>\n","protected":false},"excerpt":{"rendered":"<p>Curs 2025-2026 MEN\u00da DE MAIG MEN\u00da D&#8217;ABRIL MEN\u00da DE MAR\u00c7 MEN\u00da DE FEBRER MEN\u00da DE GENER MEN\u00da DE DESEMBRE MEN\u00da DE NOVEMBRE MEN\u00da D&#8217;OCTUBRE MEN\u00da DE SETEMBRE<\/p>\n","protected":false},"author":2,"featured_media":0,"parent":66,"menu_order":30,"comment_status":"closed","ping_status":"closed","template":"","meta":{"_bbp_topic_count":0,"_bbp_reply_count":0,"_bbp_total_topic_count":0,"_bbp_total_reply_count":0,"_bbp_voice_count":0,"_bbp_anonymous_reply_count":0,"_bbp_topic_count_hidden":0,"_bbp_reply_count_hidden":0,"_bbp_forum_subforum_count":0,"site-sidebar-layout":"default","site-content-layout":"","ast-site-content-layout":"default","site-content-style":"default","site-sidebar-style":"default","ast-global-header-display":"","ast-banner-title-visibility":"","ast-main-header-display":"","ast-hfb-above-header-display":"","ast-hfb-below-header-display":"","ast-hfb-mobile-header-display":"","site-post-title":"","ast-breadcrumbs-content":"","ast-featured-img":"","footer-sml-layout":"","theme-transparent-header-meta":"default","adv-header-id-meta":"","stick-header-meta":"","header-above-stick-meta":"","header-main-stick-meta":"","header-below-stick-meta":"","astra-migrate-meta-layouts":"set","ast-page-background-enabled":"default","ast-page-background-meta":{"desktop":{"background-color":"var(--ast-global-color-4)","background-image":"","background-repeat":"repeat","background-position":"center center","background-size":"auto","background-attachment":"scroll","background-type":"","background-media":"","overlay-type":"","overlay-color":"","overlay-opacity":"","overlay-gradient":""},"tablet":{"background-color":"","background-image":"","background-repeat":"repeat","background-position":"center center","background-size":"auto","background-attachment":"scroll","background-type":"","background-media":"","overlay-type":"","overlay-color":"","overlay-opacity":"","overlay-gradient":""},"mobile":{"background-color":"","background-image":"","background-repeat":"repeat","background-position":"center center","background-size":"auto","background-attachment":"scroll","background-type":"","background-media":"","overlay-type":"","overlay-color":"","overlay-opacity":"","overlay-gradient":""}},"ast-content-background-meta":{"desktop":{"background-color":"var(--ast-global-color-5)","background-image":"","background-repeat":"repeat","background-position":"center center","background-size":"auto","background-attachment":"scroll","background-type":"","background-media":"","overlay-type":"","overlay-color":"","overlay-opacity":"","overlay-gradient":""},"tablet":{"background-color":"var(--ast-global-color-5)","background-image":"","background-repeat":"repeat","background-position":"center center","background-size":"auto","background-attachment":"scroll","background-type":"","background-media":"","overlay-type":"","overlay-color":"","overlay-opacity":"","overlay-gradient":""},"mobile":{"background-color":"var(--ast-global-color-5)","background-image":"","background-repeat":"repeat","background-position":"center center","background-size":"auto","background-attachment":"scroll","background-type":"","background-media":"","overlay-type":"","overlay-color":"","overlay-opacity":"","overlay-gradient":""}},"footnotes":""},"class_list":["post-73","page","type-page","status-publish","hentry"],"post_mailing_queue_ids":[],"_links":{"self":[{"href":"https:\/\/agora.xtec.cat\/escolapauboada\/wp-json\/wp\/v2\/pages\/73","targetHints":{"allow":["GET"]}}],"collection":[{"href":"https:\/\/agora.xtec.cat\/escolapauboada\/wp-json\/wp\/v2\/pages"}],"about":[{"href":"https:\/\/agora.xtec.cat\/escolapauboada\/wp-json\/wp\/v2\/types\/page"}],"author":[{"embeddable":true,"href":"https:\/\/agora.xtec.cat\/escolapauboada\/wp-json\/wp\/v2\/users\/2"}],"replies":[{"embeddable":true,"href":"https:\/\/agora.xtec.cat\/escolapauboada\/wp-json\/wp\/v2\/comments?post=73"}],"version-history":[{"count":7,"href":"https:\/\/agora.xtec.cat\/escolapauboada\/wp-json\/wp\/v2\/pages\/73\/revisions"}],"predecessor-version":[{"id":13948,"href":"https:\/\/agora.xtec.cat\/escolapauboada\/wp-json\/wp\/v2\/pages\/73\/revisions\/13948"}],"up":[{"embeddable":true,"href":"https:\/\/agora.xtec.cat\/escolapauboada\/wp-json\/wp\/v2\/pages\/66"}],"wp:attachment":[{"href":"https:\/\/agora.xtec.cat\/escolapauboada\/wp-json\/wp\/v2\/media?parent=73"}],"curies":[{"name":"wp","href":"https:\/\/api.w.org\/{rel}","templated":true}]}}