{"id":663,"date":"2016-01-28T13:16:45","date_gmt":"2016-01-28T12:16:45","guid":{"rendered":"http:\/\/agora.xtec.cat\/escolapauboada\/?page_id=663"},"modified":"2024-12-19T08:12:58","modified_gmt":"2024-12-19T07:12:58","slug":"fruita-a-la-nostra-escola","status":"publish","type":"page","link":"https:\/\/agora.xtec.cat\/escolapauboada\/activitats-del-centre\/fruita-a-la-nostra-escola\/","title":{"rendered":"Fruita a la nostra Escola!"},"content":{"rendered":"<h3 style=\"text-align: left;\">Fruita a l&#8217;escola<\/h3>\n<p>La nostra escola aquest curs torna a \u00a0participar en el\u00a0<strong>Pla de consum de fruita a les escoles.<\/strong>\u00a0La finalitat \u00e9s promoure el consum de fruites i hortalisses entre la poblaci\u00f3 escolar i contribuir a la promoci\u00f3 d\u2019h\u00e0bits de consum saludables.<\/p>\n<p style=\"text-align: justify;\">\u00c9s una iniciativa de la Uni\u00f3 Europea que a casa nostra es fa efectiva mitjan\u00e7ant una acci\u00f3 coordinada del Departament d\u2019Agricultura, el de Salut i el d\u2019Ensenyament, de la Generalitat de Catalunya.<\/p>\n<p style=\"text-align: justify;\">Des del PLA DE CONSUM DE FRUITA A L\u2019ESCOLA, us adjuntem el link per si voleu m\u00e9s informaci\u00f3 del que podeu fer amb els vostres fills i el seu consum:<\/p>\n<p><a href=\"http:\/\/agricultura.gencat.cat\/ca\/ambits\/alimentacio\/fruites-hortalisses\/fruita-escoles\/\" target=\"_blank\" rel=\"noopener\">Fruita a les escoles<\/a><\/p>\n<p><img loading=\"lazy\" decoding=\"async\" class=\"alignright\" src=\"http:\/\/agricultura.gencat.cat\/web\/sites\/agricultura\/.content\/04-alimentacio\/pla-consum-fruita-escoles\/imatges\/fitxers-binaris\/2015-2016-triptic-fruites.jpg_1119010567.jpg\" alt=\"\" width=\"845\" height=\"595\" \/><\/p>\n","protected":false},"excerpt":{"rendered":"<p>Fruita a l&#8217;escola La nostra escola aquest curs torna a \u00a0participar en el\u00a0Pla de consum de fruita a les escoles.\u00a0La finalitat \u00e9s promoure el consum de fruites i hortalisses entre la poblaci\u00f3 escolar i contribuir a la promoci\u00f3 d\u2019h\u00e0bits de consum saludables. \u00c9s una iniciativa de la Uni\u00f3 Europea que a casa nostra es fa [&hellip;]<\/p>\n","protected":false},"author":1,"featured_media":0,"parent":519,"menu_order":0,"comment_status":"closed","ping_status":"closed","template":"page-templates\/side-menu.php","meta":{"_bbp_topic_count":0,"_bbp_reply_count":0,"_bbp_total_topic_count":0,"_bbp_total_reply_count":0,"_bbp_voice_count":0,"_bbp_anonymous_reply_count":0,"_bbp_topic_count_hidden":0,"_bbp_reply_count_hidden":0,"_bbp_forum_subforum_count":0,"site-sidebar-layout":"default","site-content-layout":"","ast-site-content-layout":"","site-content-style":"default","site-sidebar-style":"default","ast-global-header-display":"","ast-banner-title-visibility":"","ast-main-header-display":"","ast-hfb-above-header-display":"","ast-hfb-below-header-display":"","ast-hfb-mobile-header-display":"","site-post-title":"","ast-breadcrumbs-content":"","ast-featured-img":"","footer-sml-layout":"","theme-transparent-header-meta":"","adv-header-id-meta":"","stick-header-meta":"","header-above-stick-meta":"","header-main-stick-meta":"","header-below-stick-meta":"","astra-migrate-meta-layouts":"default","ast-page-background-enabled":"default","ast-page-background-meta":{"desktop":{"background-color":"var(--ast-global-color-4)","background-image":"","background-repeat":"repeat","background-position":"center center","background-size":"auto","background-attachment":"scroll","background-type":"","background-media":"","overlay-type":"","overlay-color":"","overlay-opacity":"","overlay-gradient":""},"tablet":{"background-color":"","background-image":"","background-repeat":"repeat","background-position":"center center","background-size":"auto","background-attachment":"scroll","background-type":"","background-media":"","overlay-type":"","overlay-color":"","overlay-opacity":"","overlay-gradient":""},"mobile":{"background-color":"","background-image":"","background-repeat":"repeat","background-position":"center center","background-size":"auto","background-attachment":"scroll","background-type":"","background-media":"","overlay-type":"","overlay-color":"","overlay-opacity":"","overlay-gradient":""}},"ast-content-background-meta":{"desktop":{"background-color":"var(--ast-global-color-5)","background-image":"","background-repeat":"repeat","background-position":"center center","background-size":"auto","background-attachment":"scroll","background-type":"","background-media":"","overlay-type":"","overlay-color":"","overlay-opacity":"","overlay-gradient":""},"tablet":{"background-color":"var(--ast-global-color-5)","background-image":"","background-repeat":"repeat","background-position":"center center","background-size":"auto","background-attachment":"scroll","background-type":"","background-media":"","overlay-type":"","overlay-color":"","overlay-opacity":"","overlay-gradient":""},"mobile":{"background-color":"var(--ast-global-color-5)","background-image":"","background-repeat":"repeat","background-position":"center center","background-size":"auto","background-attachment":"scroll","background-type":"","background-media":"","overlay-type":"","overlay-color":"","overlay-opacity":"","overlay-gradient":""}},"footnotes":""},"class_list":["post-663","page","type-page","status-publish","hentry"],"post_mailing_queue_ids":[],"_links":{"self":[{"href":"https:\/\/agora.xtec.cat\/escolapauboada\/wp-json\/wp\/v2\/pages\/663","targetHints":{"allow":["GET"]}}],"collection":[{"href":"https:\/\/agora.xtec.cat\/escolapauboada\/wp-json\/wp\/v2\/pages"}],"about":[{"href":"https:\/\/agora.xtec.cat\/escolapauboada\/wp-json\/wp\/v2\/types\/page"}],"author":[{"embeddable":true,"href":"https:\/\/agora.xtec.cat\/escolapauboada\/wp-json\/wp\/v2\/users\/1"}],"replies":[{"embeddable":true,"href":"https:\/\/agora.xtec.cat\/escolapauboada\/wp-json\/wp\/v2\/comments?post=663"}],"version-history":[{"count":4,"href":"https:\/\/agora.xtec.cat\/escolapauboada\/wp-json\/wp\/v2\/pages\/663\/revisions"}],"predecessor-version":[{"id":13514,"href":"https:\/\/agora.xtec.cat\/escolapauboada\/wp-json\/wp\/v2\/pages\/663\/revisions\/13514"}],"up":[{"embeddable":true,"href":"https:\/\/agora.xtec.cat\/escolapauboada\/wp-json\/wp\/v2\/pages\/519"}],"wp:attachment":[{"href":"https:\/\/agora.xtec.cat\/escolapauboada\/wp-json\/wp\/v2\/media?parent=663"}],"curies":[{"name":"wp","href":"https:\/\/api.w.org\/{rel}","templated":true}]}}