{"id":492,"date":"2016-01-07T11:42:00","date_gmt":"2016-01-07T10:42:00","guid":{"rendered":"http:\/\/agora.xtec.cat\/escolapauboada\/?page_id=492"},"modified":"2020-12-15T20:46:11","modified_gmt":"2020-12-15T19:46:11","slug":"escola-verda","status":"publish","type":"page","link":"https:\/\/agora.xtec.cat\/escolapauboada\/activitats-del-centre\/escola-verda\/","title":{"rendered":"Escola verda"},"content":{"rendered":"<p style=\"text-align: justify;\"><a href=\"https:\/\/sites.google.com\/a\/xtec.cat\/escola-verda\/\" target=\"_blank\" rel=\"noopener noreferrer\">Antic bloc de l&#8217;escola per al projecte escola verda<\/a><\/p>\n<p style=\"text-align: justify;\">Des del Centre Especial de treball NOU VERD ens fan arribar aquesta informaci\u00f3 relativa a la participaci\u00f3 en el projecte de recollida d&#8217;oli vegetal de cuina usat a les Escoles.<\/p>\n<p style=\"text-align: justify;\"><strong>Nivell de participaci\u00f3:<\/strong><br \/>\nS&#8217;han recollit 141 litres d&#8217;oli usat.<br \/>\nS&#8217;han generat 112,8 litres de combustible biodi\u00e8sel.<\/p>\n<p style=\"text-align: justify;\"><strong>Beneficis gr\u00e0cies a la vostra col\u00b7laboraci\u00f3:<\/strong><br \/>\nLa no contaminaci\u00f3 de 141.000 litres d&#8217;aigua i la no emissi\u00f3 de 185kg de CO2 a l&#8217;atmosfera.<br \/>\nUn estalvi estimat de 345,45 \u20ac en la depuraci\u00f3 de l&#8217;aigua.<br \/>\nUna oportunitat de reinserci\u00f3 laboral de 2 persones amb risc d&#8217;exclusi\u00f3 social.<\/p>\n<p style=\"text-align: justify;\">En Jaume Dom\u00e8nech ens informa que l&#8217;\u00e8xit del projecte i els reconeixements permetran ampliar-Lo arreu de les escoles de la comarca amb l&#8217;objectiu de fer de l&#8217;Alt Pened\u00e8s un referent catal\u00e0 en la recollida de l&#8217;oli usat de les fam\u00edlies.<img loading=\"lazy\" decoding=\"async\" class=\" aligncenter\" src=\"http:\/\/www.entrem-hi.com\/wp-content\/uploads\/2014\/08\/Nou-verd--300x300.png\" alt=\"\" width=\"153\" height=\"153\" \/><\/p>\n<p style=\"text-align: justify;\">\n","protected":false},"excerpt":{"rendered":"<p>Antic bloc de l&#8217;escola per al projecte escola verda Des del Centre Especial de treball NOU VERD ens fan arribar aquesta informaci\u00f3 relativa a la participaci\u00f3 en el projecte de recollida d&#8217;oli vegetal de cuina usat a les Escoles. Nivell de participaci\u00f3: S&#8217;han recollit 141 litres d&#8217;oli usat. S&#8217;han generat 112,8 litres de combustible biodi\u00e8sel. [&hellip;]<\/p>\n","protected":false},"author":1,"featured_media":0,"parent":519,"menu_order":0,"comment_status":"closed","ping_status":"closed","template":"page-templates\/side-menu.php","meta":{"_bbp_topic_count":0,"_bbp_reply_count":0,"_bbp_total_topic_count":0,"_bbp_total_reply_count":0,"_bbp_voice_count":0,"_bbp_anonymous_reply_count":0,"_bbp_topic_count_hidden":0,"_bbp_reply_count_hidden":0,"_bbp_forum_subforum_count":0,"site-sidebar-layout":"default","site-content-layout":"","ast-site-content-layout":"","site-content-style":"default","site-sidebar-style":"default","ast-global-header-display":"","ast-banner-title-visibility":"","ast-main-header-display":"","ast-hfb-above-header-display":"","ast-hfb-below-header-display":"","ast-hfb-mobile-header-display":"","site-post-title":"","ast-breadcrumbs-content":"","ast-featured-img":"","footer-sml-layout":"","theme-transparent-header-meta":"","adv-header-id-meta":"","stick-header-meta":"","header-above-stick-meta":"","header-main-stick-meta":"","header-below-stick-meta":"","astra-migrate-meta-layouts":"default","ast-page-background-enabled":"default","ast-page-background-meta":{"desktop":{"background-color":"var(--ast-global-color-4)","background-image":"","background-repeat":"repeat","background-position":"center center","background-size":"auto","background-attachment":"scroll","background-type":"","background-media":"","overlay-type":"","overlay-color":"","overlay-opacity":"","overlay-gradient":""},"tablet":{"background-color":"","background-image":"","background-repeat":"repeat","background-position":"center center","background-size":"auto","background-attachment":"scroll","background-type":"","background-media":"","overlay-type":"","overlay-color":"","overlay-opacity":"","overlay-gradient":""},"mobile":{"background-color":"","background-image":"","background-repeat":"repeat","background-position":"center center","background-size":"auto","background-attachment":"scroll","background-type":"","background-media":"","overlay-type":"","overlay-color":"","overlay-opacity":"","overlay-gradient":""}},"ast-content-background-meta":{"desktop":{"background-color":"var(--ast-global-color-5)","background-image":"","background-repeat":"repeat","background-position":"center center","background-size":"auto","background-attachment":"scroll","background-type":"","background-media":"","overlay-type":"","overlay-color":"","overlay-opacity":"","overlay-gradient":""},"tablet":{"background-color":"var(--ast-global-color-5)","background-image":"","background-repeat":"repeat","background-position":"center center","background-size":"auto","background-attachment":"scroll","background-type":"","background-media":"","overlay-type":"","overlay-color":"","overlay-opacity":"","overlay-gradient":""},"mobile":{"background-color":"var(--ast-global-color-5)","background-image":"","background-repeat":"repeat","background-position":"center center","background-size":"auto","background-attachment":"scroll","background-type":"","background-media":"","overlay-type":"","overlay-color":"","overlay-opacity":"","overlay-gradient":""}},"footnotes":""},"class_list":["post-492","page","type-page","status-publish","hentry"],"post_mailing_queue_ids":[],"_links":{"self":[{"href":"https:\/\/agora.xtec.cat\/escolapauboada\/wp-json\/wp\/v2\/pages\/492","targetHints":{"allow":["GET"]}}],"collection":[{"href":"https:\/\/agora.xtec.cat\/escolapauboada\/wp-json\/wp\/v2\/pages"}],"about":[{"href":"https:\/\/agora.xtec.cat\/escolapauboada\/wp-json\/wp\/v2\/types\/page"}],"author":[{"embeddable":true,"href":"https:\/\/agora.xtec.cat\/escolapauboada\/wp-json\/wp\/v2\/users\/1"}],"replies":[{"embeddable":true,"href":"https:\/\/agora.xtec.cat\/escolapauboada\/wp-json\/wp\/v2\/comments?post=492"}],"version-history":[{"count":3,"href":"https:\/\/agora.xtec.cat\/escolapauboada\/wp-json\/wp\/v2\/pages\/492\/revisions"}],"predecessor-version":[{"id":11825,"href":"https:\/\/agora.xtec.cat\/escolapauboada\/wp-json\/wp\/v2\/pages\/492\/revisions\/11825"}],"up":[{"embeddable":true,"href":"https:\/\/agora.xtec.cat\/escolapauboada\/wp-json\/wp\/v2\/pages\/519"}],"wp:attachment":[{"href":"https:\/\/agora.xtec.cat\/escolapauboada\/wp-json\/wp\/v2\/media?parent=492"}],"curies":[{"name":"wp","href":"https:\/\/api.w.org\/{rel}","templated":true}]}}