{"id":22,"date":"2014-09-18T12:19:57","date_gmt":"2014-09-18T12:19:57","guid":{"rendered":"http:\/\/agora.xtec.cat\/escolapauboada\/?page_id=22"},"modified":"2016-01-07T11:15:33","modified_gmt":"2016-01-07T10:15:33","slug":"lescola","status":"publish","type":"page","link":"https:\/\/agora.xtec.cat\/escolapauboada\/lescola\/","title":{"rendered":"L&#8217;escola"},"content":{"rendered":"<p style=\"text-align: center;\"><strong>En el men\u00fa lateral d&#8217;aquesta p\u00e0gina hi trobareu molta informaci\u00f3 sobre la nostra escola.<\/strong><\/p>\n<table>\n<tbody>\n<tr>\n<td><img loading=\"lazy\" decoding=\"async\" class=\"aligncenter wp-image-471\" src=\"http:\/\/agora.xtec.cat\/escolapauboada\/wp-content\/uploads\/usu553\/2014\/09\/img_14533201_1.jpg\" alt=\"img_14533201_1\" width=\"300\" height=\"225\" srcset=\"https:\/\/agora.xtec.cat\/escolapauboada\/wp-content\/uploads\/usu553\/2014\/09\/img_14533201_1.jpg 800w, https:\/\/agora.xtec.cat\/escolapauboada\/wp-content\/uploads\/usu553\/2014\/09\/img_14533201_1-300x225.jpg 300w, https:\/\/agora.xtec.cat\/escolapauboada\/wp-content\/uploads\/usu553\/2014\/09\/img_14533201_1-200x150.jpg 200w\" sizes=\"auto, (max-width: 300px) 100vw, 300px\" \/><\/td>\n<td><img loading=\"lazy\" decoding=\"async\" class=\"aligncenter wp-image-469\" src=\"http:\/\/agora.xtec.cat\/escolapauboada\/wp-content\/uploads\/usu553\/2014\/09\/img_42389337_1.jpg\" alt=\"img_42389337_1\" width=\"300\" height=\"225\" srcset=\"https:\/\/agora.xtec.cat\/escolapauboada\/wp-content\/uploads\/usu553\/2014\/09\/img_42389337_1.jpg 800w, https:\/\/agora.xtec.cat\/escolapauboada\/wp-content\/uploads\/usu553\/2014\/09\/img_42389337_1-300x225.jpg 300w, https:\/\/agora.xtec.cat\/escolapauboada\/wp-content\/uploads\/usu553\/2014\/09\/img_42389337_1-200x150.jpg 200w\" sizes=\"auto, (max-width: 300px) 100vw, 300px\" \/><\/td>\n<td><img loading=\"lazy\" decoding=\"async\" class=\"aligncenter wp-image-470\" src=\"http:\/\/agora.xtec.cat\/escolapauboada\/wp-content\/uploads\/usu553\/2014\/09\/img_37908017_1.jpg\" alt=\"img_37908017_1\" width=\"300\" height=\"225\" srcset=\"https:\/\/agora.xtec.cat\/escolapauboada\/wp-content\/uploads\/usu553\/2014\/09\/img_37908017_1.jpg 800w, https:\/\/agora.xtec.cat\/escolapauboada\/wp-content\/uploads\/usu553\/2014\/09\/img_37908017_1-300x225.jpg 300w, https:\/\/agora.xtec.cat\/escolapauboada\/wp-content\/uploads\/usu553\/2014\/09\/img_37908017_1-200x150.jpg 200w\" sizes=\"auto, (max-width: 300px) 100vw, 300px\" \/><\/td>\n<\/tr>\n<tr>\n<td><img loading=\"lazy\" decoding=\"async\" class=\"aligncenter wp-image-463\" src=\"http:\/\/agora.xtec.cat\/escolapauboada\/wp-content\/uploads\/usu553\/2014\/09\/img_97548645_1.jpg\" alt=\"img_97548645_1\" width=\"300\" height=\"225\" srcset=\"https:\/\/agora.xtec.cat\/escolapauboada\/wp-content\/uploads\/usu553\/2014\/09\/img_97548645_1.jpg 800w, https:\/\/agora.xtec.cat\/escolapauboada\/wp-content\/uploads\/usu553\/2014\/09\/img_97548645_1-300x225.jpg 300w, https:\/\/agora.xtec.cat\/escolapauboada\/wp-content\/uploads\/usu553\/2014\/09\/img_97548645_1-200x150.jpg 200w\" sizes=\"auto, (max-width: 300px) 100vw, 300px\" \/><\/td>\n<td><img loading=\"lazy\" decoding=\"async\" class=\"aligncenter wp-image-464\" src=\"http:\/\/agora.xtec.cat\/escolapauboada\/wp-content\/uploads\/usu553\/2014\/09\/img_49028756_1.jpg\" alt=\"img_49028756_1\" width=\"300\" height=\"225\" srcset=\"https:\/\/agora.xtec.cat\/escolapauboada\/wp-content\/uploads\/usu553\/2014\/09\/img_49028756_1.jpg 800w, https:\/\/agora.xtec.cat\/escolapauboada\/wp-content\/uploads\/usu553\/2014\/09\/img_49028756_1-300x225.jpg 300w, https:\/\/agora.xtec.cat\/escolapauboada\/wp-content\/uploads\/usu553\/2014\/09\/img_49028756_1-200x150.jpg 200w\" sizes=\"auto, (max-width: 300px) 100vw, 300px\" \/><\/td>\n<td><img loading=\"lazy\" decoding=\"async\" class=\"aligncenter wp-image-467\" src=\"http:\/\/agora.xtec.cat\/escolapauboada\/wp-content\/uploads\/usu553\/2014\/09\/logo30anystriptic.jpg\" alt=\"logo30anystriptic\" width=\"185\" height=\"185\" srcset=\"https:\/\/agora.xtec.cat\/escolapauboada\/wp-content\/uploads\/usu553\/2014\/09\/logo30anystriptic.jpg 445w, https:\/\/agora.xtec.cat\/escolapauboada\/wp-content\/uploads\/usu553\/2014\/09\/logo30anystriptic-150x150.jpg 150w, https:\/\/agora.xtec.cat\/escolapauboada\/wp-content\/uploads\/usu553\/2014\/09\/logo30anystriptic-300x300.jpg 300w\" sizes=\"auto, (max-width: 185px) 100vw, 185px\" \/><\/td>\n<\/tr>\n<tr>\n<td><img loading=\"lazy\" decoding=\"async\" class=\"aligncenter wp-image-465\" src=\"http:\/\/agora.xtec.cat\/escolapauboada\/wp-content\/uploads\/usu553\/2014\/09\/img_14958680_1.jpg\" alt=\"img_14958680_1\" width=\"300\" height=\"192\" srcset=\"https:\/\/agora.xtec.cat\/escolapauboada\/wp-content\/uploads\/usu553\/2014\/09\/img_14958680_1.jpg 800w, https:\/\/agora.xtec.cat\/escolapauboada\/wp-content\/uploads\/usu553\/2014\/09\/img_14958680_1-300x192.jpg 300w\" sizes=\"auto, (max-width: 300px) 100vw, 300px\" \/><\/td>\n<td><img loading=\"lazy\" decoding=\"async\" class=\"aligncenter wp-image-468\" src=\"http:\/\/agora.xtec.cat\/escolapauboada\/wp-content\/uploads\/usu553\/2014\/09\/img_52170613_1.jpg\" alt=\"img_52170613_1\" width=\"300\" height=\"225\" srcset=\"https:\/\/agora.xtec.cat\/escolapauboada\/wp-content\/uploads\/usu553\/2014\/09\/img_52170613_1.jpg 800w, https:\/\/agora.xtec.cat\/escolapauboada\/wp-content\/uploads\/usu553\/2014\/09\/img_52170613_1-300x225.jpg 300w, https:\/\/agora.xtec.cat\/escolapauboada\/wp-content\/uploads\/usu553\/2014\/09\/img_52170613_1-200x150.jpg 200w\" sizes=\"auto, (max-width: 300px) 100vw, 300px\" \/><\/td>\n<td><img loading=\"lazy\" decoding=\"async\" class=\"aligncenter wp-image-472\" src=\"http:\/\/agora.xtec.cat\/escolapauboada\/wp-content\/uploads\/usu553\/2014\/09\/pauboada.jpg\" alt=\"pauboada\" width=\"300\" height=\"225\" srcset=\"https:\/\/agora.xtec.cat\/escolapauboada\/wp-content\/uploads\/usu553\/2014\/09\/pauboada.jpg 600w, https:\/\/agora.xtec.cat\/escolapauboada\/wp-content\/uploads\/usu553\/2014\/09\/pauboada-300x225.jpg 300w, https:\/\/agora.xtec.cat\/escolapauboada\/wp-content\/uploads\/usu553\/2014\/09\/pauboada-200x150.jpg 200w\" sizes=\"auto, (max-width: 300px) 100vw, 300px\" \/><\/td>\n<\/tr>\n<\/tbody>\n<\/table>\n","protected":false},"excerpt":{"rendered":"<p>En el men\u00fa lateral d&#8217;aquesta p\u00e0gina hi trobareu molta informaci\u00f3 sobre la nostra escola.<\/p>\n","protected":false},"author":2,"featured_media":0,"parent":0,"menu_order":0,"comment_status":"closed","ping_status":"closed","template":"page-templates\/side-menu.php","meta":{"_bbp_topic_count":0,"_bbp_reply_count":0,"_bbp_total_topic_count":0,"_bbp_total_reply_count":0,"_bbp_voice_count":0,"_bbp_anonymous_reply_count":0,"_bbp_topic_count_hidden":0,"_bbp_reply_count_hidden":0,"_bbp_forum_subforum_count":0,"site-sidebar-layout":"default","site-content-layout":"","ast-site-content-layout":"","site-content-style":"default","site-sidebar-style":"default","ast-global-header-display":"","ast-banner-title-visibility":"","ast-main-header-display":"","ast-hfb-above-header-display":"","ast-hfb-below-header-display":"","ast-hfb-mobile-header-display":"","site-post-title":"","ast-breadcrumbs-content":"","ast-featured-img":"","footer-sml-layout":"","theme-transparent-header-meta":"","adv-header-id-meta":"","stick-header-meta":"","header-above-stick-meta":"","header-main-stick-meta":"","header-below-stick-meta":"","astra-migrate-meta-layouts":"default","ast-page-background-enabled":"default","ast-page-background-meta":{"desktop":{"background-color":"var(--ast-global-color-4)","background-image":"","background-repeat":"repeat","background-position":"center center","background-size":"auto","background-attachment":"scroll","background-type":"","background-media":"","overlay-type":"","overlay-color":"","overlay-opacity":"","overlay-gradient":""},"tablet":{"background-color":"","background-image":"","background-repeat":"repeat","background-position":"center center","background-size":"auto","background-attachment":"scroll","background-type":"","background-media":"","overlay-type":"","overlay-color":"","overlay-opacity":"","overlay-gradient":""},"mobile":{"background-color":"","background-image":"","background-repeat":"repeat","background-position":"center center","background-size":"auto","background-attachment":"scroll","background-type":"","background-media":"","overlay-type":"","overlay-color":"","overlay-opacity":"","overlay-gradient":""}},"ast-content-background-meta":{"desktop":{"background-color":"var(--ast-global-color-5)","background-image":"","background-repeat":"repeat","background-position":"center center","background-size":"auto","background-attachment":"scroll","background-type":"","background-media":"","overlay-type":"","overlay-color":"","overlay-opacity":"","overlay-gradient":""},"tablet":{"background-color":"var(--ast-global-color-5)","background-image":"","background-repeat":"repeat","background-position":"center center","background-size":"auto","background-attachment":"scroll","background-type":"","background-media":"","overlay-type":"","overlay-color":"","overlay-opacity":"","overlay-gradient":""},"mobile":{"background-color":"var(--ast-global-color-5)","background-image":"","background-repeat":"repeat","background-position":"center center","background-size":"auto","background-attachment":"scroll","background-type":"","background-media":"","overlay-type":"","overlay-color":"","overlay-opacity":"","overlay-gradient":""}},"footnotes":""},"class_list":["post-22","page","type-page","status-publish","hentry"],"post_mailing_queue_ids":[],"_links":{"self":[{"href":"https:\/\/agora.xtec.cat\/escolapauboada\/wp-json\/wp\/v2\/pages\/22","targetHints":{"allow":["GET"]}}],"collection":[{"href":"https:\/\/agora.xtec.cat\/escolapauboada\/wp-json\/wp\/v2\/pages"}],"about":[{"href":"https:\/\/agora.xtec.cat\/escolapauboada\/wp-json\/wp\/v2\/types\/page"}],"author":[{"embeddable":true,"href":"https:\/\/agora.xtec.cat\/escolapauboada\/wp-json\/wp\/v2\/users\/2"}],"replies":[{"embeddable":true,"href":"https:\/\/agora.xtec.cat\/escolapauboada\/wp-json\/wp\/v2\/comments?post=22"}],"version-history":[{"count":3,"href":"https:\/\/agora.xtec.cat\/escolapauboada\/wp-json\/wp\/v2\/pages\/22\/revisions"}],"predecessor-version":[{"id":478,"href":"https:\/\/agora.xtec.cat\/escolapauboada\/wp-json\/wp\/v2\/pages\/22\/revisions\/478"}],"wp:attachment":[{"href":"https:\/\/agora.xtec.cat\/escolapauboada\/wp-json\/wp\/v2\/media?parent=22"}],"curies":[{"name":"wp","href":"https:\/\/api.w.org\/{rel}","templated":true}]}}