{"id":1642,"date":"2016-09-30T07:40:57","date_gmt":"2016-09-30T06:40:57","guid":{"rendered":"http:\/\/agora.xtec.cat\/escolapauboada\/?page_id=1642"},"modified":"2023-02-06T15:23:11","modified_gmt":"2023-02-06T14:23:11","slug":"documents-de-centre","status":"publish","type":"page","link":"https:\/\/agora.xtec.cat\/escolapauboada\/projecte-educatiu\/documents-de-centre\/","title":{"rendered":"Documents de centre"},"content":{"rendered":"<p style=\"text-align: center;\"><a href=\"https:\/\/agora.xtec.cat\/escolapauboada\/wp-content\/uploads\/usu553\/2021\/09\/NOFC_DEFINITIU_2021.pdf\">NORMES D&#8217;ORGANITZACI\u00d3 I FUNCIONAMENT DE CENTRE 2021<\/a><\/p>\n<p style=\"text-align: center;\"><a href=\"https:\/\/agora.xtec.cat\/escolapauboada\/wp-content\/uploads\/usu553\/2020\/07\/Projecte-Ling\u00fc\u00edstic-de-Centre-2020.pdf\">PROJECTE LING\u00dc\u00cdSTIC DE CENTRE 2020<\/a><\/p>\n<p style=\"text-align: center;\"><a href=\"https:\/\/drive.google.com\/file\/d\/1HMY5WzlMbltdWNTdXhCfcHWocjPOXhSd\/view?usp=sharing\" target=\"_blank\" rel=\"noopener noreferrer\">CARTA DE COMPROM\u00cdS EDUCATIU<\/a><\/p>\n<p style=\"text-align: center;\"><a href=\"https:\/\/agora.xtec.cat\/escolapauboada\/wp-content\/uploads\/usu553\/2020\/11\/PEC_PAUBOADA_2020_Def.pdf\">PROJECTE EDUCATIU DE CENTRE 2020<\/a><\/p>\n<p style=\"text-align: center;\"><a href=\"https:\/\/sites.google.com\/view\/pesc-escolapauboada\/projecte-esportiu-de-centre\">PROJECTE ESPORTIU DE CENTRE<\/a><\/p>\n","protected":false},"excerpt":{"rendered":"<p>NORMES D&#8217;ORGANITZACI\u00d3 I FUNCIONAMENT DE CENTRE 2021 PROJECTE LING\u00dc\u00cdSTIC DE CENTRE 2020 CARTA DE COMPROM\u00cdS EDUCATIU PROJECTE EDUCATIU DE CENTRE 2020 PROJECTE ESPORTIU DE CENTRE<\/p>\n","protected":false},"author":1,"featured_media":0,"parent":64,"menu_order":0,"comment_status":"closed","ping_status":"closed","template":"page-templates\/side-menu.php","meta":{"_bbp_topic_count":0,"_bbp_reply_count":0,"_bbp_total_topic_count":0,"_bbp_total_reply_count":0,"_bbp_voice_count":0,"_bbp_anonymous_reply_count":0,"_bbp_topic_count_hidden":0,"_bbp_reply_count_hidden":0,"_bbp_forum_subforum_count":0,"site-sidebar-layout":"default","site-content-layout":"","ast-site-content-layout":"","site-content-style":"default","site-sidebar-style":"default","ast-global-header-display":"","ast-banner-title-visibility":"","ast-main-header-display":"","ast-hfb-above-header-display":"","ast-hfb-below-header-display":"","ast-hfb-mobile-header-display":"","site-post-title":"","ast-breadcrumbs-content":"","ast-featured-img":"","footer-sml-layout":"","theme-transparent-header-meta":"","adv-header-id-meta":"","stick-header-meta":"","header-above-stick-meta":"","header-main-stick-meta":"","header-below-stick-meta":"","astra-migrate-meta-layouts":"default","ast-page-background-enabled":"default","ast-page-background-meta":{"desktop":{"background-color":"var(--ast-global-color-4)","background-image":"","background-repeat":"repeat","background-position":"center center","background-size":"auto","background-attachment":"scroll","background-type":"","background-media":"","overlay-type":"","overlay-color":"","overlay-opacity":"","overlay-gradient":""},"tablet":{"background-color":"","background-image":"","background-repeat":"repeat","background-position":"center center","background-size":"auto","background-attachment":"scroll","background-type":"","background-media":"","overlay-type":"","overlay-color":"","overlay-opacity":"","overlay-gradient":""},"mobile":{"background-color":"","background-image":"","background-repeat":"repeat","background-position":"center center","background-size":"auto","background-attachment":"scroll","background-type":"","background-media":"","overlay-type":"","overlay-color":"","overlay-opacity":"","overlay-gradient":""}},"ast-content-background-meta":{"desktop":{"background-color":"var(--ast-global-color-5)","background-image":"","background-repeat":"repeat","background-position":"center center","background-size":"auto","background-attachment":"scroll","background-type":"","background-media":"","overlay-type":"","overlay-color":"","overlay-opacity":"","overlay-gradient":""},"tablet":{"background-color":"var(--ast-global-color-5)","background-image":"","background-repeat":"repeat","background-position":"center center","background-size":"auto","background-attachment":"scroll","background-type":"","background-media":"","overlay-type":"","overlay-color":"","overlay-opacity":"","overlay-gradient":""},"mobile":{"background-color":"var(--ast-global-color-5)","background-image":"","background-repeat":"repeat","background-position":"center center","background-size":"auto","background-attachment":"scroll","background-type":"","background-media":"","overlay-type":"","overlay-color":"","overlay-opacity":"","overlay-gradient":""}},"footnotes":""},"class_list":["post-1642","page","type-page","status-publish","hentry"],"post_mailing_queue_ids":[],"_links":{"self":[{"href":"https:\/\/agora.xtec.cat\/escolapauboada\/wp-json\/wp\/v2\/pages\/1642","targetHints":{"allow":["GET"]}}],"collection":[{"href":"https:\/\/agora.xtec.cat\/escolapauboada\/wp-json\/wp\/v2\/pages"}],"about":[{"href":"https:\/\/agora.xtec.cat\/escolapauboada\/wp-json\/wp\/v2\/types\/page"}],"author":[{"embeddable":true,"href":"https:\/\/agora.xtec.cat\/escolapauboada\/wp-json\/wp\/v2\/users\/1"}],"replies":[{"embeddable":true,"href":"https:\/\/agora.xtec.cat\/escolapauboada\/wp-json\/wp\/v2\/comments?post=1642"}],"version-history":[{"count":4,"href":"https:\/\/agora.xtec.cat\/escolapauboada\/wp-json\/wp\/v2\/pages\/1642\/revisions"}],"predecessor-version":[{"id":12815,"href":"https:\/\/agora.xtec.cat\/escolapauboada\/wp-json\/wp\/v2\/pages\/1642\/revisions\/12815"}],"up":[{"embeddable":true,"href":"https:\/\/agora.xtec.cat\/escolapauboada\/wp-json\/wp\/v2\/pages\/64"}],"wp:attachment":[{"href":"https:\/\/agora.xtec.cat\/escolapauboada\/wp-json\/wp\/v2\/media?parent=1642"}],"curies":[{"name":"wp","href":"https:\/\/api.w.org\/{rel}","templated":true}]}}