{"id":13895,"date":"2026-02-05T14:38:26","date_gmt":"2026-02-05T13:38:26","guid":{"rendered":"https:\/\/agora.xtec.cat\/escolapauboada\/?page_id=13895"},"modified":"2026-04-29T11:10:46","modified_gmt":"2026-04-29T09:10:46","slug":"preinscripcio-26-27","status":"publish","type":"page","link":"https:\/\/agora.xtec.cat\/escolapauboada\/preinscripcio-26-27\/","title":{"rendered":"Preinscripci\u00f3 26-27"},"content":{"rendered":"<h5 style=\"text-align: center;\">CLICA A LA IMATGE PER VEURE EL V\u00cdDEO QUE HA FET LA FUNDACI\u00d3 BOFILL DE LA NOSTRA ESCOLA<\/h5>\n<p>&nbsp;<\/p>\n<h4 style=\"text-align: center;\"><a href=\"https:\/\/agora.xtec.cat\/escolapauboada\/wp-content\/uploads\/usu553\/2026\/04\/IMG-20260428-WA0010.jpg\">N\u00famero de desempat<\/a><\/h4>\n<h4><\/h4>\n<h4 style=\"text-align: center;\"><a href=\"https:\/\/agora.xtec.cat\/escolapauboada\/wp-content\/uploads\/usu553\/2026\/04\/INFORME_BAREM_RESOLTES_BAREM.pdf\">Llistat amb el barem un cop resoltes les reclamacions <\/a><\/h4>\n<p>&nbsp;<\/p>\n<h4 style=\"text-align: center;\"><a href=\"https:\/\/agora.xtec.cat\/escolapauboada\/wp-content\/uploads\/usu553\/2026\/04\/INFORME_BAREM_PROVISIONAL.pdf\">Llistat amb el barem provisional de preinscripci\u00f3 26-27<\/a><\/h4>\n<p>&nbsp;<\/p>\n<h4 style=\"text-align: center;\"><a href=\"https:\/\/agora.xtec.cat\/escolapauboada\/wp-content\/uploads\/usu553\/2026\/04\/INFORME_BAREM_DEFINITIU_BAREM.pdf\">Llistat amb el barem definitiu<\/a><\/h4>\n<p><a href=\"https:\/\/www.youtube.com\/shorts\/63QBZ8TjYnM\"><br \/>\n<img loading=\"lazy\" decoding=\"async\" class=\"aligncenter size-full wp-image-13921\" src=\"https:\/\/agora.xtec.cat\/escolapauboada\/wp-content\/uploads\/usu553\/2026\/02\/zxcsdgfgfsd.png\" alt=\"\" width=\"475\" height=\"784\" srcset=\"https:\/\/agora.xtec.cat\/escolapauboada\/wp-content\/uploads\/usu553\/2026\/02\/zxcsdgfgfsd.png 475w, https:\/\/agora.xtec.cat\/escolapauboada\/wp-content\/uploads\/usu553\/2026\/02\/zxcsdgfgfsd-182x300.png 182w\" sizes=\"auto, (max-width: 475px) 100vw, 475px\" \/><\/a><\/p>\n<p><img loading=\"lazy\" decoding=\"async\" class=\"aligncenter size-full wp-image-13909\" src=\"https:\/\/agora.xtec.cat\/escolapauboada\/wp-content\/uploads\/usu553\/2026\/02\/JPO.jpg\" alt=\"\" width=\"800\" height=\"2000\" srcset=\"https:\/\/agora.xtec.cat\/escolapauboada\/wp-content\/uploads\/usu553\/2026\/02\/JPO.jpg 800w, https:\/\/agora.xtec.cat\/escolapauboada\/wp-content\/uploads\/usu553\/2026\/02\/JPO-120x300.jpg 120w, https:\/\/agora.xtec.cat\/escolapauboada\/wp-content\/uploads\/usu553\/2026\/02\/JPO-410x1024.jpg 410w, https:\/\/agora.xtec.cat\/escolapauboada\/wp-content\/uploads\/usu553\/2026\/02\/JPO-768x1920.jpg 768w, https:\/\/agora.xtec.cat\/escolapauboada\/wp-content\/uploads\/usu553\/2026\/02\/JPO-614x1536.jpg 614w\" sizes=\"auto, (max-width: 800px) 100vw, 800px\" \/><\/p>\n<p><img loading=\"lazy\" decoding=\"async\" class=\"aligncenter size-full wp-image-13908\" src=\"https:\/\/agora.xtec.cat\/escolapauboada\/wp-content\/uploads\/usu553\/2026\/02\/JPO2.jpg\" alt=\"\" width=\"800\" height=\"2000\" srcset=\"https:\/\/agora.xtec.cat\/escolapauboada\/wp-content\/uploads\/usu553\/2026\/02\/JPO2.jpg 800w, https:\/\/agora.xtec.cat\/escolapauboada\/wp-content\/uploads\/usu553\/2026\/02\/JPO2-120x300.jpg 120w, https:\/\/agora.xtec.cat\/escolapauboada\/wp-content\/uploads\/usu553\/2026\/02\/JPO2-410x1024.jpg 410w, https:\/\/agora.xtec.cat\/escolapauboada\/wp-content\/uploads\/usu553\/2026\/02\/JPO2-768x1920.jpg 768w, https:\/\/agora.xtec.cat\/escolapauboada\/wp-content\/uploads\/usu553\/2026\/02\/JPO2-614x1536.jpg 614w\" sizes=\"auto, (max-width: 800px) 100vw, 800px\" \/><\/p>\n<p><img loading=\"lazy\" decoding=\"async\" class=\"aligncenter size-full wp-image-13904\" src=\"https:\/\/agora.xtec.cat\/escolapauboada\/wp-content\/uploads\/usu553\/2026\/02\/JPO1.jpg\" alt=\"\" width=\"800\" height=\"2000\" srcset=\"https:\/\/agora.xtec.cat\/escolapauboada\/wp-content\/uploads\/usu553\/2026\/02\/JPO1.jpg 800w, https:\/\/agora.xtec.cat\/escolapauboada\/wp-content\/uploads\/usu553\/2026\/02\/JPO1-120x300.jpg 120w, https:\/\/agora.xtec.cat\/escolapauboada\/wp-content\/uploads\/usu553\/2026\/02\/JPO1-410x1024.jpg 410w, https:\/\/agora.xtec.cat\/escolapauboada\/wp-content\/uploads\/usu553\/2026\/02\/JPO1-768x1920.jpg 768w, https:\/\/agora.xtec.cat\/escolapauboada\/wp-content\/uploads\/usu553\/2026\/02\/JPO1-614x1536.jpg 614w\" sizes=\"auto, (max-width: 800px) 100vw, 800px\" \/><\/p>\n","protected":false},"excerpt":{"rendered":"<p>CLICA A LA IMATGE PER VEURE EL V\u00cdDEO QUE HA FET LA FUNDACI\u00d3 BOFILL DE LA NOSTRA ESCOLA &nbsp; N\u00famero de desempat Llistat amb el barem un cop resoltes les reclamacions &nbsp; Llistat amb el barem provisional de preinscripci\u00f3 26-27 &nbsp; Llistat amb el barem definitiu<\/p>\n","protected":false},"author":1,"featured_media":0,"parent":0,"menu_order":0,"comment_status":"closed","ping_status":"closed","template":"","meta":{"_bbp_topic_count":0,"_bbp_reply_count":0,"_bbp_total_topic_count":0,"_bbp_total_reply_count":0,"_bbp_voice_count":0,"_bbp_anonymous_reply_count":0,"_bbp_topic_count_hidden":0,"_bbp_reply_count_hidden":0,"_bbp_forum_subforum_count":0,"site-sidebar-layout":"default","site-content-layout":"","ast-site-content-layout":"default","site-content-style":"default","site-sidebar-style":"default","ast-global-header-display":"","ast-banner-title-visibility":"","ast-main-header-display":"","ast-hfb-above-header-display":"","ast-hfb-below-header-display":"","ast-hfb-mobile-header-display":"","site-post-title":"","ast-breadcrumbs-content":"","ast-featured-img":"","footer-sml-layout":"","theme-transparent-header-meta":"default","adv-header-id-meta":"","stick-header-meta":"","header-above-stick-meta":"","header-main-stick-meta":"","header-below-stick-meta":"","astra-migrate-meta-layouts":"set","ast-page-background-enabled":"default","ast-page-background-meta":{"desktop":{"background-color":"var(--ast-global-color-4)","background-image":"","background-repeat":"repeat","background-position":"center center","background-size":"auto","background-attachment":"scroll","background-type":"","background-media":"","overlay-type":"","overlay-color":"","overlay-opacity":"","overlay-gradient":""},"tablet":{"background-color":"","background-image":"","background-repeat":"repeat","background-position":"center center","background-size":"auto","background-attachment":"scroll","background-type":"","background-media":"","overlay-type":"","overlay-color":"","overlay-opacity":"","overlay-gradient":""},"mobile":{"background-color":"","background-image":"","background-repeat":"repeat","background-position":"center center","background-size":"auto","background-attachment":"scroll","background-type":"","background-media":"","overlay-type":"","overlay-color":"","overlay-opacity":"","overlay-gradient":""}},"ast-content-background-meta":{"desktop":{"background-color":"var(--ast-global-color-5)","background-image":"","background-repeat":"repeat","background-position":"center center","background-size":"auto","background-attachment":"scroll","background-type":"","background-media":"","overlay-type":"","overlay-color":"","overlay-opacity":"","overlay-gradient":""},"tablet":{"background-color":"var(--ast-global-color-5)","background-image":"","background-repeat":"repeat","background-position":"center center","background-size":"auto","background-attachment":"scroll","background-type":"","background-media":"","overlay-type":"","overlay-color":"","overlay-opacity":"","overlay-gradient":""},"mobile":{"background-color":"var(--ast-global-color-5)","background-image":"","background-repeat":"repeat","background-position":"center center","background-size":"auto","background-attachment":"scroll","background-type":"","background-media":"","overlay-type":"","overlay-color":"","overlay-opacity":"","overlay-gradient":""}},"footnotes":""},"class_list":["post-13895","page","type-page","status-publish","hentry"],"post_mailing_queue_ids":[],"_links":{"self":[{"href":"https:\/\/agora.xtec.cat\/escolapauboada\/wp-json\/wp\/v2\/pages\/13895","targetHints":{"allow":["GET"]}}],"collection":[{"href":"https:\/\/agora.xtec.cat\/escolapauboada\/wp-json\/wp\/v2\/pages"}],"about":[{"href":"https:\/\/agora.xtec.cat\/escolapauboada\/wp-json\/wp\/v2\/types\/page"}],"author":[{"embeddable":true,"href":"https:\/\/agora.xtec.cat\/escolapauboada\/wp-json\/wp\/v2\/users\/1"}],"replies":[{"embeddable":true,"href":"https:\/\/agora.xtec.cat\/escolapauboada\/wp-json\/wp\/v2\/comments?post=13895"}],"version-history":[{"count":6,"href":"https:\/\/agora.xtec.cat\/escolapauboada\/wp-json\/wp\/v2\/pages\/13895\/revisions"}],"predecessor-version":[{"id":13952,"href":"https:\/\/agora.xtec.cat\/escolapauboada\/wp-json\/wp\/v2\/pages\/13895\/revisions\/13952"}],"wp:attachment":[{"href":"https:\/\/agora.xtec.cat\/escolapauboada\/wp-json\/wp\/v2\/media?parent=13895"}],"curies":[{"name":"wp","href":"https:\/\/api.w.org\/{rel}","templated":true}]}}