{"id":12852,"date":"2023-03-29T15:58:40","date_gmt":"2023-03-29T13:58:40","guid":{"rendered":"https:\/\/agora.xtec.cat\/escolapauboada\/?page_id=12852"},"modified":"2025-01-28T15:30:10","modified_gmt":"2025-01-28T14:30:10","slug":"projectem-lescola","status":"publish","type":"page","link":"https:\/\/agora.xtec.cat\/escolapauboada\/projectem-lescola\/","title":{"rendered":"Projectem l&#8217;escola"},"content":{"rendered":"<h4>Part de l&#8217;alumnat de cicle superior ha participat a la Mini 10K solid\u00e0ria de Vilafranca! L&#8217;escola s&#8217;apropa a la vila!<\/h4>\n<p><img loading=\"lazy\" decoding=\"async\" class=\"aligncenter size-full wp-image-13582\" src=\"https:\/\/agora.xtec.cat\/escolapauboada\/wp-content\/uploads\/usu553\/2025\/01\/IMG_8116-1-scaled.jpeg\" alt=\"\" width=\"1920\" height=\"2560\" srcset=\"https:\/\/agora.xtec.cat\/escolapauboada\/wp-content\/uploads\/usu553\/2025\/01\/IMG_8116-1-scaled.jpeg 1920w, https:\/\/agora.xtec.cat\/escolapauboada\/wp-content\/uploads\/usu553\/2025\/01\/IMG_8116-1-225x300.jpeg 225w, https:\/\/agora.xtec.cat\/escolapauboada\/wp-content\/uploads\/usu553\/2025\/01\/IMG_8116-1-768x1024.jpeg 768w, https:\/\/agora.xtec.cat\/escolapauboada\/wp-content\/uploads\/usu553\/2025\/01\/IMG_8116-1-1152x1536.jpeg 1152w, https:\/\/agora.xtec.cat\/escolapauboada\/wp-content\/uploads\/usu553\/2025\/01\/IMG_8116-1-1536x2048.jpeg 1536w\" sizes=\"auto, (max-width: 1920px) 100vw, 1920px\" \/> <img loading=\"lazy\" decoding=\"async\" class=\"aligncenter size-full wp-image-13583\" src=\"https:\/\/agora.xtec.cat\/escolapauboada\/wp-content\/uploads\/usu553\/2025\/01\/IMG_8117-1-scaled.jpeg\" alt=\"\" width=\"1920\" height=\"2560\" srcset=\"https:\/\/agora.xtec.cat\/escolapauboada\/wp-content\/uploads\/usu553\/2025\/01\/IMG_8117-1-scaled.jpeg 1920w, https:\/\/agora.xtec.cat\/escolapauboada\/wp-content\/uploads\/usu553\/2025\/01\/IMG_8117-1-225x300.jpeg 225w, https:\/\/agora.xtec.cat\/escolapauboada\/wp-content\/uploads\/usu553\/2025\/01\/IMG_8117-1-768x1024.jpeg 768w, https:\/\/agora.xtec.cat\/escolapauboada\/wp-content\/uploads\/usu553\/2025\/01\/IMG_8117-1-1152x1536.jpeg 1152w, https:\/\/agora.xtec.cat\/escolapauboada\/wp-content\/uploads\/usu553\/2025\/01\/IMG_8117-1-1536x2048.jpeg 1536w\" sizes=\"auto, (max-width: 1920px) 100vw, 1920px\" \/><\/p>\n<p>&nbsp;<\/p>\n<h4 style=\"text-align: center;\">L&#8217;alumnat de 4t ha visitat l&#8217;Hospital Comarcal de l&#8217;Alt Pened\u00e8s hi ha fet un petita representaci\u00f3 de la cantata de Sant Jordi.<\/h4>\n<p><img loading=\"lazy\" decoding=\"async\" class=\"aligncenter size-full wp-image-12918\" src=\"https:\/\/agora.xtec.cat\/escolapauboada\/wp-content\/uploads\/usu553\/2023\/04\/1ff36840-c79c-4992-825f-9aa81ed279b1.jpg\" alt=\"\" width=\"2048\" height=\"1152\" srcset=\"https:\/\/agora.xtec.cat\/escolapauboada\/wp-content\/uploads\/usu553\/2023\/04\/1ff36840-c79c-4992-825f-9aa81ed279b1.jpg 2048w, https:\/\/agora.xtec.cat\/escolapauboada\/wp-content\/uploads\/usu553\/2023\/04\/1ff36840-c79c-4992-825f-9aa81ed279b1-300x169.jpg 300w, https:\/\/agora.xtec.cat\/escolapauboada\/wp-content\/uploads\/usu553\/2023\/04\/1ff36840-c79c-4992-825f-9aa81ed279b1-1024x576.jpg 1024w, https:\/\/agora.xtec.cat\/escolapauboada\/wp-content\/uploads\/usu553\/2023\/04\/1ff36840-c79c-4992-825f-9aa81ed279b1-768x432.jpg 768w, https:\/\/agora.xtec.cat\/escolapauboada\/wp-content\/uploads\/usu553\/2023\/04\/1ff36840-c79c-4992-825f-9aa81ed279b1-1536x864.jpg 1536w\" sizes=\"auto, (max-width: 2048px) 100vw, 2048px\" \/> <img loading=\"lazy\" decoding=\"async\" class=\"aligncenter size-full wp-image-12919\" src=\"https:\/\/agora.xtec.cat\/escolapauboada\/wp-content\/uploads\/usu553\/2023\/04\/658f6d0e-82fc-491d-bafe-3ede816a34a8.jpg\" alt=\"\" width=\"2048\" height=\"1536\" srcset=\"https:\/\/agora.xtec.cat\/escolapauboada\/wp-content\/uploads\/usu553\/2023\/04\/658f6d0e-82fc-491d-bafe-3ede816a34a8.jpg 2048w, https:\/\/agora.xtec.cat\/escolapauboada\/wp-content\/uploads\/usu553\/2023\/04\/658f6d0e-82fc-491d-bafe-3ede816a34a8-300x225.jpg 300w, https:\/\/agora.xtec.cat\/escolapauboada\/wp-content\/uploads\/usu553\/2023\/04\/658f6d0e-82fc-491d-bafe-3ede816a34a8-1024x768.jpg 1024w, https:\/\/agora.xtec.cat\/escolapauboada\/wp-content\/uploads\/usu553\/2023\/04\/658f6d0e-82fc-491d-bafe-3ede816a34a8-768x576.jpg 768w, https:\/\/agora.xtec.cat\/escolapauboada\/wp-content\/uploads\/usu553\/2023\/04\/658f6d0e-82fc-491d-bafe-3ede816a34a8-1536x1152.jpg 1536w, https:\/\/agora.xtec.cat\/escolapauboada\/wp-content\/uploads\/usu553\/2023\/04\/658f6d0e-82fc-491d-bafe-3ede816a34a8-200x150.jpg 200w\" sizes=\"auto, (max-width: 2048px) 100vw, 2048px\" \/> <img loading=\"lazy\" decoding=\"async\" class=\"aligncenter size-full wp-image-12920\" src=\"https:\/\/agora.xtec.cat\/escolapauboada\/wp-content\/uploads\/usu553\/2023\/04\/06815a04-9c35-4228-8948-cdc2d48e76c2.jpg\" alt=\"\" width=\"2048\" height=\"1536\" srcset=\"https:\/\/agora.xtec.cat\/escolapauboada\/wp-content\/uploads\/usu553\/2023\/04\/06815a04-9c35-4228-8948-cdc2d48e76c2.jpg 2048w, https:\/\/agora.xtec.cat\/escolapauboada\/wp-content\/uploads\/usu553\/2023\/04\/06815a04-9c35-4228-8948-cdc2d48e76c2-300x225.jpg 300w, https:\/\/agora.xtec.cat\/escolapauboada\/wp-content\/uploads\/usu553\/2023\/04\/06815a04-9c35-4228-8948-cdc2d48e76c2-1024x768.jpg 1024w, https:\/\/agora.xtec.cat\/escolapauboada\/wp-content\/uploads\/usu553\/2023\/04\/06815a04-9c35-4228-8948-cdc2d48e76c2-768x576.jpg 768w, https:\/\/agora.xtec.cat\/escolapauboada\/wp-content\/uploads\/usu553\/2023\/04\/06815a04-9c35-4228-8948-cdc2d48e76c2-1536x1152.jpg 1536w, https:\/\/agora.xtec.cat\/escolapauboada\/wp-content\/uploads\/usu553\/2023\/04\/06815a04-9c35-4228-8948-cdc2d48e76c2-200x150.jpg 200w\" sizes=\"auto, (max-width: 2048px) 100vw, 2048px\" \/> <img loading=\"lazy\" decoding=\"async\" class=\"aligncenter size-full wp-image-12921\" src=\"https:\/\/agora.xtec.cat\/escolapauboada\/wp-content\/uploads\/usu553\/2023\/04\/7511e589-aa4a-4b1d-b189-e391d42a00a9.jpg\" alt=\"\" width=\"2048\" height=\"1536\" srcset=\"https:\/\/agora.xtec.cat\/escolapauboada\/wp-content\/uploads\/usu553\/2023\/04\/7511e589-aa4a-4b1d-b189-e391d42a00a9.jpg 2048w, https:\/\/agora.xtec.cat\/escolapauboada\/wp-content\/uploads\/usu553\/2023\/04\/7511e589-aa4a-4b1d-b189-e391d42a00a9-300x225.jpg 300w, https:\/\/agora.xtec.cat\/escolapauboada\/wp-content\/uploads\/usu553\/2023\/04\/7511e589-aa4a-4b1d-b189-e391d42a00a9-1024x768.jpg 1024w, https:\/\/agora.xtec.cat\/escolapauboada\/wp-content\/uploads\/usu553\/2023\/04\/7511e589-aa4a-4b1d-b189-e391d42a00a9-768x576.jpg 768w, https:\/\/agora.xtec.cat\/escolapauboada\/wp-content\/uploads\/usu553\/2023\/04\/7511e589-aa4a-4b1d-b189-e391d42a00a9-1536x1152.jpg 1536w, https:\/\/agora.xtec.cat\/escolapauboada\/wp-content\/uploads\/usu553\/2023\/04\/7511e589-aa4a-4b1d-b189-e391d42a00a9-200x150.jpg 200w\" sizes=\"auto, (max-width: 2048px) 100vw, 2048px\" \/><\/p>\n<h4><iframe loading=\"lazy\" src=\"\/\/www.youtube.com\/embed\/_JQiWEwh8Ew\" width=\"1360\" height=\"762\" allowfullscreen=\"allowfullscreen\"><\/iframe><\/h4>\n<h4><\/h4>\n<h4 style=\"text-align: center;\">Exposici\u00f3 de maquetes dins del projecte d&#8217;arquitectura a l&#8217;Espai la Nau.<\/h4>\n<p><img loading=\"lazy\" decoding=\"async\" class=\"aligncenter wp-image-12907\" src=\"https:\/\/agora.xtec.cat\/escolapauboada\/wp-content\/uploads\/usu553\/2023\/04\/g1.png\" alt=\"\" width=\"1394\" height=\"990\" srcset=\"https:\/\/agora.xtec.cat\/escolapauboada\/wp-content\/uploads\/usu553\/2023\/04\/g1.png 1194w, https:\/\/agora.xtec.cat\/escolapauboada\/wp-content\/uploads\/usu553\/2023\/04\/g1-300x213.png 300w, https:\/\/agora.xtec.cat\/escolapauboada\/wp-content\/uploads\/usu553\/2023\/04\/g1-1024x727.png 1024w, https:\/\/agora.xtec.cat\/escolapauboada\/wp-content\/uploads\/usu553\/2023\/04\/g1-768x545.png 768w\" sizes=\"auto, (max-width: 1394px) 100vw, 1394px\" \/><\/p>\n<h4><img loading=\"lazy\" decoding=\"async\" class=\"aligncenter wp-image-12908\" src=\"https:\/\/agora.xtec.cat\/escolapauboada\/wp-content\/uploads\/usu553\/2023\/04\/g2.png\" alt=\"\" width=\"1397\" height=\"993\" srcset=\"https:\/\/agora.xtec.cat\/escolapauboada\/wp-content\/uploads\/usu553\/2023\/04\/g2.png 1197w, https:\/\/agora.xtec.cat\/escolapauboada\/wp-content\/uploads\/usu553\/2023\/04\/g2-300x213.png 300w, https:\/\/agora.xtec.cat\/escolapauboada\/wp-content\/uploads\/usu553\/2023\/04\/g2-1024x728.png 1024w, https:\/\/agora.xtec.cat\/escolapauboada\/wp-content\/uploads\/usu553\/2023\/04\/g2-768x546.png 768w\" sizes=\"auto, (max-width: 1397px) 100vw, 1397px\" \/><\/h4>\n<h4><img loading=\"lazy\" decoding=\"async\" class=\"aligncenter size-full wp-image-12916\" src=\"https:\/\/agora.xtec.cat\/escolapauboada\/wp-content\/uploads\/usu553\/2023\/04\/5c6e1aa4-51f0-4baa-8b71-f3296ad3425e.jpg\" alt=\"\" width=\"2040\" height=\"918\" srcset=\"https:\/\/agora.xtec.cat\/escolapauboada\/wp-content\/uploads\/usu553\/2023\/04\/5c6e1aa4-51f0-4baa-8b71-f3296ad3425e.jpg 2040w, https:\/\/agora.xtec.cat\/escolapauboada\/wp-content\/uploads\/usu553\/2023\/04\/5c6e1aa4-51f0-4baa-8b71-f3296ad3425e-300x135.jpg 300w, https:\/\/agora.xtec.cat\/escolapauboada\/wp-content\/uploads\/usu553\/2023\/04\/5c6e1aa4-51f0-4baa-8b71-f3296ad3425e-1024x461.jpg 1024w, https:\/\/agora.xtec.cat\/escolapauboada\/wp-content\/uploads\/usu553\/2023\/04\/5c6e1aa4-51f0-4baa-8b71-f3296ad3425e-768x346.jpg 768w, https:\/\/agora.xtec.cat\/escolapauboada\/wp-content\/uploads\/usu553\/2023\/04\/5c6e1aa4-51f0-4baa-8b71-f3296ad3425e-1536x691.jpg 1536w\" sizes=\"auto, (max-width: 2040px) 100vw, 2040px\" \/><\/h4>\n<h4><img loading=\"lazy\" decoding=\"async\" class=\"aligncenter size-full wp-image-12914\" src=\"https:\/\/agora.xtec.cat\/escolapauboada\/wp-content\/uploads\/usu553\/2023\/04\/c15b1abe-718a-4485-bebb-4ebe79e08387.jpg\" alt=\"\" width=\"2040\" height=\"918\" srcset=\"https:\/\/agora.xtec.cat\/escolapauboada\/wp-content\/uploads\/usu553\/2023\/04\/c15b1abe-718a-4485-bebb-4ebe79e08387.jpg 2040w, https:\/\/agora.xtec.cat\/escolapauboada\/wp-content\/uploads\/usu553\/2023\/04\/c15b1abe-718a-4485-bebb-4ebe79e08387-300x135.jpg 300w, https:\/\/agora.xtec.cat\/escolapauboada\/wp-content\/uploads\/usu553\/2023\/04\/c15b1abe-718a-4485-bebb-4ebe79e08387-1024x461.jpg 1024w, https:\/\/agora.xtec.cat\/escolapauboada\/wp-content\/uploads\/usu553\/2023\/04\/c15b1abe-718a-4485-bebb-4ebe79e08387-768x346.jpg 768w, https:\/\/agora.xtec.cat\/escolapauboada\/wp-content\/uploads\/usu553\/2023\/04\/c15b1abe-718a-4485-bebb-4ebe79e08387-1536x691.jpg 1536w\" sizes=\"auto, (max-width: 2040px) 100vw, 2040px\" \/> <img loading=\"lazy\" decoding=\"async\" class=\"aligncenter size-full wp-image-12915\" src=\"https:\/\/agora.xtec.cat\/escolapauboada\/wp-content\/uploads\/usu553\/2023\/04\/071ddcdb-6fb7-4910-b520-2e127f094901.jpg\" alt=\"\" width=\"2040\" height=\"918\" srcset=\"https:\/\/agora.xtec.cat\/escolapauboada\/wp-content\/uploads\/usu553\/2023\/04\/071ddcdb-6fb7-4910-b520-2e127f094901.jpg 2040w, https:\/\/agora.xtec.cat\/escolapauboada\/wp-content\/uploads\/usu553\/2023\/04\/071ddcdb-6fb7-4910-b520-2e127f094901-300x135.jpg 300w, https:\/\/agora.xtec.cat\/escolapauboada\/wp-content\/uploads\/usu553\/2023\/04\/071ddcdb-6fb7-4910-b520-2e127f094901-1024x461.jpg 1024w, https:\/\/agora.xtec.cat\/escolapauboada\/wp-content\/uploads\/usu553\/2023\/04\/071ddcdb-6fb7-4910-b520-2e127f094901-768x346.jpg 768w, https:\/\/agora.xtec.cat\/escolapauboada\/wp-content\/uploads\/usu553\/2023\/04\/071ddcdb-6fb7-4910-b520-2e127f094901-1536x691.jpg 1536w\" sizes=\"auto, (max-width: 2040px) 100vw, 2040px\" \/><\/h4>\n<h4 style=\"text-align: center;\">Exposici\u00f3 de m\u00e0scares a l&#8217;Escola Municipal de M\u00fasica Maria Dolors Calvet<\/h4>\n<p><img loading=\"lazy\" decoding=\"async\" class=\"aligncenter size-full wp-image-12857\" src=\"https:\/\/agora.xtec.cat\/escolapauboada\/wp-content\/uploads\/usu553\/2023\/03\/2.jpg\" alt=\"\" width=\"2000\" height=\"1414\" srcset=\"https:\/\/agora.xtec.cat\/escolapauboada\/wp-content\/uploads\/usu553\/2023\/03\/2.jpg 2000w, https:\/\/agora.xtec.cat\/escolapauboada\/wp-content\/uploads\/usu553\/2023\/03\/2-300x212.jpg 300w, https:\/\/agora.xtec.cat\/escolapauboada\/wp-content\/uploads\/usu553\/2023\/03\/2-1024x724.jpg 1024w, https:\/\/agora.xtec.cat\/escolapauboada\/wp-content\/uploads\/usu553\/2023\/03\/2-768x543.jpg 768w, https:\/\/agora.xtec.cat\/escolapauboada\/wp-content\/uploads\/usu553\/2023\/03\/2-1536x1086.jpg 1536w\" sizes=\"auto, (max-width: 2000px) 100vw, 2000px\" \/><img loading=\"lazy\" decoding=\"async\" class=\"aligncenter size-full wp-image-12856\" src=\"https:\/\/agora.xtec.cat\/escolapauboada\/wp-content\/uploads\/usu553\/2023\/03\/1.jpg\" alt=\"\" width=\"2000\" height=\"1414\" srcset=\"https:\/\/agora.xtec.cat\/escolapauboada\/wp-content\/uploads\/usu553\/2023\/03\/1.jpg 2000w, https:\/\/agora.xtec.cat\/escolapauboada\/wp-content\/uploads\/usu553\/2023\/03\/1-300x212.jpg 300w, https:\/\/agora.xtec.cat\/escolapauboada\/wp-content\/uploads\/usu553\/2023\/03\/1-1024x724.jpg 1024w, https:\/\/agora.xtec.cat\/escolapauboada\/wp-content\/uploads\/usu553\/2023\/03\/1-768x543.jpg 768w, https:\/\/agora.xtec.cat\/escolapauboada\/wp-content\/uploads\/usu553\/2023\/03\/1-1536x1086.jpg 1536w\" sizes=\"auto, (max-width: 2000px) 100vw, 2000px\" \/><img loading=\"lazy\" decoding=\"async\" class=\"aligncenter size-full wp-image-12859\" src=\"https:\/\/agora.xtec.cat\/escolapauboada\/wp-content\/uploads\/usu553\/2023\/03\/20230327_115451.jpg\" alt=\"\" width=\"1920\" height=\"1710\" srcset=\"https:\/\/agora.xtec.cat\/escolapauboada\/wp-content\/uploads\/usu553\/2023\/03\/20230327_115451.jpg 1920w, https:\/\/agora.xtec.cat\/escolapauboada\/wp-content\/uploads\/usu553\/2023\/03\/20230327_115451-300x267.jpg 300w, https:\/\/agora.xtec.cat\/escolapauboada\/wp-content\/uploads\/usu553\/2023\/03\/20230327_115451-1024x912.jpg 1024w, https:\/\/agora.xtec.cat\/escolapauboada\/wp-content\/uploads\/usu553\/2023\/03\/20230327_115451-768x684.jpg 768w, https:\/\/agora.xtec.cat\/escolapauboada\/wp-content\/uploads\/usu553\/2023\/03\/20230327_115451-1536x1368.jpg 1536w\" sizes=\"auto, (max-width: 1920px) 100vw, 1920px\" \/><img loading=\"lazy\" decoding=\"async\" class=\"aligncenter size-full wp-image-12858\" src=\"https:\/\/agora.xtec.cat\/escolapauboada\/wp-content\/uploads\/usu553\/2023\/03\/20230327_115224-scaled.jpg\" alt=\"\" width=\"2560\" height=\"1920\" srcset=\"https:\/\/agora.xtec.cat\/escolapauboada\/wp-content\/uploads\/usu553\/2023\/03\/20230327_115224-scaled.jpg 2560w, https:\/\/agora.xtec.cat\/escolapauboada\/wp-content\/uploads\/usu553\/2023\/03\/20230327_115224-300x225.jpg 300w, https:\/\/agora.xtec.cat\/escolapauboada\/wp-content\/uploads\/usu553\/2023\/03\/20230327_115224-1024x768.jpg 1024w, https:\/\/agora.xtec.cat\/escolapauboada\/wp-content\/uploads\/usu553\/2023\/03\/20230327_115224-768x576.jpg 768w, https:\/\/agora.xtec.cat\/escolapauboada\/wp-content\/uploads\/usu553\/2023\/03\/20230327_115224-1536x1152.jpg 1536w, https:\/\/agora.xtec.cat\/escolapauboada\/wp-content\/uploads\/usu553\/2023\/03\/20230327_115224-2048x1536.jpg 2048w, https:\/\/agora.xtec.cat\/escolapauboada\/wp-content\/uploads\/usu553\/2023\/03\/20230327_115224-200x150.jpg 200w\" sizes=\"auto, (max-width: 2560px) 100vw, 2560px\" \/><\/p>\n<h4 style=\"text-align: center;\">Concert i cantata a la Llar Municipal d&#8217;Infants l&#8217;Enxaneta<\/h4>\n<p><img loading=\"lazy\" decoding=\"async\" class=\"aligncenter size-full wp-image-12864\" src=\"https:\/\/agora.xtec.cat\/escolapauboada\/wp-content\/uploads\/usu553\/2023\/03\/IMG-20230327-WA0010.jpg\" alt=\"\" width=\"1024\" height=\"768\" srcset=\"https:\/\/agora.xtec.cat\/escolapauboada\/wp-content\/uploads\/usu553\/2023\/03\/IMG-20230327-WA0010.jpg 1024w, https:\/\/agora.xtec.cat\/escolapauboada\/wp-content\/uploads\/usu553\/2023\/03\/IMG-20230327-WA0010-300x225.jpg 300w, https:\/\/agora.xtec.cat\/escolapauboada\/wp-content\/uploads\/usu553\/2023\/03\/IMG-20230327-WA0010-768x576.jpg 768w, https:\/\/agora.xtec.cat\/escolapauboada\/wp-content\/uploads\/usu553\/2023\/03\/IMG-20230327-WA0010-200x150.jpg 200w\" sizes=\"auto, (max-width: 1024px) 100vw, 1024px\" \/> <img loading=\"lazy\" decoding=\"async\" class=\"aligncenter size-full wp-image-12866\" src=\"https:\/\/agora.xtec.cat\/escolapauboada\/wp-content\/uploads\/usu553\/2023\/03\/IMG-20230327-WA0012.jpg\" alt=\"\" width=\"1024\" height=\"768\" srcset=\"https:\/\/agora.xtec.cat\/escolapauboada\/wp-content\/uploads\/usu553\/2023\/03\/IMG-20230327-WA0012.jpg 1024w, https:\/\/agora.xtec.cat\/escolapauboada\/wp-content\/uploads\/usu553\/2023\/03\/IMG-20230327-WA0012-300x225.jpg 300w, https:\/\/agora.xtec.cat\/escolapauboada\/wp-content\/uploads\/usu553\/2023\/03\/IMG-20230327-WA0012-768x576.jpg 768w, https:\/\/agora.xtec.cat\/escolapauboada\/wp-content\/uploads\/usu553\/2023\/03\/IMG-20230327-WA0012-200x150.jpg 200w\" sizes=\"auto, (max-width: 1024px) 100vw, 1024px\" \/><\/p>\n<p>&nbsp;<\/p>\n<div style=\"width: 848px;\" class=\"wp-video\"><!--[if lt IE 9]><script>document.createElement('video');<\/script><![endif]-->\n<video class=\"wp-video-shortcode\" id=\"video-12852-1\" width=\"848\" height=\"480\" preload=\"metadata\" controls=\"controls\"><source type=\"video\/mp4\" src=\"https:\/\/agora.xtec.cat\/escolapauboada\/wp-content\/uploads\/usu553\/2023\/03\/VID-20230327-WA0016_001.mp4?_=1\" \/><a href=\"https:\/\/agora.xtec.cat\/escolapauboada\/wp-content\/uploads\/usu553\/2023\/03\/VID-20230327-WA0016_001.mp4\">https:\/\/agora.xtec.cat\/escolapauboada\/wp-content\/uploads\/usu553\/2023\/03\/VID-20230327-WA0016_001.mp4<\/a><\/video><\/div>\n","protected":false},"excerpt":{"rendered":"<p>Part de l&#8217;alumnat de cicle superior ha participat a la Mini 10K solid\u00e0ria de Vilafranca! L&#8217;escola s&#8217;apropa a la vila! &nbsp; L&#8217;alumnat de 4t ha visitat l&#8217;Hospital Comarcal de l&#8217;Alt Pened\u00e8s hi ha fet un petita representaci\u00f3 de la cantata de Sant Jordi. Exposici\u00f3 de maquetes dins del projecte d&#8217;arquitectura a l&#8217;Espai la Nau. Exposici\u00f3 [&hellip;]<\/p>\n","protected":false},"author":1,"featured_media":0,"parent":0,"menu_order":0,"comment_status":"closed","ping_status":"closed","template":"","meta":{"_bbp_topic_count":0,"_bbp_reply_count":0,"_bbp_total_topic_count":0,"_bbp_total_reply_count":0,"_bbp_voice_count":0,"_bbp_anonymous_reply_count":0,"_bbp_topic_count_hidden":0,"_bbp_reply_count_hidden":0,"_bbp_forum_subforum_count":0,"site-sidebar-layout":"default","site-content-layout":"","ast-site-content-layout":"","site-content-style":"default","site-sidebar-style":"default","ast-global-header-display":"","ast-banner-title-visibility":"","ast-main-header-display":"","ast-hfb-above-header-display":"","ast-hfb-below-header-display":"","ast-hfb-mobile-header-display":"","site-post-title":"","ast-breadcrumbs-content":"","ast-featured-img":"","footer-sml-layout":"","theme-transparent-header-meta":"","adv-header-id-meta":"","stick-header-meta":"","header-above-stick-meta":"","header-main-stick-meta":"","header-below-stick-meta":"","astra-migrate-meta-layouts":"default","ast-page-background-enabled":"default","ast-page-background-meta":{"desktop":{"background-color":"var(--ast-global-color-4)","background-image":"","background-repeat":"repeat","background-position":"center center","background-size":"auto","background-attachment":"scroll","background-type":"","background-media":"","overlay-type":"","overlay-color":"","overlay-opacity":"","overlay-gradient":""},"tablet":{"background-color":"","background-image":"","background-repeat":"repeat","background-position":"center center","background-size":"auto","background-attachment":"scroll","background-type":"","background-media":"","overlay-type":"","overlay-color":"","overlay-opacity":"","overlay-gradient":""},"mobile":{"background-color":"","background-image":"","background-repeat":"repeat","background-position":"center center","background-size":"auto","background-attachment":"scroll","background-type":"","background-media":"","overlay-type":"","overlay-color":"","overlay-opacity":"","overlay-gradient":""}},"ast-content-background-meta":{"desktop":{"background-color":"var(--ast-global-color-5)","background-image":"","background-repeat":"repeat","background-position":"center center","background-size":"auto","background-attachment":"scroll","background-type":"","background-media":"","overlay-type":"","overlay-color":"","overlay-opacity":"","overlay-gradient":""},"tablet":{"background-color":"var(--ast-global-color-5)","background-image":"","background-repeat":"repeat","background-position":"center center","background-size":"auto","background-attachment":"scroll","background-type":"","background-media":"","overlay-type":"","overlay-color":"","overlay-opacity":"","overlay-gradient":""},"mobile":{"background-color":"var(--ast-global-color-5)","background-image":"","background-repeat":"repeat","background-position":"center center","background-size":"auto","background-attachment":"scroll","background-type":"","background-media":"","overlay-type":"","overlay-color":"","overlay-opacity":"","overlay-gradient":""}},"footnotes":""},"class_list":["post-12852","page","type-page","status-publish","hentry"],"post_mailing_queue_ids":[],"_links":{"self":[{"href":"https:\/\/agora.xtec.cat\/escolapauboada\/wp-json\/wp\/v2\/pages\/12852","targetHints":{"allow":["GET"]}}],"collection":[{"href":"https:\/\/agora.xtec.cat\/escolapauboada\/wp-json\/wp\/v2\/pages"}],"about":[{"href":"https:\/\/agora.xtec.cat\/escolapauboada\/wp-json\/wp\/v2\/types\/page"}],"author":[{"embeddable":true,"href":"https:\/\/agora.xtec.cat\/escolapauboada\/wp-json\/wp\/v2\/users\/1"}],"replies":[{"embeddable":true,"href":"https:\/\/agora.xtec.cat\/escolapauboada\/wp-json\/wp\/v2\/comments?post=12852"}],"version-history":[{"count":5,"href":"https:\/\/agora.xtec.cat\/escolapauboada\/wp-json\/wp\/v2\/pages\/12852\/revisions"}],"predecessor-version":[{"id":13584,"href":"https:\/\/agora.xtec.cat\/escolapauboada\/wp-json\/wp\/v2\/pages\/12852\/revisions\/13584"}],"wp:attachment":[{"href":"https:\/\/agora.xtec.cat\/escolapauboada\/wp-json\/wp\/v2\/media?parent=12852"}],"curies":[{"name":"wp","href":"https:\/\/api.w.org\/{rel}","templated":true}]}}