{"id":11897,"date":"2021-02-14T11:10:51","date_gmt":"2021-02-14T10:10:51","guid":{"rendered":"http:\/\/agora.xtec.cat\/escolapauboada\/?page_id=11897"},"modified":"2025-03-17T11:17:48","modified_gmt":"2025-03-17T10:17:48","slug":"projecte-araart","status":"publish","type":"page","link":"https:\/\/agora.xtec.cat\/escolapauboada\/projecte-araart\/","title":{"rendered":"Projecte araArt"},"content":{"rendered":"<h3 style=\"text-align: center;\">CLICA A LA IMATGE PER VEURE LA PRESENTACI\u00d3 COMPLETA<\/h3>\n<h3><a href=\"https:\/\/www.canva.com\/design\/DAFUFjpHALw\/0bCTXs7DAMOBZiT1x2M3_w\/view?utm_content=DAFUFjpHALw&amp;utm_campaign=designshare&amp;utm_medium=link&amp;utm_source=viewer\"><br \/>\n<img loading=\"lazy\" decoding=\"async\" class=\"aligncenter size-full wp-image-13695\" src=\"https:\/\/agora.xtec.cat\/escolapauboada\/wp-content\/uploads\/usu553\/2025\/03\/1-1.png\" alt=\"\" width=\"1630\" height=\"913\" srcset=\"https:\/\/agora.xtec.cat\/escolapauboada\/wp-content\/uploads\/usu553\/2025\/03\/1-1.png 1630w, https:\/\/agora.xtec.cat\/escolapauboada\/wp-content\/uploads\/usu553\/2025\/03\/1-1-300x168.png 300w, https:\/\/agora.xtec.cat\/escolapauboada\/wp-content\/uploads\/usu553\/2025\/03\/1-1-1024x574.png 1024w, https:\/\/agora.xtec.cat\/escolapauboada\/wp-content\/uploads\/usu553\/2025\/03\/1-1-768x430.png 768w, https:\/\/agora.xtec.cat\/escolapauboada\/wp-content\/uploads\/usu553\/2025\/03\/1-1-1536x860.png 1536w\" sizes=\"auto, (max-width: 1630px) 100vw, 1630px\" \/><\/a><\/h3>\n<h3 style=\"text-align: center;\">En aquest mapa podem observar tots els centres adherits al progrma araArt.<iframe loading=\"lazy\" src=\"https:\/\/www.google.com\/maps\/d\/embed?mid=1NJU-HV3UOjbyQ6D0fN_QpwV6I0YGZvs&amp;ehbc=2E312F\" width=\"1340\" height=\"805\"><\/iframe><\/h3>\n<p><img loading=\"lazy\" decoding=\"async\" class=\"aligncenter size-full wp-image-12787\" src=\"https:\/\/agora.xtec.cat\/escolapauboada\/wp-content\/uploads\/usu553\/2023\/01\/araArt-curs_22_23.png\" alt=\"\" width=\"2000\" height=\"1448\" srcset=\"https:\/\/agora.xtec.cat\/escolapauboada\/wp-content\/uploads\/usu553\/2023\/01\/araArt-curs_22_23.png 2000w, https:\/\/agora.xtec.cat\/escolapauboada\/wp-content\/uploads\/usu553\/2023\/01\/araArt-curs_22_23-300x217.png 300w, https:\/\/agora.xtec.cat\/escolapauboada\/wp-content\/uploads\/usu553\/2023\/01\/araArt-curs_22_23-1024x741.png 1024w, https:\/\/agora.xtec.cat\/escolapauboada\/wp-content\/uploads\/usu553\/2023\/01\/araArt-curs_22_23-768x556.png 768w, https:\/\/agora.xtec.cat\/escolapauboada\/wp-content\/uploads\/usu553\/2023\/01\/araArt-curs_22_23-1536x1112.png 1536w\" sizes=\"auto, (max-width: 2000px) 100vw, 2000px\" \/><\/p>\n<p><img loading=\"lazy\" decoding=\"async\" class=\"aligncenter size-full wp-image-12320\" src=\"https:\/\/agora.xtec.cat\/escolapauboada\/wp-content\/uploads\/usu553\/2022\/02\/1.png\" alt=\"\" width=\"2000\" height=\"1414\" srcset=\"https:\/\/agora.xtec.cat\/escolapauboada\/wp-content\/uploads\/usu553\/2022\/02\/1.png 2000w, https:\/\/agora.xtec.cat\/escolapauboada\/wp-content\/uploads\/usu553\/2022\/02\/1-300x212.png 300w, https:\/\/agora.xtec.cat\/escolapauboada\/wp-content\/uploads\/usu553\/2022\/02\/1-1024x724.png 1024w, https:\/\/agora.xtec.cat\/escolapauboada\/wp-content\/uploads\/usu553\/2022\/02\/1-768x543.png 768w, https:\/\/agora.xtec.cat\/escolapauboada\/wp-content\/uploads\/usu553\/2022\/02\/1-1536x1086.png 1536w\" sizes=\"auto, (max-width: 2000px) 100vw, 2000px\" \/><\/p>\n<p>&nbsp;<\/p>\n<p><img loading=\"lazy\" decoding=\"async\" class=\"aligncenter wp-image-12322\" src=\"https:\/\/agora.xtec.cat\/escolapauboada\/wp-content\/uploads\/usu553\/2022\/02\/art.jpg\" alt=\"\" width=\"2023\" height=\"1414\" srcset=\"https:\/\/agora.xtec.cat\/escolapauboada\/wp-content\/uploads\/usu553\/2022\/02\/art.jpg 804w, https:\/\/agora.xtec.cat\/escolapauboada\/wp-content\/uploads\/usu553\/2022\/02\/art-300x210.jpg 300w, https:\/\/agora.xtec.cat\/escolapauboada\/wp-content\/uploads\/usu553\/2022\/02\/art-768x537.jpg 768w\" sizes=\"auto, (max-width: 2023px) 100vw, 2023px\" \/><\/p>\n<p style=\"font-weight: 400; text-align: justify;\">Aquest curs 2020-21 l\u2019escola ha entrat a formar part del programa d\u2019innovaci\u00f3 pedag\u00f2gica creat pel Departament d\u2019Educaci\u00f3\u00a0<strong>araArt<\/strong>, mitjan\u00e7ant el qual es posa en valor el programa +m\u00fasica en col\u00b7laboraci\u00f3 amb l\u2019escola municipal de m\u00fasica maria Dolors Calvet i gr\u00e0cies al qual podem gaudir d\u2019una especialista en instruments de corda fregada.<\/p>\n<p style=\"font-weight: 400; text-align: justify;\">Tamb\u00e9 ens proposem donar un nou enfocament al projecte \u201cArts esc\u00e8niques, llenguatge i comunicaci\u00f3\u201d adequant els espais del centre educatiu i adquirint nous materials. Els objectius s\u00f3n seguir oferint un aprenentatge competencial a la vessant art\u00edstica dels ambients d\u2019aprenentatge a Educaci\u00f3 Infantil i iniciar-nos en els espais d\u2019aprenentatge als cursos inicials d\u2019educaci\u00f3 prim\u00e0ria, aix\u00ed com potenciar el projecte \u201cArts esc\u00e8niques, llenguatge i comunicaci\u00f3\u201d que es desenvolupa a la resta de cursos d\u2019Educaci\u00f3 Prim\u00e0ria, a partir del qual es treballa l\u2019\u00e0mbit ling\u00fc\u00edstic fomentant el treball de les arts esc\u00e8niques.<\/p>\n<p style=\"font-weight: 400; text-align: justify;\">Tot amb la finalitat de potenciar les arts per millorar les capacitats i les compet\u00e8ncies b\u00e0siques de l\u2019alumnat i contribuir a estructurar el seu pensament. Pretenem generar situacions d\u2019aprenentatge vinculades a les arts que afavoreixin el desenvolupament de l\u2019alumnat, tot atenent la diversitat i fomentant la inclusi\u00f3, promovent l\u2019equitat i la qualitat del sistema educatiu reflectida en la millora de les capacitats i compet\u00e8ncies de l\u2019alumnat. Alhora promovem l\u2019obertura i les aliances del centre amb l\u2019entorn.<\/p>\n<p><img loading=\"lazy\" decoding=\"async\" class=\"aligncenter wp-image-11902\" src=\"https:\/\/agora.xtec.cat\/escolapauboada\/wp-content\/uploads\/usu553\/2021\/02\/Captura-1.png\" alt=\"\" width=\"617\" height=\"875\" srcset=\"https:\/\/agora.xtec.cat\/escolapauboada\/wp-content\/uploads\/usu553\/2021\/02\/Captura-1.png 517w, https:\/\/agora.xtec.cat\/escolapauboada\/wp-content\/uploads\/usu553\/2021\/02\/Captura-1-212x300.png 212w\" sizes=\"auto, (max-width: 617px) 100vw, 617px\" \/><\/p>\n","protected":false},"excerpt":{"rendered":"<p>CLICA A LA IMATGE PER VEURE LA PRESENTACI\u00d3 COMPLETA En aquest mapa podem observar tots els centres adherits al progrma araArt. &nbsp; Aquest curs 2020-21 l\u2019escola ha entrat a formar part del programa d\u2019innovaci\u00f3 pedag\u00f2gica creat pel Departament d\u2019Educaci\u00f3\u00a0araArt, mitjan\u00e7ant el qual es posa en valor el programa +m\u00fasica en col\u00b7laboraci\u00f3 amb l\u2019escola municipal de [&hellip;]<\/p>\n","protected":false},"author":1,"featured_media":0,"parent":0,"menu_order":0,"comment_status":"closed","ping_status":"closed","template":"","meta":{"_bbp_topic_count":0,"_bbp_reply_count":0,"_bbp_total_topic_count":0,"_bbp_total_reply_count":0,"_bbp_voice_count":0,"_bbp_anonymous_reply_count":0,"_bbp_topic_count_hidden":0,"_bbp_reply_count_hidden":0,"_bbp_forum_subforum_count":0,"site-sidebar-layout":"default","site-content-layout":"","ast-site-content-layout":"","site-content-style":"default","site-sidebar-style":"default","ast-global-header-display":"","ast-banner-title-visibility":"","ast-main-header-display":"","ast-hfb-above-header-display":"","ast-hfb-below-header-display":"","ast-hfb-mobile-header-display":"","site-post-title":"","ast-breadcrumbs-content":"","ast-featured-img":"","footer-sml-layout":"","theme-transparent-header-meta":"","adv-header-id-meta":"","stick-header-meta":"","header-above-stick-meta":"","header-main-stick-meta":"","header-below-stick-meta":"","astra-migrate-meta-layouts":"default","ast-page-background-enabled":"default","ast-page-background-meta":{"desktop":{"background-color":"var(--ast-global-color-4)","background-image":"","background-repeat":"repeat","background-position":"center center","background-size":"auto","background-attachment":"scroll","background-type":"","background-media":"","overlay-type":"","overlay-color":"","overlay-opacity":"","overlay-gradient":""},"tablet":{"background-color":"","background-image":"","background-repeat":"repeat","background-position":"center center","background-size":"auto","background-attachment":"scroll","background-type":"","background-media":"","overlay-type":"","overlay-color":"","overlay-opacity":"","overlay-gradient":""},"mobile":{"background-color":"","background-image":"","background-repeat":"repeat","background-position":"center center","background-size":"auto","background-attachment":"scroll","background-type":"","background-media":"","overlay-type":"","overlay-color":"","overlay-opacity":"","overlay-gradient":""}},"ast-content-background-meta":{"desktop":{"background-color":"var(--ast-global-color-5)","background-image":"","background-repeat":"repeat","background-position":"center center","background-size":"auto","background-attachment":"scroll","background-type":"","background-media":"","overlay-type":"","overlay-color":"","overlay-opacity":"","overlay-gradient":""},"tablet":{"background-color":"var(--ast-global-color-5)","background-image":"","background-repeat":"repeat","background-position":"center center","background-size":"auto","background-attachment":"scroll","background-type":"","background-media":"","overlay-type":"","overlay-color":"","overlay-opacity":"","overlay-gradient":""},"mobile":{"background-color":"var(--ast-global-color-5)","background-image":"","background-repeat":"repeat","background-position":"center center","background-size":"auto","background-attachment":"scroll","background-type":"","background-media":"","overlay-type":"","overlay-color":"","overlay-opacity":"","overlay-gradient":""}},"footnotes":""},"class_list":["post-11897","page","type-page","status-publish","hentry"],"post_mailing_queue_ids":[],"_links":{"self":[{"href":"https:\/\/agora.xtec.cat\/escolapauboada\/wp-json\/wp\/v2\/pages\/11897","targetHints":{"allow":["GET"]}}],"collection":[{"href":"https:\/\/agora.xtec.cat\/escolapauboada\/wp-json\/wp\/v2\/pages"}],"about":[{"href":"https:\/\/agora.xtec.cat\/escolapauboada\/wp-json\/wp\/v2\/types\/page"}],"author":[{"embeddable":true,"href":"https:\/\/agora.xtec.cat\/escolapauboada\/wp-json\/wp\/v2\/users\/1"}],"replies":[{"embeddable":true,"href":"https:\/\/agora.xtec.cat\/escolapauboada\/wp-json\/wp\/v2\/comments?post=11897"}],"version-history":[{"count":6,"href":"https:\/\/agora.xtec.cat\/escolapauboada\/wp-json\/wp\/v2\/pages\/11897\/revisions"}],"predecessor-version":[{"id":13697,"href":"https:\/\/agora.xtec.cat\/escolapauboada\/wp-json\/wp\/v2\/pages\/11897\/revisions\/13697"}],"wp:attachment":[{"href":"https:\/\/agora.xtec.cat\/escolapauboada\/wp-json\/wp\/v2\/media?parent=11897"}],"curies":[{"name":"wp","href":"https:\/\/api.w.org\/{rel}","templated":true}]}}