{"id":895,"date":"2019-10-08T16:29:54","date_gmt":"2019-10-08T14:29:54","guid":{"rendered":"https:\/\/agora.xtec.cat\/escolapau\/?page_id=895"},"modified":"2019-10-08T16:29:54","modified_gmt":"2019-10-08T14:29:54","slug":"octubre-artistic","status":"publish","type":"page","link":"https:\/\/agora.xtec.cat\/escolapau\/recursos\/octubre-artistic\/","title":{"rendered":"Octubre art\u00edstic"},"content":{"rendered":"<p>Hola fam\u00edlies!<\/p>\n<p>Seguim amb el fil del curs passat, on cada mes us proporcionem diferents recursos amb activitats i jocs sobre una \u00e0rea concreta.<\/p>\n<p>Aquest mes d&#8217;octubre el dediquem a l&#8217;educaci\u00f3 art\u00edstica. Trobareu recursos art\u00edstics per a tothom: per als m\u00e9s petits i per als grans.<\/p>\n<p>Entreu i remeneu, que dins de cada bloc hi ha moltes activitats!<\/p>\n<p><iframe loading=\"lazy\" src=\"https:\/\/www.symbaloo.com\/embed\/artistic?\" name=\"_symFrame\" width=\"960px\" height=\"640px\" frameborder=\"0\"><\/iframe><\/p>\n<p>Com sempre, si trobeu alguna proposta interessant, feu-nos-ho saber!<\/p>\n<h2 style=\"text-align: center;\">LA CREATIVITAT \u00c9S LA INTEL\u00b7LIG\u00c8NCIA DIVERTINT-SE!<\/h2>\n","protected":false},"excerpt":{"rendered":"<p>Hola fam\u00edlies!<br \/>\nSeguim amb el fil del curs passat, on cada mes us proporcionem diferents recursos amb activitats i jocs sobre una \u00e0rea concreta.<br \/>\nAquest mes d&#8217;octubre el dediquem a l&#8217;educaci\u00f3 art\u00edstica. Trobareu recursos art\u00edstics per a tothom: per als m\u00e9s petits i per als grans.<br \/>\nEntreu i&hellip;  <a href=\"https:\/\/agora.xtec.cat\/escolapau\/recursos\/octubre-artistic\/\" title=\"Read Octubre art\u00edstic\">Llegeix m\u00e9s\u00bb<\/a><\/p>\n","protected":false},"author":1,"featured_media":0,"parent":511,"menu_order":0,"comment_status":"closed","ping_status":"closed","template":"","meta":{"_bbp_topic_count":0,"_bbp_reply_count":0,"_bbp_total_topic_count":0,"_bbp_total_reply_count":0,"_bbp_voice_count":0,"_bbp_anonymous_reply_count":0,"_bbp_topic_count_hidden":0,"_bbp_reply_count_hidden":0,"_bbp_forum_subforum_count":0,"footnotes":""},"class_list":["post-895","page","type-page","status-publish","hentry"],"post_mailing_queue_ids":[],"_links":{"self":[{"href":"https:\/\/agora.xtec.cat\/escolapau\/wp-json\/wp\/v2\/pages\/895","targetHints":{"allow":["GET"]}}],"collection":[{"href":"https:\/\/agora.xtec.cat\/escolapau\/wp-json\/wp\/v2\/pages"}],"about":[{"href":"https:\/\/agora.xtec.cat\/escolapau\/wp-json\/wp\/v2\/types\/page"}],"author":[{"embeddable":true,"href":"https:\/\/agora.xtec.cat\/escolapau\/wp-json\/wp\/v2\/users\/1"}],"replies":[{"embeddable":true,"href":"https:\/\/agora.xtec.cat\/escolapau\/wp-json\/wp\/v2\/comments?post=895"}],"version-history":[{"count":1,"href":"https:\/\/agora.xtec.cat\/escolapau\/wp-json\/wp\/v2\/pages\/895\/revisions"}],"predecessor-version":[{"id":896,"href":"https:\/\/agora.xtec.cat\/escolapau\/wp-json\/wp\/v2\/pages\/895\/revisions\/896"}],"up":[{"embeddable":true,"href":"https:\/\/agora.xtec.cat\/escolapau\/wp-json\/wp\/v2\/pages\/511"}],"wp:attachment":[{"href":"https:\/\/agora.xtec.cat\/escolapau\/wp-json\/wp\/v2\/media?parent=895"}],"curies":[{"name":"wp","href":"https:\/\/api.w.org\/{rel}","templated":true}]}}