{"id":790,"date":"2019-05-07T16:27:06","date_gmt":"2019-05-07T14:27:06","guid":{"rendered":"https:\/\/agora.xtec.cat\/escolapau\/?page_id=790"},"modified":"2019-05-07T16:27:06","modified_gmt":"2019-05-07T14:27:06","slug":"el-maig-de-les-ciencies","status":"publish","type":"page","link":"https:\/\/agora.xtec.cat\/escolapau\/el-maig-de-les-ciencies\/","title":{"rendered":"El maig de les ci\u00e8ncies"},"content":{"rendered":"<p>Booones fam\u00edlies!<\/p>\n<p>Avui us presentem &#8220;El maig de les ci\u00e8ncies&#8221;! Aquest mes us oferim activitats i v\u00eddeos relacionats amb les ci\u00e8ncies naturals i socials.<\/p>\n<h3 style=\"text-align: center;\">EDUCACI\u00d3 INFANTIL<br \/>\n<iframe loading=\"lazy\" src=\"https:\/\/www.symbaloo.com\/embed\/infantilmedi1?\" name=\"_symFrame\" width=\"920px\" height=\"600px\" frameborder=\"0\"><\/iframe><\/h3>\n<h3 style=\"text-align: center;\">EDUCACI\u00d3 PRIM\u00c0RIA<br \/>\n<iframe loading=\"lazy\" src=\"https:\/\/www.symbaloo.com\/embed\/primariamedi?\" name=\"_symFrame\" width=\"920px\" height=\"600px\" frameborder=\"0\"><\/iframe><\/h3>\n<p>Anirem afegint activitats al llarg d&#8217;aquests dies. Ja ens explicareu com ha anat!<\/p>\n","protected":false},"excerpt":{"rendered":"<p>Booones fam\u00edlies!<br \/>\nAvui us presentem &#8220;El maig de les ci\u00e8ncies&#8221;! Aquest mes us oferim activitats i v\u00eddeos relacionats amb les ci\u00e8ncies naturals i socials.<br \/>\nEDUCACI\u00d3 INFANTIL<\/p>\n<p>EDUCACI\u00d3 PRIM\u00c0RIA<\/p>\n<p>Anirem afegint activitats al llarg d&#8217;aquests dies. Ja ens explicareu com ha anat!<\/p>\n","protected":false},"author":1,"featured_media":0,"parent":0,"menu_order":0,"comment_status":"closed","ping_status":"closed","template":"","meta":{"_bbp_topic_count":0,"_bbp_reply_count":0,"_bbp_total_topic_count":0,"_bbp_total_reply_count":0,"_bbp_voice_count":0,"_bbp_anonymous_reply_count":0,"_bbp_topic_count_hidden":0,"_bbp_reply_count_hidden":0,"_bbp_forum_subforum_count":0,"footnotes":""},"class_list":["post-790","page","type-page","status-publish","hentry"],"post_mailing_queue_ids":[],"_links":{"self":[{"href":"https:\/\/agora.xtec.cat\/escolapau\/wp-json\/wp\/v2\/pages\/790","targetHints":{"allow":["GET"]}}],"collection":[{"href":"https:\/\/agora.xtec.cat\/escolapau\/wp-json\/wp\/v2\/pages"}],"about":[{"href":"https:\/\/agora.xtec.cat\/escolapau\/wp-json\/wp\/v2\/types\/page"}],"author":[{"embeddable":true,"href":"https:\/\/agora.xtec.cat\/escolapau\/wp-json\/wp\/v2\/users\/1"}],"replies":[{"embeddable":true,"href":"https:\/\/agora.xtec.cat\/escolapau\/wp-json\/wp\/v2\/comments?post=790"}],"version-history":[{"count":1,"href":"https:\/\/agora.xtec.cat\/escolapau\/wp-json\/wp\/v2\/pages\/790\/revisions"}],"predecessor-version":[{"id":793,"href":"https:\/\/agora.xtec.cat\/escolapau\/wp-json\/wp\/v2\/pages\/790\/revisions\/793"}],"wp:attachment":[{"href":"https:\/\/agora.xtec.cat\/escolapau\/wp-json\/wp\/v2\/media?parent=790"}],"curies":[{"name":"wp","href":"https:\/\/api.w.org\/{rel}","templated":true}]}}