{"id":714,"date":"2019-04-09T15:36:04","date_gmt":"2019-04-09T13:36:04","guid":{"rendered":"https:\/\/agora.xtec.cat\/escolapau\/?page_id=714"},"modified":"2019-04-09T15:37:57","modified_gmt":"2019-04-09T13:37:57","slug":"english-april","status":"publish","type":"page","link":"https:\/\/agora.xtec.cat\/escolapau\/english-april\/","title":{"rendered":"English April"},"content":{"rendered":"<h1 style=\"text-align: center;\">ENGLISH MONTH!<\/h1>\n<p>En els seg\u00fcents enlla\u00e7os, trobareu moltes activitats perqu\u00e8 pugueu repassar, practicar i ampliar els continguts d&#8217;angl\u00e8s:<\/p>\n<h4>EDUCACI\u00d3 INFANTIL<\/h4>\n<p><iframe loading=\"lazy\" src=\"https:\/\/www.symbaloo.com\/embed\/anglesei1?\" name=\"_symFrame\" width=\"920px\" height=\"600px\" frameborder=\"0\"><\/iframe><\/p>\n<h4>EDUCACI\u00d3 PRIM\u00c0RIA<\/h4>\n<p><iframe loading=\"lazy\" src=\"https:\/\/www.symbaloo.com\/embed\/anglesprimaria?\" name=\"_symFrame\" width=\"920px\" height=\"600px\" frameborder=\"0\"><\/iframe><\/p>\n<p>&nbsp;<\/p>\n<p>Si coneixeu algun recurs interessant, ens ho podeu fer saber i l\u2019afegirem al nostre banc de recursos (symbaloo).<\/p>\n<h1 style=\"color: #ff5733; text-align: center;\">LEARN. PLAY. GROW.<\/h1>\n<p><img loading=\"lazy\" decoding=\"async\" class=\"aligncenter\" src=\"https:\/\/cdn.teachercreated.com\/covers\/7406.png\" alt=\"\" width=\"1408\" height=\"2000\" \/><\/p>\n","protected":false},"excerpt":{"rendered":"<p>ENGLISH MONTH!<br \/>\nEn els seg\u00fcents enlla\u00e7os, trobareu moltes activitats perqu\u00e8 pugueu repassar, practicar i ampliar els continguts d&#8217;angl\u00e8s:<br \/>\nEDUCACI\u00d3 INFANTIL<\/p>\n<p>EDUCACI\u00d3 PRIM\u00c0RIA<\/p>\n<p>&nbsp;<br \/>\nSi coneixeu algun recurs interessant, ens ho podeu fer saber i l\u2019afegirem al nostre banc de recursos (symbaloo).<br \/>\nLEARN. PLAY. GROW.<\/p>\n","protected":false},"author":1,"featured_media":0,"parent":0,"menu_order":0,"comment_status":"closed","ping_status":"closed","template":"","meta":{"_bbp_topic_count":0,"_bbp_reply_count":0,"_bbp_total_topic_count":0,"_bbp_total_reply_count":0,"_bbp_voice_count":0,"_bbp_anonymous_reply_count":0,"_bbp_topic_count_hidden":0,"_bbp_reply_count_hidden":0,"_bbp_forum_subforum_count":0,"footnotes":""},"class_list":["post-714","page","type-page","status-publish","hentry"],"post_mailing_queue_ids":[],"_links":{"self":[{"href":"https:\/\/agora.xtec.cat\/escolapau\/wp-json\/wp\/v2\/pages\/714","targetHints":{"allow":["GET"]}}],"collection":[{"href":"https:\/\/agora.xtec.cat\/escolapau\/wp-json\/wp\/v2\/pages"}],"about":[{"href":"https:\/\/agora.xtec.cat\/escolapau\/wp-json\/wp\/v2\/types\/page"}],"author":[{"embeddable":true,"href":"https:\/\/agora.xtec.cat\/escolapau\/wp-json\/wp\/v2\/users\/1"}],"replies":[{"embeddable":true,"href":"https:\/\/agora.xtec.cat\/escolapau\/wp-json\/wp\/v2\/comments?post=714"}],"version-history":[{"count":3,"href":"https:\/\/agora.xtec.cat\/escolapau\/wp-json\/wp\/v2\/pages\/714\/revisions"}],"predecessor-version":[{"id":732,"href":"https:\/\/agora.xtec.cat\/escolapau\/wp-json\/wp\/v2\/pages\/714\/revisions\/732"}],"wp:attachment":[{"href":"https:\/\/agora.xtec.cat\/escolapau\/wp-json\/wp\/v2\/media?parent=714"}],"curies":[{"name":"wp","href":"https:\/\/api.w.org\/{rel}","templated":true}]}}