{"id":64,"date":"2014-09-18T12:39:08","date_gmt":"2014-09-18T10:39:08","guid":{"rendered":"http:\/\/agora.xtec.cat\/escolapau\/?page_id=64"},"modified":"2022-12-15T13:58:27","modified_gmt":"2022-12-15T12:58:27","slug":"projecte-educatiu","status":"publish","type":"page","link":"https:\/\/agora.xtec.cat\/escolapau\/projecte-educatiu\/","title":{"rendered":"Projecte Educatiu de Centre (PEC)"},"content":{"rendered":"<h2 style=\"text-align: center;\">&#8220;Petita escola, gran fam\u00edlia&#8221;<\/h2>\n<p>L\u2019escola de Pau \u00e9s de <strong>titularitat p\u00fablica<\/strong>, <strong>catalana<\/strong>, <strong>aconfessional<\/strong> i <strong>pluralista<\/strong>. Partim dels principis promulgats pels drets humans reconeguts internacionalment, respectant les ideologies i creences dels membres de la comunitat, sempre que compleixin aquests drets. Els trets d\u2019identitat de la nostra escola ens la defineixen com a:<\/p>\n<ul>\n<li>Una escola que <strong>educa en valors<\/strong> com la solidaritat, el respecte per les difer\u00e8ncies, els Drets Humans, els drets i els deures dels alumnes, l\u2019empatia, l\u2019equitat&#8230; en definitiva, actituds i normes per a conviure en societat. La formaci\u00f3 en valors \u00e9s tan important com la formaci\u00f3 acad\u00e8mica.<\/li>\n<li>Una <strong>escola Inclusiva<\/strong>, acollidora i integradora que acull des de la riquesa de la difer\u00e8ncia i que partint de les seves possibilitats i recursos, fomenta el creixement individual i l\u2019adaptaci\u00f3 a l\u2019entorn. Promovem la<strong> igualtat d\u2019oportunitats i el respecte<\/strong> en vers l\u2019origen, el g\u00e8nere i la condici\u00f3 social.<\/li>\n<li>Una <strong>escola innovadora<\/strong> amb un tarann\u00e0 obert i din\u00e0mic que fomenta la iniciativa i la recerca, a partir de l\u2019aprenentatge interactiu i compartit. Posem a l\u2019abast dels alumnes, innovacions tecnol\u00f2giques com a elements facilitadors del proc\u00e9s d\u2019ensenyament aprenentatge.<\/li>\n<li>Una <strong>escola integrada en el municipi<\/strong>. L\u2019escola \u00e9s el centre del poble; l\u2019escola mou el funcionament del poble i el poble mou el funcionament de l&#8217;escola.<\/li>\n<li>Una escola que fomenta la <strong>democr\u00e0cia<\/strong> i la <strong>participaci\u00f3<\/strong> amb esperit cr\u00edtic, per\u00f2 respectu\u00f3s.<\/li>\n<li>Una escola amb un bon programa en<strong> lleng\u00fces estrangeres<\/strong>.<\/li>\n<\/ul>\n<p>&nbsp;<\/p>\n<p>&nbsp;<\/p>\n<p>Per a m\u00e9s informaci\u00f3, podeu consultar el document adjunt:<\/p>\n<p><a href=\"https:\/\/agora.xtec.cat\/escolapau\/wp-content\/uploads\/usu1926\/2019\/03\/PEC-Escola-Pau-1.pdf\">PEC Escola Pau<\/a><\/p>\n<p>&nbsp;<\/p>\n","protected":false},"excerpt":{"rendered":"<p>&#8220;Petita escola, gran fam\u00edlia&#8221;<br \/>\nL\u2019escola de Pau \u00e9s de titularitat p\u00fablica, catalana, aconfessional i pluralista. Partim dels principis promulgats pels drets humans reconeguts internacionalment, respectant les ideologies i creences dels membres de la comunitat, sempre que compleixin aquests drets. Els trets d\u2019identitat de la nostra escola&hellip;  <a href=\"https:\/\/agora.xtec.cat\/escolapau\/projecte-educatiu\/\" title=\"Read Projecte Educatiu de Centre (PEC)\">Llegeix m\u00e9s\u00bb<\/a><\/p>\n","protected":false},"author":1,"featured_media":0,"parent":0,"menu_order":0,"comment_status":"closed","ping_status":"closed","template":"","meta":{"_bbp_topic_count":0,"_bbp_reply_count":0,"_bbp_total_topic_count":0,"_bbp_total_reply_count":0,"_bbp_voice_count":0,"_bbp_anonymous_reply_count":0,"_bbp_topic_count_hidden":0,"_bbp_reply_count_hidden":0,"_bbp_forum_subforum_count":0,"footnotes":""},"class_list":["post-64","page","type-page","status-publish","hentry"],"post_mailing_queue_ids":[],"_links":{"self":[{"href":"https:\/\/agora.xtec.cat\/escolapau\/wp-json\/wp\/v2\/pages\/64","targetHints":{"allow":["GET"]}}],"collection":[{"href":"https:\/\/agora.xtec.cat\/escolapau\/wp-json\/wp\/v2\/pages"}],"about":[{"href":"https:\/\/agora.xtec.cat\/escolapau\/wp-json\/wp\/v2\/types\/page"}],"author":[{"embeddable":true,"href":"https:\/\/agora.xtec.cat\/escolapau\/wp-json\/wp\/v2\/users\/1"}],"replies":[{"embeddable":true,"href":"https:\/\/agora.xtec.cat\/escolapau\/wp-json\/wp\/v2\/comments?post=64"}],"version-history":[{"count":4,"href":"https:\/\/agora.xtec.cat\/escolapau\/wp-json\/wp\/v2\/pages\/64\/revisions"}],"predecessor-version":[{"id":2709,"href":"https:\/\/agora.xtec.cat\/escolapau\/wp-json\/wp\/v2\/pages\/64\/revisions\/2709"}],"wp:attachment":[{"href":"https:\/\/agora.xtec.cat\/escolapau\/wp-json\/wp\/v2\/media?parent=64"}],"curies":[{"name":"wp","href":"https:\/\/api.w.org\/{rel}","templated":true}]}}