{"id":620,"date":"2019-03-05T15:18:28","date_gmt":"2019-03-05T14:18:28","guid":{"rendered":"https:\/\/agora.xtec.cat\/escolapau\/?page_id=620"},"modified":"2019-03-05T15:18:28","modified_gmt":"2019-03-05T14:18:28","slug":"el-marc-del-catala","status":"publish","type":"page","link":"https:\/\/agora.xtec.cat\/escolapau\/recursos\/el-marc-del-catala\/","title":{"rendered":"El mar\u00e7 del catal\u00e0"},"content":{"rendered":"<p>Aquest mes de mar\u00e7 us oferim mil i un recursos perqu\u00e8 pugueu practicar, repassar i ampliar continguts de la llengua catalana. Trobareu des de jocs ling\u00fc\u00edstics, fins a comprensions lectores, contes, activitats de gram\u00e0tica, ortografia&#8230;<\/p>\n<p>Cada bloc del Symbaloo cont\u00e9 una gran quantitat d&#8217;activitats i jocs online.<\/p>\n<p>&nbsp;<\/p>\n<h3 style=\"text-align: center;\">Recursos Educaci\u00f3 Infantil<br \/>\n<iframe loading=\"lazy\" src=\"https:\/\/www.symbaloo.com\/embed\/infantilllengua1?\" name=\"_symFrame\" width=\"920px\" height=\"600px\" frameborder=\"0\"><\/iframe><\/h3>\n<p>&nbsp;<\/p>\n<h3 style=\"text-align: center;\">Recursos Educaci\u00f3 Prim\u00e0ria<br \/>\n<iframe loading=\"lazy\" src=\"https:\/\/www.symbaloo.com\/embed\/catalaprimaria?\" name=\"_symFrame\" width=\"920px\" height=\"600px\" frameborder=\"0\"><\/iframe><\/h3>\n<p>&nbsp;<\/p>\n<h2 style=\"text-align: center;\">Remeneu fins que us en canseu!<\/h2>\n","protected":false},"excerpt":{"rendered":"<p>Aquest mes de mar\u00e7 us oferim mil i un recursos perqu\u00e8 pugueu practicar, repassar i ampliar continguts de la llengua catalana. Trobareu des de jocs ling\u00fc\u00edstics, fins a comprensions lectores, contes, activitats de gram\u00e0tica, ortografia&#8230;<br \/>\nCada bloc del Symbaloo cont\u00e9 una gran quantitat d&#8217;activitats i jocs&hellip;  <a href=\"https:\/\/agora.xtec.cat\/escolapau\/recursos\/el-marc-del-catala\/\" title=\"Read El mar\u00e7 del catal\u00e0\">Llegeix m\u00e9s\u00bb<\/a><\/p>\n","protected":false},"author":1,"featured_media":0,"parent":511,"menu_order":2,"comment_status":"closed","ping_status":"closed","template":"","meta":{"_bbp_topic_count":0,"_bbp_reply_count":0,"_bbp_total_topic_count":0,"_bbp_total_reply_count":0,"_bbp_voice_count":0,"_bbp_anonymous_reply_count":0,"_bbp_topic_count_hidden":0,"_bbp_reply_count_hidden":0,"_bbp_forum_subforum_count":0,"footnotes":""},"class_list":["post-620","page","type-page","status-publish","hentry"],"post_mailing_queue_ids":[],"_links":{"self":[{"href":"https:\/\/agora.xtec.cat\/escolapau\/wp-json\/wp\/v2\/pages\/620","targetHints":{"allow":["GET"]}}],"collection":[{"href":"https:\/\/agora.xtec.cat\/escolapau\/wp-json\/wp\/v2\/pages"}],"about":[{"href":"https:\/\/agora.xtec.cat\/escolapau\/wp-json\/wp\/v2\/types\/page"}],"author":[{"embeddable":true,"href":"https:\/\/agora.xtec.cat\/escolapau\/wp-json\/wp\/v2\/users\/1"}],"replies":[{"embeddable":true,"href":"https:\/\/agora.xtec.cat\/escolapau\/wp-json\/wp\/v2\/comments?post=620"}],"version-history":[{"count":1,"href":"https:\/\/agora.xtec.cat\/escolapau\/wp-json\/wp\/v2\/pages\/620\/revisions"}],"predecessor-version":[{"id":621,"href":"https:\/\/agora.xtec.cat\/escolapau\/wp-json\/wp\/v2\/pages\/620\/revisions\/621"}],"up":[{"embeddable":true,"href":"https:\/\/agora.xtec.cat\/escolapau\/wp-json\/wp\/v2\/pages\/511"}],"wp:attachment":[{"href":"https:\/\/agora.xtec.cat\/escolapau\/wp-json\/wp\/v2\/media?parent=620"}],"curies":[{"name":"wp","href":"https:\/\/api.w.org\/{rel}","templated":true}]}}