{"id":609,"date":"2019-03-05T12:39:29","date_gmt":"2019-03-05T11:39:29","guid":{"rendered":"https:\/\/agora.xtec.cat\/escolapau\/?page_id=609"},"modified":"2022-12-15T13:37:40","modified_gmt":"2022-12-15T12:37:40","slug":"projecte-linguistic-de-centre","status":"publish","type":"page","link":"https:\/\/agora.xtec.cat\/escolapau\/projecte-educatiu\/projecte-linguistic-de-centre\/","title":{"rendered":"Projecte Ling\u00fc\u00edstic de Centre (PLC)"},"content":{"rendered":"<p>A continuaci\u00f3 adjuntem el Projecte Ling\u00fc\u00edstic de la nostra escola:<\/p>\n<p><a href=\"https:\/\/agora.xtec.cat\/escolapau\/wp-content\/uploads\/usu1926\/2019\/03\/projecte-ling\u00fc\u00edstic-2015.pdf\">Projecte Ling\u00fc\u00edstic Escola Pau<\/a><\/p>\n","protected":false},"excerpt":{"rendered":"<p>A continuaci\u00f3 adjuntem el Projecte Ling\u00fc\u00edstic de la nostra escola:<br \/>\n<a href=\"https:\/\/agora.xtec.cat\/escolapau\/wp-content\/uploads\/usu1926\/2019\/03\/projecte-ling\u00fc\u00edstic-2015.pdf\">Projecte Ling\u00fc\u00edstic Escola Pau<\/a><\/p>\n","protected":false},"author":1,"featured_media":0,"parent":64,"menu_order":0,"comment_status":"closed","ping_status":"closed","template":"","meta":{"_bbp_topic_count":0,"_bbp_reply_count":0,"_bbp_total_topic_count":0,"_bbp_total_reply_count":0,"_bbp_voice_count":0,"_bbp_anonymous_reply_count":0,"_bbp_topic_count_hidden":0,"_bbp_reply_count_hidden":0,"_bbp_forum_subforum_count":0,"footnotes":""},"class_list":["post-609","page","type-page","status-publish","hentry"],"post_mailing_queue_ids":[],"_links":{"self":[{"href":"https:\/\/agora.xtec.cat\/escolapau\/wp-json\/wp\/v2\/pages\/609","targetHints":{"allow":["GET"]}}],"collection":[{"href":"https:\/\/agora.xtec.cat\/escolapau\/wp-json\/wp\/v2\/pages"}],"about":[{"href":"https:\/\/agora.xtec.cat\/escolapau\/wp-json\/wp\/v2\/types\/page"}],"author":[{"embeddable":true,"href":"https:\/\/agora.xtec.cat\/escolapau\/wp-json\/wp\/v2\/users\/1"}],"replies":[{"embeddable":true,"href":"https:\/\/agora.xtec.cat\/escolapau\/wp-json\/wp\/v2\/comments?post=609"}],"version-history":[{"count":2,"href":"https:\/\/agora.xtec.cat\/escolapau\/wp-json\/wp\/v2\/pages\/609\/revisions"}],"predecessor-version":[{"id":2708,"href":"https:\/\/agora.xtec.cat\/escolapau\/wp-json\/wp\/v2\/pages\/609\/revisions\/2708"}],"up":[{"embeddable":true,"href":"https:\/\/agora.xtec.cat\/escolapau\/wp-json\/wp\/v2\/pages\/64"}],"wp:attachment":[{"href":"https:\/\/agora.xtec.cat\/escolapau\/wp-json\/wp\/v2\/media?parent=609"}],"curies":[{"name":"wp","href":"https:\/\/api.w.org\/{rel}","templated":true}]}}